{"id":148,"date":"2026-01-08T12:46:32","date_gmt":"2026-01-08T11:46:32","guid":{"rendered":"https:\/\/www.geolitho.eu\/es\/?page_id=148"},"modified":"2026-02-06T20:13:10","modified_gmt":"2026-02-06T19:13:10","slug":"apoyar-donar","status":"publish","type":"page","link":"https:\/\/www.geolitho.eu\/es\/apoyar-donar\/","title":{"rendered":"Apoyar \/ Donar"},"content":{"rendered":"\n<p><\/p>\n\n\n\n<p>Nos ale\u00adgrar\u00eda que apo\u00adyara nue\u00adstros obje\u00adtivos sin fines de lucro. Las dona\u00adciones en especie y su colab\u00ado\u00adraci\u00f3n son tan bien\u00advenidas como las dona\u00adciones en dinero.<\/p>\n\n\n\n<h3 class=\"wp-block-heading\">\u00bfQu\u00e9 donar?<\/h3>\n\n\n\n<p>Acep\u00adta\u00admos min\u00aderales antigu\u00ados, f\u00f3siles y colec\u00adciones de rocas. Inten\u00adta\u00admos inte\u00adgrar el mate\u00adr\u00adi\u00adal en la litote\u00adca. El mate\u00adr\u00adi\u00adal que no enca\u00adje en la litote\u00adca se entre\u00adgar\u00e1 a museos ami\u00adgos o, para fines de finan\u00adciaci\u00f3n, tam\u00adbi\u00e9n se vender\u00e1 si es nece\u00adsario. Nos intere\u00adsa preser\u00advar y recono\u00adcer el nom\u00adbre del donante y su con\u00adtribu\u00adci\u00f3n de colec\u00adci\u00f3n.<\/p>\n\n\n\n<p>Un tema fre\u00adcuente\u00admente dis\u00adcu\u00adti\u00addo: \u201c\u00bfQu\u00e9 sucede con mi colec\u00adci\u00f3n despu\u00e9s de mi fal\u00adl\u00adec\u00adimien\u00adto?\u201d Esto podemos respon\u00adder\u00adlo a trav\u00e9s de su donaci\u00f3n. Tam\u00adbi\u00e9n puede colab\u00ado\u00adrar en vida, ayud\u00e1n\u00addonos a inte\u00adgrar su colec\u00adci\u00f3n y a cat\u00ada\u00adlog\u00adar cor\u00adrec\u00adta\u00admente los obje\u00adtos don\u00ada\u00addos.<\/p>\n\n\n\n<p>Las dona\u00adciones en dinero son muy bien\u00advenidas. Facil\u00adi\u00adtan que podamos seguir per\u00adsigu\u00adien\u00addo obje\u00adtivos comunes y ase\u00adgu\u00adrar los proyec\u00adtos para el futuro. Ser\u00eda estu\u00adpen\u00addo que nue\u00adstros proyec\u00adtos le parecier\u00adan valiosos para con\u00adtribuir con unos euros. Esto se puede hac\u00ader a trav\u00e9s de Pay\u00adPal con tar\u00adje\u00adta de cr\u00e9di\u00adto o medi\u00adante Pay\u00adPal direc\u00adta\u00admente. Tam\u00adbi\u00e9n puede trans\u00adferirnos su donaci\u00f3n direc\u00adta\u00admente. Con gus\u00adto le pro\u00adpor\u00adcionare\u00admos los datos ban\u00adcar\u00adios. Dado que somos una orga\u00adni\u00adzaci\u00f3n sin fines de lucro, su donaci\u00f3n es deducible de impuestos.<\/p>\n\n\n\n<p>Para dona\u00adciones has\u00adta 300 \u20ac (seg\u00fan octubre de 2021) bas\u00adta con un com\u00adpro\u00adbante de la operaci\u00f3n ban\u00adcar\u00adia para deducir la can\u00adti\u00addad de impuestos en Ale\u00adma\u00adnia. Con gus\u00adto emiti\u00admos un cer\u00adti\u00adfi\u00adca\u00addo de donaci\u00f3n para can\u00adti\u00addades may\u00adores. Nue\u00adstro <a href=\"https:\/\/www.geolitho.eu\/download\/Zuwendungsbescheinigung\/Geolitho-Zuwendungsbescheinigung.pdf\">Cer\u00adti\u00adfi\u00adca\u00addo gen\u00ader\u00adal de donaci\u00f3n<\/a> puede pre\u00adsen\u00adtarse jun\u00adto con su trans\u00adfer\u00aden\u00adcia ante la autori\u00addad fis\u00adcal.<\/p>\n\n\n\n<p><strong>Trans\u00adfer\u00aden\u00adcia ban\u00adcar\u00adia<\/strong><\/p>\n\n\n\n<figure class=\"wp-block-table\"><table><tbody><tr><td>IBAN<\/td><td>DE06 7025 0150 0029 7209 35<\/td><\/tr><tr><td>BIC<\/td><td>BYLADEM1KMS<\/td><\/tr><\/tbody><\/table><\/figure>\n\n\n\n<p>Como con\u00adcep\u00adto indique \u201cDonaci\u00f3n\u201d y, si real\u00adiza una donaci\u00f3n may\u00ador, su nom\u00adbre y direc\u00adci\u00f3n para el cer\u00adti\u00adfi\u00adca\u00addo de donaci\u00f3n.<\/p>\n\n\n\n<p><strong>Tar\u00adje\u00adta de cr\u00e9di\u00adto y Pay\u00adPal<\/strong><\/p>\n\n\n\n<p>Al hac\u00ader clic en el bot\u00f3n de donaci\u00f3n, ser\u00e1 redi\u00adrigi\u00addo a nue\u00adstro provee\u00addor Pay\u00adPal. No nece\u00adsi\u00adta una cuen\u00adta Pay\u00adPal para realizar una donaci\u00f3n.<\/p>\n\n\n\n<form action=\"https:\/\/www.paypal.com\/donate\" method=\"post\" target=\"_top\">\n<input type=\"hidden\" name=\"hosted_button_id\" value=\"6KH2L2RVWTFUL\"><br>\n<input type=\"image\" src=\"https:\/\/www.geolitho.eu\/collection\/images\/Donate.jpg\" name=\"submit\" title=\"Donar con PayPal o tarjeta de cr\u00e9dito\" alt=\"Donar con el bot\u00f3n de PayPal\" width=\"200\" border=\"0\"><br>\n<\/form>\n\n\n\n<h3 class=\"wp-block-heading\">\u00bfPara qu\u00e9 usamos el dinero?<\/h3>\n\n\n\n<ul class=\"wp-block-list\">\n<li>Com\u00adpra de nuevos min\u00aderales<\/li>\n\n\n\n<li>Cubrir los cos\u00adtos cor\u00adri\u00adentes del servi\u00addor<\/li>\n\n\n\n<li>Cos\u00adtos de reg\u00adistro de domin\u00adios<\/li>\n\n\n\n<li>Gas\u00adtos del alber\u00adgue (elec\u00adt\u00adri\u00adci\u00addad, tel\u00e9\u00adfono, inter\u00adnet, basura, etc.)<\/li>\n\n\n\n<li>Cajas para colec\u00adciones<\/li>\n\n\n\n<li>Latas y mate\u00adri\u00adales de fijaci\u00f3n<\/li>\n\n\n\n<li>Cos\u00adtos de alquil\u00ader<\/li>\n\n\n\n<li>Hon\u00ado\u00adrar\u00adios de asesor\u00eda fis\u00adcal<\/li>\n\n\n\n<li>Encar\u00adgos de desar\u00adrol\u00adlo<\/li>\n\n\n\n<li>En peque\u00f1a medi\u00adda gas\u00adtos de pub\u00adli\u00adci\u00addad, por ejem\u00adp\u00adlo pegati\u00adnas<\/li>\n\n\n\n<li>Gas\u00adtos de via\u00adje y trans\u00adporte para recoger colec\u00adciones<\/li>\n\n\n\n<li>Mate\u00adr\u00adi\u00adal de ofic\u00adi\u00adna<\/li>\n\n\n\n<li>Com\u00adputa\u00addo\u00adras<\/li>\n\n\n\n<li>Her\u00adramien\u00adtas<\/li>\n\n\n\n<li>Cos\u00adtos de per\u00adson\u00adal (limpieza, etc.)<\/li>\n\n\n\n<li>Micro\u00adsco\u00adpios<\/li>\n\n\n\n<li>An\u00e1li\u00adsis<\/li>\n<\/ul>\n\n\n\n<p>La lista no es exhaus\u00adti\u00adva, pero ofrece una idea de c\u00f3mo se uti\u00adlizan la may\u00ador\u00eda de los fon\u00addos. Puede ver el uso del dinero en nues\u00adtra <a href=\"\/es\/apoyar-donar\/\">p\u00e1gi\u00adna de apoyo gen\u00ader\u00adal<\/a>.<\/p>\n\n\n\n<p>Infor\u00admamos sobre las dona\u00adciones recibidas en nues\u00adtra <a href=\"\/finanzielle-spenden\/\">visi\u00f3n gen\u00ader\u00adal de dona\u00adciones financieras<\/a>. <a href=\"\/es\/donaciones-de-colecciones\/\">Dona\u00adciones de colec\u00adciones<\/a> le ofrece una visi\u00f3n gen\u00ader\u00adal de las adquisi\u00adciones de colec\u00adciones.<\/p>\n\n","protected":false},"excerpt":{"rendered":"<p>Nos ale\u00adgrar\u00eda que apo\u00adyara nue\u00adstros obje\u00adtivos sin fines de lucro. Las dona\u00adciones en especie y su colab\u00ado\u00adraci\u00f3n son tan bien\u00advenidas como las dona\u00adciones en dinero. \u00bfQu\u00e9 donar? Acep\u00adta\u00admos min\u00aderales antigu\u00ados, f\u00f3siles y colec\u00adciones de rocas. Inten\u00adta\u00admos inte\u00adgrar el mate\u00adr\u00adi\u00adal en la litote\u00adca. El mate\u00adr\u00adi\u00adal que no enca\u00adje en la litote\u00adca se entre\u00adgar\u00e1 a museos ami\u00adgos\u2026 <a class=\"more-link\" href=\"https:\/\/www.geolitho.eu\/es\/apoyar-donar\/\">Seguir leyen\u00addo <span class=\"screen-reader-text\">Apo\u00adyar \/ Donar<\/span><\/a><\/p>\n","protected":false},"author":1,"featured_media":0,"parent":0,"menu_order":0,"comment_status":"closed","ping_status":"closed","template":"","meta":{"wp_typography_post_enhancements_disabled":false,"footnotes":""},"class_list":["post-148","page","type-page","status-publish","hentry","entry"],"yoast_head":"<!-- This site is optimized with the Yoast SEO plugin v26.9 - https:\/\/yoast.com\/product\/yoast-seo-wordpress\/ -->\n<title>Apoyar \/ Donar - Fundaci\u00f3n Geolitho gGmbH<\/title>\n<meta name=\"robots\" content=\"index, follow, max-snippet:-1, max-image-preview:large, max-video-preview:-1\" \/>\n<link rel=\"canonical\" href=\"https:\/\/www.geolitho.eu\/es\/apoyar-donar\/\" \/>\n<meta property=\"og:locale\" content=\"es_ES\" \/>\n<meta property=\"og:type\" content=\"article\" \/>\n<meta property=\"og:title\" content=\"Apoyar \/ Donar - Fundaci\u00f3n Geolitho gGmbH\" \/>\n<meta property=\"og:description\" content=\"Nos ale\u00adgrar\u00eda que apo\u00adyara nue\u00adstros obje\u00adtivos sin fines de lucro. Las dona\u00adciones en especie y su colab\u00ado\u00adraci\u00f3n son tan bien\u00advenidas como las dona\u00adciones en dinero. \u00bfQu\u00e9 donar? Acep\u00adta\u00admos min\u00aderales antigu\u00ados, f\u00f3siles y colec\u00adciones de rocas. Inten\u00adta\u00admos inte\u00adgrar el mate\u00adr\u00adi\u00adal en la litote\u00adca. El mate\u00adr\u00adi\u00adal que no enca\u00adje en la litote\u00adca se entre\u00adgar\u00e1 a museos ami\u00adgos&hellip; Seguir leyendo Apoyar \/ Donar\" \/>\n<meta property=\"og:url\" content=\"https:\/\/www.geolitho.eu\/es\/apoyar-donar\/\" \/>\n<meta property=\"og:site_name\" content=\"Fundaci\u00f3n Geolitho gGmbH\" \/>\n<meta property=\"article:modified_time\" content=\"2026-02-06T19:13:10+00:00\" \/>\n<meta name=\"twitter:card\" content=\"summary_large_image\" \/>\n<meta name=\"twitter:label1\" content=\"Tiempo de lectura\" \/>\n\t<meta name=\"twitter:data1\" content=\"2 minutos\" \/>\n<script type=\"application\/ld+json\" class=\"yoast-schema-graph\">{\"@context\":\"https:\/\/schema.org\",\"@graph\":[{\"@type\":\"WebPage\",\"@id\":\"https:\/\/www.geolitho.eu\/es\/apoyar-donar\/\",\"url\":\"https:\/\/www.geolitho.eu\/es\/apoyar-donar\/\",\"name\":\"Apoyar \/ Donar - Fundaci\u00f3n Geolitho gGmbH\",\"isPartOf\":{\"@id\":\"https:\/\/www.geolitho.eu\/es\/#website\"},\"datePublished\":\"2026-01-08T11:46:32+00:00\",\"dateModified\":\"2026-02-06T19:13:10+00:00\",\"breadcrumb\":{\"@id\":\"https:\/\/www.geolitho.eu\/es\/apoyar-donar\/#breadcrumb\"},\"inLanguage\":\"es\",\"potentialAction\":[{\"@type\":\"ReadAction\",\"target\":[\"https:\/\/www.geolitho.eu\/es\/apoyar-donar\/\"]}]},{\"@type\":\"BreadcrumbList\",\"@id\":\"https:\/\/www.geolitho.eu\/es\/apoyar-donar\/#breadcrumb\",\"itemListElement\":[{\"@type\":\"ListItem\",\"position\":1,\"name\":\"Start\",\"item\":\"https:\/\/www.geolitho.eu\/es\/\"},{\"@type\":\"ListItem\",\"position\":2,\"name\":\"Apoyar \/ Donar\"}]},{\"@type\":\"WebSite\",\"@id\":\"https:\/\/www.geolitho.eu\/es\/#website\",\"url\":\"https:\/\/www.geolitho.eu\/es\/\",\"name\":\"Fundaci\u00f3n Geolitho gGmbH\",\"description\":\"Geolitho \u2013 Mineralog\u00eda y geolog\u00eda para tocar y experimentar.\",\"publisher\":{\"@id\":\"https:\/\/www.geolitho.eu\/es\/#organization\"},\"potentialAction\":[{\"@type\":\"SearchAction\",\"target\":{\"@type\":\"EntryPoint\",\"urlTemplate\":\"https:\/\/www.geolitho.eu\/es\/?s={search_term_string}\"},\"query-input\":{\"@type\":\"PropertyValueSpecification\",\"valueRequired\":true,\"valueName\":\"search_term_string\"}}],\"inLanguage\":\"es\"},{\"@type\":\"Organization\",\"@id\":\"https:\/\/www.geolitho.eu\/es\/#organization\",\"name\":\"Fundaci\u00f3n Geolitho gGmbH\",\"url\":\"https:\/\/www.geolitho.eu\/es\/\",\"logo\":{\"@type\":\"ImageObject\",\"inLanguage\":\"es\",\"@id\":\"https:\/\/www.geolitho.eu\/es\/#\/schema\/logo\/image\/\",\"url\":\"https:\/\/www.geolitho.eu\/es\/wp-content\/uploads\/sites\/5\/2026\/01\/geolitho-hellgrau.png\",\"contentUrl\":\"https:\/\/www.geolitho.eu\/es\/wp-content\/uploads\/sites\/5\/2026\/01\/geolitho-hellgrau.png\",\"width\":900,\"height\":142,\"caption\":\"Fundaci\u00f3n Geolitho gGmbH\"},\"image\":{\"@id\":\"https:\/\/www.geolitho.eu\/es\/#\/schema\/logo\/image\/\"}}]}<\/script>\n<!-- \/ Yoast SEO plugin. -->","yoast_head_json":{"title":"Apoyar \/ Donar - Fundaci\u00f3n Geolitho gGmbH","robots":{"index":"index","follow":"follow","max-snippet":"max-snippet:-1","max-image-preview":"max-image-preview:large","max-video-preview":"max-video-preview:-1"},"canonical":"https:\/\/www.geolitho.eu\/es\/apoyar-donar\/","og_locale":"es_ES","og_type":"article","og_title":"Apoyar \/ Donar - Fundaci\u00f3n Geolitho gGmbH","og_description":"Nos ale\u00adgrar\u00eda que apo\u00adyara nue\u00adstros obje\u00adtivos sin fines de lucro. Las dona\u00adciones en especie y su colab\u00ado\u00adraci\u00f3n son tan bien\u00advenidas como las dona\u00adciones en dinero. \u00bfQu\u00e9 donar? Acep\u00adta\u00admos min\u00aderales antigu\u00ados, f\u00f3siles y colec\u00adciones de rocas. Inten\u00adta\u00admos inte\u00adgrar el mate\u00adr\u00adi\u00adal en la litote\u00adca. El mate\u00adr\u00adi\u00adal que no enca\u00adje en la litote\u00adca se entre\u00adgar\u00e1 a museos ami\u00adgos&hellip; Seguir leyendo Apoyar \/ Donar","og_url":"https:\/\/www.geolitho.eu\/es\/apoyar-donar\/","og_site_name":"Fundaci\u00f3n Geolitho gGmbH","article_modified_time":"2026-02-06T19:13:10+00:00","twitter_card":"summary_large_image","twitter_misc":{"Tiempo de lectura":"2 minutos"},"schema":{"@context":"https:\/\/schema.org","@graph":[{"@type":"WebPage","@id":"https:\/\/www.geolitho.eu\/es\/apoyar-donar\/","url":"https:\/\/www.geolitho.eu\/es\/apoyar-donar\/","name":"Apoyar \/ Donar - Fundaci\u00f3n Geolitho gGmbH","isPartOf":{"@id":"https:\/\/www.geolitho.eu\/es\/#website"},"datePublished":"2026-01-08T11:46:32+00:00","dateModified":"2026-02-06T19:13:10+00:00","breadcrumb":{"@id":"https:\/\/www.geolitho.eu\/es\/apoyar-donar\/#breadcrumb"},"inLanguage":"es","potentialAction":[{"@type":"ReadAction","target":["https:\/\/www.geolitho.eu\/es\/apoyar-donar\/"]}]},{"@type":"BreadcrumbList","@id":"https:\/\/www.geolitho.eu\/es\/apoyar-donar\/#breadcrumb","itemListElement":[{"@type":"ListItem","position":1,"name":"Start","item":"https:\/\/www.geolitho.eu\/es\/"},{"@type":"ListItem","position":2,"name":"Apoyar \/ Donar"}]},{"@type":"WebSite","@id":"https:\/\/www.geolitho.eu\/es\/#website","url":"https:\/\/www.geolitho.eu\/es\/","name":"Fundaci\u00f3n Geolitho gGmbH","description":"Geolitho \u2013 Mineralog\u00eda y geolog\u00eda para tocar y experimentar.","publisher":{"@id":"https:\/\/www.geolitho.eu\/es\/#organization"},"potentialAction":[{"@type":"SearchAction","target":{"@type":"EntryPoint","urlTemplate":"https:\/\/www.geolitho.eu\/es\/?s={search_term_string}"},"query-input":{"@type":"PropertyValueSpecification","valueRequired":true,"valueName":"search_term_string"}}],"inLanguage":"es"},{"@type":"Organization","@id":"https:\/\/www.geolitho.eu\/es\/#organization","name":"Fundaci\u00f3n Geolitho gGmbH","url":"https:\/\/www.geolitho.eu\/es\/","logo":{"@type":"ImageObject","inLanguage":"es","@id":"https:\/\/www.geolitho.eu\/es\/#\/schema\/logo\/image\/","url":"https:\/\/www.geolitho.eu\/es\/wp-content\/uploads\/sites\/5\/2026\/01\/geolitho-hellgrau.png","contentUrl":"https:\/\/www.geolitho.eu\/es\/wp-content\/uploads\/sites\/5\/2026\/01\/geolitho-hellgrau.png","width":900,"height":142,"caption":"Fundaci\u00f3n Geolitho gGmbH"},"image":{"@id":"https:\/\/www.geolitho.eu\/es\/#\/schema\/logo\/image\/"}}]}},"_links":{"self":[{"href":"https:\/\/www.geolitho.eu\/es\/wp-json\/wp\/v2\/pages\/148","targetHints":{"allow":["GET"]}}],"collection":[{"href":"https:\/\/www.geolitho.eu\/es\/wp-json\/wp\/v2\/pages"}],"about":[{"href":"https:\/\/www.geolitho.eu\/es\/wp-json\/wp\/v2\/types\/page"}],"author":[{"embeddable":true,"href":"https:\/\/www.geolitho.eu\/es\/wp-json\/wp\/v2\/users\/1"}],"replies":[{"embeddable":true,"href":"https:\/\/www.geolitho.eu\/es\/wp-json\/wp\/v2\/comments?post=148"}],"version-history":[{"count":5,"href":"https:\/\/www.geolitho.eu\/es\/wp-json\/wp\/v2\/pages\/148\/revisions"}],"predecessor-version":[{"id":216,"href":"https:\/\/www.geolitho.eu\/es\/wp-json\/wp\/v2\/pages\/148\/revisions\/216"}],"wp:attachment":[{"href":"https:\/\/www.geolitho.eu\/es\/wp-json\/wp\/v2\/media?parent=148"}],"curies":[{"name":"wp","href":"https:\/\/api.w.org\/{rel}","templated":true}]}}