{"id":208,"date":"2026-02-06T16:42:53","date_gmt":"2026-02-06T15:42:53","guid":{"rendered":"https:\/\/www.geolitho.eu\/es\/?page_id=208"},"modified":"2026-02-06T16:52:54","modified_gmt":"2026-02-06T15:52:54","slug":"donaciones-de-colecciones","status":"publish","type":"page","link":"https:\/\/www.geolitho.eu\/es\/donaciones-de-colecciones\/","title":{"rendered":"Donaciones de colecciones"},"content":{"rendered":"\n<p>Nos gus\u00adtar\u00eda ofre\u00adcer\u00adle una visi\u00f3n gen\u00ader\u00adal de qu\u00e9 colec\u00adciones han lle\u00adga\u00addo has\u00adta nosotros y agrade\u00adcer a los colec\u00adcionistas por su apoyo. Adem\u00e1s de los donantes de colec\u00adciones com\u00adple\u00adtas, exis\u00adten muchos peque\u00f1os donantes que a menudo nos hacen lle\u00adgar min\u00aderales muy raros.<strong> <\/strong><\/p>\n\n\n\n<p><strong>En caso de que algunos donantes no se men\u00adcio\u00adnen aqu\u00ed: puede encon\u00adtrar\u00adlos a todos en nues\u00adtra <a href=\"https:\/\/www.geolitho.eu\/collection\/collectionmain.php?gusid_collection=2WT8z7IiHESYg37hB0JD-g&amp;dir=desc&amp;lang=es\">Gesti\u00f3n de colec\u00adciones<\/a>. En este lugar agrade\u00adce\u00admos cor\u00addial\u00admente a todos los donantes por su apoyo.<\/strong><\/p>\n\n\n\n<p><mark style=\"background-color:#D1E4DD\" class=\"has-inline-color has-black-color\">Oct. 2025<\/mark><\/p>\n\n\n\n<h3 class=\"wp-block-heading\">Colecci\u00f3n parcial de <strong>Andrea Maurer<\/strong><\/h3>\n\n\n\n<p>La Sra. Mau\u00adr\u00ader desea reducir su colec\u00adci\u00f3n. Una parte de las piezas fue entre\u00adga\u00adda a Geolitho Stiftung gGmbH. Algunos ejem\u00adplares espe\u00adcial\u00admente intere\u00adsantes pudieron ser trans\u00adferi\u00addos direc\u00adta\u00admente al Museo Grube Sil\u00adber\u00adhardt, entre ellos un impre\u00adsio\u00adn\u00adante Mei\u00dfelspat de unos 50 kilo\u00adgramos, que all\u00ed lucir\u00e1 mag\u00adn\u00ed\u00adfi\u00adca\u00admente.<br>Muchas gra\u00adcias por las mar\u00adavil\u00adlosas piezas proce\u00addentes de la mina Clara, de Asturias y Nava\u00adj\u00fan en Espa\u00f1a, as\u00ed como de Idar-Ober\u00adstein y Wald\u00adham\u00adbach.<\/p>\n\n\n\n<p><mark style=\"background-color:#D1E4DD\" class=\"has-inline-color has-black-color\">Julio 2025<\/mark><\/p>\n\n\n\n<h3 class=\"wp-block-heading\">Colecci\u00f3n de <strong>Walter Gra\u00df<\/strong> de Heiligenhaus<\/h3>\n\n\n\n<p>Con gran ale\u00adgr\u00eda esta\u00admos incor\u00adpo\u00adran\u00addo actual\u00admente la colec\u00adci\u00f3n de Wal\u00adter Gra\u00df a nues\u00adtra Litote\u00adca. Las aprox\u00adi\u00admada\u00admente 4000 piezas son un tes\u00adti\u00admo\u00adnio \u00fani\u00adco de la mina Clara en la Sel\u00adva Negra. Vera Gra\u00df puso esta extra\u00ador\u00addi\u00adnar\u00adia colec\u00adci\u00f3n a nues\u00adtra dis\u00adposi\u00adci\u00f3n ya en 2019; \u00a1nue\u00adstro m\u00e1s sin\u00adcero agradec\u00adimien\u00adto por este valioso enriquec\u00adimien\u00adto!<\/p>\n\n\n\n<p><mark style=\"background-color:#D1E4DD\" class=\"has-inline-color has-black-color\">Mayo 2025<\/mark><\/p>\n\n\n\n<h3 class=\"wp-block-heading\">Colecci\u00f3n de <strong>Theo Halama<\/strong> de Bottrop<\/h3>\n\n\n\n<p>Pudi\u00admos hac\u00ader\u00adnos car\u00adgo de la colec\u00adci\u00f3n de <a href=\"https:\/\/www.mineralienatlas.de\/lexikon\/index.php\/SammlerSteckbriefe\/Theo%20Halama%20aus%20Bottrop\">Theo Hala\u00adma<\/a> (*24.12.1941 \u2014 16.12.2024) de Bot\u00adtrop. Muchas gra\u00adcias a sus nietas Insa y Solveig y a su madre Daniela Hagen\u00adbruch.<\/p>\n\n\n\n<p>La colec\u00adci\u00f3n con\u00adtiene prin\u00adci\u00adpal\u00admente f\u00f3siles proce\u00addentes del car\u00adb\u00f3n. Las minas ya no son acce\u00adsi\u00adbles hoy en d\u00eda.<\/p>\n\n\n\n<p><mark style=\"background-color:#D1E4DD\" class=\"has-inline-color has-black-color\">Julio 2024<\/mark><\/p>\n\n\n\n<h3 class=\"wp-block-heading\">Colecci\u00f3n de <strong>Dr. Heinz Barth<\/strong> de M\u00fanich<\/h3>\n\n\n\n<p>El Dr. Markus Barth nos cedi\u00f3 la colec\u00adci\u00f3n de su abue\u00adlo. Una colec\u00adci\u00f3n bien doc\u00adu\u00admen\u00adta\u00adda en la que se reg\u00adis\u00adtraron con gran ded\u00adi\u00adcaci\u00f3n las condi\u00adciones geol\u00f3g\u00adi\u00adcas. La colec\u00adci\u00f3n, com\u00adpues\u00adta en gran parte por piezas recolec\u00adtadas per\u00adsonal\u00admente, des\u00adde min\u00aderales has\u00adta rocas, se inte\u00adgrar\u00e1 par\u00adcial\u00admente en las colec\u00adciones de la Geolitho Stiftung. Muchas de las piezas proce\u00adden de los a\u00f1os 70 y 80, de local\u00adi\u00addades que ya no exis\u00adten.<\/p>\n\n\n\n<p><mark style=\"background-color:#D1E4DD\" class=\"has-inline-color has-black-color\">Feb. 2024<\/mark><\/p>\n\n\n\n<h3 class=\"wp-block-heading\">Otra colecci\u00f3n parcial de <strong>Josef Miethaner<\/strong><\/h3>\n\n\n\n<p>Otra parte de la exten\u00adsa colec\u00adci\u00f3n del fal\u00adl\u00ade\u00adci\u00addo colec\u00adcionista Josef Miethaner nos ha sido don\u00ada\u00adda. Partes de la colec\u00adci\u00f3n se alo\u00adjar\u00e1n en el museo local de Kirch\u00adseeon. La incor\u00adpo\u00adraci\u00f3n a la colec\u00adci\u00f3n vir\u00adtu\u00adal ya ha comen\u00adza\u00addo. Gra\u00adcias a su hija por la gen\u00aderosa donaci\u00f3n.<\/p>\n\n\n\n<p><mark style=\"background-color:#D1E4DD\" class=\"has-inline-color has-black-color\">Ene. 2024<\/mark><\/p>\n\n\n\n<h3 class=\"wp-block-heading\">Colecci\u00f3n juvenil de <strong>Florian Kaiser<\/strong><\/h3>\n\n\n\n<p>Flo\u00adri\u00adan Kaiser nos con\u00adfi\u00f3 su colec\u00adci\u00f3n juve\u00adnil com\u00adpues\u00adta por unos 70 min\u00aderales. Hay piezas peque\u00f1as y de mano. Como le parece exce\u00adlente nue\u00adstro proyec\u00adto, tam\u00adbi\u00e9n lo apoy\u00f3 con una donaci\u00f3n econ\u00f3mi\u00adca. \u00a1Muchas gra\u00adcias!<\/p>\n\n\n\n<p><mark style=\"background-color:#D1E4DD\" class=\"has-inline-color has-black-color\">Dic. 2023<\/mark><\/p>\n\n\n\n<h3 class=\"wp-block-heading\">Colecci\u00f3n parcial de <strong>Berthold Kunz<\/strong><\/h3>\n\n\n\n<p>Berthold Kunz don\u00f3 a la fun\u00addaci\u00f3n sus micro\u00admounts. Dos cole\u00adgas del equipo de la Litote\u00adca reco\u00adgieron la colec\u00adci\u00f3n en su domi\u00adcilio. Parte de los micro\u00admounts ya ha sido incor\u00adpo\u00adra\u00adda a la Litote\u00adca. \u00a1Muchas gra\u00adcias a Berthold!<\/p>\n\n\n\n<p><mark style=\"background-color:#D1E4DD\" class=\"has-inline-color has-black-color\">Julio 2023<\/mark><\/p>\n\n\n\n<h3 class=\"wp-block-heading\">Colecci\u00f3n parcial de <strong>Josef Miethaner<\/strong><\/h3>\n\n\n\n<p>Una exten\u00adsa colec\u00adci\u00f3n de min\u00aderales y f\u00f3siles de Aus\u00adtria, Suiza y Mar\u00adrue\u00adcos, con numerosas her\u00admosas piezas de cuar\u00adzo, nos fue don\u00ada\u00adda de la antigua colec\u00adci\u00f3n del fal\u00adl\u00ade\u00adci\u00addo Josef Miethaner. Partes de la colec\u00adci\u00f3n se alo\u00adjar\u00e1n en el museo local de Kirch\u00adseeon.<\/p>\n\n\n\n<p><mark style=\"background-color:#D1E4DD\" class=\"has-inline-color has-black-color\">Feb. 2023<\/mark><\/p>\n\n\n\n<h3 class=\"wp-block-heading\">5 grandes piezas de <strong>Alois Lechner<\/strong><\/h3>\n\n\n\n<p>Para apo\u00adyar al museo local de Kirch\u00adseeon, Alois Lech\u00adn\u00ader nos don\u00f3 cin\u00adco grandes piezas muy atrac\u00adti\u00advas. Las mostraremos de la mejor man\u00adera posi\u00adble.<\/p>\n\n\n\n<p><mark style=\"background-color:#D1E4DD\" class=\"has-inline-color has-black-color\">Ene. 2023<\/mark><\/p>\n\n\n\n<h3 class=\"wp-block-heading\">Incorporaci\u00f3n de la colecci\u00f3n de <strong>Andreas Brand<\/strong> (alias Hg)<\/h3>\n\n\n\n<p>Los padres y her\u00admanos de nue\u00adstro mod\u00ader\u00adador Andreas, fal\u00adl\u00ade\u00adci\u00addo en noviem\u00adbre de 2022, donaron a la fun\u00addaci\u00f3n una gran parte de su colec\u00adci\u00f3n. Alo\u00adjare\u00admos sus piezas de la mejor man\u00adera posi\u00adble y las hare\u00admos acce\u00adsi\u00adbles al p\u00fabli\u00adco en la medi\u00adda de lo posi\u00adble.<\/p>\n\n","protected":false},"excerpt":{"rendered":"<p>Nos gus\u00adtar\u00eda ofre\u00adcer\u00adle una visi\u00f3n gen\u00ader\u00adal de qu\u00e9 colec\u00adciones han lle\u00adga\u00addo has\u00adta nosotros y agrade\u00adcer a los colec\u00adcionistas por su apoyo. Adem\u00e1s de los donantes de colec\u00adciones com\u00adple\u00adtas, exis\u00adten muchos peque\u00f1os donantes que a menudo nos hacen lle\u00adgar min\u00aderales muy raros. En caso de que algunos donantes no se men\u00adcio\u00adnen aqu\u00ed: puede encon\u00adtrar\u00adlos a todos\u2026 <a class=\"more-link\" href=\"https:\/\/www.geolitho.eu\/es\/donaciones-de-colecciones\/\">Seguir leyen\u00addo <span class=\"screen-reader-text\">Dona\u00adciones de colec\u00adciones<\/span><\/a><\/p>\n","protected":false},"author":1,"featured_media":0,"parent":0,"menu_order":0,"comment_status":"closed","ping_status":"closed","template":"","meta":{"wp_typography_post_enhancements_disabled":false,"footnotes":""},"class_list":["post-208","page","type-page","status-publish","hentry","entry"],"yoast_head":"<!-- This site is optimized with the Yoast SEO plugin v26.9 - https:\/\/yoast.com\/product\/yoast-seo-wordpress\/ -->\n<title>Donaciones de colecciones - Fundaci\u00f3n Geolitho gGmbH<\/title>\n<meta name=\"robots\" content=\"index, follow, max-snippet:-1, max-image-preview:large, max-video-preview:-1\" \/>\n<link rel=\"canonical\" href=\"https:\/\/www.geolitho.eu\/es\/donaciones-de-colecciones\/\" \/>\n<meta property=\"og:locale\" content=\"es_ES\" \/>\n<meta property=\"og:type\" content=\"article\" \/>\n<meta property=\"og:title\" content=\"Donaciones de colecciones - Fundaci\u00f3n Geolitho gGmbH\" \/>\n<meta property=\"og:description\" content=\"Nos gus\u00adtar\u00eda ofre\u00adcer\u00adle una visi\u00f3n gen\u00ader\u00adal de qu\u00e9 colec\u00adciones han lle\u00adga\u00addo has\u00adta nosotros y agrade\u00adcer a los colec\u00adcionistas por su apoyo. Adem\u00e1s de los donantes de colec\u00adciones com\u00adple\u00adtas, exis\u00adten muchos peque\u00f1os donantes que a menudo nos hacen lle\u00adgar min\u00aderales muy raros. En caso de que algunos donantes no se men\u00adcio\u00adnen aqu\u00ed: puede encon\u00adtrar\u00adlos a todos&hellip; Seguir leyendo Donaciones de colecciones\" \/>\n<meta property=\"og:url\" content=\"https:\/\/www.geolitho.eu\/es\/donaciones-de-colecciones\/\" \/>\n<meta property=\"og:site_name\" content=\"Fundaci\u00f3n Geolitho gGmbH\" \/>\n<meta property=\"article:modified_time\" content=\"2026-02-06T15:52:54+00:00\" \/>\n<meta name=\"twitter:card\" content=\"summary_large_image\" \/>\n<meta name=\"twitter:label1\" content=\"Tiempo de lectura\" \/>\n\t<meta name=\"twitter:data1\" content=\"3 minutos\" \/>\n<script type=\"application\/ld+json\" class=\"yoast-schema-graph\">{\"@context\":\"https:\/\/schema.org\",\"@graph\":[{\"@type\":\"WebPage\",\"@id\":\"https:\/\/www.geolitho.eu\/es\/donaciones-de-colecciones\/\",\"url\":\"https:\/\/www.geolitho.eu\/es\/donaciones-de-colecciones\/\",\"name\":\"Donaciones de colecciones - Fundaci\u00f3n Geolitho gGmbH\",\"isPartOf\":{\"@id\":\"https:\/\/www.geolitho.eu\/es\/#website\"},\"datePublished\":\"2026-02-06T15:42:53+00:00\",\"dateModified\":\"2026-02-06T15:52:54+00:00\",\"breadcrumb\":{\"@id\":\"https:\/\/www.geolitho.eu\/es\/donaciones-de-colecciones\/#breadcrumb\"},\"inLanguage\":\"es\",\"potentialAction\":[{\"@type\":\"ReadAction\",\"target\":[\"https:\/\/www.geolitho.eu\/es\/donaciones-de-colecciones\/\"]}]},{\"@type\":\"BreadcrumbList\",\"@id\":\"https:\/\/www.geolitho.eu\/es\/donaciones-de-colecciones\/#breadcrumb\",\"itemListElement\":[{\"@type\":\"ListItem\",\"position\":1,\"name\":\"Start\",\"item\":\"https:\/\/www.geolitho.eu\/es\/\"},{\"@type\":\"ListItem\",\"position\":2,\"name\":\"Donaciones de colecciones\"}]},{\"@type\":\"WebSite\",\"@id\":\"https:\/\/www.geolitho.eu\/es\/#website\",\"url\":\"https:\/\/www.geolitho.eu\/es\/\",\"name\":\"Fundaci\u00f3n Geolitho gGmbH\",\"description\":\"Geolitho \u2013 Mineralog\u00eda y geolog\u00eda para tocar y experimentar.\",\"publisher\":{\"@id\":\"https:\/\/www.geolitho.eu\/es\/#organization\"},\"potentialAction\":[{\"@type\":\"SearchAction\",\"target\":{\"@type\":\"EntryPoint\",\"urlTemplate\":\"https:\/\/www.geolitho.eu\/es\/?s={search_term_string}\"},\"query-input\":{\"@type\":\"PropertyValueSpecification\",\"valueRequired\":true,\"valueName\":\"search_term_string\"}}],\"inLanguage\":\"es\"},{\"@type\":\"Organization\",\"@id\":\"https:\/\/www.geolitho.eu\/es\/#organization\",\"name\":\"Fundaci\u00f3n Geolitho gGmbH\",\"url\":\"https:\/\/www.geolitho.eu\/es\/\",\"logo\":{\"@type\":\"ImageObject\",\"inLanguage\":\"es\",\"@id\":\"https:\/\/www.geolitho.eu\/es\/#\/schema\/logo\/image\/\",\"url\":\"https:\/\/www.geolitho.eu\/es\/wp-content\/uploads\/sites\/5\/2026\/01\/geolitho-hellgrau.png\",\"contentUrl\":\"https:\/\/www.geolitho.eu\/es\/wp-content\/uploads\/sites\/5\/2026\/01\/geolitho-hellgrau.png\",\"width\":900,\"height\":142,\"caption\":\"Fundaci\u00f3n Geolitho gGmbH\"},\"image\":{\"@id\":\"https:\/\/www.geolitho.eu\/es\/#\/schema\/logo\/image\/\"}}]}<\/script>\n<!-- \/ Yoast SEO plugin. -->","yoast_head_json":{"title":"Donaciones de colecciones - Fundaci\u00f3n Geolitho gGmbH","robots":{"index":"index","follow":"follow","max-snippet":"max-snippet:-1","max-image-preview":"max-image-preview:large","max-video-preview":"max-video-preview:-1"},"canonical":"https:\/\/www.geolitho.eu\/es\/donaciones-de-colecciones\/","og_locale":"es_ES","og_type":"article","og_title":"Donaciones de colecciones - Fundaci\u00f3n Geolitho gGmbH","og_description":"Nos gus\u00adtar\u00eda ofre\u00adcer\u00adle una visi\u00f3n gen\u00ader\u00adal de qu\u00e9 colec\u00adciones han lle\u00adga\u00addo has\u00adta nosotros y agrade\u00adcer a los colec\u00adcionistas por su apoyo. Adem\u00e1s de los donantes de colec\u00adciones com\u00adple\u00adtas, exis\u00adten muchos peque\u00f1os donantes que a menudo nos hacen lle\u00adgar min\u00aderales muy raros. En caso de que algunos donantes no se men\u00adcio\u00adnen aqu\u00ed: puede encon\u00adtrar\u00adlos a todos&hellip; Seguir leyendo Donaciones de colecciones","og_url":"https:\/\/www.geolitho.eu\/es\/donaciones-de-colecciones\/","og_site_name":"Fundaci\u00f3n Geolitho gGmbH","article_modified_time":"2026-02-06T15:52:54+00:00","twitter_card":"summary_large_image","twitter_misc":{"Tiempo de lectura":"3 minutos"},"schema":{"@context":"https:\/\/schema.org","@graph":[{"@type":"WebPage","@id":"https:\/\/www.geolitho.eu\/es\/donaciones-de-colecciones\/","url":"https:\/\/www.geolitho.eu\/es\/donaciones-de-colecciones\/","name":"Donaciones de colecciones - Fundaci\u00f3n Geolitho gGmbH","isPartOf":{"@id":"https:\/\/www.geolitho.eu\/es\/#website"},"datePublished":"2026-02-06T15:42:53+00:00","dateModified":"2026-02-06T15:52:54+00:00","breadcrumb":{"@id":"https:\/\/www.geolitho.eu\/es\/donaciones-de-colecciones\/#breadcrumb"},"inLanguage":"es","potentialAction":[{"@type":"ReadAction","target":["https:\/\/www.geolitho.eu\/es\/donaciones-de-colecciones\/"]}]},{"@type":"BreadcrumbList","@id":"https:\/\/www.geolitho.eu\/es\/donaciones-de-colecciones\/#breadcrumb","itemListElement":[{"@type":"ListItem","position":1,"name":"Start","item":"https:\/\/www.geolitho.eu\/es\/"},{"@type":"ListItem","position":2,"name":"Donaciones de colecciones"}]},{"@type":"WebSite","@id":"https:\/\/www.geolitho.eu\/es\/#website","url":"https:\/\/www.geolitho.eu\/es\/","name":"Fundaci\u00f3n Geolitho gGmbH","description":"Geolitho \u2013 Mineralog\u00eda y geolog\u00eda para tocar y experimentar.","publisher":{"@id":"https:\/\/www.geolitho.eu\/es\/#organization"},"potentialAction":[{"@type":"SearchAction","target":{"@type":"EntryPoint","urlTemplate":"https:\/\/www.geolitho.eu\/es\/?s={search_term_string}"},"query-input":{"@type":"PropertyValueSpecification","valueRequired":true,"valueName":"search_term_string"}}],"inLanguage":"es"},{"@type":"Organization","@id":"https:\/\/www.geolitho.eu\/es\/#organization","name":"Fundaci\u00f3n Geolitho gGmbH","url":"https:\/\/www.geolitho.eu\/es\/","logo":{"@type":"ImageObject","inLanguage":"es","@id":"https:\/\/www.geolitho.eu\/es\/#\/schema\/logo\/image\/","url":"https:\/\/www.geolitho.eu\/es\/wp-content\/uploads\/sites\/5\/2026\/01\/geolitho-hellgrau.png","contentUrl":"https:\/\/www.geolitho.eu\/es\/wp-content\/uploads\/sites\/5\/2026\/01\/geolitho-hellgrau.png","width":900,"height":142,"caption":"Fundaci\u00f3n Geolitho gGmbH"},"image":{"@id":"https:\/\/www.geolitho.eu\/es\/#\/schema\/logo\/image\/"}}]}},"_links":{"self":[{"href":"https:\/\/www.geolitho.eu\/es\/wp-json\/wp\/v2\/pages\/208","targetHints":{"allow":["GET"]}}],"collection":[{"href":"https:\/\/www.geolitho.eu\/es\/wp-json\/wp\/v2\/pages"}],"about":[{"href":"https:\/\/www.geolitho.eu\/es\/wp-json\/wp\/v2\/types\/page"}],"author":[{"embeddable":true,"href":"https:\/\/www.geolitho.eu\/es\/wp-json\/wp\/v2\/users\/1"}],"replies":[{"embeddable":true,"href":"https:\/\/www.geolitho.eu\/es\/wp-json\/wp\/v2\/comments?post=208"}],"version-history":[{"count":3,"href":"https:\/\/www.geolitho.eu\/es\/wp-json\/wp\/v2\/pages\/208\/revisions"}],"predecessor-version":[{"id":213,"href":"https:\/\/www.geolitho.eu\/es\/wp-json\/wp\/v2\/pages\/208\/revisions\/213"}],"wp:attachment":[{"href":"https:\/\/www.geolitho.eu\/es\/wp-json\/wp\/v2\/media?parent=208"}],"curies":[{"name":"wp","href":"https:\/\/api.w.org\/{rel}","templated":true}]}}