{"id":49,"date":"2026-01-06T12:44:31","date_gmt":"2026-01-06T11:44:31","guid":{"rendered":"https:\/\/www.geolitho.eu\/es\/?page_id=49"},"modified":"2026-01-06T13:08:10","modified_gmt":"2026-01-06T12:08:10","slug":"la-litoteca-de-los-micromontadores-de-munich","status":"publish","type":"page","link":"https:\/\/www.geolitho.eu\/es\/la-litoteca-de-los-micromontadores-de-munich\/","title":{"rendered":"La litoteca de los micromontadores de M\u00fanich"},"content":{"rendered":"\n<p>Puede obten\u00ader una visi\u00f3n de nues\u00adtra litote\u00adca en nues\u00adtra <a href=\"https:\/\/www.geolitho.eu\/collection\/collectionmain.php?lang=es&amp;gusid_collection=2WT8z7IiHESYg37hB0JD-g\">gesti\u00f3n de colec\u00adciones<\/a>.<\/p>\n\n\n\n<h3 class=\"wp-block-heading\">Historia<\/h3>\n\n\n\n<p>La litote\u00adca de los micromon\u00adta\u00addores de M\u00fanich surgi\u00f3 aprox\u00adi\u00admada\u00admente al mis\u00admo tiem\u00adpo que el Atlas de Min\u00aderales, alrede\u00addor del a\u00f1o 2001. La idea fun\u00adda\u00admen\u00adtal era la pre\u00adgun\u00adta de qu\u00e9 pasar\u00eda con las colec\u00adciones de los miem\u00adbros, cada vez de may\u00ador edad, cuan\u00addo ya no estu\u00advier\u00adan. La idea de que una colec\u00adci\u00f3n pudiera pertenecer a un grupo y no a una sola per\u00adsona resulta\u00adba extra\u00f1a para muchos. Sin embar\u00adgo, bajo el lema \u00abtodos pueden par\u00adtic\u00adi\u00adpar, nadie est\u00e1 oblig\u00ada\u00addo\u00bb, se logr\u00f3 con\u00advencer a sufi\u00adcientes miem\u00adbros del grupo de tra\u00adba\u00adjo de micromon\u00adta\u00addores de los Ami\u00adgos de los Min\u00aderales de M\u00fanich e.V. de que el cuida\u00addo por parte de un grupo ofrece may\u00ador seguri\u00addad que el des\u00adti\u00adno de un colec\u00adcionista indi\u00advid\u00adual.<\/p>\n\n\n\n<p>En el a\u00f1o 2001 se comen\u00adz\u00f3 a incor\u00adpo\u00adrar a la litote\u00adca las colec\u00adciones de los miem\u00adbros <a href=\"https:\/\/www.geolitho.eu\/blog\/2021\/12\/20\/geschichten-aus-unserer-lithothek-folge-01\/\">Dorothea Kulicke<\/a>, Erwin Schuh\u00adbauer, Man\u00adfred Seitz y <a href=\"https:\/\/www.geolitho.eu\/blog\/2022\/04\/01\/erzaehlungen-aus-der-lithothek-4\/\">Peter K\u00f6hlen<\/a> con sus mejores piezas. A ello se sumaron muchas piezas de <a href=\"https:\/\/www.geolitho.eu\/blog\/2022\/01\/03\/erzaehlungen-aus-der-lithothek-02\/\">Klaus Fleck<\/a>, quien quer\u00eda reti\u00adrarse del com\u00ader\u00adcio de min\u00aderales y don\u00f3 todo su stock de mate\u00adr\u00adi\u00adal com\u00ader\u00adcial a los micromon\u00adta\u00addores de M\u00fanich. La idea se difundi\u00f3 r\u00e1p\u00adi\u00adda\u00admente tam\u00adbi\u00e9n fuera del grupo de tra\u00adba\u00adjo de micromon\u00adta\u00addores y recibi\u00f3 una respues\u00adta pos\u00adi\u00adti\u00adva. Quiz\u00e1 el mejor ejem\u00adp\u00adlo de ello sea el ya fal\u00adl\u00ade\u00adci\u00addo <a href=\"https:\/\/www.geolitho.eu\/blog\/2022\/04\/28\/erzaehlungen-aus-der-lithothek-5\/\">Klaus-Dieter Bausch<\/a>, quien via\u00adj\u00f3 expre\u00adsa\u00admente a M\u00fanich para incor\u00adpo\u00adrar su colec\u00adci\u00f3n, jun\u00adto con fotograf\u00edas, a la litote\u00adca.<\/p>\n\n\n\n<p>La litote\u00adca es un mod\u00ade\u00adlo de \u00e9xi\u00adto, des\u00adde la primera hora y has\u00adta hoy. No solo la colec\u00adci\u00f3n crece de for\u00adma con\u00adtin\u00adua, tan\u00adto cuan\u00adti\u00adta\u00adti\u00adva como cual\u00adi\u00adta\u00adti\u00adva\u00admente. En el \u00abStufen\u00adheim\u00bb, un aparta\u00admen\u00adto puesto a dis\u00adposi\u00adci\u00f3n del grupo de tra\u00adba\u00adjo a bajo coste, los miem\u00adbros del grupo se re\u00fa\u00adnen reg\u00adu\u00adlar\u00admente varias veces por sem\u00adana para tra\u00adba\u00adjar en la colec\u00adci\u00f3n y man\u00adten\u00ader con\u00adtac\u00adtos sociales. Hoy, en el a\u00f1o 2021, la colec\u00adci\u00f3n com\u00adprende m\u00e1s de 53.000 piezas de m\u00e1s de 7.000 local\u00adi\u00addades de todo el mun\u00addo. M\u00e1s de 400 colab\u00ado\u00adradores han con\u00adtribui\u00addo al fon\u00addo de la colec\u00adci\u00f3n, en su may\u00ador\u00eda medi\u00adante dona\u00adciones. Est\u00e1n pre\u00adsentes m\u00e1s de 3.580 especies min\u00aderales difer\u00adentes recono\u00adci\u00addas por la IMA.<\/p>\n\n\n\n<p>La litote\u00adca es cuida\u00adda por la <strong>Aso\u00adciaci\u00f3n para el Fomen\u00adto de la Litote\u00adca e.V.<\/strong>.<\/p>\n\n\n\n<p><a href=\"https:\/\/www.geolitho.eu\/collection\/collectionmain.php?lang=es&amp;gusid_collection=2WT8z7IiHESYg37hB0JD-g\">Litote\u00adca en la gesti\u00f3n de colec\u00adciones<\/a><\/p>\n\n\n\n<p><a href=\"https:\/\/www.mineralienatlas.de\/lexikon\/index.php\/Sammlung\/Lithothek%20der%20M%C3%BCnchener%20Micromounter\">Litote\u00adca en el Atlas de Min\u00aderales<\/a><\/p>\n\n\n\n<p><a href=\"\/sammlungsspenden\">Nuevas incor\u00adpo\u00adra\u00adciones impor\u00adtantes (dona\u00adciones de colec\u00adciones)<\/a><\/p>\n\n\n\n<p><strong>Novedades<\/strong><\/p>\n\n\n<ul class=\"wp-block-latest-posts__list has-dates is-style-default wp-block-latest-posts\"><li><a class=\"wp-block-latest-posts__post-title\" href=\"https:\/\/www.geolitho.eu\/es\/2026\/02\/06\/geolitho-ahora-habla-seis-idiomas\/\">Geolitho aho\u00adra habla seis idiomas<\/a><time datetime=\"2026-02-06T11:34:38+01:00\" class=\"wp-block-latest-posts__post-date\">6. febrero 2026<\/time><div class=\"wp-block-latest-posts__post-excerpt\">Geolitho pone aho\u00adra todos los con\u00adtenidos \u2013 inclu\u00adi\u00adda la gesti\u00f3n de colec\u00adciones, el museo y el mer\u00adca\u00addo \u2013 a dis\u00adposi\u00adci\u00f3n en seis idiomas. Adem\u00e1s de alem\u00e1n, ingl\u00e9s, espa\u00f1ol, franc\u00e9s y por\u00adtugu\u00e9s,\u2026 <a class=\"more-link\" href=\"https:\/\/www.geolitho.eu\/es\/2026\/02\/06\/geolitho-ahora-habla-seis-idiomas\/\">Seguir leyen\u00addo <span class=\"screen-reader-text\">Geolitho aho\u00adra habla seis idiomas<\/span><\/a><\/div><\/li>\n<li><a class=\"wp-block-latest-posts__post-title\" href=\"https:\/\/www.geolitho.eu\/es\/2026\/01\/24\/geolitho-ahora-habla-cinco-idiomas\/\">Geolitho aho\u00adra habla cin\u00adco idiomas<\/a><time datetime=\"2026-01-24T21:46:39+01:00\" class=\"wp-block-latest-posts__post-date\">24. enero 2026<\/time><div class=\"wp-block-latest-posts__post-excerpt\">Geolitho pone a dis\u00adposi\u00adci\u00f3n todos sus con\u00adtenidos \u2013 inclu\u00adi\u00adda la gesti\u00f3n de colec\u00adciones, el museo y el mer\u00adca\u00addo \u2013 en cin\u00adco idiomas. Adem\u00e1s del alem\u00e1n, ingl\u00e9s, espa\u00f1ol y franc\u00e9s, la platafor\u00adma\u2026 <a class=\"more-link\" href=\"https:\/\/www.geolitho.eu\/es\/2026\/01\/24\/geolitho-ahora-habla-cinco-idiomas\/\">Seguir leyen\u00addo <span class=\"screen-reader-text\">Geolitho aho\u00adra habla cin\u00adco idiomas<\/span><\/a><\/div><\/li>\n<li><a class=\"wp-block-latest-posts__post-title\" href=\"https:\/\/www.geolitho.eu\/es\/2025\/11\/25\/cambio-de-socios-y-directores-en-la-fundacion-geolitho-ggmbh-geolitho-stidftung-ggmbh\/\">Cam\u00adbio de socios y direc\u00adtores en la Fun\u00addaci\u00f3n Geolitho gGmbH (Geolitho Stiftung gGmbH)<\/a><time datetime=\"2025-11-25T15:18:41+01:00\" class=\"wp-block-latest-posts__post-date\">25. noviem\u00adbre 2025<\/time><div class=\"wp-block-latest-posts__post-excerpt\">Cam\u00adbio de socios y direc\u00adtores en la Fun\u00addaci\u00f3n Geolitho gGmbH Despu\u00e9s de casi cua\u00adtro a\u00f1os de inten\u00adsa labor vol\u00adun\u00adtaria, Dr.&nbsp;Man\u00adfred&nbsp;Seitz, cofun\u00addador y has\u00adta aho\u00adra direc\u00adtor ger\u00adente, cede sus par\u00adtic\u00adi\u00adpa\u00adciones en la\u2026 <a class=\"more-link\" href=\"https:\/\/www.geolitho.eu\/es\/2025\/11\/25\/cambio-de-socios-y-directores-en-la-fundacion-geolitho-ggmbh-geolitho-stidftung-ggmbh\/\">Seguir leyen\u00addo <span class=\"screen-reader-text\">Cam\u00adbio de socios y direc\u00adtores en la Fun\u00addaci\u00f3n Geolitho gGmbH (Geolitho Stiftung gGmbH)<\/span><\/a><\/div><\/li>\n<li><a class=\"wp-block-latest-posts__post-title\" href=\"https:\/\/www.geolitho.eu\/es\/2024\/05\/05\/nuevo-socio-gunter-frenz\/\">Nue\u00advo socio: G\u00fcn\u00adter Frenz<\/a><time datetime=\"2024-05-05T10:00:49+02:00\" class=\"wp-block-latest-posts__post-date\">5. mayo 2024<\/time><div class=\"wp-block-latest-posts__post-excerpt\">La fun\u00addaci\u00f3n Geolitho gGmbH desea infor\u00admar\u00adles de que hemos real\u00adiza\u00addo un cam\u00adbio en la estruc\u00adtura de nues\u00adtra fun\u00addaci\u00f3n. Hemos incor\u00adpo\u00adra\u00addo a G\u00fcn\u00adter Frenz como nue\u00advo socio, quien nos apoya en el\u2026 <a class=\"more-link\" href=\"https:\/\/www.geolitho.eu\/es\/2024\/05\/05\/nuevo-socio-gunter-frenz\/\">Seguir leyen\u00addo <span class=\"screen-reader-text\">Nue\u00advo socio: G\u00fcn\u00adter Frenz<\/span><\/a><\/div><\/li>\n<\/ul>","protected":false},"excerpt":{"rendered":"<p>Puede obten\u00ader una visi\u00f3n de nues\u00adtra litote\u00adca en nues\u00adtra gesti\u00f3n de colec\u00adciones. His\u00adto\u00adria La litote\u00adca de los micromon\u00adta\u00addores de M\u00fanich surgi\u00f3 aprox\u00adi\u00admada\u00admente al mis\u00admo tiem\u00adpo que el Atlas de Min\u00aderales, alrede\u00addor del a\u00f1o 2001. La idea fun\u00adda\u00admen\u00adtal era la pre\u00adgun\u00adta de qu\u00e9 pasar\u00eda con las colec\u00adciones de los miem\u00adbros, cada vez de may\u00ador edad, cuan\u00addo\u2026 <a class=\"more-link\" href=\"https:\/\/www.geolitho.eu\/es\/la-litoteca-de-los-micromontadores-de-munich\/\">Seguir leyen\u00addo <span class=\"screen-reader-text\">La litote\u00adca de los micromon\u00adta\u00addores de M\u00fanich<\/span><\/a><\/p>\n","protected":false},"author":1,"featured_media":0,"parent":0,"menu_order":0,"comment_status":"closed","ping_status":"closed","template":"","meta":{"wp_typography_post_enhancements_disabled":false,"footnotes":""},"class_list":["post-49","page","type-page","status-publish","hentry","entry"],"yoast_head":"<!-- This site is optimized with the Yoast SEO plugin v26.9 - https:\/\/yoast.com\/product\/yoast-seo-wordpress\/ -->\n<title>La litoteca de los micromontadores de M\u00fanich - Fundaci\u00f3n Geolitho gGmbH<\/title>\n<meta name=\"robots\" content=\"index, follow, max-snippet:-1, max-image-preview:large, max-video-preview:-1\" \/>\n<link rel=\"canonical\" href=\"https:\/\/www.geolitho.eu\/es\/la-litoteca-de-los-micromontadores-de-munich\/\" \/>\n<meta property=\"og:locale\" content=\"es_ES\" \/>\n<meta property=\"og:type\" content=\"article\" \/>\n<meta property=\"og:title\" content=\"La litoteca de los micromontadores de M\u00fanich - Fundaci\u00f3n Geolitho gGmbH\" \/>\n<meta property=\"og:description\" content=\"Puede obten\u00ader una visi\u00f3n de nues\u00adtra litote\u00adca en nues\u00adtra gesti\u00f3n de colec\u00adciones. Historia La litote\u00adca de los micromon\u00adta\u00addores de M\u00fanich surgi\u00f3 aprox\u00adi\u00admada\u00admente al mis\u00admo tiem\u00adpo que el Atlas de Min\u00aderales, alrede\u00addor del a\u00f1o 2001. La idea fun\u00adda\u00admen\u00adtal era la pre\u00adgun\u00adta de qu\u00e9 pasar\u00eda con las colec\u00adciones de los miem\u00adbros, cada vez de may\u00ador edad, cuan\u00addo&hellip; Seguir leyendo La litoteca de los micromontadores de M\u00fanich\" \/>\n<meta property=\"og:url\" content=\"https:\/\/www.geolitho.eu\/es\/la-litoteca-de-los-micromontadores-de-munich\/\" \/>\n<meta property=\"og:site_name\" content=\"Fundaci\u00f3n Geolitho gGmbH\" \/>\n<meta property=\"article:modified_time\" content=\"2026-01-06T12:08:10+00:00\" \/>\n<meta name=\"twitter:card\" content=\"summary_large_image\" \/>\n<meta name=\"twitter:label1\" content=\"Tiempo de lectura\" \/>\n\t<meta name=\"twitter:data1\" content=\"2 minutos\" \/>\n<script type=\"application\/ld+json\" class=\"yoast-schema-graph\">{\"@context\":\"https:\/\/schema.org\",\"@graph\":[{\"@type\":\"WebPage\",\"@id\":\"https:\/\/www.geolitho.eu\/es\/la-litoteca-de-los-micromontadores-de-munich\/\",\"url\":\"https:\/\/www.geolitho.eu\/es\/la-litoteca-de-los-micromontadores-de-munich\/\",\"name\":\"La litoteca de los micromontadores de M\u00fanich - Fundaci\u00f3n Geolitho gGmbH\",\"isPartOf\":{\"@id\":\"https:\/\/www.geolitho.eu\/es\/#website\"},\"datePublished\":\"2026-01-06T11:44:31+00:00\",\"dateModified\":\"2026-01-06T12:08:10+00:00\",\"breadcrumb\":{\"@id\":\"https:\/\/www.geolitho.eu\/es\/la-litoteca-de-los-micromontadores-de-munich\/#breadcrumb\"},\"inLanguage\":\"es\",\"potentialAction\":[{\"@type\":\"ReadAction\",\"target\":[\"https:\/\/www.geolitho.eu\/es\/la-litoteca-de-los-micromontadores-de-munich\/\"]}]},{\"@type\":\"BreadcrumbList\",\"@id\":\"https:\/\/www.geolitho.eu\/es\/la-litoteca-de-los-micromontadores-de-munich\/#breadcrumb\",\"itemListElement\":[{\"@type\":\"ListItem\",\"position\":1,\"name\":\"Start\",\"item\":\"https:\/\/www.geolitho.eu\/es\/\"},{\"@type\":\"ListItem\",\"position\":2,\"name\":\"La litoteca de los micromontadores de M\u00fanich\"}]},{\"@type\":\"WebSite\",\"@id\":\"https:\/\/www.geolitho.eu\/es\/#website\",\"url\":\"https:\/\/www.geolitho.eu\/es\/\",\"name\":\"Fundaci\u00f3n Geolitho gGmbH\",\"description\":\"Geolitho \u2013 Mineralog\u00eda y geolog\u00eda para tocar y experimentar.\",\"publisher\":{\"@id\":\"https:\/\/www.geolitho.eu\/es\/#organization\"},\"potentialAction\":[{\"@type\":\"SearchAction\",\"target\":{\"@type\":\"EntryPoint\",\"urlTemplate\":\"https:\/\/www.geolitho.eu\/es\/?s={search_term_string}\"},\"query-input\":{\"@type\":\"PropertyValueSpecification\",\"valueRequired\":true,\"valueName\":\"search_term_string\"}}],\"inLanguage\":\"es\"},{\"@type\":\"Organization\",\"@id\":\"https:\/\/www.geolitho.eu\/es\/#organization\",\"name\":\"Fundaci\u00f3n Geolitho gGmbH\",\"url\":\"https:\/\/www.geolitho.eu\/es\/\",\"logo\":{\"@type\":\"ImageObject\",\"inLanguage\":\"es\",\"@id\":\"https:\/\/www.geolitho.eu\/es\/#\/schema\/logo\/image\/\",\"url\":\"https:\/\/www.geolitho.eu\/es\/wp-content\/uploads\/sites\/5\/2026\/01\/geolitho-hellgrau.png\",\"contentUrl\":\"https:\/\/www.geolitho.eu\/es\/wp-content\/uploads\/sites\/5\/2026\/01\/geolitho-hellgrau.png\",\"width\":900,\"height\":142,\"caption\":\"Fundaci\u00f3n Geolitho gGmbH\"},\"image\":{\"@id\":\"https:\/\/www.geolitho.eu\/es\/#\/schema\/logo\/image\/\"}}]}<\/script>\n<!-- \/ Yoast SEO plugin. -->","yoast_head_json":{"title":"La litoteca de los micromontadores de M\u00fanich - Fundaci\u00f3n Geolitho gGmbH","robots":{"index":"index","follow":"follow","max-snippet":"max-snippet:-1","max-image-preview":"max-image-preview:large","max-video-preview":"max-video-preview:-1"},"canonical":"https:\/\/www.geolitho.eu\/es\/la-litoteca-de-los-micromontadores-de-munich\/","og_locale":"es_ES","og_type":"article","og_title":"La litoteca de los micromontadores de M\u00fanich - Fundaci\u00f3n Geolitho gGmbH","og_description":"Puede obten\u00ader una visi\u00f3n de nues\u00adtra litote\u00adca en nues\u00adtra gesti\u00f3n de colec\u00adciones. Historia La litote\u00adca de los micromon\u00adta\u00addores de M\u00fanich surgi\u00f3 aprox\u00adi\u00admada\u00admente al mis\u00admo tiem\u00adpo que el Atlas de Min\u00aderales, alrede\u00addor del a\u00f1o 2001. La idea fun\u00adda\u00admen\u00adtal era la pre\u00adgun\u00adta de qu\u00e9 pasar\u00eda con las colec\u00adciones de los miem\u00adbros, cada vez de may\u00ador edad, cuan\u00addo&hellip; Seguir leyendo La litoteca de los micromontadores de M\u00fanich","og_url":"https:\/\/www.geolitho.eu\/es\/la-litoteca-de-los-micromontadores-de-munich\/","og_site_name":"Fundaci\u00f3n Geolitho gGmbH","article_modified_time":"2026-01-06T12:08:10+00:00","twitter_card":"summary_large_image","twitter_misc":{"Tiempo de lectura":"2 minutos"},"schema":{"@context":"https:\/\/schema.org","@graph":[{"@type":"WebPage","@id":"https:\/\/www.geolitho.eu\/es\/la-litoteca-de-los-micromontadores-de-munich\/","url":"https:\/\/www.geolitho.eu\/es\/la-litoteca-de-los-micromontadores-de-munich\/","name":"La litoteca de los micromontadores de M\u00fanich - Fundaci\u00f3n Geolitho gGmbH","isPartOf":{"@id":"https:\/\/www.geolitho.eu\/es\/#website"},"datePublished":"2026-01-06T11:44:31+00:00","dateModified":"2026-01-06T12:08:10+00:00","breadcrumb":{"@id":"https:\/\/www.geolitho.eu\/es\/la-litoteca-de-los-micromontadores-de-munich\/#breadcrumb"},"inLanguage":"es","potentialAction":[{"@type":"ReadAction","target":["https:\/\/www.geolitho.eu\/es\/la-litoteca-de-los-micromontadores-de-munich\/"]}]},{"@type":"BreadcrumbList","@id":"https:\/\/www.geolitho.eu\/es\/la-litoteca-de-los-micromontadores-de-munich\/#breadcrumb","itemListElement":[{"@type":"ListItem","position":1,"name":"Start","item":"https:\/\/www.geolitho.eu\/es\/"},{"@type":"ListItem","position":2,"name":"La litoteca de los micromontadores de M\u00fanich"}]},{"@type":"WebSite","@id":"https:\/\/www.geolitho.eu\/es\/#website","url":"https:\/\/www.geolitho.eu\/es\/","name":"Fundaci\u00f3n Geolitho gGmbH","description":"Geolitho \u2013 Mineralog\u00eda y geolog\u00eda para tocar y experimentar.","publisher":{"@id":"https:\/\/www.geolitho.eu\/es\/#organization"},"potentialAction":[{"@type":"SearchAction","target":{"@type":"EntryPoint","urlTemplate":"https:\/\/www.geolitho.eu\/es\/?s={search_term_string}"},"query-input":{"@type":"PropertyValueSpecification","valueRequired":true,"valueName":"search_term_string"}}],"inLanguage":"es"},{"@type":"Organization","@id":"https:\/\/www.geolitho.eu\/es\/#organization","name":"Fundaci\u00f3n Geolitho gGmbH","url":"https:\/\/www.geolitho.eu\/es\/","logo":{"@type":"ImageObject","inLanguage":"es","@id":"https:\/\/www.geolitho.eu\/es\/#\/schema\/logo\/image\/","url":"https:\/\/www.geolitho.eu\/es\/wp-content\/uploads\/sites\/5\/2026\/01\/geolitho-hellgrau.png","contentUrl":"https:\/\/www.geolitho.eu\/es\/wp-content\/uploads\/sites\/5\/2026\/01\/geolitho-hellgrau.png","width":900,"height":142,"caption":"Fundaci\u00f3n Geolitho gGmbH"},"image":{"@id":"https:\/\/www.geolitho.eu\/es\/#\/schema\/logo\/image\/"}}]}},"_links":{"self":[{"href":"https:\/\/www.geolitho.eu\/es\/wp-json\/wp\/v2\/pages\/49","targetHints":{"allow":["GET"]}}],"collection":[{"href":"https:\/\/www.geolitho.eu\/es\/wp-json\/wp\/v2\/pages"}],"about":[{"href":"https:\/\/www.geolitho.eu\/es\/wp-json\/wp\/v2\/types\/page"}],"author":[{"embeddable":true,"href":"https:\/\/www.geolitho.eu\/es\/wp-json\/wp\/v2\/users\/1"}],"replies":[{"embeddable":true,"href":"https:\/\/www.geolitho.eu\/es\/wp-json\/wp\/v2\/comments?post=49"}],"version-history":[{"count":3,"href":"https:\/\/www.geolitho.eu\/es\/wp-json\/wp\/v2\/pages\/49\/revisions"}],"predecessor-version":[{"id":58,"href":"https:\/\/www.geolitho.eu\/es\/wp-json\/wp\/v2\/pages\/49\/revisions\/58"}],"wp:attachment":[{"href":"https:\/\/www.geolitho.eu\/es\/wp-json\/wp\/v2\/media?parent=49"}],"curies":[{"name":"wp","href":"https:\/\/api.w.org\/{rel}","templated":true}]}}