{"id":132,"date":"2026-01-26T20:38:46","date_gmt":"2026-01-26T19:38:46","guid":{"rendered":"https:\/\/www.geolitho.eu\/fr\/?page_id=132"},"modified":"2026-01-26T20:39:13","modified_gmt":"2026-01-26T19:39:13","slug":"formulaire-de-contact","status":"publish","type":"page","link":"https:\/\/www.geolitho.eu\/fr\/formulaire-de-contact\/","title":{"rendered":"Formulaire de contact"},"content":{"rendered":"        <div class=\"ccf-box\">\n            <h2>Envoyer un message<\/h2>\n\n            <div class=\"ccf-note\">\n    \t\tRemar\u00adque : vous recevrez un e\u2011mail de con\u00adfir\u00adma\u00adtion pour v\u00e9ri\u00adfi\u00ader votre adresse e\u2011mail. \n    \t\t Veuillez \u00e9gale\u00adment v\u00e9ri\u00adfi\u00ader votre dossier spam. Votre mes\u00adsage ne sera pas envoy\u00e9 sans con\u00adfir\u00adma\u00adtion.\t\t\t<\/div>\n\n            \n            <form method=\"post\">\n                <input type=\"hidden\" id=\"_wpnonce\" name=\"_wpnonce\" value=\"bf3f11dd35\"><input type=\"hidden\" name=\"_wp_http_referer\" value=\"\/fr\/wp-json\/wp\/v2\/pages\/132\">\n                <label>Civil\u00adit\u00e9 :<\/label>\n                <select name=\"salutation\">\n    \t\t\t\t<option value>-<\/option>\n    \t\t\t\t<option value=\"Herr\">\n        \t\t\t\tM.    \t\t\t\t<\/option>\n    \t\t\t\t<option value=\"Frau\">\n        \t\t\t\tMme    \t\t\t\t<\/option>\n\t\t\t\t<\/select>\n\n                <label>Votre nom :<\/label>\n                <input type=\"text\" name=\"name\" value style=\"width:100%;\">\n\n                <label>Votre adresse e\u2011mail :<\/label>\n                <input type=\"email\" name=\"email\" value style=\"width:100%;\">\n\n                <!-- Honeypot -->\n                <div class=\"ccf-hp\">\n                    <label>Leave emp\u00adty<\/label>\n                    <input type=\"text\" name=\"comment\" autocomplete=\"off\">\n                <\/div>\n\n                <label>Votre mes\u00adsage pour nous :<\/label>\n                <textarea name=\"message\" rows=\"8\" style=\"width:100%;\"><\/textarea>\n\n                <label>Let\u00adtres dans l\u2019im\u00adage (qua\u00adtre) :<\/label>\n                <div style=\"display:flex; align-items:center; gap:10px; margin-top:5px; margin-bottom:15px;\">\n                    <input type=\"text\" name=\"captcha\" style=\"width:120px;\">\n                    <img decoding=\"async\" src=\"https:\/\/www.geolitho.eu\/fr\/wp-admin\/admin-ajax.php?action=ccf_captcha&amp;cid=ccf_47c3f990-0e58-441c-8a6b-eee453db4a71&amp;t=1778177438\" alt=\"captcha\" style=\"height:40px;\">\n                <\/div>\n\n                <input type=\"hidden\" name=\"referer\" value=\"https:\/\/www.geolitho.eu\/fr\/formulaire-de-contact\/\">\n                <input type=\"hidden\" name=\"ccf_captcha_id\" value=\"ccf_47c3f990-0e58-441c-8a6b-eee453db4a71\">\n\n                <input type=\"hidden\" name=\"form_start_time\" id=\"ccf_form_start_time\" value>\n                <script>\n                    window.addEventListener(\"load\", () => {\n                        const el = document.getElementById(\"ccf_form_start_time\");\n                        if (el) el.value = Date.now();\n                    });\n                <\/script>\n\n                <input type=\"text\" name=\"realcheck\" id=\"ccf_realcheck\" value class=\"ccf-hp\">\n                <script>\n                    const rc = document.getElementById('ccf_realcheck');\n                    if (rc) rc.value = 'human';\n                <\/script>\n\n                <button type=\"submit\" name=\"ccf_send\">envoyer<\/button>\n            <\/form>\n        <\/div>\n        \n","protected":false},"excerpt":{"rendered":"","protected":false},"author":1,"featured_media":0,"parent":0,"menu_order":0,"comment_status":"closed","ping_status":"closed","template":"","meta":{"wp_typography_post_enhancements_disabled":false,"footnotes":""},"class_list":["post-132","page","type-page","status-publish","hentry","entry"],"yoast_head":"<!-- This site is optimized with the Yoast SEO plugin v27.5 - https:\/\/yoast.com\/product\/yoast-seo-wordpress\/ -->\n<title>Formulaire de contact - Fondation Geolitho gGmbH<\/title>\n<meta name=\"robots\" content=\"index, follow, max-snippet:-1, max-image-preview:large, max-video-preview:-1\" \/>\n<link rel=\"canonical\" href=\"https:\/\/www.geolitho.eu\/fr\/formulaire-de-contact\/\" \/>\n<meta property=\"og:locale\" content=\"fr_FR\" \/>\n<meta property=\"og:type\" content=\"article\" \/>\n<meta property=\"og:title\" content=\"Formulaire de contact - Fondation Geolitho gGmbH\" \/>\n<meta property=\"og:url\" content=\"https:\/\/www.geolitho.eu\/fr\/formulaire-de-contact\/\" \/>\n<meta property=\"og:site_name\" content=\"Fondation Geolitho gGmbH\" \/>\n<meta property=\"article:modified_time\" content=\"2026-01-26T19:39:13+00:00\" \/>\n<meta name=\"twitter:card\" content=\"summary_large_image\" \/>\n<meta name=\"twitter:label1\" content=\"Dur\u00e9e de lecture estim\u00e9e\" \/>\n\t<meta name=\"twitter:data1\" content=\"1 minute\" \/>\n<script type=\"application\/ld+json\" class=\"yoast-schema-graph\">{\"@context\":\"https:\\\/\\\/schema.org\",\"@graph\":[{\"@type\":\"WebPage\",\"@id\":\"https:\\\/\\\/www.geolitho.eu\\\/fr\\\/formulaire-de-contact\\\/\",\"url\":\"https:\\\/\\\/www.geolitho.eu\\\/fr\\\/formulaire-de-contact\\\/\",\"name\":\"Formulaire de contact - Fondation Geolitho gGmbH\",\"isPartOf\":{\"@id\":\"https:\\\/\\\/www.geolitho.eu\\\/fr\\\/#website\"},\"datePublished\":\"2026-01-26T19:38:46+00:00\",\"dateModified\":\"2026-01-26T19:39:13+00:00\",\"breadcrumb\":{\"@id\":\"https:\\\/\\\/www.geolitho.eu\\\/fr\\\/formulaire-de-contact\\\/#breadcrumb\"},\"inLanguage\":\"fr-FR\",\"potentialAction\":[{\"@type\":\"ReadAction\",\"target\":[\"https:\\\/\\\/www.geolitho.eu\\\/fr\\\/formulaire-de-contact\\\/\"]}]},{\"@type\":\"BreadcrumbList\",\"@id\":\"https:\\\/\\\/www.geolitho.eu\\\/fr\\\/formulaire-de-contact\\\/#breadcrumb\",\"itemListElement\":[{\"@type\":\"ListItem\",\"position\":1,\"name\":\"Start\",\"item\":\"https:\\\/\\\/www.geolitho.eu\\\/fr\\\/\"},{\"@type\":\"ListItem\",\"position\":2,\"name\":\"Formulaire de contact\"}]},{\"@type\":\"WebSite\",\"@id\":\"https:\\\/\\\/www.geolitho.eu\\\/fr\\\/#website\",\"url\":\"https:\\\/\\\/www.geolitho.eu\\\/fr\\\/\",\"name\":\"Fondation Geolitho gGmbH\",\"description\":\"Geolitho \u2013 la min\u00e9ralogie et la g\u00e9ologie \u00e0 port\u00e9e de main.\",\"publisher\":{\"@id\":\"https:\\\/\\\/www.geolitho.eu\\\/fr\\\/#organization\"},\"potentialAction\":[{\"@type\":\"SearchAction\",\"target\":{\"@type\":\"EntryPoint\",\"urlTemplate\":\"https:\\\/\\\/www.geolitho.eu\\\/fr\\\/?s={search_term_string}\"},\"query-input\":{\"@type\":\"PropertyValueSpecification\",\"valueRequired\":true,\"valueName\":\"search_term_string\"}}],\"inLanguage\":\"fr-FR\"},{\"@type\":\"Organization\",\"@id\":\"https:\\\/\\\/www.geolitho.eu\\\/fr\\\/#organization\",\"name\":\"Fondation Geolitho gGmbH\",\"url\":\"https:\\\/\\\/www.geolitho.eu\\\/fr\\\/\",\"logo\":{\"@type\":\"ImageObject\",\"inLanguage\":\"fr-FR\",\"@id\":\"https:\\\/\\\/www.geolitho.eu\\\/fr\\\/#\\\/schema\\\/logo\\\/image\\\/\",\"url\":\"https:\\\/\\\/www.geolitho.eu\\\/fr\\\/wp-content\\\/uploads\\\/sites\\\/6\\\/2026\\\/01\\\/geolitho-hellgrau.png\",\"contentUrl\":\"https:\\\/\\\/www.geolitho.eu\\\/fr\\\/wp-content\\\/uploads\\\/sites\\\/6\\\/2026\\\/01\\\/geolitho-hellgrau.png\",\"width\":900,\"height\":142,\"caption\":\"Fondation Geolitho gGmbH\"},\"image\":{\"@id\":\"https:\\\/\\\/www.geolitho.eu\\\/fr\\\/#\\\/schema\\\/logo\\\/image\\\/\"}}]}<\/script>\n<!-- \/ Yoast SEO plugin. -->","yoast_head_json":{"title":"Formulaire de contact - Fondation Geolitho gGmbH","robots":{"index":"index","follow":"follow","max-snippet":"max-snippet:-1","max-image-preview":"max-image-preview:large","max-video-preview":"max-video-preview:-1"},"canonical":"https:\/\/www.geolitho.eu\/fr\/formulaire-de-contact\/","og_locale":"fr_FR","og_type":"article","og_title":"Formulaire de contact - Fondation Geolitho gGmbH","og_url":"https:\/\/www.geolitho.eu\/fr\/formulaire-de-contact\/","og_site_name":"Fondation Geolitho gGmbH","article_modified_time":"2026-01-26T19:39:13+00:00","twitter_card":"summary_large_image","twitter_misc":{"Dur\u00e9e de lecture estim\u00e9e":"1 minute"},"schema":{"@context":"https:\/\/schema.org","@graph":[{"@type":"WebPage","@id":"https:\/\/www.geolitho.eu\/fr\/formulaire-de-contact\/","url":"https:\/\/www.geolitho.eu\/fr\/formulaire-de-contact\/","name":"Formulaire de contact - Fondation Geolitho gGmbH","isPartOf":{"@id":"https:\/\/www.geolitho.eu\/fr\/#website"},"datePublished":"2026-01-26T19:38:46+00:00","dateModified":"2026-01-26T19:39:13+00:00","breadcrumb":{"@id":"https:\/\/www.geolitho.eu\/fr\/formulaire-de-contact\/#breadcrumb"},"inLanguage":"fr-FR","potentialAction":[{"@type":"ReadAction","target":["https:\/\/www.geolitho.eu\/fr\/formulaire-de-contact\/"]}]},{"@type":"BreadcrumbList","@id":"https:\/\/www.geolitho.eu\/fr\/formulaire-de-contact\/#breadcrumb","itemListElement":[{"@type":"ListItem","position":1,"name":"Start","item":"https:\/\/www.geolitho.eu\/fr\/"},{"@type":"ListItem","position":2,"name":"Formulaire de contact"}]},{"@type":"WebSite","@id":"https:\/\/www.geolitho.eu\/fr\/#website","url":"https:\/\/www.geolitho.eu\/fr\/","name":"Fondation Geolitho gGmbH","description":"Geolitho \u2013 la min\u00e9ralogie et la g\u00e9ologie \u00e0 port\u00e9e de main.","publisher":{"@id":"https:\/\/www.geolitho.eu\/fr\/#organization"},"potentialAction":[{"@type":"SearchAction","target":{"@type":"EntryPoint","urlTemplate":"https:\/\/www.geolitho.eu\/fr\/?s={search_term_string}"},"query-input":{"@type":"PropertyValueSpecification","valueRequired":true,"valueName":"search_term_string"}}],"inLanguage":"fr-FR"},{"@type":"Organization","@id":"https:\/\/www.geolitho.eu\/fr\/#organization","name":"Fondation Geolitho gGmbH","url":"https:\/\/www.geolitho.eu\/fr\/","logo":{"@type":"ImageObject","inLanguage":"fr-FR","@id":"https:\/\/www.geolitho.eu\/fr\/#\/schema\/logo\/image\/","url":"https:\/\/www.geolitho.eu\/fr\/wp-content\/uploads\/sites\/6\/2026\/01\/geolitho-hellgrau.png","contentUrl":"https:\/\/www.geolitho.eu\/fr\/wp-content\/uploads\/sites\/6\/2026\/01\/geolitho-hellgrau.png","width":900,"height":142,"caption":"Fondation Geolitho gGmbH"},"image":{"@id":"https:\/\/www.geolitho.eu\/fr\/#\/schema\/logo\/image\/"}}]}},"_links":{"self":[{"href":"https:\/\/www.geolitho.eu\/fr\/wp-json\/wp\/v2\/pages\/132","targetHints":{"allow":["GET"]}}],"collection":[{"href":"https:\/\/www.geolitho.eu\/fr\/wp-json\/wp\/v2\/pages"}],"about":[{"href":"https:\/\/www.geolitho.eu\/fr\/wp-json\/wp\/v2\/types\/page"}],"author":[{"embeddable":true,"href":"https:\/\/www.geolitho.eu\/fr\/wp-json\/wp\/v2\/users\/1"}],"replies":[{"embeddable":true,"href":"https:\/\/www.geolitho.eu\/fr\/wp-json\/wp\/v2\/comments?post=132"}],"version-history":[{"count":1,"href":"https:\/\/www.geolitho.eu\/fr\/wp-json\/wp\/v2\/pages\/132\/revisions"}],"predecessor-version":[{"id":133,"href":"https:\/\/www.geolitho.eu\/fr\/wp-json\/wp\/v2\/pages\/132\/revisions\/133"}],"wp:attachment":[{"href":"https:\/\/www.geolitho.eu\/fr\/wp-json\/wp\/v2\/media?parent=132"}],"curies":[{"name":"wp","href":"https:\/\/api.w.org\/{rel}","templated":true}]}}