{"id":141,"date":"2026-02-06T16:45:54","date_gmt":"2026-02-06T15:45:54","guid":{"rendered":"https:\/\/www.geolitho.eu\/fr\/?page_id=141"},"modified":"2026-02-06T16:48:54","modified_gmt":"2026-02-06T15:48:54","slug":"dons-de-collections","status":"publish","type":"page","link":"https:\/\/www.geolitho.eu\/fr\/dons-de-collections\/","title":{"rendered":"Dons de collections"},"content":{"rendered":"\n<p>Nous souhaitons vous don\u00adner un aper\u00e7u des col\u00adlec\u00adtions qui ont trou\u00adv\u00e9 leur chemin jusqu\u2019\u00e0 nous et remerci\u00ader les col\u00adlec\u00adtion\u00adneurs pour leur sou\u00adtien. Out\u00adre les dona\u00adteurs de col\u00adlec\u00adtions com\u00adpl\u00e8tes, il existe de nom\u00adbreux petits dona\u00adteurs qui nous con\u00adfient sou\u00advent des min\u00e9raux tr\u00e8s rares.<strong> <\/strong><\/p>\n\n\n\n<p><strong>Si cer\u00adtains dona\u00adteurs ne sont pas men\u00adtion\u00adn\u00e9s ici : vous les trou\u00adverez tous dans notre <a href=\"https:\/\/www.geolitho.eu\/collection\/collectionmain.php?gusid_collection=2WT8z7IiHESYg37hB0JD-g&amp;dir=desc&amp;lang=fr\">Ges\u00adtion des col\u00adlec\u00adtions<\/a>. \u00c0 cet endroit, nous remer\u00adcions chaleureuse\u00adment tous les dona\u00adteurs pour leur sou\u00adtien.<\/strong><\/p>\n\n\n\n<p><mark style=\"background-color:#D1E4DD\" class=\"has-inline-color has-black-color\">Oct. 2025<\/mark><\/p>\n\n\n\n<h3 class=\"wp-block-heading\">Collection partielle de <strong>Andrea Maurer<\/strong><\/h3>\n\n\n\n<p>Madame Mau\u00adr\u00ader souhaite r\u00e9duire sa col\u00adlec\u00adtion. Une par\u00adtie des pi\u00e8ces a \u00e9t\u00e9 remise \u00e0 la Geolitho Stiftung gGmbH. Cer\u00adtains sp\u00e9ci\u00admens par\u00adti\u00adc\u00aduli\u00e8re\u00adment int\u00e9res\u00adsants ont pu \u00eatre trans\u00admis directe\u00adment au mus\u00e9e Grube Sil\u00adber\u00adhardt \u2013 notam\u00adment un impres\u00adsion\u00adnant Mei\u00dfelspat d\u2019environ 50 kilo\u00adgrammes, qui y sera par\u00adfaite\u00adment mis en valeur.<br>Un grand mer\u00adci pour les mag\u00adnifiques pi\u00e8ces provenant de la mine Clara, des Asturies et de Nava\u00adj\u00fan en Espagne, ain\u00adsi que d\u2019Idar-Oberstein et de Wald\u00adham\u00adbach.<\/p>\n\n\n\n<p><mark style=\"background-color:#D1E4DD\" class=\"has-inline-color has-black-color\">Juil\u00adlet 2025<\/mark><\/p>\n\n\n\n<h3 class=\"wp-block-heading\">Collection de <strong>Walter Gra\u00df<\/strong> de Heiligenhaus<\/h3>\n\n\n\n<p>C\u2019est avec grand plaisir que nous int\u00e9\u00adgrons actuelle\u00adment la col\u00adlec\u00adtion de Wal\u00adter Gra\u00df dans notre lithoth\u00e8que. Les quelque 4000 pi\u00e8ces con\u00adstituent un t\u00e9moignage unique de la mine Clara en For\u00eat-Noire. Vera Gra\u00df avait d\u00e9j\u00e0 mis cette remar\u00adquable col\u00adlec\u00adtion \u00e0 dis\u00adpo\u00adsi\u00adtion en 2019 \u2013 nos plus sinc\u00e8res remer\u00adciements pour cet enrichisse\u00adment pr\u00e9\u00adcieux !<\/p>\n\n\n\n<p><mark style=\"background-color:#D1E4DD\" class=\"has-inline-color has-black-color\">Mai 2025<\/mark><\/p>\n\n\n\n<h3 class=\"wp-block-heading\">Collection de <strong>Theo Halama<\/strong> de Bottrop<\/h3>\n\n\n\n<p>Nous avons pu repren\u00addre la col\u00adlec\u00adtion de <a href=\"https:\/\/www.mineralienatlas.de\/lexikon\/index.php\/SammlerSteckbriefe\/Theo%20Halama%2C%20Bottrop\">Theo Hala\u00adma<\/a> (*24.12.1941 \u2014 16.12.2024) de Bot\u00adtrop. Un grand mer\u00adci \u00e0 ses petites-filles Insa et Solveig ain\u00adsi qu\u2019\u00e0 leur maman Daniela Hagen\u00adbruch.<\/p>\n\n\n\n<p>La col\u00adlec\u00adtion com\u00adprend prin\u00adci\u00adpale\u00adment des fos\u00adsiles issus du char\u00adbon. Les mines ne sont aujourd\u2019hui plus acces\u00adsi\u00adbles.<\/p>\n\n\n\n<p><mark style=\"background-color:#D1E4DD\" class=\"has-inline-color has-black-color\">Juil\u00adlet 2024<\/mark><\/p>\n\n\n\n<h3 class=\"wp-block-heading\">Collection de <strong>Dr. Heinz Barth<\/strong> de Munich<\/h3>\n\n\n\n<p>Le Dr Markus Barth nous a con\u00adfi\u00e9 la col\u00adlec\u00adtion de son grand-p\u00e8re. Une col\u00adlec\u00adtion bien doc\u00adu\u00admen\u00adt\u00e9e, dans laque\u00adlle des con\u00adtextes g\u00e9ologiques ont \u00e9t\u00e9 con\u00adsign\u00e9s avec beau\u00adcoup de pas\u00adsion. La col\u00adlec\u00adtion, com\u00adpos\u00e9e en grande par\u00adtie de pi\u00e8ces r\u00e9colt\u00e9es par lui-m\u00eame, allant des min\u00e9raux aux roches, sera par\u00adtielle\u00adment int\u00e9\u00adgr\u00e9e aux col\u00adlec\u00adtions de la Geolitho Stiftung. Beau\u00adcoup de pi\u00e8ces datent des ann\u00e9es 1970 et 1980 et provi\u00aden\u00adnent de local\u00adit\u00e9s aujourd\u2019hui dis\u00adparues.<\/p>\n\n\n\n<p><mark style=\"background-color:#D1E4DD\" class=\"has-inline-color has-black-color\">F\u00e9v. 2024<\/mark><\/p>\n\n\n\n<h3 class=\"wp-block-heading\">Autre collection partielle de <strong>Josef Miethaner<\/strong><\/h3>\n\n\n\n<p>Une autre par\u00adtie de la tr\u00e8s vaste col\u00adlec\u00adtion du col\u00adlec\u00adtion\u00adneur d\u00e9c\u00e9d\u00e9 Josef Miethaner nous a \u00e9t\u00e9 don\u00adn\u00e9e. Cer\u00adtaines par\u00adties de la col\u00adlec\u00adtion seront d\u00e9pos\u00e9es au mus\u00e9e local de Kirch\u00adseeon. L\u2019int\u00e9gration dans la col\u00adlec\u00adtion virtuelle a com\u00admenc\u00e9. Mer\u00adci \u00e0 sa fille pour ce don g\u00e9n\u00e9reux.<\/p>\n\n\n\n<p><mark style=\"background-color:#D1E4DD\" class=\"has-inline-color has-black-color\">Janv. 2024<\/mark><\/p>\n\n\n\n<h3 class=\"wp-block-heading\">Collection de jeunesse de <strong>Florian Kaiser<\/strong><\/h3>\n\n\n\n<p>Flo\u00adri\u00adan Kaiser nous a con\u00adfi\u00e9 sa col\u00adlec\u00adtion de jeunesse com\u00adpos\u00e9e d\u2019environ 70 min\u00e9raux. Des petites pi\u00e8ces aux pi\u00e8ces de main, il y a de tout. Comme il appr\u00e9\u00adcie beau\u00adcoup notre pro\u00adjet, il l\u2019a \u00e9gale\u00adment soutenu par un don financier. Un grand mer\u00adci !<\/p>\n\n\n\n<p><mark style=\"background-color:#D1E4DD\" class=\"has-inline-color has-black-color\">D\u00e9c. 2023<\/mark><\/p>\n\n\n\n<h3 class=\"wp-block-heading\">Collection partielle de <strong>Berthold Kunz<\/strong><\/h3>\n\n\n\n<p>Berthold Kunz a fait don de ses micro\u00admounts \u00e0 la fon\u00adda\u00adtion. Deux col\u00adl\u00e8gues de l\u2019\u00e9quipe de la lithoth\u00e8que sont all\u00e9s chercher la col\u00adlec\u00adtion sur place. Une par\u00adtie des micro\u00admounts a d\u00e9j\u00e0 \u00e9t\u00e9 int\u00e9\u00adgr\u00e9e \u00e0 la lithoth\u00e8que. Un grand mer\u00adci \u00e0 Berthold !<\/p>\n\n\n\n<p><mark style=\"background-color:#D1E4DD\" class=\"has-inline-color has-black-color\">Juil\u00adlet 2023<\/mark><\/p>\n\n\n\n<h3 class=\"wp-block-heading\">Collection partielle de <strong>Josef Miethaner<\/strong><\/h3>\n\n\n\n<p>Une vaste col\u00adlec\u00adtion de min\u00e9raux et de fos\u00adsiles d\u2019Autriche, de Suisse et du Maroc, avec de nom\u00adbreuses belles pi\u00e8ces de quartz, nous a \u00e9t\u00e9 don\u00adn\u00e9e provenant de l\u2019ancienne col\u00adlec\u00adtion du d\u00e9funt Josef Miethaner. Cer\u00adtaines par\u00adties de la col\u00adlec\u00adtion seront d\u00e9pos\u00e9es au mus\u00e9e local de Kirch\u00adseeon.<\/p>\n\n\n\n<p><mark style=\"background-color:#D1E4DD\" class=\"has-inline-color has-black-color\">F\u00e9v. 2023<\/mark><\/p>\n\n\n\n<h3 class=\"wp-block-heading\">5 grandes pi\u00e8ces de <strong>Alois Lechner<\/strong><\/h3>\n\n\n\n<p>Pour soutenir le mus\u00e9e local de Kirch\u00adseeon, Alois Lech\u00adn\u00ader nous a fait don de cinq grandes pi\u00e8ces attrayantes. Nous les met\u00adtrons en valeur au mieux.<\/p>\n\n\n\n<p><mark style=\"background-color:#D1E4DD\" class=\"has-inline-color has-black-color\">Janv. 2023<\/mark><\/p>\n\n\n\n<h3 class=\"wp-block-heading\">Reprise de la collection de <strong>Andreas Brand<\/strong> (alias Hg)<\/h3>\n\n\n\n<p>Les par\u00adents et fr\u00e8res et s\u0153urs de notre mod\u00ad\u00e9ra\u00adteur Andreas, d\u00e9c\u00e9d\u00e9 en novem\u00adbre 2022, ont l\u00e9gu\u00e9 \u00e0 la fon\u00adda\u00adtion une grande par\u00adtie de sa col\u00adlec\u00adtion. Nous met\u00adtrons ses pi\u00e8ces \u00e0 l\u2019abri dans les meilleures con\u00addi\u00adtions pos\u00adsi\u00adbles et les ren\u00addrons acces\u00adsi\u00adbles au pub\u00adlic dans la mesure du pos\u00adsi\u00adble.<\/p>\n\n","protected":false},"excerpt":{"rendered":"<p>Nous souhaitons vous don\u00adner un aper\u00e7u des col\u00adlec\u00adtions qui ont trou\u00adv\u00e9 leur chemin jusqu\u2019\u00e0 nous et remerci\u00ader les col\u00adlec\u00adtion\u00adneurs pour leur sou\u00adtien. Out\u00adre les dona\u00adteurs de col\u00adlec\u00adtions com\u00adpl\u00e8tes, il existe de nom\u00adbreux petits dona\u00adteurs qui nous con\u00adfient sou\u00advent des min\u00e9raux tr\u00e8s rares. Si cer\u00adtains dona\u00adteurs ne sont pas men\u00adtion\u00adn\u00e9s ici : vous les trou\u00adverez tous\u2026 <a class=\"more-link\" href=\"https:\/\/www.geolitho.eu\/fr\/dons-de-collections\/\">Pour\u00adsuiv\u00adre la lec\u00adture <span class=\"screen-reader-text\">Dons de col\u00adlec\u00adtions<\/span><\/a><\/p>\n","protected":false},"author":1,"featured_media":0,"parent":0,"menu_order":0,"comment_status":"closed","ping_status":"closed","template":"","meta":{"wp_typography_post_enhancements_disabled":false,"footnotes":""},"class_list":["post-141","page","type-page","status-publish","hentry","entry"],"yoast_head":"<!-- This site is optimized with the Yoast SEO plugin v26.9 - https:\/\/yoast.com\/product\/yoast-seo-wordpress\/ -->\n<title>Dons de collections - Fondation Geolitho gGmbH<\/title>\n<meta name=\"robots\" content=\"index, follow, max-snippet:-1, max-image-preview:large, max-video-preview:-1\" \/>\n<link rel=\"canonical\" href=\"https:\/\/www.geolitho.eu\/fr\/dons-de-collections\/\" \/>\n<meta property=\"og:locale\" content=\"fr_FR\" \/>\n<meta property=\"og:type\" content=\"article\" \/>\n<meta property=\"og:title\" content=\"Dons de collections - Fondation Geolitho gGmbH\" \/>\n<meta property=\"og:description\" content=\"Nous souhaitons vous don\u00adner un aper\u00e7u des col\u00adlec\u00adtions qui ont trou\u00adv\u00e9 leur chemin jusqu\u2019\u00e0 nous et remerci\u00ader les col\u00adlec\u00adtion\u00adneurs pour leur sou\u00adtien. Out\u00adre les dona\u00adteurs de col\u00adlec\u00adtions com\u00adpl\u00e8tes, il existe de nom\u00adbreux petits dona\u00adteurs qui nous con\u00adfient sou\u00advent des min\u00e9raux tr\u00e8s rares. Si cer\u00adtains dona\u00adteurs ne sont pas men\u00adtion\u00adn\u00e9s ici : vous les trou\u00adverez tous&hellip; Poursuivre la lecture Dons de collections\" \/>\n<meta property=\"og:url\" content=\"https:\/\/www.geolitho.eu\/fr\/dons-de-collections\/\" \/>\n<meta property=\"og:site_name\" content=\"Fondation Geolitho gGmbH\" \/>\n<meta property=\"article:modified_time\" content=\"2026-02-06T15:48:54+00:00\" \/>\n<meta name=\"twitter:card\" content=\"summary_large_image\" \/>\n<meta name=\"twitter:label1\" content=\"Dur\u00e9e de lecture estim\u00e9e\" \/>\n\t<meta name=\"twitter:data1\" content=\"4 minutes\" \/>\n<script type=\"application\/ld+json\" class=\"yoast-schema-graph\">{\"@context\":\"https:\/\/schema.org\",\"@graph\":[{\"@type\":\"WebPage\",\"@id\":\"https:\/\/www.geolitho.eu\/fr\/dons-de-collections\/\",\"url\":\"https:\/\/www.geolitho.eu\/fr\/dons-de-collections\/\",\"name\":\"Dons de collections - Fondation Geolitho gGmbH\",\"isPartOf\":{\"@id\":\"https:\/\/www.geolitho.eu\/fr\/#website\"},\"datePublished\":\"2026-02-06T15:45:54+00:00\",\"dateModified\":\"2026-02-06T15:48:54+00:00\",\"breadcrumb\":{\"@id\":\"https:\/\/www.geolitho.eu\/fr\/dons-de-collections\/#breadcrumb\"},\"inLanguage\":\"fr-FR\",\"potentialAction\":[{\"@type\":\"ReadAction\",\"target\":[\"https:\/\/www.geolitho.eu\/fr\/dons-de-collections\/\"]}]},{\"@type\":\"BreadcrumbList\",\"@id\":\"https:\/\/www.geolitho.eu\/fr\/dons-de-collections\/#breadcrumb\",\"itemListElement\":[{\"@type\":\"ListItem\",\"position\":1,\"name\":\"Start\",\"item\":\"https:\/\/www.geolitho.eu\/fr\/\"},{\"@type\":\"ListItem\",\"position\":2,\"name\":\"Dons de collections\"}]},{\"@type\":\"WebSite\",\"@id\":\"https:\/\/www.geolitho.eu\/fr\/#website\",\"url\":\"https:\/\/www.geolitho.eu\/fr\/\",\"name\":\"Fondation Geolitho gGmbH\",\"description\":\"Geolitho \u2013 la min\u00e9ralogie et la g\u00e9ologie \u00e0 port\u00e9e de main.\",\"publisher\":{\"@id\":\"https:\/\/www.geolitho.eu\/fr\/#organization\"},\"potentialAction\":[{\"@type\":\"SearchAction\",\"target\":{\"@type\":\"EntryPoint\",\"urlTemplate\":\"https:\/\/www.geolitho.eu\/fr\/?s={search_term_string}\"},\"query-input\":{\"@type\":\"PropertyValueSpecification\",\"valueRequired\":true,\"valueName\":\"search_term_string\"}}],\"inLanguage\":\"fr-FR\"},{\"@type\":\"Organization\",\"@id\":\"https:\/\/www.geolitho.eu\/fr\/#organization\",\"name\":\"Fondation Geolitho gGmbH\",\"url\":\"https:\/\/www.geolitho.eu\/fr\/\",\"logo\":{\"@type\":\"ImageObject\",\"inLanguage\":\"fr-FR\",\"@id\":\"https:\/\/www.geolitho.eu\/fr\/#\/schema\/logo\/image\/\",\"url\":\"https:\/\/www.geolitho.eu\/fr\/wp-content\/uploads\/sites\/6\/2026\/01\/geolitho-hellgrau.png\",\"contentUrl\":\"https:\/\/www.geolitho.eu\/fr\/wp-content\/uploads\/sites\/6\/2026\/01\/geolitho-hellgrau.png\",\"width\":900,\"height\":142,\"caption\":\"Fondation Geolitho gGmbH\"},\"image\":{\"@id\":\"https:\/\/www.geolitho.eu\/fr\/#\/schema\/logo\/image\/\"}}]}<\/script>\n<!-- \/ Yoast SEO plugin. -->","yoast_head_json":{"title":"Dons de collections - Fondation Geolitho gGmbH","robots":{"index":"index","follow":"follow","max-snippet":"max-snippet:-1","max-image-preview":"max-image-preview:large","max-video-preview":"max-video-preview:-1"},"canonical":"https:\/\/www.geolitho.eu\/fr\/dons-de-collections\/","og_locale":"fr_FR","og_type":"article","og_title":"Dons de collections - Fondation Geolitho gGmbH","og_description":"Nous souhaitons vous don\u00adner un aper\u00e7u des col\u00adlec\u00adtions qui ont trou\u00adv\u00e9 leur chemin jusqu\u2019\u00e0 nous et remerci\u00ader les col\u00adlec\u00adtion\u00adneurs pour leur sou\u00adtien. Out\u00adre les dona\u00adteurs de col\u00adlec\u00adtions com\u00adpl\u00e8tes, il existe de nom\u00adbreux petits dona\u00adteurs qui nous con\u00adfient sou\u00advent des min\u00e9raux tr\u00e8s rares. Si cer\u00adtains dona\u00adteurs ne sont pas men\u00adtion\u00adn\u00e9s ici : vous les trou\u00adverez tous&hellip; Poursuivre la lecture Dons de collections","og_url":"https:\/\/www.geolitho.eu\/fr\/dons-de-collections\/","og_site_name":"Fondation Geolitho gGmbH","article_modified_time":"2026-02-06T15:48:54+00:00","twitter_card":"summary_large_image","twitter_misc":{"Dur\u00e9e de lecture estim\u00e9e":"4 minutes"},"schema":{"@context":"https:\/\/schema.org","@graph":[{"@type":"WebPage","@id":"https:\/\/www.geolitho.eu\/fr\/dons-de-collections\/","url":"https:\/\/www.geolitho.eu\/fr\/dons-de-collections\/","name":"Dons de collections - Fondation Geolitho gGmbH","isPartOf":{"@id":"https:\/\/www.geolitho.eu\/fr\/#website"},"datePublished":"2026-02-06T15:45:54+00:00","dateModified":"2026-02-06T15:48:54+00:00","breadcrumb":{"@id":"https:\/\/www.geolitho.eu\/fr\/dons-de-collections\/#breadcrumb"},"inLanguage":"fr-FR","potentialAction":[{"@type":"ReadAction","target":["https:\/\/www.geolitho.eu\/fr\/dons-de-collections\/"]}]},{"@type":"BreadcrumbList","@id":"https:\/\/www.geolitho.eu\/fr\/dons-de-collections\/#breadcrumb","itemListElement":[{"@type":"ListItem","position":1,"name":"Start","item":"https:\/\/www.geolitho.eu\/fr\/"},{"@type":"ListItem","position":2,"name":"Dons de collections"}]},{"@type":"WebSite","@id":"https:\/\/www.geolitho.eu\/fr\/#website","url":"https:\/\/www.geolitho.eu\/fr\/","name":"Fondation Geolitho gGmbH","description":"Geolitho \u2013 la min\u00e9ralogie et la g\u00e9ologie \u00e0 port\u00e9e de main.","publisher":{"@id":"https:\/\/www.geolitho.eu\/fr\/#organization"},"potentialAction":[{"@type":"SearchAction","target":{"@type":"EntryPoint","urlTemplate":"https:\/\/www.geolitho.eu\/fr\/?s={search_term_string}"},"query-input":{"@type":"PropertyValueSpecification","valueRequired":true,"valueName":"search_term_string"}}],"inLanguage":"fr-FR"},{"@type":"Organization","@id":"https:\/\/www.geolitho.eu\/fr\/#organization","name":"Fondation Geolitho gGmbH","url":"https:\/\/www.geolitho.eu\/fr\/","logo":{"@type":"ImageObject","inLanguage":"fr-FR","@id":"https:\/\/www.geolitho.eu\/fr\/#\/schema\/logo\/image\/","url":"https:\/\/www.geolitho.eu\/fr\/wp-content\/uploads\/sites\/6\/2026\/01\/geolitho-hellgrau.png","contentUrl":"https:\/\/www.geolitho.eu\/fr\/wp-content\/uploads\/sites\/6\/2026\/01\/geolitho-hellgrau.png","width":900,"height":142,"caption":"Fondation Geolitho gGmbH"},"image":{"@id":"https:\/\/www.geolitho.eu\/fr\/#\/schema\/logo\/image\/"}}]}},"_links":{"self":[{"href":"https:\/\/www.geolitho.eu\/fr\/wp-json\/wp\/v2\/pages\/141","targetHints":{"allow":["GET"]}}],"collection":[{"href":"https:\/\/www.geolitho.eu\/fr\/wp-json\/wp\/v2\/pages"}],"about":[{"href":"https:\/\/www.geolitho.eu\/fr\/wp-json\/wp\/v2\/types\/page"}],"author":[{"embeddable":true,"href":"https:\/\/www.geolitho.eu\/fr\/wp-json\/wp\/v2\/users\/1"}],"replies":[{"embeddable":true,"href":"https:\/\/www.geolitho.eu\/fr\/wp-json\/wp\/v2\/comments?post=141"}],"version-history":[{"count":2,"href":"https:\/\/www.geolitho.eu\/fr\/wp-json\/wp\/v2\/pages\/141\/revisions"}],"predecessor-version":[{"id":145,"href":"https:\/\/www.geolitho.eu\/fr\/wp-json\/wp\/v2\/pages\/141\/revisions\/145"}],"wp:attachment":[{"href":"https:\/\/www.geolitho.eu\/fr\/wp-json\/wp\/v2\/media?parent=141"}],"curies":[{"name":"wp","href":"https:\/\/api.w.org\/{rel}","templated":true}]}}