{"id":32,"date":"2026-01-15T14:17:59","date_gmt":"2026-01-15T13:17:59","guid":{"rendered":"https:\/\/www.geolitho.eu\/fr\/?page_id=32"},"modified":"2026-02-06T16:47:31","modified_gmt":"2026-02-06T15:47:31","slug":"fondation-geolitho-ggmbh","status":"publish","type":"page","link":"https:\/\/www.geolitho.eu\/fr\/","title":{"rendered":"Fondation Geolitho gGmbH"},"content":{"rendered":"\n<div class=\"wp-block-columns alignfull is-layout-flex wp-container-core-columns-is-layout-9d6595d7 wp-block-columns-is-layout-flex\">\n<div class=\"wp-block-column is-layout-flow wp-block-column-is-layout-flow\">\n<div class=\"wp-block-cover is-light is-style-default\" style=\"padding-top:0%;padding-right:0%;padding-bottom:0%;padding-left:0%;min-height:170px;aspect-ratio:unset;\"><img decoding=\"async\" class=\"wp-block-cover__image-background wp-image-868\" alt=\"Schwefel\" src=\"https:\/\/www.geolitho.eu\/wp-content\/uploads\/2022\/04\/Schwefel-Bausch.jpg\" style=\"object-position:55% 43%\" data-object-fit=\"cover\" data-object-position=\"55% 43%\"><span aria-hidden=\"true\" class=\"wp-block-cover__background has-background-dim-10 has-background-dim\"><\/span><div class=\"wp-block-cover__inner-container is-layout-flow wp-block-cover-is-layout-flow\">\n<p class=\"has-text-align-center has-large-font-size\"><a href=\"\/fr\/la-lithotheque-des-micromounters-de-munich\/\">Lithoth\u00e8que<\/a><\/p>\n<\/div><\/div>\n<\/div>\n\n\n\n<div class=\"wp-block-column is-layout-flow wp-block-column-is-layout-flow\">\n<div class=\"wp-block-cover\" style=\"padding-top:0%;padding-right:0%;padding-bottom:0%;padding-left:0%;min-height:170px;aspect-ratio:unset;\"><img decoding=\"async\" class=\"wp-block-cover__image-background wp-image-1027\" alt=\"Indialith\" src=\"https:\/\/www.geolitho.eu\/wp-content\/uploads\/2022\/09\/Indialith.jpg\" style=\"object-position:48% 50%\" data-object-fit=\"cover\" data-object-position=\"48% 50%\"><span aria-hidden=\"true\" class=\"wp-block-cover__background has-background-dim-20 has-background-dim\"><\/span><div class=\"wp-block-cover__inner-container is-layout-flow wp-block-cover-is-layout-flow\">\n<p class=\"has-text-align-center has-large-font-size\"><a href=\"\/fr\/atlas-des-mineraux-mineralienatlas\/\">Atlas des min\u00e9raux \u201cMin\u00ader\u00adalien\u00adat\u00adlas\u201d<\/a><\/p>\n<\/div><\/div>\n<\/div>\n<\/div>\n\n\n\n<div class=\"wp-block-columns alignfull is-layout-flex wp-container-core-columns-is-layout-9d6595d7 wp-block-columns-is-layout-flex\">\n<div class=\"wp-block-column is-layout-flow wp-block-column-is-layout-flow\">\n<div class=\"wp-block-cover\" style=\"padding-top:0%;padding-right:0%;padding-bottom:0%;padding-left:0%;min-height:170px;aspect-ratio:unset;\"><img decoding=\"async\" class=\"wp-block-cover__image-background wp-image-795\" alt=\"Malachit\" src=\"https:\/\/www.geolitho.eu\/wp-content\/uploads\/2022\/04\/Malachit.jpg\" style=\"object-position:48% 41%\" data-object-fit=\"cover\" data-object-position=\"48% 41%\"><span aria-hidden=\"true\" class=\"wp-block-cover__background has-background-dim-10 has-background-dim\"><\/span><div class=\"wp-block-cover__inner-container is-layout-flow wp-block-cover-is-layout-flow\">\n<p class=\"has-text-align-center has-large-font-size\"><a href=\"\/collection\/index.php?lang=fr\">Ges\u00adtion des col\u00adlec\u00adtions<\/a><\/p>\n<\/div><\/div>\n<\/div>\n\n\n\n<div class=\"wp-block-column is-layout-flow wp-block-column-is-layout-flow\">\n<div class=\"wp-block-cover\" style=\"padding-top:0%;padding-right:0%;padding-bottom:0%;padding-left:0%;min-height:170px;aspect-ratio:unset;\"><img decoding=\"async\" class=\"wp-block-cover__image-background wp-image-1029\" alt=\"Cuprit\" src=\"https:\/\/www.geolitho.eu\/wp-content\/uploads\/2022\/09\/Delafossit-und-Cuprit.jpg\" style=\"object-position:50% 52%\" data-object-fit=\"cover\" data-object-position=\"50% 52%\"><span aria-hidden=\"true\" class=\"wp-block-cover__background has-background-dim-30 has-background-dim\"><\/span><div class=\"wp-block-cover__inner-container is-layout-flow wp-block-cover-is-layout-flow\">\n<p class=\"has-text-align-center has-large-font-size\"><a href=\"\/collection\/shop.php?lang=fr\">March\u00e9<\/a><\/p>\n<\/div><\/div>\n<\/div>\n<\/div>\n\n\n\n<div class=\"wp-block-columns alignfull is-layout-flex wp-container-core-columns-is-layout-9d6595d7 wp-block-columns-is-layout-flex\">\n<div class=\"wp-block-column is-layout-flow wp-block-column-is-layout-flow\">\n<div class=\"wp-block-cover\" style=\"padding-top:0%;padding-right:0%;padding-bottom:0%;padding-left:0%;min-height:170px;aspect-ratio:unset;\"><img decoding=\"async\" class=\"wp-block-cover__image-background wp-image-1025\" alt src=\"https:\/\/www.geolitho.eu\/wp-content\/uploads\/2022\/09\/Malachit.jpg\" data-object-fit=\"cover\"><span aria-hidden=\"true\" class=\"wp-block-cover__background has-background-dim-10 has-background-dim\"><\/span><div class=\"wp-block-cover__inner-container is-layout-flow wp-block-cover-is-layout-flow\">\n<p class=\"has-text-align-center has-large-font-size\"><a href=\"\/unsere-freunde\">Amis<\/a><\/p>\n<\/div><\/div>\n<\/div>\n\n\n\n<div class=\"wp-block-column is-layout-flow wp-block-column-is-layout-flow\">\n<div class=\"wp-block-cover\" style=\"padding-top:0%;padding-right:0%;padding-bottom:0%;padding-left:0%;min-height:170px;aspect-ratio:unset;\"><img decoding=\"async\" class=\"wp-block-cover__image-background wp-image-1204\" alt src=\"https:\/\/www.geolitho.eu\/wp-content\/uploads\/2022\/12\/Sammlungskasten.jpg\" data-object-fit=\"cover\"><span aria-hidden=\"true\" class=\"wp-block-cover__background has-background-dim-30 has-background-dim\"><\/span><div class=\"wp-block-cover__inner-container is-layout-flow wp-block-cover-is-layout-flow\">\n<p class=\"has-text-align-center has-large-font-size\"><a href=\"\/collection\/museum.php?lang=fr\">Mus\u00e9e<\/a><\/p>\n<\/div><\/div>\n<\/div>\n<\/div>\n\n\n\n<p class=\"has-primary-color has-background-background-color has-text-color has-background\">La <strong>fon\u00adda\u00adtion Geolitho gGmbH<\/strong> promeut l\u2019\u00e9ducation pop\u00adu\u00adlaire dans les domaines de la min\u00e9ralo\u00adgie, de la g\u00e9olo\u00adgie des gise\u00adments, de la g\u00e9olo\u00adgie, de la pal\u00e9on\u00adtolo\u00adgie et de l\u2019exploitation mini\u00e8re par l\u2019exploitation et le sou\u00adtien de pro\u00adjets en sci\u00adences de la Terre.<\/p>\n\n\n\n<p class=\"has-primary-color has-background-background-color has-text-color has-background\">Il s\u2019agit actuelle\u00adment notam\u00adment de <strong>l\u2019Atlas des min\u00e9raux \u2013 Atlas des fos\u00adsiles<\/strong>, de la <strong>Lithoth\u00e8que des Micro\u00admoun\u00adters de Munich<\/strong>, de la <strong>ges\u00adtion des col\u00adlec\u00adtions Geolitho<\/strong> et du <strong>march\u00e9 d\u2019\u00e9change et de vente de min\u00e9raux<\/strong>.<\/p>\n\n\n\n<p class=\"has-primary-color has-background-background-color has-background\">La fon\u00adda\u00adtion <a href=\"\/fr\/dons-de-collections\"><strong>prend en charge des col\u00adlec\u00adtions g\u00e9ologiques<\/strong><\/a> afin de con\u00adserv\u00ader les objets de col\u00adlec\u00adtion con\u00adfor\u00adm\u00e9\u00adment \u00e0 la volon\u00adt\u00e9 du dona\u00adteur et de pr\u00e9serv\u00ader la m\u00e9moire du col\u00adlec\u00adtion\u00adneur. \u00c0 cette fin, la fon\u00adda\u00adtion col\u00adla\u00adbore avec des mus\u00e9es ou int\u00e8\u00adgre les col\u00adlec\u00adtions dans sa pro\u00adpre lithoth\u00e8que. Cela se fait volon\u00adtiers du vivant du dona\u00adteur et en col\u00adlab\u00ado\u00adra\u00adtion avec celui-ci.<\/p>\n\n\n\n<div class=\"wp-block-media-text alignwide is-stacked-on-mobile\" style=\"grid-template-columns:38% auto\"><figure class=\"wp-block-media-text__media\"><img decoding=\"async\" src=\"https:\/\/www.geolitho.eu\/wp-content\/uploads\/2021\/09\/Logo-e1634304230118-1024x683.jpg\" alt class=\"wp-image-141 size-full\"><\/figure><div class=\"wp-block-media-text__content\">\n<p><strong><a href=\"\/mineralienatlas\/\" target=\"_blank\" rel=\"noreferrer noopener\">L\u2019Atlas des min\u00e9raux \u2013 Atlas des fos\u00adsiles<\/a><\/strong> est depuis 2001 la plate\u00adforme des\u00adtin\u00e9e aux per\u00adson\u00adnes int\u00e9ress\u00e9es par la g\u00e9olo\u00adgie, la min\u00e9ralo\u00adgie, la pal\u00e9on\u00adtolo\u00adgie et l\u2019exploitation mini\u00e8re. L\u2019objectif est de pr\u00e9serv\u00ader les con\u00adnais\u00adsances g\u00e9ologiques et de les ren\u00addre acces\u00adsi\u00adbles au pub\u00adlic. Cha\u00adcun est invit\u00e9 \u00e0 y con\u00adtribuer, \u00e0 com\u00adpl\u00e9ter les infor\u00adma\u00adtions et \u00e0 en apporter de nou\u00advelles. Aidez \u00e0 pr\u00e9serv\u00ader votre savoir pour les g\u00e9n\u00e9ra\u00adtions futures.<\/p>\n<\/div><\/div>\n\n\n\n<div class=\"wp-block-media-text alignwide has-media-on-the-right is-stacked-on-mobile\" style=\"grid-template-columns:auto 40%\"><div class=\"wp-block-media-text__content\">\n<p>La <strong><a href=\"https:\/\/www.geolitho.eu\/die-lithothek-der-muenchener-micromounter\/\" data-type=\"page\" data-id=\"457\">Lithoth\u00e8que des Micro\u00admoun\u00adters de Munich<\/a><\/strong> est un pro\u00adjet fond\u00e9 \u00e9gale\u00adment vers 2001, ayant pour objec\u00adtif de r\u00e9u\u00adnir tous les min\u00e9raux con\u00adnus et au moins un sp\u00e9ci\u00admen de chaque gise\u00adment. La con\u00adtri\u00adbu\u00adtion du col\u00adlec\u00adtion\u00adneur et du dona\u00adteur y est pr\u00e9serv\u00e9e.<\/p>\n<\/div><figure class=\"wp-block-media-text__media\"><img decoding=\"async\" src=\"https:\/\/www.geolitho.eu\/wp-content\/uploads\/2021\/10\/MM-Gruppe1-1024x582.jpg\" alt class=\"wp-image-355 size-full\"><\/figure><\/div>\n\n\n\n<div class=\"wp-block-media-text alignwide is-stacked-on-mobile\" style=\"grid-template-columns:39% auto\"><figure class=\"wp-block-media-text__media\"><img decoding=\"async\" src=\"https:\/\/www.geolitho.eu\/wp-content\/uploads\/2021\/10\/Unbenannt-1024x678.png\" alt class=\"wp-image-361 size-full\"><\/figure><div class=\"wp-block-media-text__content\">\n<p class=\"has-normal-font-size\">La <strong><a href=\"https:\/\/www.geolitho.eu\/fr\/gestion-de-collections-geolitho\/\">ges\u00adtion des col\u00adlec\u00adtions Geolitho<\/a><\/strong> est un out\u00adil mod\u00aderne pour la saisie des don\u00adn\u00e9es d\u2019objets. Gr\u00e2ce \u00e0 un acc\u00e8s mon\u00addi\u00adal, la col\u00adlab\u00ado\u00adra\u00adtion avec les dona\u00adteurs est assur\u00e9e. La saisie et la main\u00adte\u00adnance par\u00adal\u00adl\u00e8les per\u00adme\u00adt\u00adtent d\u2019utiliser la lithoth\u00e8que de partout et \u00e0 tout moment. Les don\u00adn\u00e9es sont acces\u00adsi\u00adbles \u00e0 tous.<\/p>\n\n\n\n<p>Le <a href=\"\/collection\/shop.php?lang=de\"><strong>march\u00e9 Geolitho<\/strong><\/a> per\u00admet de ven\u00addre ou d\u2019\u00e9changer des pi\u00e8ces de col\u00adlec\u00adtion exc\u00e9\u00adden\u00adtaires et con\u00adstitue un excel\u00adlent moyen d\u2019enrichir sa col\u00adlec\u00adtion.<\/p>\n<\/div><\/div>\n","protected":false},"excerpt":{"rendered":"<p>La fon\u00adda\u00adtion Geolitho gGmbH promeut l\u2019\u00e9ducation pop\u00adu\u00adlaire dans les domaines de la min\u00e9ralo\u00adgie, de la g\u00e9olo\u00adgie des gise\u00adments, de la g\u00e9olo\u00adgie, de la pal\u00e9on\u00adtolo\u00adgie et de l\u2019exploitation mini\u00e8re par l\u2019exploitation et le sou\u00adtien de pro\u00adjets en sci\u00adences de la Terre. Il s\u2019agit actuelle\u00adment notam\u00adment de l\u2019Atlas des min\u00e9raux \u2013 Atlas des fos\u00adsiles, de la Lithoth\u00e8que\u2026 <a class=\"more-link\" href=\"https:\/\/www.geolitho.eu\/fr\/\">Pour\u00adsuiv\u00adre la lec\u00adture <span class=\"screen-reader-text\">Fon\u00adda\u00adtion Geolitho gGmbH<\/span><\/a><\/p>\n","protected":false},"author":1,"featured_media":0,"parent":0,"menu_order":0,"comment_status":"closed","ping_status":"closed","template":"","meta":{"wp_typography_post_enhancements_disabled":false,"footnotes":""},"class_list":["post-32","page","type-page","status-publish","hentry","entry"],"yoast_head":"<!-- This site is optimized with the Yoast SEO plugin v27.5 - https:\/\/yoast.com\/product\/yoast-seo-wordpress\/ -->\n<title>Fondation Geolitho gGmbH - Fondation Geolitho gGmbH<\/title>\n<meta name=\"robots\" content=\"index, follow, max-snippet:-1, max-image-preview:large, max-video-preview:-1\" \/>\n<link rel=\"canonical\" href=\"https:\/\/www.geolitho.eu\/fr\/\" \/>\n<meta property=\"og:locale\" content=\"fr_FR\" \/>\n<meta property=\"og:type\" content=\"article\" \/>\n<meta property=\"og:title\" content=\"Fondation Geolitho gGmbH - Fondation Geolitho gGmbH\" \/>\n<meta property=\"og:description\" content=\"La fon\u00adda\u00adtion Geolitho gGmbH promeut l\u2019\u00e9ducation pop\u00adu\u00adlaire dans les domaines de la min\u00e9ralo\u00adgie, de la g\u00e9olo\u00adgie des gise\u00adments, de la g\u00e9olo\u00adgie, de la pal\u00e9on\u00adtolo\u00adgie et de l\u2019exploitation mini\u00e8re par l\u2019exploitation et le sou\u00adtien de pro\u00adjets en sci\u00adences de la Terre. Il s\u2019agit actuelle\u00adment notam\u00adment de l\u2019Atlas des min\u00e9raux \u2013 Atlas des fos\u00adsiles, de la Lithoth\u00e8que&hellip; Poursuivre la lecture Fondation Geolitho gGmbH\" \/>\n<meta property=\"og:url\" content=\"https:\/\/www.geolitho.eu\/fr\/\" \/>\n<meta property=\"og:site_name\" content=\"Fondation Geolitho gGmbH\" \/>\n<meta property=\"article:modified_time\" content=\"2026-02-06T15:47:31+00:00\" \/>\n<meta name=\"twitter:card\" content=\"summary_large_image\" \/>\n<meta name=\"twitter:label1\" content=\"Dur\u00e9e de lecture estim\u00e9e\" \/>\n\t<meta name=\"twitter:data1\" content=\"4 minutes\" \/>\n<script type=\"application\/ld+json\" class=\"yoast-schema-graph\">{\"@context\":\"https:\\\/\\\/schema.org\",\"@graph\":[{\"@type\":\"WebPage\",\"@id\":\"https:\\\/\\\/www.geolitho.eu\\\/fr\\\/\",\"url\":\"https:\\\/\\\/www.geolitho.eu\\\/fr\\\/\",\"name\":\"Fondation Geolitho gGmbH - Fondation Geolitho gGmbH\",\"isPartOf\":{\"@id\":\"https:\\\/\\\/www.geolitho.eu\\\/fr\\\/#website\"},\"primaryImageOfPage\":{\"@id\":\"https:\\\/\\\/www.geolitho.eu\\\/fr\\\/#primaryimage\"},\"image\":{\"@id\":\"https:\\\/\\\/www.geolitho.eu\\\/fr\\\/#primaryimage\"},\"thumbnailUrl\":\"https:\\\/\\\/www.geolitho.eu\\\/wp-content\\\/uploads\\\/2022\\\/04\\\/Schwefel-Bausch.jpg\",\"datePublished\":\"2026-01-15T13:17:59+00:00\",\"dateModified\":\"2026-02-06T15:47:31+00:00\",\"breadcrumb\":{\"@id\":\"https:\\\/\\\/www.geolitho.eu\\\/fr\\\/#breadcrumb\"},\"inLanguage\":\"fr-FR\",\"potentialAction\":[{\"@type\":\"ReadAction\",\"target\":[\"https:\\\/\\\/www.geolitho.eu\\\/fr\\\/\"]}]},{\"@type\":\"ImageObject\",\"inLanguage\":\"fr-FR\",\"@id\":\"https:\\\/\\\/www.geolitho.eu\\\/fr\\\/#primaryimage\",\"url\":\"https:\\\/\\\/www.geolitho.eu\\\/wp-content\\\/uploads\\\/2022\\\/04\\\/Schwefel-Bausch.jpg\",\"contentUrl\":\"https:\\\/\\\/www.geolitho.eu\\\/wp-content\\\/uploads\\\/2022\\\/04\\\/Schwefel-Bausch.jpg\"},{\"@type\":\"BreadcrumbList\",\"@id\":\"https:\\\/\\\/www.geolitho.eu\\\/fr\\\/#breadcrumb\",\"itemListElement\":[{\"@type\":\"ListItem\",\"position\":1,\"name\":\"Start\",\"item\":\"https:\\\/\\\/www.geolitho.eu\\\/fr\\\/\"},{\"@type\":\"ListItem\",\"position\":2,\"name\":\"Fondation Geolitho gGmbH\"}]},{\"@type\":\"WebSite\",\"@id\":\"https:\\\/\\\/www.geolitho.eu\\\/fr\\\/#website\",\"url\":\"https:\\\/\\\/www.geolitho.eu\\\/fr\\\/\",\"name\":\"Fondation Geolitho gGmbH\",\"description\":\"Geolitho \u2013 la min\u00e9ralogie et la g\u00e9ologie \u00e0 port\u00e9e de main.\",\"publisher\":{\"@id\":\"https:\\\/\\\/www.geolitho.eu\\\/fr\\\/#organization\"},\"potentialAction\":[{\"@type\":\"SearchAction\",\"target\":{\"@type\":\"EntryPoint\",\"urlTemplate\":\"https:\\\/\\\/www.geolitho.eu\\\/fr\\\/?s={search_term_string}\"},\"query-input\":{\"@type\":\"PropertyValueSpecification\",\"valueRequired\":true,\"valueName\":\"search_term_string\"}}],\"inLanguage\":\"fr-FR\"},{\"@type\":\"Organization\",\"@id\":\"https:\\\/\\\/www.geolitho.eu\\\/fr\\\/#organization\",\"name\":\"Fondation Geolitho gGmbH\",\"url\":\"https:\\\/\\\/www.geolitho.eu\\\/fr\\\/\",\"logo\":{\"@type\":\"ImageObject\",\"inLanguage\":\"fr-FR\",\"@id\":\"https:\\\/\\\/www.geolitho.eu\\\/fr\\\/#\\\/schema\\\/logo\\\/image\\\/\",\"url\":\"https:\\\/\\\/www.geolitho.eu\\\/fr\\\/wp-content\\\/uploads\\\/sites\\\/6\\\/2026\\\/01\\\/geolitho-hellgrau.png\",\"contentUrl\":\"https:\\\/\\\/www.geolitho.eu\\\/fr\\\/wp-content\\\/uploads\\\/sites\\\/6\\\/2026\\\/01\\\/geolitho-hellgrau.png\",\"width\":900,\"height\":142,\"caption\":\"Fondation Geolitho gGmbH\"},\"image\":{\"@id\":\"https:\\\/\\\/www.geolitho.eu\\\/fr\\\/#\\\/schema\\\/logo\\\/image\\\/\"}}]}<\/script>\n<!-- \/ Yoast SEO plugin. -->","yoast_head_json":{"title":"Fondation Geolitho gGmbH - Fondation Geolitho gGmbH","robots":{"index":"index","follow":"follow","max-snippet":"max-snippet:-1","max-image-preview":"max-image-preview:large","max-video-preview":"max-video-preview:-1"},"canonical":"https:\/\/www.geolitho.eu\/fr\/","og_locale":"fr_FR","og_type":"article","og_title":"Fondation Geolitho gGmbH - Fondation Geolitho gGmbH","og_description":"La fon\u00adda\u00adtion Geolitho gGmbH promeut l\u2019\u00e9ducation pop\u00adu\u00adlaire dans les domaines de la min\u00e9ralo\u00adgie, de la g\u00e9olo\u00adgie des gise\u00adments, de la g\u00e9olo\u00adgie, de la pal\u00e9on\u00adtolo\u00adgie et de l\u2019exploitation mini\u00e8re par l\u2019exploitation et le sou\u00adtien de pro\u00adjets en sci\u00adences de la Terre. Il s\u2019agit actuelle\u00adment notam\u00adment de l\u2019Atlas des min\u00e9raux \u2013 Atlas des fos\u00adsiles, de la Lithoth\u00e8que&hellip; Poursuivre la lecture Fondation Geolitho gGmbH","og_url":"https:\/\/www.geolitho.eu\/fr\/","og_site_name":"Fondation Geolitho gGmbH","article_modified_time":"2026-02-06T15:47:31+00:00","twitter_card":"summary_large_image","twitter_misc":{"Dur\u00e9e de lecture estim\u00e9e":"4 minutes"},"schema":{"@context":"https:\/\/schema.org","@graph":[{"@type":"WebPage","@id":"https:\/\/www.geolitho.eu\/fr\/","url":"https:\/\/www.geolitho.eu\/fr\/","name":"Fondation Geolitho gGmbH - Fondation Geolitho gGmbH","isPartOf":{"@id":"https:\/\/www.geolitho.eu\/fr\/#website"},"primaryImageOfPage":{"@id":"https:\/\/www.geolitho.eu\/fr\/#primaryimage"},"image":{"@id":"https:\/\/www.geolitho.eu\/fr\/#primaryimage"},"thumbnailUrl":"https:\/\/www.geolitho.eu\/wp-content\/uploads\/2022\/04\/Schwefel-Bausch.jpg","datePublished":"2026-01-15T13:17:59+00:00","dateModified":"2026-02-06T15:47:31+00:00","breadcrumb":{"@id":"https:\/\/www.geolitho.eu\/fr\/#breadcrumb"},"inLanguage":"fr-FR","potentialAction":[{"@type":"ReadAction","target":["https:\/\/www.geolitho.eu\/fr\/"]}]},{"@type":"ImageObject","inLanguage":"fr-FR","@id":"https:\/\/www.geolitho.eu\/fr\/#primaryimage","url":"https:\/\/www.geolitho.eu\/wp-content\/uploads\/2022\/04\/Schwefel-Bausch.jpg","contentUrl":"https:\/\/www.geolitho.eu\/wp-content\/uploads\/2022\/04\/Schwefel-Bausch.jpg"},{"@type":"BreadcrumbList","@id":"https:\/\/www.geolitho.eu\/fr\/#breadcrumb","itemListElement":[{"@type":"ListItem","position":1,"name":"Start","item":"https:\/\/www.geolitho.eu\/fr\/"},{"@type":"ListItem","position":2,"name":"Fondation Geolitho gGmbH"}]},{"@type":"WebSite","@id":"https:\/\/www.geolitho.eu\/fr\/#website","url":"https:\/\/www.geolitho.eu\/fr\/","name":"Fondation Geolitho gGmbH","description":"Geolitho \u2013 la min\u00e9ralogie et la g\u00e9ologie \u00e0 port\u00e9e de main.","publisher":{"@id":"https:\/\/www.geolitho.eu\/fr\/#organization"},"potentialAction":[{"@type":"SearchAction","target":{"@type":"EntryPoint","urlTemplate":"https:\/\/www.geolitho.eu\/fr\/?s={search_term_string}"},"query-input":{"@type":"PropertyValueSpecification","valueRequired":true,"valueName":"search_term_string"}}],"inLanguage":"fr-FR"},{"@type":"Organization","@id":"https:\/\/www.geolitho.eu\/fr\/#organization","name":"Fondation Geolitho gGmbH","url":"https:\/\/www.geolitho.eu\/fr\/","logo":{"@type":"ImageObject","inLanguage":"fr-FR","@id":"https:\/\/www.geolitho.eu\/fr\/#\/schema\/logo\/image\/","url":"https:\/\/www.geolitho.eu\/fr\/wp-content\/uploads\/sites\/6\/2026\/01\/geolitho-hellgrau.png","contentUrl":"https:\/\/www.geolitho.eu\/fr\/wp-content\/uploads\/sites\/6\/2026\/01\/geolitho-hellgrau.png","width":900,"height":142,"caption":"Fondation Geolitho gGmbH"},"image":{"@id":"https:\/\/www.geolitho.eu\/fr\/#\/schema\/logo\/image\/"}}]}},"_links":{"self":[{"href":"https:\/\/www.geolitho.eu\/fr\/wp-json\/wp\/v2\/pages\/32","targetHints":{"allow":["GET"]}}],"collection":[{"href":"https:\/\/www.geolitho.eu\/fr\/wp-json\/wp\/v2\/pages"}],"about":[{"href":"https:\/\/www.geolitho.eu\/fr\/wp-json\/wp\/v2\/types\/page"}],"author":[{"embeddable":true,"href":"https:\/\/www.geolitho.eu\/fr\/wp-json\/wp\/v2\/users\/1"}],"replies":[{"embeddable":true,"href":"https:\/\/www.geolitho.eu\/fr\/wp-json\/wp\/v2\/comments?post=32"}],"version-history":[{"count":10,"href":"https:\/\/www.geolitho.eu\/fr\/wp-json\/wp\/v2\/pages\/32\/revisions"}],"predecessor-version":[{"id":144,"href":"https:\/\/www.geolitho.eu\/fr\/wp-json\/wp\/v2\/pages\/32\/revisions\/144"}],"wp:attachment":[{"href":"https:\/\/www.geolitho.eu\/fr\/wp-json\/wp\/v2\/media?parent=32"}],"curies":[{"name":"wp","href":"https:\/\/api.w.org\/{rel}","templated":true}]}}