{"id":40,"date":"2026-01-15T15:09:46","date_gmt":"2026-01-15T14:09:46","guid":{"rendered":"https:\/\/www.geolitho.eu\/fr\/?page_id=40"},"modified":"2026-01-15T15:11:59","modified_gmt":"2026-01-15T14:11:59","slug":"la-lithotheque-des-micromounters-de-munich","status":"publish","type":"page","link":"https:\/\/www.geolitho.eu\/fr\/la-lithotheque-des-micromounters-de-munich\/","title":{"rendered":"La lithoth\u00e8que des Micromounters de Munich"},"content":{"rendered":"\n<p>Vous pou\u00advez avoir un aper\u00e7u de notre lithoth\u00e8que dans notre <a href=\"https:\/\/www.geolitho.eu\/collection\/collectionmain.php?gusid_collection=2WT8z7IiHESYg37hB0JD-g&amp;lang=fr\">ges\u00adtion des col\u00adlec\u00adtions<\/a>.<\/p>\n\n\n\n<h3 class=\"wp-block-heading\">Histoire<\/h3>\n\n\n\n<p>La lithoth\u00e8que des Micro\u00admoun\u00adters de Munich est n\u00e9e \u00e0 peu pr\u00e8s \u00e0 la m\u00eame \u00e9poque que l\u2019Atlas des min\u00e9raux, vers l\u2019ann\u00e9e 2001. L\u2019id\u00e9e de d\u00e9part \u00e9tait de se deman\u00adder ce qu\u2019il adviendrait des col\u00adlec\u00adtions des mem\u00adbres vieil\u00adlis\u00adsants lorsque ceux-ci ne seraient plus l\u00e0. L\u2019id\u00e9e qu\u2019une col\u00adlec\u00adtion puisse appartenir \u00e0 un groupe et non \u00e0 une seule per\u00adson\u00adne parais\u00adsait \u00e9trange \u00e0 beau\u00adcoup. Selon la devise \u00ab cha\u00adcun peut par\u00adticiper, per\u00adson\u00adne n\u2019y est oblig\u00e9 \u00bb, suff\u00adisam\u00adment de mem\u00adbres du groupe de tra\u00advail des Micro\u00admoun\u00adters de l\u2019association M\u00fcnch\u00aden\u00ader Min\u00ader\u00adalien\u00adfre\u00adunde e.V. ont toute\u00adfois \u00e9t\u00e9 con\u00adva\u00adin\u00adcus que la prise en charge par un groupe offrait plus de s\u00e9cu\u00adrit\u00e9 que le des\u00adtin d\u2019un col\u00adlec\u00adtion\u00adneur isol\u00e9.<\/p>\n\n\n\n<p>En 2001, il a ain\u00adsi \u00e9t\u00e9 d\u00e9cid\u00e9 d\u2019int\u00e9grer \u00e0 la lithoth\u00e8que les plus belles pi\u00e8ces des col\u00adlec\u00adtions des mem\u00adbres <a href=\"https:\/\/www.geolitho.eu\/blog\/2021\/12\/20\/geschichten-aus-unserer-lithothek-folge-01\/\">Dorothea Kulicke<\/a>, Erwin Schuh\u00adbauer, Man\u00adfred Seitz et <a href=\"https:\/\/www.geolitho.eu\/blog\/2022\/04\/01\/erzaehlungen-aus-der-lithothek-4\/\">Peter K\u00f6hlen<\/a>. S\u2019y sont ajout\u00e9es de nom\u00adbreuses pi\u00e8ces provenant de <a href=\"https:\/\/www.geolitho.eu\/blog\/2022\/01\/03\/erzaehlungen-aus-der-lithothek-02\/\">Klaus Fleck<\/a>, qui souhaitait se retir\u00ader du com\u00admerce de min\u00e9raux et a fait don de l\u2019ensemble de son stock marc\u00adhand aux Micro\u00admoun\u00adters de Munich. L\u2019id\u00e9e s\u2019est rapi\u00adde\u00adment dif\u00adfus\u00e9e au-del\u00e0 du groupe de tra\u00advail des Micro\u00admoun\u00adters et a ren\u00adcon\u00adtr\u00e9 un \u00e9cho tr\u00e8s posi\u00adtif. Le meilleur exem\u00adple en est sans doute <a href=\"https:\/\/www.geolitho.eu\/blog\/2022\/04\/28\/erzaehlungen-aus-der-lithothek-5\/\">Klaus-Dieter Bausch<\/a>, aujourd\u2019hui d\u00e9c\u00e9d\u00e9, qui s\u2019est ren\u00addu sp\u00e9\u00adciale\u00adment \u00e0 Munich pour int\u00e9\u00adgr\u00ader sa col\u00adlec\u00adtion, accom\u00adpa\u00adg\u00adn\u00e9e de pho\u00adtogra\u00adphies, \u00e0 la lithoth\u00e8que.<\/p>\n\n\n\n<p>La lithoth\u00e8que est un mod\u00ad\u00e8le de r\u00e9us\u00adsite, depuis la pre\u00admi\u00e8re heure et jusqu\u2019\u00e0 aujourd\u2019hui. Non seule\u00adment la col\u00adlec\u00adtion ne cesse de cro\u00eetre, tant quan\u00adti\u00adta\u00adtive\u00adment que qual\u00adi\u00adta\u00adtive\u00adment. Dans la \u00ab Stufen\u00adheim \u00bb, un apparte\u00adment mis \u00e0 dis\u00adpo\u00adsi\u00adtion du groupe de tra\u00advail \u00e0 un co\u00fbt mod\u00ad\u00e9r\u00e9, les mem\u00adbres se r\u00e9u\u00adnis\u00adsent r\u00e9guli\u00e8re\u00adment plusieurs fois par semaine pour tra\u00advailler sur la col\u00adlec\u00adtion et entretenir des con\u00adtacts soci\u00adaux. Aujourd\u2019hui, en 2021, la col\u00adlec\u00adtion com\u00adprend plus de 53&nbsp;000 pi\u00e8ces provenant de plus de 7&nbsp;000 local\u00adit\u00e9s \u00e0 tra\u00advers le monde. Plus de 400 parte\u00adnaires ont con\u00adtribu\u00e9 \u00e0 l\u2019enrichissement de la col\u00adlec\u00adtion, le plus sou\u00advent par des dons. Plus de 3&nbsp;580 esp\u00e8ces min\u00e9rales dif\u00adf\u00e9rentes, recon\u00adnues par l\u2019IMA, y sont repr\u00e9sen\u00adt\u00e9es.<\/p>\n\n\n\n<p>La lithoth\u00e8que est entretenue par l\u2019<strong>Asso\u00adci\u00ada\u00adtion pour la pro\u00admo\u00adtion de la lithoth\u00e8que e.V.<\/strong>.<\/p>\n\n\n\n<p><a href=\"https:\/\/www.geolitho.eu\/collection\/collectionmain.php?gusid_collection=2WT8z7IiHESYg37hB0JD-g?lang=fr\">La lithoth\u00e8que dans la ges\u00adtion des col\u00adlec\u00adtions<\/a><\/p>\n\n\n\n<p><a href=\"https:\/\/www.mineralienatlas.de\/lexikon\/index.php\/Sammlung\/Lithothek%20der%20M%C3%BCnchener%20Micromounter\">La lithoth\u00e8que dans l\u2019Atlas des min\u00e9raux<\/a><\/p>\n\n\n\n<p><a href=\"\/sammlungsspenden\">Nou\u00adveaux apports impor\u00adtants (dons de col\u00adlec\u00adtions)<\/a><\/p>\n\n\n\n<p><strong>Actu\u00adal\u00adit\u00e9s<\/strong><\/p>\n\n\n<ul class=\"wp-block-latest-posts__list has-dates is-style-default wp-block-latest-posts\"><li><a class=\"wp-block-latest-posts__post-title\" href=\"https:\/\/www.geolitho.eu\/fr\/2026\/02\/06\/geolitho-parle-desormais-six-langues\/\">Geolitho par\u00adle d\u00e9sor\u00admais six langues<\/a><time datetime=\"2026-02-06T11:35:09+01:00\" class=\"wp-block-latest-posts__post-date\">6. f\u00e9vri\u00ader 2026<\/time><div class=\"wp-block-latest-posts__post-excerpt\">Geolitho met d\u00e9sor\u00admais tous les con\u00adtenus \u2013 y com\u00adpris la ges\u00adtion des col\u00adlec\u00adtions, le mus\u00e9e et la place de march\u00e9 \u2013 \u00e0 dis\u00adpo\u00adsi\u00adtion en six langues. Out\u00adre l\u2019allemand, l\u2019anglais, l\u2019espagnol, le\u2026 <a class=\"more-link\" href=\"https:\/\/www.geolitho.eu\/fr\/2026\/02\/06\/geolitho-parle-desormais-six-langues\/\">Pour\u00adsuiv\u00adre la lec\u00adture <span class=\"screen-reader-text\">Geolitho par\u00adle d\u00e9sor\u00admais six langues<\/span><\/a><\/div><\/li>\n<li><a class=\"wp-block-latest-posts__post-title\" href=\"https:\/\/www.geolitho.eu\/fr\/2026\/01\/24\/geolitho-parle-desormais-cinq-langues\/\">Geolitho par\u00adle d\u00e9sor\u00admais cinq langues<\/a><time datetime=\"2026-01-24T21:47:13+01:00\" class=\"wp-block-latest-posts__post-date\">24. jan\u00advi\u00ader 2026<\/time><div class=\"wp-block-latest-posts__post-excerpt\">Geolitho met d\u00e9sor\u00admais l\u2019ensemble de ses con\u00adtenus \u2013 y com\u00adpris la ges\u00adtion des col\u00adlec\u00adtions, le mus\u00e9e et la place de march\u00e9 \u2013 \u00e0 dis\u00adpo\u00adsi\u00adtion en cinq langues. En plus de l\u2019allemand,\u2026 <a class=\"more-link\" href=\"https:\/\/www.geolitho.eu\/fr\/2026\/01\/24\/geolitho-parle-desormais-cinq-langues\/\">Pour\u00adsuiv\u00adre la lec\u00adture <span class=\"screen-reader-text\">Geolitho par\u00adle d\u00e9sor\u00admais cinq langues<\/span><\/a><\/div><\/li>\n<li><a class=\"wp-block-latest-posts__post-title\" href=\"https:\/\/www.geolitho.eu\/fr\/2025\/11\/25\/changement-dassocies-et-de-direction-au-sein-de-la-geolitho-stiftung-ggmbh\/\">Change\u00adment d\u2019associ\u00e9s et de direc\u00adtion au sein de la Geolitho Stiftung gGmbH<\/a><time datetime=\"2025-11-25T16:39:07+01:00\" class=\"wp-block-latest-posts__post-date\">25. novem\u00adbre 2025<\/time><div class=\"wp-block-latest-posts__post-excerpt\">Change\u00adment d\u2019associ\u00e9 et de direc\u00adtion au sein de la Geolitho Stiftung gGmbH Apr\u00e8s pr\u00e8s de qua\u00adtre ann\u00e9es d\u2019un engage\u00adment b\u00e9n\u00e9v\u00adole inten\u00adsif, Dr Man\u00adfred Seitz, cofon\u00adda\u00adteur et jusqu\u2019ici directeur g\u00e9n\u00e9ral, c\u00e8de ses\u2026 <a class=\"more-link\" href=\"https:\/\/www.geolitho.eu\/fr\/2025\/11\/25\/changement-dassocies-et-de-direction-au-sein-de-la-geolitho-stiftung-ggmbh\/\">Pour\u00adsuiv\u00adre la lec\u00adture <span class=\"screen-reader-text\">Change\u00adment d\u2019associ\u00e9s et de direc\u00adtion au sein de la Geolitho Stiftung gGmbH<\/span><\/a><\/div><\/li>\n<li><a class=\"wp-block-latest-posts__post-title\" href=\"https:\/\/www.geolitho.eu\/fr\/2024\/05\/05\/nouvel-associe-gunter-frenz\/\">Nou\u00adv\u00adel asso\u00adci\u00e9 : G\u00fcn\u00adter Frenz<\/a><time datetime=\"2024-05-05T09:56:00+02:00\" class=\"wp-block-latest-posts__post-date\">5. mai 2024<\/time><div class=\"wp-block-latest-posts__post-excerpt\">La fon\u00adda\u00adtion Geolitho gGmbH souhaite vous informer que nous avons apport\u00e9 une mod\u00adi\u00adfi\u00adca\u00adtion \u00e0 notre struc\u00adture de fon\u00adda\u00adtion. Nous avons accueil\u00adli G\u00fcn\u00adter Frenz comme nou\u00adveau asso\u00adci\u00e9, qui nous aide \u00e0 s\u00e9curis\u00ader\u2026 <a class=\"more-link\" href=\"https:\/\/www.geolitho.eu\/fr\/2024\/05\/05\/nouvel-associe-gunter-frenz\/\">Pour\u00adsuiv\u00adre la lec\u00adture <span class=\"screen-reader-text\">Nou\u00adv\u00adel asso\u00adci\u00e9 : G\u00fcn\u00adter Frenz<\/span><\/a><\/div><\/li>\n<\/ul>","protected":false},"excerpt":{"rendered":"<p>Vous pou\u00advez avoir un aper\u00e7u de notre lithoth\u00e8que dans notre ges\u00adtion des col\u00adlec\u00adtions. His\u00adtoire La lithoth\u00e8que des Micro\u00admoun\u00adters de Munich est n\u00e9e \u00e0 peu pr\u00e8s \u00e0 la m\u00eame \u00e9poque que l\u2019Atlas des min\u00e9raux, vers l\u2019ann\u00e9e 2001. L\u2019id\u00e9e de d\u00e9part \u00e9tait de se deman\u00adder ce qu\u2019il adviendrait des col\u00adlec\u00adtions des mem\u00adbres vieil\u00adlis\u00adsants lorsque ceux-ci ne seraient\u2026 <a class=\"more-link\" href=\"https:\/\/www.geolitho.eu\/fr\/la-lithotheque-des-micromounters-de-munich\/\">Pour\u00adsuiv\u00adre la lec\u00adture <span class=\"screen-reader-text\">La lithoth\u00e8que des Micro\u00admoun\u00adters de Munich<\/span><\/a><\/p>\n","protected":false},"author":1,"featured_media":0,"parent":0,"menu_order":0,"comment_status":"closed","ping_status":"closed","template":"","meta":{"wp_typography_post_enhancements_disabled":false,"footnotes":""},"class_list":["post-40","page","type-page","status-publish","hentry","entry"],"yoast_head":"<!-- This site is optimized with the Yoast SEO plugin v26.9 - https:\/\/yoast.com\/product\/yoast-seo-wordpress\/ -->\n<title>La lithoth\u00e8que des Micromounters de Munich - Fondation Geolitho gGmbH<\/title>\n<meta name=\"robots\" content=\"index, follow, max-snippet:-1, max-image-preview:large, max-video-preview:-1\" \/>\n<link rel=\"canonical\" href=\"https:\/\/www.geolitho.eu\/fr\/la-lithotheque-des-micromounters-de-munich\/\" \/>\n<meta property=\"og:locale\" content=\"fr_FR\" \/>\n<meta property=\"og:type\" content=\"article\" \/>\n<meta property=\"og:title\" content=\"La lithoth\u00e8que des Micromounters de Munich - Fondation Geolitho gGmbH\" \/>\n<meta property=\"og:description\" content=\"Vous pou\u00advez avoir un aper\u00e7u de notre lithoth\u00e8que dans notre ges\u00adtion des col\u00adlec\u00adtions. Histoire La lithoth\u00e8que des Micro\u00admoun\u00adters de Munich est n\u00e9e \u00e0 peu pr\u00e8s \u00e0 la m\u00eame \u00e9poque que l\u2019Atlas des min\u00e9raux, vers l\u2019ann\u00e9e 2001. L\u2019id\u00e9e de d\u00e9part \u00e9tait de se deman\u00adder ce qu\u2019il adviendrait des col\u00adlec\u00adtions des mem\u00adbres vieil\u00adlis\u00adsants lorsque ceux-ci ne seraient&hellip; Poursuivre la lecture La lithoth\u00e8que des Micromounters de Munich\" \/>\n<meta property=\"og:url\" content=\"https:\/\/www.geolitho.eu\/fr\/la-lithotheque-des-micromounters-de-munich\/\" \/>\n<meta property=\"og:site_name\" content=\"Fondation Geolitho gGmbH\" \/>\n<meta property=\"article:modified_time\" content=\"2026-01-15T14:11:59+00:00\" \/>\n<meta name=\"twitter:card\" content=\"summary_large_image\" \/>\n<meta name=\"twitter:label1\" content=\"Dur\u00e9e de lecture estim\u00e9e\" \/>\n\t<meta name=\"twitter:data1\" content=\"2 minutes\" \/>\n<script type=\"application\/ld+json\" class=\"yoast-schema-graph\">{\"@context\":\"https:\/\/schema.org\",\"@graph\":[{\"@type\":\"WebPage\",\"@id\":\"https:\/\/www.geolitho.eu\/fr\/la-lithotheque-des-micromounters-de-munich\/\",\"url\":\"https:\/\/www.geolitho.eu\/fr\/la-lithotheque-des-micromounters-de-munich\/\",\"name\":\"La lithoth\u00e8que des Micromounters de Munich - Fondation Geolitho gGmbH\",\"isPartOf\":{\"@id\":\"https:\/\/www.geolitho.eu\/fr\/#website\"},\"datePublished\":\"2026-01-15T14:09:46+00:00\",\"dateModified\":\"2026-01-15T14:11:59+00:00\",\"breadcrumb\":{\"@id\":\"https:\/\/www.geolitho.eu\/fr\/la-lithotheque-des-micromounters-de-munich\/#breadcrumb\"},\"inLanguage\":\"fr-FR\",\"potentialAction\":[{\"@type\":\"ReadAction\",\"target\":[\"https:\/\/www.geolitho.eu\/fr\/la-lithotheque-des-micromounters-de-munich\/\"]}]},{\"@type\":\"BreadcrumbList\",\"@id\":\"https:\/\/www.geolitho.eu\/fr\/la-lithotheque-des-micromounters-de-munich\/#breadcrumb\",\"itemListElement\":[{\"@type\":\"ListItem\",\"position\":1,\"name\":\"Start\",\"item\":\"https:\/\/www.geolitho.eu\/fr\/\"},{\"@type\":\"ListItem\",\"position\":2,\"name\":\"La lithoth\u00e8que des Micromounters de Munich\"}]},{\"@type\":\"WebSite\",\"@id\":\"https:\/\/www.geolitho.eu\/fr\/#website\",\"url\":\"https:\/\/www.geolitho.eu\/fr\/\",\"name\":\"Fondation Geolitho gGmbH\",\"description\":\"Geolitho \u2013 la min\u00e9ralogie et la g\u00e9ologie \u00e0 port\u00e9e de main.\",\"publisher\":{\"@id\":\"https:\/\/www.geolitho.eu\/fr\/#organization\"},\"potentialAction\":[{\"@type\":\"SearchAction\",\"target\":{\"@type\":\"EntryPoint\",\"urlTemplate\":\"https:\/\/www.geolitho.eu\/fr\/?s={search_term_string}\"},\"query-input\":{\"@type\":\"PropertyValueSpecification\",\"valueRequired\":true,\"valueName\":\"search_term_string\"}}],\"inLanguage\":\"fr-FR\"},{\"@type\":\"Organization\",\"@id\":\"https:\/\/www.geolitho.eu\/fr\/#organization\",\"name\":\"Fondation Geolitho gGmbH\",\"url\":\"https:\/\/www.geolitho.eu\/fr\/\",\"logo\":{\"@type\":\"ImageObject\",\"inLanguage\":\"fr-FR\",\"@id\":\"https:\/\/www.geolitho.eu\/fr\/#\/schema\/logo\/image\/\",\"url\":\"https:\/\/www.geolitho.eu\/fr\/wp-content\/uploads\/sites\/6\/2026\/01\/geolitho-hellgrau.png\",\"contentUrl\":\"https:\/\/www.geolitho.eu\/fr\/wp-content\/uploads\/sites\/6\/2026\/01\/geolitho-hellgrau.png\",\"width\":900,\"height\":142,\"caption\":\"Fondation Geolitho gGmbH\"},\"image\":{\"@id\":\"https:\/\/www.geolitho.eu\/fr\/#\/schema\/logo\/image\/\"}}]}<\/script>\n<!-- \/ Yoast SEO plugin. -->","yoast_head_json":{"title":"La lithoth\u00e8que des Micromounters de Munich - Fondation Geolitho gGmbH","robots":{"index":"index","follow":"follow","max-snippet":"max-snippet:-1","max-image-preview":"max-image-preview:large","max-video-preview":"max-video-preview:-1"},"canonical":"https:\/\/www.geolitho.eu\/fr\/la-lithotheque-des-micromounters-de-munich\/","og_locale":"fr_FR","og_type":"article","og_title":"La lithoth\u00e8que des Micromounters de Munich - Fondation Geolitho gGmbH","og_description":"Vous pou\u00advez avoir un aper\u00e7u de notre lithoth\u00e8que dans notre ges\u00adtion des col\u00adlec\u00adtions. Histoire La lithoth\u00e8que des Micro\u00admoun\u00adters de Munich est n\u00e9e \u00e0 peu pr\u00e8s \u00e0 la m\u00eame \u00e9poque que l\u2019Atlas des min\u00e9raux, vers l\u2019ann\u00e9e 2001. L\u2019id\u00e9e de d\u00e9part \u00e9tait de se deman\u00adder ce qu\u2019il adviendrait des col\u00adlec\u00adtions des mem\u00adbres vieil\u00adlis\u00adsants lorsque ceux-ci ne seraient&hellip; Poursuivre la lecture La lithoth\u00e8que des Micromounters de Munich","og_url":"https:\/\/www.geolitho.eu\/fr\/la-lithotheque-des-micromounters-de-munich\/","og_site_name":"Fondation Geolitho gGmbH","article_modified_time":"2026-01-15T14:11:59+00:00","twitter_card":"summary_large_image","twitter_misc":{"Dur\u00e9e de lecture estim\u00e9e":"2 minutes"},"schema":{"@context":"https:\/\/schema.org","@graph":[{"@type":"WebPage","@id":"https:\/\/www.geolitho.eu\/fr\/la-lithotheque-des-micromounters-de-munich\/","url":"https:\/\/www.geolitho.eu\/fr\/la-lithotheque-des-micromounters-de-munich\/","name":"La lithoth\u00e8que des Micromounters de Munich - Fondation Geolitho gGmbH","isPartOf":{"@id":"https:\/\/www.geolitho.eu\/fr\/#website"},"datePublished":"2026-01-15T14:09:46+00:00","dateModified":"2026-01-15T14:11:59+00:00","breadcrumb":{"@id":"https:\/\/www.geolitho.eu\/fr\/la-lithotheque-des-micromounters-de-munich\/#breadcrumb"},"inLanguage":"fr-FR","potentialAction":[{"@type":"ReadAction","target":["https:\/\/www.geolitho.eu\/fr\/la-lithotheque-des-micromounters-de-munich\/"]}]},{"@type":"BreadcrumbList","@id":"https:\/\/www.geolitho.eu\/fr\/la-lithotheque-des-micromounters-de-munich\/#breadcrumb","itemListElement":[{"@type":"ListItem","position":1,"name":"Start","item":"https:\/\/www.geolitho.eu\/fr\/"},{"@type":"ListItem","position":2,"name":"La lithoth\u00e8que des Micromounters de Munich"}]},{"@type":"WebSite","@id":"https:\/\/www.geolitho.eu\/fr\/#website","url":"https:\/\/www.geolitho.eu\/fr\/","name":"Fondation Geolitho gGmbH","description":"Geolitho \u2013 la min\u00e9ralogie et la g\u00e9ologie \u00e0 port\u00e9e de main.","publisher":{"@id":"https:\/\/www.geolitho.eu\/fr\/#organization"},"potentialAction":[{"@type":"SearchAction","target":{"@type":"EntryPoint","urlTemplate":"https:\/\/www.geolitho.eu\/fr\/?s={search_term_string}"},"query-input":{"@type":"PropertyValueSpecification","valueRequired":true,"valueName":"search_term_string"}}],"inLanguage":"fr-FR"},{"@type":"Organization","@id":"https:\/\/www.geolitho.eu\/fr\/#organization","name":"Fondation Geolitho gGmbH","url":"https:\/\/www.geolitho.eu\/fr\/","logo":{"@type":"ImageObject","inLanguage":"fr-FR","@id":"https:\/\/www.geolitho.eu\/fr\/#\/schema\/logo\/image\/","url":"https:\/\/www.geolitho.eu\/fr\/wp-content\/uploads\/sites\/6\/2026\/01\/geolitho-hellgrau.png","contentUrl":"https:\/\/www.geolitho.eu\/fr\/wp-content\/uploads\/sites\/6\/2026\/01\/geolitho-hellgrau.png","width":900,"height":142,"caption":"Fondation Geolitho gGmbH"},"image":{"@id":"https:\/\/www.geolitho.eu\/fr\/#\/schema\/logo\/image\/"}}]}},"_links":{"self":[{"href":"https:\/\/www.geolitho.eu\/fr\/wp-json\/wp\/v2\/pages\/40","targetHints":{"allow":["GET"]}}],"collection":[{"href":"https:\/\/www.geolitho.eu\/fr\/wp-json\/wp\/v2\/pages"}],"about":[{"href":"https:\/\/www.geolitho.eu\/fr\/wp-json\/wp\/v2\/types\/page"}],"author":[{"embeddable":true,"href":"https:\/\/www.geolitho.eu\/fr\/wp-json\/wp\/v2\/users\/1"}],"replies":[{"embeddable":true,"href":"https:\/\/www.geolitho.eu\/fr\/wp-json\/wp\/v2\/comments?post=40"}],"version-history":[{"count":2,"href":"https:\/\/www.geolitho.eu\/fr\/wp-json\/wp\/v2\/pages\/40\/revisions"}],"predecessor-version":[{"id":43,"href":"https:\/\/www.geolitho.eu\/fr\/wp-json\/wp\/v2\/pages\/40\/revisions\/43"}],"wp:attachment":[{"href":"https:\/\/www.geolitho.eu\/fr\/wp-json\/wp\/v2\/media?parent=40"}],"curies":[{"name":"wp","href":"https:\/\/api.w.org\/{rel}","templated":true}]}}