{"id":47,"date":"2026-01-15T15:28:45","date_gmt":"2026-01-15T14:28:45","guid":{"rendered":"https:\/\/www.geolitho.eu\/fr\/?page_id=47"},"modified":"2026-01-15T15:51:34","modified_gmt":"2026-01-15T14:51:34","slug":"atlas-des-mineraux-mineralienatlas","status":"publish","type":"page","link":"https:\/\/www.geolitho.eu\/fr\/atlas-des-mineraux-mineralienatlas\/","title":{"rendered":"Atlas des min\u00e9raux \u00abMineralienatlas\u00bb"},"content":{"rendered":"\n<p>Le <a href=\"https:\/\/www.mineralienatlas.de\">Min\u00ader\u00adalien\u00adat\u00adlas<\/a> est un pro\u00adjet de la fon\u00adda\u00adtion Geolitho gGmbH dont l\u2019objectif est de pro\u00adpos\u00ader une plate\u00adforme th\u00e9\u00adma\u00adtique dans les domaines de la g\u00e9olo\u00adgie, de la min\u00e9ralo\u00adgie, de l\u2019exploitation mini\u00e8re ain\u00adsi que des fos\u00adsiles. Les infor\u00adma\u00adtions pro\u00adpos\u00e9es ain\u00adsi que les pos\u00adsi\u00adbil\u00adit\u00e9s de con\u00adtact et d\u2019\u00e9change s\u2019adressent aus\u00adsi bien aux par\u00adti\u00adc\u00aduliers int\u00e9ress\u00e9s qu\u2019aux sci\u00aden\u00adtifiques et aux insti\u00adtu\u00adtions sci\u00aden\u00adtifiques ou de p\u00e9d\u00ada\u00adgogie sci\u00aden\u00adtifique.<\/p>\n\n\n\n<h3 class=\"wp-block-heading\">Collaboration<\/h3>\n\n\n\n<p>Cha\u00adcun est invit\u00e9 \u00e0 par\u00adticiper au Min\u00ader\u00adalien\u00adat\u00adlas, \u00e0 com\u00adpl\u00e9ter les infor\u00adma\u00adtions exis\u00adtantes et \u00e0 en apporter de nou\u00advelles.<\/p>\n\n\n\n<p>L\u2019id\u00e9e fon\u00adda\u00admen\u00adtale de ce pro\u00adjet repose sur une approche de type wiki. Selon Wikip\u00e9\u00addia : \u00ab Un wiki (mot hawa\u00efen sig\u00adnifi\u00adant \u201crapi\u00adde\u201d) est un site web dont les con\u00adtenus peu\u00advent non seule\u00adment \u00eatre lus par les vis\u00adi\u00adteurs, mais aus\u00adsi directe\u00adment mod\u00adi\u00adfi\u00e9s et \u00e9dit\u00e9s dans le nav\u00adi\u00adga\u00adteur web (appli\u00adca\u00adtion Web 2.0). \u00bb<br>Le Min\u00ader\u00adalien\u00adat\u00adlas met \u00e0 dis\u00adpo\u00adsi\u00adtion les bases tech\u00adniques n\u00e9ces\u00adsaires et encadre le tra\u00advail \u00e9di\u00adto\u00adr\u00adi\u00adal gr\u00e2ce \u00e0 une \u00e9quipe de mod\u00ad\u00e9ra\u00adteurs et d\u2019administrateurs.<\/p>\n\n\n\n<p>Vous trou\u00adverez davan\u00adtage d\u2019informations sur la col\u00adlab\u00ado\u00adra\u00adtion dans notre syn\u00adth\u00e8se des <a href=\"https:\/\/www.mineralienatlas.de\/lexikon\/index.php\/Mineralienatlas\/FR\">objec\u00adtifs, r\u00f4les, r\u00e8gles et principes<\/a>.<\/p>\n\n\n\n<h3 class=\"wp-block-heading\">Nos donn\u00e9es pour votre application<\/h3>\n\n\n\n<p>Le Min\u00ader\u00adalien\u00adat\u00adlas con\u00adstitue, via des inter\u00adfaces, notam\u00adment la base de don\u00adn\u00e9es pour la ges\u00adtion des col\u00adlec\u00adtions Geolitho, le march\u00e9 et le mus\u00e9e.<\/p>\n\n\n\n<p>L\u2019\u00e9change fiable de don\u00adn\u00e9es entre les appli\u00adca\u00adtions repose sur des crit\u00e8res uni\u00adformes per\u00adme\u00adt\u00adtant une attri\u00adbu\u00adtion coh\u00e9rente.<\/p>\n\n\n\n<p>Le Min\u00ader\u00adalien\u00adat\u00adlas met gra\u00adtu\u00adite\u00adment \u00e0 dis\u00adpo\u00adsi\u00adtion ses don\u00adn\u00e9es entretenues par le pub\u00adlic, telles que les don\u00adn\u00e9es de local\u00adit\u00e9s et de min\u00e9raux, sous forme de ce que l\u2019on appelle un vocab\u00adu\u00adlaire, des\u00adtin\u00e9 aux pro\u00adjets d\u2019int\u00e9r\u00eat g\u00e9n\u00e9ral. \u00c0 cet effet, il vous four\u00adnit une API (Appli\u00adca\u00adtion Pro\u00adgram\u00adming Inter\u00adface) adap\u00adt\u00e9e \u00e0 vos besoins.<\/p>\n\n\n\n<p>Cela ne doit pas \u00eatre une voie \u00e0 sens unique. Aidez-nous \u00e0 har\u00admonis\u00ader votre vocab\u00adu\u00adlaire et le n\u00f4tre. Si vous \u00eates int\u00e9ress\u00e9, veuillez nous con\u00adtac\u00adter. Vous pou\u00advez nous join\u00addre \u00e0 l\u2019adresse <a href=\"mailto:info@geolitho.eu\">info@geolitho.eu<\/a>.<\/p>\n\n\n\n<h3 class=\"wp-block-heading\">Votre pr\u00e9sence dans le Mineralienatlas<\/h3>\n\n\n\n<p>Afin d\u2019accro\u00eetre la vis\u00adi\u00adbil\u00adit\u00e9 de votre site inter\u00adnet ou de votre \u00e9v\u00e9ne\u00adment, nous vous offrons la pos\u00adsi\u00adbil\u00adit\u00e9 de dif\u00adfuser des ban\u00adni\u00e8res pub\u00adlic\u00adi\u00adtaires ou des liens vers des pages indi\u00advidu\u00adelles sur notre plate\u00adforme. Si cela vous int\u00e9resse, nous serons ravis de vous envoy\u00ader nos con\u00addi\u00adtions \u2013 que nous esti\u00admons tr\u00e8s \u00e9quita\u00adbles. Mer\u00adci de nous trans\u00admet\u00adtre vos coor\u00addon\u00adn\u00e9es ain\u00adsi que votre demande \u00e0 <a href=\"mailto:info@geolitho.eu\">info@geolitho.eu<\/a>.<\/p>\n\n\n\n<h3 class=\"wp-block-heading\">Lectures recommand\u00e9es<\/h3>\n\n\n\n<p>Out\u00adre les nom\u00adbreux con\u00adtenus, il existe \u00e9gale\u00adment une <a href=\"https:\/\/www.mineralienatlas.de\/lexikon\/index.php\/Mineralienatlas-Historie\">his\u00adtorique<\/a> retra\u00e7ant la p\u00e9ri\u00adode de 2001 jusqu\u2019au 10<sup>e<\/sup> anniver\u00adsaire, qui pour\u00adrait vous int\u00e9ress\u00ader.<\/p>\n\n\n\n<p><a href=\"https:\/\/www.mineralienatlas.de\">Acc\u00e9der au Min\u00ader\u00adalien\u00adat\u00adlas<\/a><\/p>\n","protected":false},"excerpt":{"rendered":"<p>Le Min\u00ader\u00adalien\u00adat\u00adlas est un pro\u00adjet de la fon\u00adda\u00adtion Geolitho gGmbH dont l\u2019objectif est de pro\u00adpos\u00ader une plate\u00adforme th\u00e9\u00adma\u00adtique dans les domaines de la g\u00e9olo\u00adgie, de la min\u00e9ralo\u00adgie, de l\u2019exploitation mini\u00e8re ain\u00adsi que des fos\u00adsiles. Les infor\u00adma\u00adtions pro\u00adpos\u00e9es ain\u00adsi que les pos\u00adsi\u00adbil\u00adit\u00e9s de con\u00adtact et d\u2019\u00e9change s\u2019adressent aus\u00adsi bien aux par\u00adti\u00adc\u00aduliers int\u00e9ress\u00e9s qu\u2019aux sci\u00aden\u00adtifiques et aux\u2026 <a class=\"more-link\" href=\"https:\/\/www.geolitho.eu\/fr\/atlas-des-mineraux-mineralienatlas\/\">Pour\u00adsuiv\u00adre la lec\u00adture <span class=\"screen-reader-text\">Atlas des min\u00e9raux \u00abMin\u00ader\u00adalien\u00adat\u00adlas\u00bb<\/span><\/a><\/p>\n","protected":false},"author":1,"featured_media":0,"parent":0,"menu_order":0,"comment_status":"closed","ping_status":"closed","template":"","meta":{"wp_typography_post_enhancements_disabled":false,"footnotes":""},"class_list":["post-47","page","type-page","status-publish","hentry","entry"],"yoast_head":"<!-- This site is optimized with the Yoast SEO plugin v26.9 - https:\/\/yoast.com\/product\/yoast-seo-wordpress\/ -->\n<title>Atlas des min\u00e9raux \u00abMineralienatlas\u00bb - Fondation Geolitho gGmbH<\/title>\n<meta name=\"robots\" content=\"index, follow, max-snippet:-1, max-image-preview:large, max-video-preview:-1\" \/>\n<link rel=\"canonical\" href=\"https:\/\/www.geolitho.eu\/fr\/atlas-des-mineraux-mineralienatlas\/\" \/>\n<meta property=\"og:locale\" content=\"fr_FR\" \/>\n<meta property=\"og:type\" content=\"article\" \/>\n<meta property=\"og:title\" content=\"Atlas des min\u00e9raux \u00abMineralienatlas\u00bb - Fondation Geolitho gGmbH\" \/>\n<meta property=\"og:description\" content=\"Le Min\u00ader\u00adalien\u00adat\u00adlas est un pro\u00adjet de la fon\u00adda\u00adtion Geolitho gGmbH dont l\u2019objectif est de pro\u00adpos\u00ader une plate\u00adforme th\u00e9\u00adma\u00adtique dans les domaines de la g\u00e9olo\u00adgie, de la min\u00e9ralo\u00adgie, de l\u2019exploitation mini\u00e8re ain\u00adsi que des fos\u00adsiles. Les infor\u00adma\u00adtions pro\u00adpos\u00e9es ain\u00adsi que les pos\u00adsi\u00adbil\u00adit\u00e9s de con\u00adtact et d\u2019\u00e9change s\u2019adressent aus\u00adsi bien aux par\u00adti\u00adc\u00aduliers int\u00e9ress\u00e9s qu\u2019aux sci\u00aden\u00adtifiques et aux&hellip; Poursuivre la lecture Atlas des min\u00e9raux \u00abMineralienatlas\u00bb\" \/>\n<meta property=\"og:url\" content=\"https:\/\/www.geolitho.eu\/fr\/atlas-des-mineraux-mineralienatlas\/\" \/>\n<meta property=\"og:site_name\" content=\"Fondation Geolitho gGmbH\" \/>\n<meta property=\"article:modified_time\" content=\"2026-01-15T14:51:34+00:00\" \/>\n<meta name=\"twitter:card\" content=\"summary_large_image\" \/>\n<meta name=\"twitter:label1\" content=\"Dur\u00e9e de lecture estim\u00e9e\" \/>\n\t<meta name=\"twitter:data1\" content=\"2 minutes\" \/>\n<script type=\"application\/ld+json\" class=\"yoast-schema-graph\">{\"@context\":\"https:\/\/schema.org\",\"@graph\":[{\"@type\":\"WebPage\",\"@id\":\"https:\/\/www.geolitho.eu\/fr\/atlas-des-mineraux-mineralienatlas\/\",\"url\":\"https:\/\/www.geolitho.eu\/fr\/atlas-des-mineraux-mineralienatlas\/\",\"name\":\"Atlas des min\u00e9raux \u00abMineralienatlas\u00bb - Fondation Geolitho gGmbH\",\"isPartOf\":{\"@id\":\"https:\/\/www.geolitho.eu\/fr\/#website\"},\"datePublished\":\"2026-01-15T14:28:45+00:00\",\"dateModified\":\"2026-01-15T14:51:34+00:00\",\"breadcrumb\":{\"@id\":\"https:\/\/www.geolitho.eu\/fr\/atlas-des-mineraux-mineralienatlas\/#breadcrumb\"},\"inLanguage\":\"fr-FR\",\"potentialAction\":[{\"@type\":\"ReadAction\",\"target\":[\"https:\/\/www.geolitho.eu\/fr\/atlas-des-mineraux-mineralienatlas\/\"]}]},{\"@type\":\"BreadcrumbList\",\"@id\":\"https:\/\/www.geolitho.eu\/fr\/atlas-des-mineraux-mineralienatlas\/#breadcrumb\",\"itemListElement\":[{\"@type\":\"ListItem\",\"position\":1,\"name\":\"Start\",\"item\":\"https:\/\/www.geolitho.eu\/fr\/\"},{\"@type\":\"ListItem\",\"position\":2,\"name\":\"Atlas des min\u00e9raux \u00abMineralienatlas\u00bb\"}]},{\"@type\":\"WebSite\",\"@id\":\"https:\/\/www.geolitho.eu\/fr\/#website\",\"url\":\"https:\/\/www.geolitho.eu\/fr\/\",\"name\":\"Fondation Geolitho gGmbH\",\"description\":\"Geolitho \u2013 la min\u00e9ralogie et la g\u00e9ologie \u00e0 port\u00e9e de main.\",\"publisher\":{\"@id\":\"https:\/\/www.geolitho.eu\/fr\/#organization\"},\"potentialAction\":[{\"@type\":\"SearchAction\",\"target\":{\"@type\":\"EntryPoint\",\"urlTemplate\":\"https:\/\/www.geolitho.eu\/fr\/?s={search_term_string}\"},\"query-input\":{\"@type\":\"PropertyValueSpecification\",\"valueRequired\":true,\"valueName\":\"search_term_string\"}}],\"inLanguage\":\"fr-FR\"},{\"@type\":\"Organization\",\"@id\":\"https:\/\/www.geolitho.eu\/fr\/#organization\",\"name\":\"Fondation Geolitho gGmbH\",\"url\":\"https:\/\/www.geolitho.eu\/fr\/\",\"logo\":{\"@type\":\"ImageObject\",\"inLanguage\":\"fr-FR\",\"@id\":\"https:\/\/www.geolitho.eu\/fr\/#\/schema\/logo\/image\/\",\"url\":\"https:\/\/www.geolitho.eu\/fr\/wp-content\/uploads\/sites\/6\/2026\/01\/geolitho-hellgrau.png\",\"contentUrl\":\"https:\/\/www.geolitho.eu\/fr\/wp-content\/uploads\/sites\/6\/2026\/01\/geolitho-hellgrau.png\",\"width\":900,\"height\":142,\"caption\":\"Fondation Geolitho gGmbH\"},\"image\":{\"@id\":\"https:\/\/www.geolitho.eu\/fr\/#\/schema\/logo\/image\/\"}}]}<\/script>\n<!-- \/ Yoast SEO plugin. -->","yoast_head_json":{"title":"Atlas des min\u00e9raux \u00abMineralienatlas\u00bb - Fondation Geolitho gGmbH","robots":{"index":"index","follow":"follow","max-snippet":"max-snippet:-1","max-image-preview":"max-image-preview:large","max-video-preview":"max-video-preview:-1"},"canonical":"https:\/\/www.geolitho.eu\/fr\/atlas-des-mineraux-mineralienatlas\/","og_locale":"fr_FR","og_type":"article","og_title":"Atlas des min\u00e9raux \u00abMineralienatlas\u00bb - Fondation Geolitho gGmbH","og_description":"Le Min\u00ader\u00adalien\u00adat\u00adlas est un pro\u00adjet de la fon\u00adda\u00adtion Geolitho gGmbH dont l\u2019objectif est de pro\u00adpos\u00ader une plate\u00adforme th\u00e9\u00adma\u00adtique dans les domaines de la g\u00e9olo\u00adgie, de la min\u00e9ralo\u00adgie, de l\u2019exploitation mini\u00e8re ain\u00adsi que des fos\u00adsiles. Les infor\u00adma\u00adtions pro\u00adpos\u00e9es ain\u00adsi que les pos\u00adsi\u00adbil\u00adit\u00e9s de con\u00adtact et d\u2019\u00e9change s\u2019adressent aus\u00adsi bien aux par\u00adti\u00adc\u00aduliers int\u00e9ress\u00e9s qu\u2019aux sci\u00aden\u00adtifiques et aux&hellip; Poursuivre la lecture Atlas des min\u00e9raux \u00abMineralienatlas\u00bb","og_url":"https:\/\/www.geolitho.eu\/fr\/atlas-des-mineraux-mineralienatlas\/","og_site_name":"Fondation Geolitho gGmbH","article_modified_time":"2026-01-15T14:51:34+00:00","twitter_card":"summary_large_image","twitter_misc":{"Dur\u00e9e de lecture estim\u00e9e":"2 minutes"},"schema":{"@context":"https:\/\/schema.org","@graph":[{"@type":"WebPage","@id":"https:\/\/www.geolitho.eu\/fr\/atlas-des-mineraux-mineralienatlas\/","url":"https:\/\/www.geolitho.eu\/fr\/atlas-des-mineraux-mineralienatlas\/","name":"Atlas des min\u00e9raux \u00abMineralienatlas\u00bb - Fondation Geolitho gGmbH","isPartOf":{"@id":"https:\/\/www.geolitho.eu\/fr\/#website"},"datePublished":"2026-01-15T14:28:45+00:00","dateModified":"2026-01-15T14:51:34+00:00","breadcrumb":{"@id":"https:\/\/www.geolitho.eu\/fr\/atlas-des-mineraux-mineralienatlas\/#breadcrumb"},"inLanguage":"fr-FR","potentialAction":[{"@type":"ReadAction","target":["https:\/\/www.geolitho.eu\/fr\/atlas-des-mineraux-mineralienatlas\/"]}]},{"@type":"BreadcrumbList","@id":"https:\/\/www.geolitho.eu\/fr\/atlas-des-mineraux-mineralienatlas\/#breadcrumb","itemListElement":[{"@type":"ListItem","position":1,"name":"Start","item":"https:\/\/www.geolitho.eu\/fr\/"},{"@type":"ListItem","position":2,"name":"Atlas des min\u00e9raux \u00abMineralienatlas\u00bb"}]},{"@type":"WebSite","@id":"https:\/\/www.geolitho.eu\/fr\/#website","url":"https:\/\/www.geolitho.eu\/fr\/","name":"Fondation Geolitho gGmbH","description":"Geolitho \u2013 la min\u00e9ralogie et la g\u00e9ologie \u00e0 port\u00e9e de main.","publisher":{"@id":"https:\/\/www.geolitho.eu\/fr\/#organization"},"potentialAction":[{"@type":"SearchAction","target":{"@type":"EntryPoint","urlTemplate":"https:\/\/www.geolitho.eu\/fr\/?s={search_term_string}"},"query-input":{"@type":"PropertyValueSpecification","valueRequired":true,"valueName":"search_term_string"}}],"inLanguage":"fr-FR"},{"@type":"Organization","@id":"https:\/\/www.geolitho.eu\/fr\/#organization","name":"Fondation Geolitho gGmbH","url":"https:\/\/www.geolitho.eu\/fr\/","logo":{"@type":"ImageObject","inLanguage":"fr-FR","@id":"https:\/\/www.geolitho.eu\/fr\/#\/schema\/logo\/image\/","url":"https:\/\/www.geolitho.eu\/fr\/wp-content\/uploads\/sites\/6\/2026\/01\/geolitho-hellgrau.png","contentUrl":"https:\/\/www.geolitho.eu\/fr\/wp-content\/uploads\/sites\/6\/2026\/01\/geolitho-hellgrau.png","width":900,"height":142,"caption":"Fondation Geolitho gGmbH"},"image":{"@id":"https:\/\/www.geolitho.eu\/fr\/#\/schema\/logo\/image\/"}}]}},"_links":{"self":[{"href":"https:\/\/www.geolitho.eu\/fr\/wp-json\/wp\/v2\/pages\/47","targetHints":{"allow":["GET"]}}],"collection":[{"href":"https:\/\/www.geolitho.eu\/fr\/wp-json\/wp\/v2\/pages"}],"about":[{"href":"https:\/\/www.geolitho.eu\/fr\/wp-json\/wp\/v2\/types\/page"}],"author":[{"embeddable":true,"href":"https:\/\/www.geolitho.eu\/fr\/wp-json\/wp\/v2\/users\/1"}],"replies":[{"embeddable":true,"href":"https:\/\/www.geolitho.eu\/fr\/wp-json\/wp\/v2\/comments?post=47"}],"version-history":[{"count":2,"href":"https:\/\/www.geolitho.eu\/fr\/wp-json\/wp\/v2\/pages\/47\/revisions"}],"predecessor-version":[{"id":51,"href":"https:\/\/www.geolitho.eu\/fr\/wp-json\/wp\/v2\/pages\/47\/revisions\/51"}],"wp:attachment":[{"href":"https:\/\/www.geolitho.eu\/fr\/wp-json\/wp\/v2\/media?parent=47"}],"curies":[{"name":"wp","href":"https:\/\/api.w.org\/{rel}","templated":true}]}}