{"id":54,"date":"2026-01-15T15:58:49","date_gmt":"2026-01-15T14:58:49","guid":{"rendered":"https:\/\/www.geolitho.eu\/fr\/?page_id=54"},"modified":"2026-01-15T16:02:32","modified_gmt":"2026-01-15T15:02:32","slug":"a-propos-de-nous","status":"publish","type":"page","link":"https:\/\/www.geolitho.eu\/fr\/a-propos-de-nous\/","title":{"rendered":"\u00c0 propos de nous"},"content":{"rendered":"\n<p class=\"has-large-font-size\">La \u00ab Geolitho Stiftung gemein\u00adn\u00fctzige GmbH \u00bb a \u00e9t\u00e9 fond\u00e9e en 2021 par le Dr Man\u00adfred Seitz et Ste\u00adfan Schorn.<\/p>\n\n\n\n<p class=\"has-large-font-size\">Nous, la Geolitho Stiftung gemein\u00adn\u00fctzige GmbH, encour\u00ada\u00adgeons l\u2019\u00e9ducation pop\u00adu\u00adlaire dans les domaines de la min\u00e9ralo\u00adgie, de la g\u00e9olo\u00adgie des gise\u00adments, de la g\u00e9olo\u00adgie, de la pal\u00e9on\u00adtolo\u00adgie et de l\u2019exploitation mini\u00e8re, en exploitant, en pr\u00e9ser\u00advant et en d\u00e9velop\u00adpant davan\u00adtage des pro\u00adjets rel\u00ade\u00advant des g\u00e9o\u00adsciences.<br><br>L\u2019objet de la fon\u00adda\u00adtion est r\u00e9al\u00adis\u00e9 notam\u00adment par les mesures suiv\u00adantes :<br><\/p>\n\n\n\n<ul class=\"has-large-font-size wp-block-list\">\n  <li>Am\u00e9lio\u00adra\u00adtion con\u00adtin\u00adue des fonc\u00adtion\u00adnal\u00adit\u00e9s de l\u2019\u00ab <a href=\"https:\/\/www.mineralienatlas.de\" target=\"_blank\" rel=\"noreferrer noopener\">Mineralienatlas\u2013Fossilienatlas<\/a> \u00bb, ain\u00adsi que l\u2019adaptation per\u00adma\u00adnente de ses con\u00adtenus aux nou\u00advelles \u00e9vo\u00adlu\u00adtions.<\/li>\n  <li>Exten\u00adsion con\u00adtin\u00adue de la \u00ab <a href=\"https:\/\/www.mineralienatlas.de\/lexikon\/index.php\/Sammlung\/Lithothek%20der%20M%C3%BCnchener%20Micromounter\" target=\"_blank\" rel=\"noreferrer noopener\">Lithoth\u00e8que des Micro\u00admoun\u00adters de Munich<\/a> \u00bb par de nou\u00adveaux objets de col\u00adlec\u00adtion, en respec\u00adtant scrupuleuse\u00adment les objec\u00adtifs d\u00e9fi\u00adnis pour cette col\u00adlec\u00adtion (notam\u00adment l\u2019am\u00e9lioration de la qual\u00adit\u00e9, l\u2019exhaustivit\u00e9, la v\u00e9ri\u00adfi\u00ada\u00adbil\u00adit\u00e9 sci\u00aden\u00adtifique, la pr\u00e9ser\u00adva\u00adtion d\u2019objets de col\u00adlec\u00adtion pr\u00e9\u00adcieux con\u00adtre la dis\u00adpari\u00adtion, le sou\u00advenir de col\u00adlec\u00adtion\u00adneurs d\u00e9sor\u00admais inac\u00adt\u00adifs et de leur con\u00adtri\u00adbu\u00adtion).<\/li>\n  <li>D\u00e9veloppe\u00adment et am\u00e9lio\u00adra\u00adtion con\u00adtin\u00adue de l\u2019outil de doc\u00adu\u00admen\u00adta\u00adtion et de pr\u00e9sen\u00adta\u00adtion inter-col\u00adlec\u00adtions \u00ab <a href=\"https:\/\/www.geolitho.eu\/collection\/index.php?lang=fr\" target=\"_blank\" rel=\"noreferrer noopener\">Geolitho<\/a> \u00bb.<\/li>\n  <li>D\u00e9veloppe\u00adment et am\u00e9lio\u00adra\u00adtion con\u00adtin\u00adue de la place de march\u00e9 Geolitho des\u00adtin\u00e9e \u00e0 l\u2019\u00e9change d\u2019objets de col\u00adlec\u00adtion.<\/li>\n  <li>Mise \u00e0 dis\u00adpo\u00adsi\u00adtion de tous les pro\u00adjets g\u00e9o\u00adsci\u00aden\u00adtifiques et de leurs r\u00e9sul\u00adtats \u00e0 des fins publiques et sci\u00aden\u00adtifiques.<\/li>\n<\/ul>\n\n\n\n<p class=\"has-large-font-size\">La Geolitho Stiftung gGmbH pour\u00adsuit ain\u00adsi exclu\u00adsive\u00adment et directe\u00adment des objec\u00adtifs d\u2019int\u00e9r\u00eat g\u00e9n\u00e9ral et agit de mani\u00e8re d\u00e9s\u00adin\u00adt\u00e9ress\u00e9e.<\/p>\n\n\n\n<p><\/p>\n\n","protected":false},"excerpt":{"rendered":"<p>La \u00ab Geolitho Stiftung gemein\u00adn\u00fctzige GmbH \u00bb a \u00e9t\u00e9 fond\u00e9e en 2021 par le Dr Man\u00adfred Seitz et Ste\u00adfan Schorn. Nous, la Geolitho Stiftung gemein\u00adn\u00fctzige GmbH, encour\u00ada\u00adgeons l\u2019\u00e9ducation pop\u00adu\u00adlaire dans les domaines de la min\u00e9ralo\u00adgie, de la g\u00e9olo\u00adgie des gise\u00adments, de la g\u00e9olo\u00adgie, de la pal\u00e9on\u00adtolo\u00adgie et de l\u2019exploitation mini\u00e8re, en exploitant, en pr\u00e9ser\u00advant et\u2026 <a class=\"more-link\" href=\"https:\/\/www.geolitho.eu\/fr\/a-propos-de-nous\/\">Pour\u00adsuiv\u00adre la lec\u00adture <span class=\"screen-reader-text\">\u00c0 pro\u00adpos de nous<\/span><\/a><\/p>\n","protected":false},"author":1,"featured_media":0,"parent":0,"menu_order":0,"comment_status":"closed","ping_status":"closed","template":"","meta":{"wp_typography_post_enhancements_disabled":false,"footnotes":""},"class_list":["post-54","page","type-page","status-publish","hentry","entry"],"yoast_head":"<!-- This site is optimized with the Yoast SEO plugin v26.9 - https:\/\/yoast.com\/product\/yoast-seo-wordpress\/ -->\n<title>\u00c0 propos de nous - Fondation Geolitho gGmbH<\/title>\n<meta name=\"robots\" content=\"index, follow, max-snippet:-1, max-image-preview:large, max-video-preview:-1\" \/>\n<link rel=\"canonical\" href=\"https:\/\/www.geolitho.eu\/fr\/a-propos-de-nous\/\" \/>\n<meta property=\"og:locale\" content=\"fr_FR\" \/>\n<meta property=\"og:type\" content=\"article\" \/>\n<meta property=\"og:title\" content=\"\u00c0 propos de nous - Fondation Geolitho gGmbH\" \/>\n<meta property=\"og:description\" content=\"La \u00ab Geolitho Stiftung gemein\u00adn\u00fctzige GmbH \u00bb a \u00e9t\u00e9 fond\u00e9e en 2021 par le Dr Man\u00adfred Seitz et Ste\u00adfan Schorn. Nous, la Geolitho Stiftung gemein\u00adn\u00fctzige GmbH, encour\u00ada\u00adgeons l\u2019\u00e9ducation pop\u00adu\u00adlaire dans les domaines de la min\u00e9ralo\u00adgie, de la g\u00e9olo\u00adgie des gise\u00adments, de la g\u00e9olo\u00adgie, de la pal\u00e9on\u00adtolo\u00adgie et de l\u2019exploitation mini\u00e8re, en exploitant, en pr\u00e9ser\u00advant et&hellip; Poursuivre la lecture \u00c0 propos de nous\" \/>\n<meta property=\"og:url\" content=\"https:\/\/www.geolitho.eu\/fr\/a-propos-de-nous\/\" \/>\n<meta property=\"og:site_name\" content=\"Fondation Geolitho gGmbH\" \/>\n<meta property=\"article:modified_time\" content=\"2026-01-15T15:02:32+00:00\" \/>\n<meta name=\"twitter:card\" content=\"summary_large_image\" \/>\n<meta name=\"twitter:label1\" content=\"Dur\u00e9e de lecture estim\u00e9e\" \/>\n\t<meta name=\"twitter:data1\" content=\"2 minutes\" \/>\n<script type=\"application\/ld+json\" class=\"yoast-schema-graph\">{\"@context\":\"https:\/\/schema.org\",\"@graph\":[{\"@type\":\"WebPage\",\"@id\":\"https:\/\/www.geolitho.eu\/fr\/a-propos-de-nous\/\",\"url\":\"https:\/\/www.geolitho.eu\/fr\/a-propos-de-nous\/\",\"name\":\"\u00c0 propos de nous - Fondation Geolitho gGmbH\",\"isPartOf\":{\"@id\":\"https:\/\/www.geolitho.eu\/fr\/#website\"},\"datePublished\":\"2026-01-15T14:58:49+00:00\",\"dateModified\":\"2026-01-15T15:02:32+00:00\",\"breadcrumb\":{\"@id\":\"https:\/\/www.geolitho.eu\/fr\/a-propos-de-nous\/#breadcrumb\"},\"inLanguage\":\"fr-FR\",\"potentialAction\":[{\"@type\":\"ReadAction\",\"target\":[\"https:\/\/www.geolitho.eu\/fr\/a-propos-de-nous\/\"]}]},{\"@type\":\"BreadcrumbList\",\"@id\":\"https:\/\/www.geolitho.eu\/fr\/a-propos-de-nous\/#breadcrumb\",\"itemListElement\":[{\"@type\":\"ListItem\",\"position\":1,\"name\":\"Start\",\"item\":\"https:\/\/www.geolitho.eu\/fr\/\"},{\"@type\":\"ListItem\",\"position\":2,\"name\":\"\u00c0 propos de nous\"}]},{\"@type\":\"WebSite\",\"@id\":\"https:\/\/www.geolitho.eu\/fr\/#website\",\"url\":\"https:\/\/www.geolitho.eu\/fr\/\",\"name\":\"Fondation Geolitho gGmbH\",\"description\":\"Geolitho \u2013 la min\u00e9ralogie et la g\u00e9ologie \u00e0 port\u00e9e de main.\",\"publisher\":{\"@id\":\"https:\/\/www.geolitho.eu\/fr\/#organization\"},\"potentialAction\":[{\"@type\":\"SearchAction\",\"target\":{\"@type\":\"EntryPoint\",\"urlTemplate\":\"https:\/\/www.geolitho.eu\/fr\/?s={search_term_string}\"},\"query-input\":{\"@type\":\"PropertyValueSpecification\",\"valueRequired\":true,\"valueName\":\"search_term_string\"}}],\"inLanguage\":\"fr-FR\"},{\"@type\":\"Organization\",\"@id\":\"https:\/\/www.geolitho.eu\/fr\/#organization\",\"name\":\"Fondation Geolitho gGmbH\",\"url\":\"https:\/\/www.geolitho.eu\/fr\/\",\"logo\":{\"@type\":\"ImageObject\",\"inLanguage\":\"fr-FR\",\"@id\":\"https:\/\/www.geolitho.eu\/fr\/#\/schema\/logo\/image\/\",\"url\":\"https:\/\/www.geolitho.eu\/fr\/wp-content\/uploads\/sites\/6\/2026\/01\/geolitho-hellgrau.png\",\"contentUrl\":\"https:\/\/www.geolitho.eu\/fr\/wp-content\/uploads\/sites\/6\/2026\/01\/geolitho-hellgrau.png\",\"width\":900,\"height\":142,\"caption\":\"Fondation Geolitho gGmbH\"},\"image\":{\"@id\":\"https:\/\/www.geolitho.eu\/fr\/#\/schema\/logo\/image\/\"}}]}<\/script>\n<!-- \/ Yoast SEO plugin. -->","yoast_head_json":{"title":"\u00c0 propos de nous - Fondation Geolitho gGmbH","robots":{"index":"index","follow":"follow","max-snippet":"max-snippet:-1","max-image-preview":"max-image-preview:large","max-video-preview":"max-video-preview:-1"},"canonical":"https:\/\/www.geolitho.eu\/fr\/a-propos-de-nous\/","og_locale":"fr_FR","og_type":"article","og_title":"\u00c0 propos de nous - Fondation Geolitho gGmbH","og_description":"La \u00ab Geolitho Stiftung gemein\u00adn\u00fctzige GmbH \u00bb a \u00e9t\u00e9 fond\u00e9e en 2021 par le Dr Man\u00adfred Seitz et Ste\u00adfan Schorn. Nous, la Geolitho Stiftung gemein\u00adn\u00fctzige GmbH, encour\u00ada\u00adgeons l\u2019\u00e9ducation pop\u00adu\u00adlaire dans les domaines de la min\u00e9ralo\u00adgie, de la g\u00e9olo\u00adgie des gise\u00adments, de la g\u00e9olo\u00adgie, de la pal\u00e9on\u00adtolo\u00adgie et de l\u2019exploitation mini\u00e8re, en exploitant, en pr\u00e9ser\u00advant et&hellip; Poursuivre la lecture \u00c0 propos de nous","og_url":"https:\/\/www.geolitho.eu\/fr\/a-propos-de-nous\/","og_site_name":"Fondation Geolitho gGmbH","article_modified_time":"2026-01-15T15:02:32+00:00","twitter_card":"summary_large_image","twitter_misc":{"Dur\u00e9e de lecture estim\u00e9e":"2 minutes"},"schema":{"@context":"https:\/\/schema.org","@graph":[{"@type":"WebPage","@id":"https:\/\/www.geolitho.eu\/fr\/a-propos-de-nous\/","url":"https:\/\/www.geolitho.eu\/fr\/a-propos-de-nous\/","name":"\u00c0 propos de nous - Fondation Geolitho gGmbH","isPartOf":{"@id":"https:\/\/www.geolitho.eu\/fr\/#website"},"datePublished":"2026-01-15T14:58:49+00:00","dateModified":"2026-01-15T15:02:32+00:00","breadcrumb":{"@id":"https:\/\/www.geolitho.eu\/fr\/a-propos-de-nous\/#breadcrumb"},"inLanguage":"fr-FR","potentialAction":[{"@type":"ReadAction","target":["https:\/\/www.geolitho.eu\/fr\/a-propos-de-nous\/"]}]},{"@type":"BreadcrumbList","@id":"https:\/\/www.geolitho.eu\/fr\/a-propos-de-nous\/#breadcrumb","itemListElement":[{"@type":"ListItem","position":1,"name":"Start","item":"https:\/\/www.geolitho.eu\/fr\/"},{"@type":"ListItem","position":2,"name":"\u00c0 propos de nous"}]},{"@type":"WebSite","@id":"https:\/\/www.geolitho.eu\/fr\/#website","url":"https:\/\/www.geolitho.eu\/fr\/","name":"Fondation Geolitho gGmbH","description":"Geolitho \u2013 la min\u00e9ralogie et la g\u00e9ologie \u00e0 port\u00e9e de main.","publisher":{"@id":"https:\/\/www.geolitho.eu\/fr\/#organization"},"potentialAction":[{"@type":"SearchAction","target":{"@type":"EntryPoint","urlTemplate":"https:\/\/www.geolitho.eu\/fr\/?s={search_term_string}"},"query-input":{"@type":"PropertyValueSpecification","valueRequired":true,"valueName":"search_term_string"}}],"inLanguage":"fr-FR"},{"@type":"Organization","@id":"https:\/\/www.geolitho.eu\/fr\/#organization","name":"Fondation Geolitho gGmbH","url":"https:\/\/www.geolitho.eu\/fr\/","logo":{"@type":"ImageObject","inLanguage":"fr-FR","@id":"https:\/\/www.geolitho.eu\/fr\/#\/schema\/logo\/image\/","url":"https:\/\/www.geolitho.eu\/fr\/wp-content\/uploads\/sites\/6\/2026\/01\/geolitho-hellgrau.png","contentUrl":"https:\/\/www.geolitho.eu\/fr\/wp-content\/uploads\/sites\/6\/2026\/01\/geolitho-hellgrau.png","width":900,"height":142,"caption":"Fondation Geolitho gGmbH"},"image":{"@id":"https:\/\/www.geolitho.eu\/fr\/#\/schema\/logo\/image\/"}}]}},"_links":{"self":[{"href":"https:\/\/www.geolitho.eu\/fr\/wp-json\/wp\/v2\/pages\/54","targetHints":{"allow":["GET"]}}],"collection":[{"href":"https:\/\/www.geolitho.eu\/fr\/wp-json\/wp\/v2\/pages"}],"about":[{"href":"https:\/\/www.geolitho.eu\/fr\/wp-json\/wp\/v2\/types\/page"}],"author":[{"embeddable":true,"href":"https:\/\/www.geolitho.eu\/fr\/wp-json\/wp\/v2\/users\/1"}],"replies":[{"embeddable":true,"href":"https:\/\/www.geolitho.eu\/fr\/wp-json\/wp\/v2\/comments?post=54"}],"version-history":[{"count":1,"href":"https:\/\/www.geolitho.eu\/fr\/wp-json\/wp\/v2\/pages\/54\/revisions"}],"predecessor-version":[{"id":55,"href":"https:\/\/www.geolitho.eu\/fr\/wp-json\/wp\/v2\/pages\/54\/revisions\/55"}],"wp:attachment":[{"href":"https:\/\/www.geolitho.eu\/fr\/wp-json\/wp\/v2\/media?parent=54"}],"curies":[{"name":"wp","href":"https:\/\/api.w.org\/{rel}","templated":true}]}}