{"id":59,"date":"2026-01-15T16:12:06","date_gmt":"2026-01-15T15:12:06","guid":{"rendered":"https:\/\/www.geolitho.eu\/fr\/?page_id=59"},"modified":"2026-01-15T16:12:06","modified_gmt":"2026-01-15T15:12:06","slug":"mentions-legales","status":"publish","type":"page","link":"https:\/\/www.geolitho.eu\/fr\/mentions-legales\/","title":{"rendered":"Mentions l\u00e9gales"},"content":{"rendered":"\n<p class=\"has-large-font-size\"><strong>Geolitho Stiftung gemein\u00adn\u00fctzige GmbH<\/strong><\/p>\n\n\n\n<p class=\"has-normal-font-size\"><br><strong>Asso\u00adci\u00e9s<\/strong><br><br> Ste\u00adfan Schorn<br> Matthias Fieser<br> G\u00fcn\u00adter Frenz<\/p>\n\n\n\n<p class=\"has-normal-font-size\"><strong>Directeurs g\u00e9n\u00e9raux<\/strong><br><br> Ste\u00adfan Schorn<br> Matthias Fieser<br><br><strong>Adresse et si\u00e8ge<\/strong><br><br> Fritz-Arnold-Str. 7 <br> 85614 Kirch\u00adseeon <br> Alle\u00admagne<\/p>\n\n\n\n<p class=\"has-normal-font-size\"><strong>Reg\u00adistre du com\u00admerce<\/strong><\/p>\n\n\n\n<p>Reg\u00adistre du com\u00admerce B Munich<br>HRB 270584<\/p>\n\n\n\n<p><strong>Num\u00e9ro de TVA intra\u00adcom\u00admu\u00adnau\u00adtaire<\/strong><\/p>\n\n\n\n<p> DE347357429<br><br><strong>T\u00e9l\u00e9\u00adphone<\/strong><br><br> +49 8091 6178175<\/p>\n\n\n\n<p><strong>E\u2011mail<\/strong><\/p>\n\n\n\n<p> info@geolitho.eu<\/p>\n\n","protected":false},"excerpt":{"rendered":"<p>Geolitho Stiftung gemein\u00adn\u00fctzige GmbH Asso\u00adci\u00e9s Ste\u00adfan Schorn Matthias Fieser G\u00fcn\u00adter Frenz Directeurs g\u00e9n\u00e9raux Ste\u00adfan Schorn Matthias Fieser Adresse et si\u00e8ge Fritz-Arnold-Str. 7 85614 Kirch\u00adseeon Alle\u00admagne Reg\u00adistre du com\u00admerce Reg\u00adistre du com\u00admerce B MunichHRB 270584 Num\u00e9ro de TVA intra\u00adcom\u00admu\u00adnau\u00adtaire DE347357429 T\u00e9l\u00e9\u00adphone +49 8091 6178175 E\u2011mail info@geolitho.eu<\/p>\n","protected":false},"author":1,"featured_media":0,"parent":0,"menu_order":0,"comment_status":"closed","ping_status":"closed","template":"","meta":{"wp_typography_post_enhancements_disabled":false,"footnotes":""},"class_list":["post-59","page","type-page","status-publish","hentry","entry"],"yoast_head":"<!-- This site is optimized with the Yoast SEO plugin v26.9 - https:\/\/yoast.com\/product\/yoast-seo-wordpress\/ -->\n<title>Mentions l\u00e9gales - Fondation Geolitho gGmbH<\/title>\n<meta name=\"robots\" content=\"index, follow, max-snippet:-1, max-image-preview:large, max-video-preview:-1\" \/>\n<link rel=\"canonical\" href=\"https:\/\/www.geolitho.eu\/fr\/mentions-legales\/\" \/>\n<meta property=\"og:locale\" content=\"fr_FR\" \/>\n<meta property=\"og:type\" content=\"article\" \/>\n<meta property=\"og:title\" content=\"Mentions l\u00e9gales - Fondation Geolitho gGmbH\" \/>\n<meta property=\"og:description\" content=\"Geolitho Stiftung gemein\u00adn\u00fctzige GmbH Asso\u00adci\u00e9s Ste\u00adfan Schorn Matthias Fieser G\u00fcn\u00adter Frenz Directeurs g\u00e9n\u00e9raux Ste\u00adfan Schorn Matthias Fieser Adresse et si\u00e8ge Fritz-Arnold-Str. 7 85614 Kirch\u00adseeon Alle\u00admagne Reg\u00adistre du com\u00admerce Reg\u00adistre du com\u00admerce B MunichHRB 270584 Num\u00e9ro de TVA intra\u00adcom\u00admu\u00adnau\u00adtaire DE347357429 T\u00e9l\u00e9\u00adphone +49 8091 6178175 E\u2011mail info@geolitho.eu\" \/>\n<meta property=\"og:url\" content=\"https:\/\/www.geolitho.eu\/fr\/mentions-legales\/\" \/>\n<meta property=\"og:site_name\" content=\"Fondation Geolitho gGmbH\" \/>\n<meta name=\"twitter:card\" content=\"summary_large_image\" \/>\n<meta name=\"twitter:label1\" content=\"Dur\u00e9e de lecture estim\u00e9e\" \/>\n\t<meta name=\"twitter:data1\" content=\"1 minute\" \/>\n<script type=\"application\/ld+json\" class=\"yoast-schema-graph\">{\"@context\":\"https:\/\/schema.org\",\"@graph\":[{\"@type\":\"WebPage\",\"@id\":\"https:\/\/www.geolitho.eu\/fr\/mentions-legales\/\",\"url\":\"https:\/\/www.geolitho.eu\/fr\/mentions-legales\/\",\"name\":\"Mentions l\u00e9gales - Fondation Geolitho gGmbH\",\"isPartOf\":{\"@id\":\"https:\/\/www.geolitho.eu\/fr\/#website\"},\"datePublished\":\"2026-01-15T15:12:06+00:00\",\"breadcrumb\":{\"@id\":\"https:\/\/www.geolitho.eu\/fr\/mentions-legales\/#breadcrumb\"},\"inLanguage\":\"fr-FR\",\"potentialAction\":[{\"@type\":\"ReadAction\",\"target\":[\"https:\/\/www.geolitho.eu\/fr\/mentions-legales\/\"]}]},{\"@type\":\"BreadcrumbList\",\"@id\":\"https:\/\/www.geolitho.eu\/fr\/mentions-legales\/#breadcrumb\",\"itemListElement\":[{\"@type\":\"ListItem\",\"position\":1,\"name\":\"Start\",\"item\":\"https:\/\/www.geolitho.eu\/fr\/\"},{\"@type\":\"ListItem\",\"position\":2,\"name\":\"Mentions l\u00e9gales\"}]},{\"@type\":\"WebSite\",\"@id\":\"https:\/\/www.geolitho.eu\/fr\/#website\",\"url\":\"https:\/\/www.geolitho.eu\/fr\/\",\"name\":\"Fondation Geolitho gGmbH\",\"description\":\"Geolitho \u2013 la min\u00e9ralogie et la g\u00e9ologie \u00e0 port\u00e9e de main.\",\"publisher\":{\"@id\":\"https:\/\/www.geolitho.eu\/fr\/#organization\"},\"potentialAction\":[{\"@type\":\"SearchAction\",\"target\":{\"@type\":\"EntryPoint\",\"urlTemplate\":\"https:\/\/www.geolitho.eu\/fr\/?s={search_term_string}\"},\"query-input\":{\"@type\":\"PropertyValueSpecification\",\"valueRequired\":true,\"valueName\":\"search_term_string\"}}],\"inLanguage\":\"fr-FR\"},{\"@type\":\"Organization\",\"@id\":\"https:\/\/www.geolitho.eu\/fr\/#organization\",\"name\":\"Fondation Geolitho gGmbH\",\"url\":\"https:\/\/www.geolitho.eu\/fr\/\",\"logo\":{\"@type\":\"ImageObject\",\"inLanguage\":\"fr-FR\",\"@id\":\"https:\/\/www.geolitho.eu\/fr\/#\/schema\/logo\/image\/\",\"url\":\"https:\/\/www.geolitho.eu\/fr\/wp-content\/uploads\/sites\/6\/2026\/01\/geolitho-hellgrau.png\",\"contentUrl\":\"https:\/\/www.geolitho.eu\/fr\/wp-content\/uploads\/sites\/6\/2026\/01\/geolitho-hellgrau.png\",\"width\":900,\"height\":142,\"caption\":\"Fondation Geolitho gGmbH\"},\"image\":{\"@id\":\"https:\/\/www.geolitho.eu\/fr\/#\/schema\/logo\/image\/\"}}]}<\/script>\n<!-- \/ Yoast SEO plugin. -->","yoast_head_json":{"title":"Mentions l\u00e9gales - Fondation Geolitho gGmbH","robots":{"index":"index","follow":"follow","max-snippet":"max-snippet:-1","max-image-preview":"max-image-preview:large","max-video-preview":"max-video-preview:-1"},"canonical":"https:\/\/www.geolitho.eu\/fr\/mentions-legales\/","og_locale":"fr_FR","og_type":"article","og_title":"Mentions l\u00e9gales - Fondation Geolitho gGmbH","og_description":"Geolitho Stiftung gemein\u00adn\u00fctzige GmbH Asso\u00adci\u00e9s Ste\u00adfan Schorn Matthias Fieser G\u00fcn\u00adter Frenz Directeurs g\u00e9n\u00e9raux Ste\u00adfan Schorn Matthias Fieser Adresse et si\u00e8ge Fritz-Arnold-Str. 7 85614 Kirch\u00adseeon Alle\u00admagne Reg\u00adistre du com\u00admerce Reg\u00adistre du com\u00admerce B MunichHRB 270584 Num\u00e9ro de TVA intra\u00adcom\u00admu\u00adnau\u00adtaire DE347357429 T\u00e9l\u00e9\u00adphone +49 8091 6178175 E\u2011mail info@geolitho.eu","og_url":"https:\/\/www.geolitho.eu\/fr\/mentions-legales\/","og_site_name":"Fondation Geolitho gGmbH","twitter_card":"summary_large_image","twitter_misc":{"Dur\u00e9e de lecture estim\u00e9e":"1 minute"},"schema":{"@context":"https:\/\/schema.org","@graph":[{"@type":"WebPage","@id":"https:\/\/www.geolitho.eu\/fr\/mentions-legales\/","url":"https:\/\/www.geolitho.eu\/fr\/mentions-legales\/","name":"Mentions l\u00e9gales - Fondation Geolitho gGmbH","isPartOf":{"@id":"https:\/\/www.geolitho.eu\/fr\/#website"},"datePublished":"2026-01-15T15:12:06+00:00","breadcrumb":{"@id":"https:\/\/www.geolitho.eu\/fr\/mentions-legales\/#breadcrumb"},"inLanguage":"fr-FR","potentialAction":[{"@type":"ReadAction","target":["https:\/\/www.geolitho.eu\/fr\/mentions-legales\/"]}]},{"@type":"BreadcrumbList","@id":"https:\/\/www.geolitho.eu\/fr\/mentions-legales\/#breadcrumb","itemListElement":[{"@type":"ListItem","position":1,"name":"Start","item":"https:\/\/www.geolitho.eu\/fr\/"},{"@type":"ListItem","position":2,"name":"Mentions l\u00e9gales"}]},{"@type":"WebSite","@id":"https:\/\/www.geolitho.eu\/fr\/#website","url":"https:\/\/www.geolitho.eu\/fr\/","name":"Fondation Geolitho gGmbH","description":"Geolitho \u2013 la min\u00e9ralogie et la g\u00e9ologie \u00e0 port\u00e9e de main.","publisher":{"@id":"https:\/\/www.geolitho.eu\/fr\/#organization"},"potentialAction":[{"@type":"SearchAction","target":{"@type":"EntryPoint","urlTemplate":"https:\/\/www.geolitho.eu\/fr\/?s={search_term_string}"},"query-input":{"@type":"PropertyValueSpecification","valueRequired":true,"valueName":"search_term_string"}}],"inLanguage":"fr-FR"},{"@type":"Organization","@id":"https:\/\/www.geolitho.eu\/fr\/#organization","name":"Fondation Geolitho gGmbH","url":"https:\/\/www.geolitho.eu\/fr\/","logo":{"@type":"ImageObject","inLanguage":"fr-FR","@id":"https:\/\/www.geolitho.eu\/fr\/#\/schema\/logo\/image\/","url":"https:\/\/www.geolitho.eu\/fr\/wp-content\/uploads\/sites\/6\/2026\/01\/geolitho-hellgrau.png","contentUrl":"https:\/\/www.geolitho.eu\/fr\/wp-content\/uploads\/sites\/6\/2026\/01\/geolitho-hellgrau.png","width":900,"height":142,"caption":"Fondation Geolitho gGmbH"},"image":{"@id":"https:\/\/www.geolitho.eu\/fr\/#\/schema\/logo\/image\/"}}]}},"_links":{"self":[{"href":"https:\/\/www.geolitho.eu\/fr\/wp-json\/wp\/v2\/pages\/59","targetHints":{"allow":["GET"]}}],"collection":[{"href":"https:\/\/www.geolitho.eu\/fr\/wp-json\/wp\/v2\/pages"}],"about":[{"href":"https:\/\/www.geolitho.eu\/fr\/wp-json\/wp\/v2\/types\/page"}],"author":[{"embeddable":true,"href":"https:\/\/www.geolitho.eu\/fr\/wp-json\/wp\/v2\/users\/1"}],"replies":[{"embeddable":true,"href":"https:\/\/www.geolitho.eu\/fr\/wp-json\/wp\/v2\/comments?post=59"}],"version-history":[{"count":1,"href":"https:\/\/www.geolitho.eu\/fr\/wp-json\/wp\/v2\/pages\/59\/revisions"}],"predecessor-version":[{"id":60,"href":"https:\/\/www.geolitho.eu\/fr\/wp-json\/wp\/v2\/pages\/59\/revisions\/60"}],"wp:attachment":[{"href":"https:\/\/www.geolitho.eu\/fr\/wp-json\/wp\/v2\/media?parent=59"}],"curies":[{"name":"wp","href":"https:\/\/api.w.org\/{rel}","templated":true}]}}