{"id":61,"date":"2026-01-15T16:16:39","date_gmt":"2026-01-15T15:16:39","guid":{"rendered":"https:\/\/www.geolitho.eu\/fr\/?page_id=61"},"modified":"2026-04-07T13:41:07","modified_gmt":"2026-04-07T11:41:07","slug":"politique-de-confidentialite","status":"publish","type":"page","link":"https:\/\/www.geolitho.eu\/fr\/politique-de-confidentialite\/","title":{"rendered":"D\u00e9claration de protection des donn\u00e9es"},"content":{"rendered":"\n<div class=\"wp-block-group is-style-default\"><div class=\"wp-block-group__inner-container is-layout-flow wp-block-group-is-layout-flow\">\n<p class=\"has-background-color has-white-background-color has-text-color has-background\">Nous nous r\u00e9jouis\u00adsons vive\u00adment de l\u2019int\u00e9r\u00eat que vous portez \u00e0 notre site Inter\u00adnet. La pro\u00adtec\u00adtion des don\u00adn\u00e9es rev\u00eat une impor\u00adtance toute par\u00adti\u00adc\u00aduli\u00e8re pour l\u2019exploitant de ce site. L\u2019utilisation des pages Inter\u00adnet de la Geolitho Stiftung gGmbH est en principe pos\u00adsi\u00adble sans fournir de don\u00adn\u00e9es \u00e0 car\u00adac\u00adt\u00e8re per\u00adson\u00adnel. Toute\u00adfois, si une per\u00adson\u00adne con\u00adcern\u00e9e souhaite utilis\u00ader des ser\u00advices sp\u00e9\u00adci\u00adfiques de notre site Inter\u00adnet, un traite\u00adment de don\u00adn\u00e9es \u00e0 car\u00adac\u00adt\u00e8re per\u00adson\u00adnel peut s\u2019av\u00e9rer n\u00e9ces\u00adsaire. Si le traite\u00adment de don\u00adn\u00e9es \u00e0 car\u00adac\u00adt\u00e8re per\u00adson\u00adnel est req\u00aduis et qu\u2019il n\u2019existe aucune base l\u00e9gale pour ce traite\u00adment, nous deman\u00addons en r\u00e8gle g\u00e9n\u00e9rale le con\u00adsen\u00adte\u00adment de la per\u00adson\u00adne con\u00adcern\u00e9e.<br><br>Nous avons mis en \u0153uvre de nom\u00adbreuses mesures tech\u00adniques et organ\u00adi\u00adsa\u00adtion\u00adnelles afin d\u2019assurer une pro\u00adtec\u00adtion aus\u00adsi com\u00adpl\u00e8te que pos\u00adsi\u00adble des don\u00adn\u00e9es \u00e0 car\u00adac\u00adt\u00e8re per\u00adson\u00adnel trait\u00e9es via ce site Inter\u00adnet. N\u00e9an\u00admoins, les trans\u00admis\u00adsions de don\u00adn\u00e9es bas\u00e9es sur Inter\u00adnet peu\u00advent, par principe, pr\u00e9sen\u00adter des failles de s\u00e9cu\u00adrit\u00e9, de sorte qu\u2019une pro\u00adtec\u00adtion absolue ne peut \u00eatre garantie.<br><br><strong>Nom et adresse du respon\u00ads\u00adable du traite\u00adment<\/strong><br><br>Le respon\u00ads\u00adable au sens du R\u00e8gle\u00adment g\u00e9n\u00e9ral sur la pro\u00adtec\u00adtion des don\u00adn\u00e9es (RGPD), des autres lois sur la pro\u00adtec\u00adtion des don\u00adn\u00e9es applic\u00ada\u00adbles dans les \u00c9tats mem\u00adbres de l\u2019Union europ\u00e9enne et des autres dis\u00adpo\u00adsi\u00adtions \u00e0 car\u00adac\u00adt\u00e8re juridique en mati\u00e8re de pro\u00adtec\u00adtion des don\u00adn\u00e9es est, pour la Geolitho Stiftung gGmbH :<br><br>Ste\u00adfan Schorn<br>Fritz-Arnold-Str. 7<br>85614 Kirch\u00adseeon<br>T\u00e9l. +49 8091 6178175<br>info@geolitho.eu<br><br><strong>Col\u00adlecte de don\u00adn\u00e9es g\u00e9n\u00e9rales<\/strong><br><br>Le site Inter\u00adnet de la Geolitho Stiftung gGmbH col\u00adlecte, \u00e0 chaque con\u00adsul\u00adta\u00adtion du site par une per\u00adson\u00adne con\u00adcern\u00e9e ou par un sys\u00adt\u00e8me automa\u00adtis\u00e9, une s\u00e9rie de don\u00adn\u00e9es et d\u2019informations g\u00e9n\u00e9rales. Ces don\u00adn\u00e9es et infor\u00adma\u00adtions g\u00e9n\u00e9rales sont enreg\u00adistr\u00e9es dans les fichiers jour\u00adnaux (log\u00adfiles) du serveur. Peu\u00advent notam\u00adment \u00eatre col\u00adlec\u00adt\u00e9es :<\/p>\n\n\n\n<div class=\"wp-block-group\"><div class=\"wp-block-group__inner-container is-layout-flow wp-block-group-is-layout-flow\">\n<ul class=\"wp-block-list\">\n<li>les types et ver\u00adsions de nav\u00adi\u00adga\u00adteurs util\u00adis\u00e9s,<\/li>\n\n\n\n<li>le sys\u00adt\u00e8me d\u2019exploitation util\u00adis\u00e9 par le sys\u00adt\u00e8me acc\u00e9\u00addant,<\/li>\n\n\n\n<li>le site Inter\u00adnet \u00e0 par\u00adtir duquel un sys\u00adt\u00e8me acc\u00e9\u00addant arrive sur notre site Inter\u00adnet (appel\u00e9 r\u00e9f\u00e9rent),<\/li>\n\n\n\n<li>les sous-pages con\u00adsult\u00e9es sur notre site Inter\u00adnet via un sys\u00adt\u00e8me acc\u00e9\u00addant,<\/li>\n\n\n\n<li>la date et l\u2019heure d\u2019un acc\u00e8s au site Inter\u00adnet,<\/li>\n\n\n\n<li>une adresse de pro\u00adto\u00adcole Inter\u00adnet (adresse IP),<\/li>\n\n\n\n<li>le four\u00adnisseur d\u2019acc\u00e8s Inter\u00adnet du sys\u00adt\u00e8me acc\u00e9\u00addant, et<\/li>\n\n\n\n<li>d\u2019autres don\u00adn\u00e9es et infor\u00adma\u00adtions sim\u00adi\u00adlaires ser\u00advant \u00e0 la pr\u00e9ven\u00adtion des risques en cas d\u2019attaques con\u00adtre nos sys\u00adt\u00e8mes infor\u00adma\u00adtiques.<\/li>\n<\/ul>\n<\/div><\/div>\n<\/div><\/div>\n\n\n\n<div class=\"wp-block-group\"><div class=\"wp-block-group__inner-container is-layout-flow wp-block-group-is-layout-flow\">\n<p class=\"has-background-color has-white-background-color has-text-color has-background\">Lors de l\u2019utilisation de ces don\u00adn\u00e9es et infor\u00adma\u00adtions g\u00e9n\u00e9rales, nous ne tirons aucune con\u00adclu\u00adsion con\u00adcer\u00adnant la per\u00adson\u00adne con\u00adcern\u00e9e. Ces infor\u00adma\u00adtions sont plut\u00f4t n\u00e9ces\u00adsaires afin de :<\/p>\n\n\n\n<div class=\"wp-block-group\"><div class=\"wp-block-group__inner-container is-layout-flow wp-block-group-is-layout-flow\">\n<ul class=\"wp-block-list\">\n<li>fournir cor\u00adrecte\u00adment le con\u00adtenu de notre site Inter\u00adnet,<\/li>\n\n\n\n<li>opti\u00admiser le con\u00adtenu de notre site Inter\u00adnet,<\/li>\n\n\n\n<li>garan\u00adtir le fonc\u00adtion\u00adnement durable de nos sys\u00adt\u00e8mes infor\u00adma\u00adtiques et de la tech\u00adnolo\u00adgie de notre site Inter\u00adnet, ain\u00adsi que<\/li>\n\n\n\n<li>fournir aux autorit\u00e9s charg\u00e9es de l\u2019application de la loi, en cas de cyber\u00adat\u00adtaque, les infor\u00adma\u00adtions n\u00e9ces\u00adsaires \u00e0 la pour\u00adsuite p\u00e9nale.<\/li>\n<\/ul>\n<\/div><\/div>\n\n\n\n<p>Ces don\u00adn\u00e9es et infor\u00adma\u00adtions col\u00adlec\u00adt\u00e9es sont donc \u00e9val\u00adu\u00e9es par la Geolitho Stiftung gemein\u00adn\u00fctzige GmbH, d\u2019une part \u00e0 des fins sta\u00adtis\u00adtiques et, d\u2019autre part, dans le but d\u2019am\u00e9liorer la pro\u00adtec\u00adtion des don\u00adn\u00e9es et la s\u00e9cu\u00adrit\u00e9 des don\u00adn\u00e9es de notre site Inter\u00adnet, afin de garan\u00adtir en d\u00e9fini\u00adtive un niveau de pro\u00adtec\u00adtion opti\u00admal des don\u00adn\u00e9es \u00e0 car\u00adac\u00adt\u00e8re per\u00adson\u00adnel que nous traitons.<\/p>\n\n\n\n<p>Nous ne trans\u00admet\u00adtons aucune don\u00adn\u00e9e \u00e0 des tiers ou \u00e0 des entre\u00adpris\u00ades. Aucun rap\u00adproche\u00adment de nos don\u00adn\u00e9es avec celles d\u2019autres ser\u00advices n\u2019a lieu.<\/p>\n\n\n\n<p><strong>Col\u00adlecte de don\u00adn\u00e9es dans le cadre de rela\u00adtions com\u00admer\u00adciales<\/strong><\/p>\n\n\n\n<p>Dans le cadre de rela\u00adtions com\u00admer\u00adciales, nous traitons :<\/p>\n\n\n\n<div class=\"wp-block-group\"><div class=\"wp-block-group__inner-container is-layout-flow wp-block-group-is-layout-flow\">\n<ul class=\"wp-block-list\">\n<li>des don\u00adn\u00e9es de base (p. ex. nom et civil\u00adit\u00e9),<\/li>\n\n\n\n<li>des coor\u00addon\u00adn\u00e9es (p. ex. num\u00e9ro de t\u00e9l\u00e9\u00adphone, adresse e\u2011mail, adresse postale),<\/li>\n\n\n\n<li>des don\u00adn\u00e9es de com\u00admu\u00adni\u00adca\u00adtion (p. ex. con\u00adtenus de com\u00admu\u00adni\u00adca\u00adtions per\u00adson\u00adnelles, t\u00e9l\u00e9\u00adphoniques ou \u00e9crites).<\/li>\n<\/ul>\n<\/div><\/div>\n\n\n\n<p><strong>Base juridique<\/strong> <strong>dans le cadre des rela\u00adtions com\u00admer\u00adciales<\/strong><\/p>\n\n\n\n<p>Nous traitons vos don\u00adn\u00e9es afin de rem\u00adplir nos oblig\u00ada\u00adtions et d\u2019entretenir des rela\u00adtions com\u00admer\u00adciales. Cela se fait par exem\u00adple pour traiter les \u00e9changes com\u00admer\u00adci\u00adaux entre acheteurs et vendeurs et, le cas \u00e9ch\u00e9ant, pour pren\u00addre con\u00adtact avec vous. Ce traite\u00adment est effec\u00adtu\u00e9 dans le respect des dis\u00adpo\u00adsi\u00adtions du R\u00e8gle\u00adment g\u00e9n\u00e9ral sur la pro\u00adtec\u00adtion des don\u00adn\u00e9es (RGPD) de l\u2019UE ain\u00adsi que de toutes les autres lois applic\u00ada\u00adbles.<\/p>\n\n\n\n<p><strong>Dur\u00e9e de con\u00adser\u00adva\u00adtion de vos don\u00adn\u00e9es<\/strong> <strong>dans le cadre des rela\u00adtions com\u00admer\u00adciales<\/strong><\/p>\n\n\n\n<p>Nous traitons vos don\u00adn\u00e9es \u00e0 car\u00adac\u00adt\u00e8re per\u00adson\u00adnel aus\u00adsi longtemps que cela est n\u00e9ces\u00adsaire aux fins men\u00adtion\u00adn\u00e9es ci-dessus. Apr\u00e8s la fin de la rela\u00adtion com\u00admer\u00adciale, vos don\u00adn\u00e9es sont con\u00adserv\u00e9es aus\u00adsi longtemps que nous y sommes l\u00e9gale\u00adment tenus. Cela r\u00e9sulte g\u00e9n\u00e9rale\u00adment d\u2019obligations l\u00e9gales de preuve et de con\u00adser\u00adva\u00adtion, notam\u00adment pr\u00e9vues par le Code de com\u00admerce et le Code fis\u00adcal. Les dur\u00e9es de con\u00adser\u00adva\u00adtion peu\u00advent aller jusqu\u2019\u00e0 dix ans.<\/p>\n\n\n\n<p><strong>Analyse des don\u00adn\u00e9es g\u00e9n\u00e9rales<\/strong><br><br>Afin d\u2019am\u00e9liorer notre ser\u00advice, des don\u00adn\u00e9es g\u00e9n\u00e9rales sont \u00e9val\u00adu\u00e9es de mani\u00e8re anonymis\u00e9e sur nos sites Inter\u00adnet \u00e0 l\u2019aide d\u2019un pro\u00adgramme fonc\u00adtion\u00adnant locale\u00adment. Aucune don\u00adn\u00e9e indi\u00advidu\u00adelle n\u2019est attribu\u00e9e. Gr\u00e2ce \u00e0 cette analyse, nous pou\u00advons voir quelles offres sont par\u00adti\u00adc\u00aduli\u00e8re\u00adment bien accueil\u00adlies et o\u00f9 des am\u00e9lio\u00adra\u00adtions pour\u00adraient \u00eatre apport\u00e9es. Nous pou\u00advons voir com\u00adbi\u00aden d\u2019utilisateurs nous ont vis\u00adit\u00e9s et ce qui a sus\u00adcit\u00e9 un int\u00e9r\u00eat par\u00adti\u00adc\u00aduli\u00ader. Nous ne pou\u00advons ni ne souhaitons voir ce que vous avez fait.<br>Nous ne trans\u00admet\u00adtons aucune don\u00adn\u00e9e \u00e0 des tiers ou \u00e0 des entre\u00adpris\u00ades. Aucun rap\u00adproche\u00adment de nos don\u00adn\u00e9es avec celles d\u2019autres ser\u00advices n\u2019a lieu.<br><br><strong>Cook\u00adies<\/strong><br><br>Les pages Inter\u00adnet de la Geolitho Stiftung gGmbH utilisent des cook\u00adies. Les cook\u00adies sont des fichiers texte qui sont stock\u00ad\u00e9s et enreg\u00adistr\u00e9s sur un sys\u00adt\u00e8me infor\u00adma\u00adtique via un nav\u00adi\u00adga\u00adteur Inter\u00adnet.<br><br>De nom\u00adbreux sites Inter\u00adnet et serveurs utilisent des cook\u00adies. Beau\u00adcoup de cook\u00adies con\u00adti\u00aden\u00adnent ce que l\u2019on appelle un iden\u00adti\u00adfi\u00adant de cook\u00adie (cook\u00adie-ID). Un cook\u00adie-ID est un iden\u00adti\u00adfi\u00adant unique du cook\u00adie. Il se com\u00adpose d\u2019une cha\u00eene de car\u00adac\u00adt\u00e8res per\u00adme\u00adt\u00adtant d\u2019attribuer les sites Inter\u00adnet et les serveurs au nav\u00adi\u00adga\u00adteur Inter\u00adnet sp\u00e9\u00adci\u00adfique dans lequel le cook\u00adie a \u00e9t\u00e9 enreg\u00adistr\u00e9. Cela per\u00admet de dis\u00adtinguer le nav\u00adi\u00adga\u00adteur indi\u00advidu\u00adel de la per\u00adson\u00adne con\u00adcern\u00e9e des autres nav\u00adi\u00adga\u00adteurs Inter\u00adnet con\u00adtenant d\u2019autres cook\u00adies. Un nav\u00adi\u00adga\u00adteur Inter\u00adnet sp\u00e9\u00adci\u00adfique peut \u00eatre recon\u00adnu et iden\u00adti\u00adfi\u00e9 via le cook\u00adie-ID unique.<br><br>Gr\u00e2ce \u00e0 l\u2019utilisation de cook\u00adies, la Geolitho Stiftung gGmbH peut fournir aux util\u00adisa\u00adteurs de ce site Inter\u00adnet des ser\u00advices plus con\u00advivi\u00adaux, qui ne seraient pas pos\u00adsi\u00adbles sans l\u2019utilisation de cook\u00adies.<br><br>Par exem\u00adple, l\u2019utilisateur d\u2019un site Inter\u00adnet util\u00adisant des cook\u00adies n\u2019a pas besoin de saisir \u00e0 nou\u00adveau ses iden\u00adti\u00adfi\u00adants \u00e0 chaque vis\u00adite, car ceux-ci sont pris en charge par le site Inter\u00adnet et par le cook\u00adie enreg\u00adistr\u00e9 sur le sys\u00adt\u00e8me infor\u00adma\u00adtique de l\u2019utilisateur. Les cook\u00adies sont \u00e9gale\u00adment n\u00e9ces\u00adsaires pour retrou\u00adver des con\u00adtenus tem\u00adpo\u00adraires, sp\u00e9\u00adciale\u00adment enreg\u00adistr\u00e9s pour vous.<br><br>La per\u00adson\u00adne con\u00adcern\u00e9e peut emp\u00each\u00ader \u00e0 tout moment l\u2019installation de cook\u00adies par notre site Inter\u00adnet au moyen d\u2019un param\u00e9\u00adtrage appro\u00adpri\u00e9 du nav\u00adi\u00adga\u00adteur Inter\u00adnet util\u00adis\u00e9 et ain\u00adsi s\u2019opposer durable\u00adment \u00e0 l\u2019installation de cook\u00adies. En out\u00adre, les cook\u00adies d\u00e9j\u00e0 instal\u00adl\u00e9s peu\u00advent \u00eatre sup\u00adprim\u00e9s \u00e0 tout moment via un nav\u00adi\u00adga\u00adteur Inter\u00adnet ou d\u2019autres pro\u00adgrammes logi\u00adciels. Cela est pos\u00adsi\u00adble dans tous les nav\u00adi\u00adga\u00adteurs Inter\u00adnet courants. Si la per\u00adson\u00adne con\u00adcern\u00e9e d\u00e9s\u00adac\u00adtive l\u2019installation de cook\u00adies dans le nav\u00adi\u00adga\u00adteur Inter\u00adnet util\u00adis\u00e9, cer\u00adtaines fonc\u00adtions de notre site Inter\u00adnet pour\u00adraient ne pas \u00eatre pleine\u00adment util\u00adis\u00adables.<br><br>Nous n\u2019utilisons pas les cook\u00adies pour vous suiv\u00adre ou espi\u00adonner vos int\u00e9r\u00eats. Nous n\u2019utilisons pas non plus de cook\u00adies \u00ab Do Not Track \u00bb, car nous ne proc\u00e9\u00addons pas au suivi. Installer un cook\u00adie pour savoir que vous ne souhaitez pas de cook\u00adies serait con\u00adtra\u00addic\u00adtoire.<br><\/p>\n\n\n\n<p><strong>Remar\u00adque<\/strong><\/p>\n\n\n\n<p><br>Vous avez le droit de deman\u00adder des infor\u00adma\u00adtions sur les don\u00adn\u00e9es vous con\u00adcer\u00adnant qui sont enreg\u00adistr\u00e9es, con\u00adfor\u00adm\u00e9\u00adment \u00e0 l\u2019article 15 du R\u00e8gle\u00adment g\u00e9n\u00e9ral sur la pro\u00adtec\u00adtion des don\u00adn\u00e9es (RGPD). En out\u00adre, vous pou\u00advez deman\u00adder la rec\u00adti\u00adfi\u00adca\u00adtion ou la sup\u00adpres\u00adsion de vos don\u00adn\u00e9es con\u00adfor\u00adm\u00e9\u00adment aux arti\u00adcles 16 et 17 du RGPD. Vous avez \u00e9gale\u00adment la pos\u00adsi\u00adbil\u00adit\u00e9 de deman\u00adder une lim\u00adi\u00adta\u00adtion du traite\u00adment de vos don\u00adn\u00e9es ou de recevoir les don\u00adn\u00e9es que vous avez fournies dans un for\u00admat struc\u00adtur\u00e9, couram\u00adment util\u00adis\u00e9 et lis\u00adi\u00adble par machine, dans la mesure o\u00f9 cela ne porte pas atteinte aux droits et lib\u00adert\u00e9s d\u2019autres per\u00adson\u00adnes, con\u00adfor\u00adm\u00e9\u00adment aux arti\u00adcles 18 et 20 du RGPD.<\/p>\n\n\n\n<p>Si vous nous avez don\u00adn\u00e9 votre con\u00adsen\u00adte\u00adment pour le traite\u00adment de vos don\u00adn\u00e9es \u00e0 car\u00adac\u00adt\u00e8re per\u00adson\u00adnel, vous pou\u00advez retir\u00ader ce con\u00adsen\u00adte\u00adment \u00e0 tout moment. La l\u00e9gal\u00adit\u00e9 du traite\u00adment effec\u00adtu\u00e9 sur la base de votre con\u00adsen\u00adte\u00adment avant son retrait n\u2019en est pas affec\u00adt\u00e9e.<\/p>\n\n\n\n<p>Vous pou\u00advez \u00e9gale\u00adment d\u00e9pos\u00ader une plainte aupr\u00e8s d\u2019une autorit\u00e9 de con\u00adtr\u00f4le de la pro\u00adtec\u00adtion des don\u00adn\u00e9es, con\u00adfor\u00adm\u00e9\u00adment \u00e0 l\u2019article 77 du RGPD. Le droit de recours existe ind\u00e9pen\u00addam\u00adment d\u2019autres voies de recours admin\u00adis\u00adtra\u00adtives ou judi\u00adci\u00adaires.<br><br><strong>Ques\u00adtions et infor\u00adma\u00adtions<\/strong><\/p>\n\n\n\n<p>Si vous avez des ques\u00adtions con\u00adcer\u00adnant les don\u00adn\u00e9es col\u00adlec\u00adt\u00e9es vous con\u00adcer\u00adnant, veuillez con\u00adtac\u00adter le respon\u00ads\u00adable du traite\u00adment des don\u00adn\u00e9es.<\/p>\n<\/div><\/div>\n","protected":false},"excerpt":{"rendered":"<p>Nous nous r\u00e9jouis\u00adsons vive\u00adment de l\u2019int\u00e9r\u00eat que vous portez \u00e0 notre site Inter\u00adnet. La pro\u00adtec\u00adtion des don\u00adn\u00e9es rev\u00eat une impor\u00adtance toute par\u00adti\u00adc\u00aduli\u00e8re pour l\u2019exploitant de ce site. L\u2019utilisation des pages Inter\u00adnet de la Geolitho Stiftung gGmbH est en principe pos\u00adsi\u00adble sans fournir de don\u00adn\u00e9es \u00e0 car\u00adac\u00adt\u00e8re per\u00adson\u00adnel. Toute\u00adfois, si une per\u00adson\u00adne con\u00adcern\u00e9e souhaite utilis\u00ader des\u2026 <a class=\"more-link\" href=\"https:\/\/www.geolitho.eu\/fr\/politique-de-confidentialite\/\">Pour\u00adsuiv\u00adre la lec\u00adture <span class=\"screen-reader-text\">D\u00e9c\u00adla\u00adra\u00adtion de pro\u00adtec\u00adtion des don\u00adn\u00e9es<\/span><\/a><\/p>\n","protected":false},"author":1,"featured_media":0,"parent":0,"menu_order":0,"comment_status":"closed","ping_status":"closed","template":"","meta":{"wp_typography_post_enhancements_disabled":false,"footnotes":""},"class_list":["post-61","page","type-page","status-publish","hentry","entry"],"yoast_head":"<!-- This site is optimized with the Yoast SEO plugin v26.9 - https:\/\/yoast.com\/product\/yoast-seo-wordpress\/ -->\n<title>D\u00e9claration de protection des donn\u00e9es - Fondation Geolitho gGmbH<\/title>\n<meta name=\"robots\" content=\"index, follow, max-snippet:-1, max-image-preview:large, max-video-preview:-1\" \/>\n<link rel=\"canonical\" href=\"https:\/\/www.geolitho.eu\/fr\/politique-de-confidentialite\/\" \/>\n<meta property=\"og:locale\" content=\"fr_FR\" \/>\n<meta property=\"og:type\" content=\"article\" \/>\n<meta property=\"og:title\" content=\"D\u00e9claration de protection des donn\u00e9es - Fondation Geolitho gGmbH\" \/>\n<meta property=\"og:description\" content=\"Nous nous r\u00e9jouis\u00adsons vive\u00adment de l\u2019int\u00e9r\u00eat que vous portez \u00e0 notre site Inter\u00adnet. La pro\u00adtec\u00adtion des don\u00adn\u00e9es rev\u00eat une impor\u00adtance toute par\u00adti\u00adc\u00aduli\u00e8re pour l\u2019exploitant de ce site. L\u2019utilisation des pages Inter\u00adnet de la Geolitho Stiftung gGmbH est en principe pos\u00adsi\u00adble sans fournir de don\u00adn\u00e9es \u00e0 car\u00adac\u00adt\u00e8re per\u00adson\u00adnel. Toute\u00adfois, si une per\u00adson\u00adne con\u00adcern\u00e9e souhaite utilis\u00ader des&hellip; Poursuivre la lecture D\u00e9claration de protection des donn\u00e9es\" \/>\n<meta property=\"og:url\" content=\"https:\/\/www.geolitho.eu\/fr\/politique-de-confidentialite\/\" \/>\n<meta property=\"og:site_name\" content=\"Fondation Geolitho gGmbH\" \/>\n<meta property=\"article:modified_time\" content=\"2026-04-07T11:41:07+00:00\" \/>\n<meta name=\"twitter:card\" content=\"summary_large_image\" \/>\n<meta name=\"twitter:label1\" content=\"Dur\u00e9e de lecture estim\u00e9e\" \/>\n\t<meta name=\"twitter:data1\" content=\"7 minutes\" \/>\n<script type=\"application\/ld+json\" class=\"yoast-schema-graph\">{\"@context\":\"https:\/\/schema.org\",\"@graph\":[{\"@type\":\"WebPage\",\"@id\":\"https:\/\/www.geolitho.eu\/fr\/politique-de-confidentialite\/\",\"url\":\"https:\/\/www.geolitho.eu\/fr\/politique-de-confidentialite\/\",\"name\":\"D\u00e9claration de protection des donn\u00e9es - Fondation Geolitho gGmbH\",\"isPartOf\":{\"@id\":\"https:\/\/www.geolitho.eu\/fr\/#website\"},\"datePublished\":\"2026-01-15T15:16:39+00:00\",\"dateModified\":\"2026-04-07T11:41:07+00:00\",\"breadcrumb\":{\"@id\":\"https:\/\/www.geolitho.eu\/fr\/politique-de-confidentialite\/#breadcrumb\"},\"inLanguage\":\"fr-FR\",\"potentialAction\":[{\"@type\":\"ReadAction\",\"target\":[\"https:\/\/www.geolitho.eu\/fr\/politique-de-confidentialite\/\"]}]},{\"@type\":\"BreadcrumbList\",\"@id\":\"https:\/\/www.geolitho.eu\/fr\/politique-de-confidentialite\/#breadcrumb\",\"itemListElement\":[{\"@type\":\"ListItem\",\"position\":1,\"name\":\"Start\",\"item\":\"https:\/\/www.geolitho.eu\/fr\/\"},{\"@type\":\"ListItem\",\"position\":2,\"name\":\"D\u00e9claration de protection des donn\u00e9es\"}]},{\"@type\":\"WebSite\",\"@id\":\"https:\/\/www.geolitho.eu\/fr\/#website\",\"url\":\"https:\/\/www.geolitho.eu\/fr\/\",\"name\":\"Fondation Geolitho gGmbH\",\"description\":\"Geolitho \u2013 la min\u00e9ralogie et la g\u00e9ologie \u00e0 port\u00e9e de main.\",\"publisher\":{\"@id\":\"https:\/\/www.geolitho.eu\/fr\/#organization\"},\"potentialAction\":[{\"@type\":\"SearchAction\",\"target\":{\"@type\":\"EntryPoint\",\"urlTemplate\":\"https:\/\/www.geolitho.eu\/fr\/?s={search_term_string}\"},\"query-input\":{\"@type\":\"PropertyValueSpecification\",\"valueRequired\":true,\"valueName\":\"search_term_string\"}}],\"inLanguage\":\"fr-FR\"},{\"@type\":\"Organization\",\"@id\":\"https:\/\/www.geolitho.eu\/fr\/#organization\",\"name\":\"Fondation Geolitho gGmbH\",\"url\":\"https:\/\/www.geolitho.eu\/fr\/\",\"logo\":{\"@type\":\"ImageObject\",\"inLanguage\":\"fr-FR\",\"@id\":\"https:\/\/www.geolitho.eu\/fr\/#\/schema\/logo\/image\/\",\"url\":\"https:\/\/www.geolitho.eu\/fr\/wp-content\/uploads\/sites\/6\/2026\/01\/geolitho-hellgrau.png\",\"contentUrl\":\"https:\/\/www.geolitho.eu\/fr\/wp-content\/uploads\/sites\/6\/2026\/01\/geolitho-hellgrau.png\",\"width\":900,\"height\":142,\"caption\":\"Fondation Geolitho gGmbH\"},\"image\":{\"@id\":\"https:\/\/www.geolitho.eu\/fr\/#\/schema\/logo\/image\/\"}}]}<\/script>\n<!-- \/ Yoast SEO plugin. -->","yoast_head_json":{"title":"D\u00e9claration de protection des donn\u00e9es - Fondation Geolitho gGmbH","robots":{"index":"index","follow":"follow","max-snippet":"max-snippet:-1","max-image-preview":"max-image-preview:large","max-video-preview":"max-video-preview:-1"},"canonical":"https:\/\/www.geolitho.eu\/fr\/politique-de-confidentialite\/","og_locale":"fr_FR","og_type":"article","og_title":"D\u00e9claration de protection des donn\u00e9es - Fondation Geolitho gGmbH","og_description":"Nous nous r\u00e9jouis\u00adsons vive\u00adment de l\u2019int\u00e9r\u00eat que vous portez \u00e0 notre site Inter\u00adnet. La pro\u00adtec\u00adtion des don\u00adn\u00e9es rev\u00eat une impor\u00adtance toute par\u00adti\u00adc\u00aduli\u00e8re pour l\u2019exploitant de ce site. L\u2019utilisation des pages Inter\u00adnet de la Geolitho Stiftung gGmbH est en principe pos\u00adsi\u00adble sans fournir de don\u00adn\u00e9es \u00e0 car\u00adac\u00adt\u00e8re per\u00adson\u00adnel. Toute\u00adfois, si une per\u00adson\u00adne con\u00adcern\u00e9e souhaite utilis\u00ader des&hellip; Poursuivre la lecture D\u00e9claration de protection des donn\u00e9es","og_url":"https:\/\/www.geolitho.eu\/fr\/politique-de-confidentialite\/","og_site_name":"Fondation Geolitho gGmbH","article_modified_time":"2026-04-07T11:41:07+00:00","twitter_card":"summary_large_image","twitter_misc":{"Dur\u00e9e de lecture estim\u00e9e":"7 minutes"},"schema":{"@context":"https:\/\/schema.org","@graph":[{"@type":"WebPage","@id":"https:\/\/www.geolitho.eu\/fr\/politique-de-confidentialite\/","url":"https:\/\/www.geolitho.eu\/fr\/politique-de-confidentialite\/","name":"D\u00e9claration de protection des donn\u00e9es - Fondation Geolitho gGmbH","isPartOf":{"@id":"https:\/\/www.geolitho.eu\/fr\/#website"},"datePublished":"2026-01-15T15:16:39+00:00","dateModified":"2026-04-07T11:41:07+00:00","breadcrumb":{"@id":"https:\/\/www.geolitho.eu\/fr\/politique-de-confidentialite\/#breadcrumb"},"inLanguage":"fr-FR","potentialAction":[{"@type":"ReadAction","target":["https:\/\/www.geolitho.eu\/fr\/politique-de-confidentialite\/"]}]},{"@type":"BreadcrumbList","@id":"https:\/\/www.geolitho.eu\/fr\/politique-de-confidentialite\/#breadcrumb","itemListElement":[{"@type":"ListItem","position":1,"name":"Start","item":"https:\/\/www.geolitho.eu\/fr\/"},{"@type":"ListItem","position":2,"name":"D\u00e9claration de protection des donn\u00e9es"}]},{"@type":"WebSite","@id":"https:\/\/www.geolitho.eu\/fr\/#website","url":"https:\/\/www.geolitho.eu\/fr\/","name":"Fondation Geolitho gGmbH","description":"Geolitho \u2013 la min\u00e9ralogie et la g\u00e9ologie \u00e0 port\u00e9e de main.","publisher":{"@id":"https:\/\/www.geolitho.eu\/fr\/#organization"},"potentialAction":[{"@type":"SearchAction","target":{"@type":"EntryPoint","urlTemplate":"https:\/\/www.geolitho.eu\/fr\/?s={search_term_string}"},"query-input":{"@type":"PropertyValueSpecification","valueRequired":true,"valueName":"search_term_string"}}],"inLanguage":"fr-FR"},{"@type":"Organization","@id":"https:\/\/www.geolitho.eu\/fr\/#organization","name":"Fondation Geolitho gGmbH","url":"https:\/\/www.geolitho.eu\/fr\/","logo":{"@type":"ImageObject","inLanguage":"fr-FR","@id":"https:\/\/www.geolitho.eu\/fr\/#\/schema\/logo\/image\/","url":"https:\/\/www.geolitho.eu\/fr\/wp-content\/uploads\/sites\/6\/2026\/01\/geolitho-hellgrau.png","contentUrl":"https:\/\/www.geolitho.eu\/fr\/wp-content\/uploads\/sites\/6\/2026\/01\/geolitho-hellgrau.png","width":900,"height":142,"caption":"Fondation Geolitho gGmbH"},"image":{"@id":"https:\/\/www.geolitho.eu\/fr\/#\/schema\/logo\/image\/"}}]}},"_links":{"self":[{"href":"https:\/\/www.geolitho.eu\/fr\/wp-json\/wp\/v2\/pages\/61","targetHints":{"allow":["GET"]}}],"collection":[{"href":"https:\/\/www.geolitho.eu\/fr\/wp-json\/wp\/v2\/pages"}],"about":[{"href":"https:\/\/www.geolitho.eu\/fr\/wp-json\/wp\/v2\/types\/page"}],"author":[{"embeddable":true,"href":"https:\/\/www.geolitho.eu\/fr\/wp-json\/wp\/v2\/users\/1"}],"replies":[{"embeddable":true,"href":"https:\/\/www.geolitho.eu\/fr\/wp-json\/wp\/v2\/comments?post=61"}],"version-history":[{"count":3,"href":"https:\/\/www.geolitho.eu\/fr\/wp-json\/wp\/v2\/pages\/61\/revisions"}],"predecessor-version":[{"id":149,"href":"https:\/\/www.geolitho.eu\/fr\/wp-json\/wp\/v2\/pages\/61\/revisions\/149"}],"wp:attachment":[{"href":"https:\/\/www.geolitho.eu\/fr\/wp-json\/wp\/v2\/media?parent=61"}],"curies":[{"name":"wp","href":"https:\/\/api.w.org\/{rel}","templated":true}]}}