{"id":68,"date":"2026-01-15T16:23:40","date_gmt":"2026-01-15T15:23:40","guid":{"rendered":"https:\/\/www.geolitho.eu\/fr\/?page_id=68"},"modified":"2026-02-06T20:13:46","modified_gmt":"2026-02-06T19:13:46","slug":"soutenir_faire_un_don","status":"publish","type":"page","link":"https:\/\/www.geolitho.eu\/fr\/soutenir_faire_un_don\/","title":{"rendered":"Soutenir \/ Faire un don"},"content":{"rendered":"\n<p><\/p>\n\n\n\n<p>Nous seri\u00adons tr\u00e8s heureux si vous souhaitiez soutenir nos objec\u00adtifs d\u2019int\u00e9r\u00eat g\u00e9n\u00e9ral. Les dons en nature et votre col\u00adlab\u00ado\u00adra\u00adtion sont tout aus\u00adsi bien\u00advenus que les dons financiers.<\/p>\n\n\n\n<h3 class=\"wp-block-heading\">Que donner&nbsp;?<\/h3>\n\n\n\n<p>Nous accep\u00adtons les anci\u00adennes col\u00adlec\u00adtions de min\u00e9raux, de fos\u00adsiles et de roches. Nous nous effor\u00e7ons d\u2019int\u00e9grer le mat\u00e9riel dans la lithoth\u00e8que. Le mat\u00e9riel qui ne cor\u00adre\u00adspond pas aux crit\u00e8res de la lithoth\u00e8que est trans\u00admis \u00e0 des mus\u00e9es parte\u00adnaires ou, le cas \u00e9ch\u00e9ant, ven\u00addu afin de con\u00adtribuer au finance\u00adment. Il nous tient \u00e0 c\u0153ur de pr\u00e9serv\u00ader et de men\u00adtion\u00adner le nom du dona\u00adteur ain\u00adsi que la valeur de son tra\u00advail de col\u00adlec\u00adtion.<\/p>\n\n\n\n<p>Une ques\u00adtion sou\u00advent pos\u00e9e&nbsp;: \u00ab&nbsp;Que devient ma col\u00adlec\u00adtion apr\u00e8s mon d\u00e9c\u00e8s&nbsp;?&nbsp;\u00bb \u2014 nous pou\u00advons peut-\u00eatre y r\u00e9pon\u00addre pour vous de cette mani\u00e8re. Vous pou\u00advez \u00e9gale\u00adment par\u00adticiper de votre vivant \u00e0 l\u2019int\u00e9gration de votre col\u00adlec\u00adtion et nous aider \u00e0 cat\u00ada\u00adloguer cor\u00adrecte\u00adment les pi\u00e8ces que vous souhaitez don\u00adner.<\/p>\n\n\n\n<p>Les dons financiers sont tr\u00e8s appr\u00e9\u00adci\u00e9s. Ils nous aident \u00e0 pour\u00adsuiv\u00adre des objec\u00adtifs com\u00admuns et \u00e0 p\u00e9ren\u00adnis\u00ader nos pro\u00adjets pour l\u2019avenir. Ce serait for\u00admi\u00adda\u00adble si nos pro\u00adjets valaient pour vous quelques euros de sou\u00adtien. Les dons peu\u00advent \u00eatre effec\u00adtu\u00e9s via Pay\u00adPal, par carte ban\u00adcaire ou directe\u00adment via Pay\u00adPal. Vous pou\u00advez \u00e9gale\u00adment nous faire par\u00advenir un don par vire\u00adment ban\u00adcaire&nbsp;: nous vous com\u00admu\u00adni\u00adquerons volon\u00adtiers nos coor\u00addon\u00adn\u00e9es. \u00c9tant une organ\u00adi\u00adsa\u00adtion d\u2019utilit\u00e9 publique, vos dons sont d\u00e9ductibles des imp\u00f4ts.<\/p>\n\n\n\n<p>Pour les dons allant jusqu\u2019\u00e0 300&nbsp;\u20ac (\u00e9tat&nbsp;: octo\u00adbre 2021), une con\u00adfir\u00adma\u00adtion de vire\u00adment de l\u2019\u00e9tablissement ban\u00adcaire suf\u00adfit en Alle\u00admagne pour la d\u00e9duc\u00adtion fis\u00adcale. Nous d\u00e9livrons volon\u00adtiers une attes\u00adta\u00adtion de don pour les mon\u00adtants plus \u00e9lev\u00e9s. Vous pou\u00advez join\u00addre notre <a href=\"https:\/\/www.geolitho.eu\/download\/Zuwendungsbescheinigung\/Geolitho-Zuwendungsbescheinigung.pdf\">attes\u00adta\u00adtion g\u00e9n\u00e9rale de don<\/a> \u00e0 votre vire\u00adment lors de votre d\u00e9c\u00adla\u00adra\u00adtion fis\u00adcale.<\/p>\n\n\n\n<p><strong>Vire\u00adment ban\u00adcaire<\/strong><\/p>\n\n\n\n<figure class=\"wp-block-table\">\n<table>\n<tbody>\n<tr><td>IBAN<\/td><td>DE06 7025 0150 0029 7209 35<\/td><\/tr>\n<tr><td>BIC<\/td><td>BYLADEM1KMS<\/td><\/tr>\n<\/tbody>\n<\/table>\n<\/figure>\n\n\n\n<p>Veuillez indi\u00adquer \u00ab&nbsp;Don&nbsp;\u00bb comme objet et, pour les dons plus impor\u00adtants, votre nom et votre adresse afin que nous puis\u00adsions \u00e9tablir une attes\u00adta\u00adtion de don.<\/p>\n\n\n\n<p><strong>Carte de cr\u00e9dit et Pay\u00adPal<\/strong><\/p>\n\n\n\n<p>D\u00e8s que vous cliquez sur le bou\u00adton de don, vous \u00eates redirig\u00e9 vers notre prestataire Pay\u00adPal. Vous n\u2019avez pas besoin de pos\u00ads\u00e9der un compte Pay\u00adPal pour effectuer un don.<\/p>\n\n\n\n<form action=\"https:\/\/www.paypal.com\/donate\" method=\"post\" target=\"_top\">\n<input type=\"hidden\" name=\"hosted_button_id\" value=\"6KH2L2RVWTFUL\"><br>\n<input type=\"image\" src=\"https:\/\/www.geolitho.eu\/collection\/images\/Donate.jpg\" name=\"submit\" title=\"Faire un don avec PayPal ou carte de cr\u00e9dit\" alt=\"Faire un don avec le bouton PayPal\" width=\"200\" border=\"0\"><br>\n<\/form>\n\n\n\n<h3 class=\"wp-block-heading\">\u00c0 quoi servent les dons<\/h3>\n\n\n\n<ul class=\"wp-block-list\">\n<li>Achat de nou\u00adveaux min\u00e9raux<\/li>\n<li>Cou\u00adver\u00adture des frais courants de serveurs<\/li>\n<li>Frais d\u2019enregistrement des domaines<\/li>\n<li>Charges annex\u00ades pour le Stufen\u00adheim (\u00e9lec\u00adtric\u00adit\u00e9, t\u00e9l\u00e9\u00adphone, Inter\u00adnet, d\u00e9chets, etc.)<\/li>\n<li>Bo\u00eetes de col\u00adlec\u00adtion<\/li>\n<li>Bo\u00eetiers et mat\u00e9riel de fix\u00ada\u00adtion<\/li>\n<li>Frais de loca\u00adtion<\/li>\n<li>Frais de con\u00adseil fis\u00adcal<\/li>\n<li>Attri\u00adbu\u00adtion de mis\u00adsions de d\u00e9veloppe\u00adment<\/li>\n<li>Dans une moin\u00addre mesure, frais de com\u00admu\u00adni\u00adca\u00adtion (par ex. auto\u00adcol\u00adlants)<\/li>\n<li>Frais de d\u00e9place\u00adment et de trans\u00adport, par ex. pour la col\u00adlecte de col\u00adlec\u00adtions<\/li>\n<li>Four\u00adni\u00adtures de bureau<\/li>\n<li>Ordi\u00adna\u00adteurs<\/li>\n<li>Out\u00adils<\/li>\n<li>Frais de per\u00adson\u00adnel (net\u00adtoy\u00adage, etc.)<\/li>\n<li>Micro\u00adscopes<\/li>\n<li>Analy\u00adses<\/li>\n<\/ul>\n\n\n\n<p>Cette liste n\u2019est pas exhaus\u00adtive, mais elle donne un aper\u00e7u de l\u2019utilisation prin\u00adci\u00adpale des ressources finan\u00adci\u00e8res. Vous trou\u00adverez plus de d\u00e9tails sur l\u2019utilisation des fonds sur notre page <a href=\"\/fr\/soutenir_faire_un_don\/\">\u00ab&nbsp;sou\u00adtien g\u00e9n\u00e9ral&nbsp;\u00bb<\/a>.<\/p>\n\n\n\n<p>Nous infor\u00admons des dons financiers re\u00e7us dans notre <a href=\"\/finanzielle-spenden\/\">aper\u00e7u des dons financiers<\/a>. La page <a href=\"\/fr\/dons-de-collections\/\">dons de col\u00adlec\u00adtions<\/a> vous donne un aper\u00e7u des nou\u00advelles acqui\u00adsi\u00adtions de col\u00adlec\u00adtions.<\/p>\n\n","protected":false},"excerpt":{"rendered":"<p>Nous seri\u00adons tr\u00e8s heureux si vous souhaitiez soutenir nos objec\u00adtifs d\u2019int\u00e9r\u00eat g\u00e9n\u00e9ral. Les dons en nature et votre col\u00adlab\u00ado\u00adra\u00adtion sont tout aus\u00adsi bien\u00advenus que les dons financiers. Que don\u00adner&nbsp;? Nous accep\u00adtons les anci\u00adennes col\u00adlec\u00adtions de min\u00e9raux, de fos\u00adsiles et de roches. Nous nous effor\u00e7ons d\u2019int\u00e9grer le mat\u00e9riel dans la lithoth\u00e8que. Le mat\u00e9riel qui ne cor\u00adre\u00adspond\u2026 <a class=\"more-link\" href=\"https:\/\/www.geolitho.eu\/fr\/soutenir_faire_un_don\/\">Pour\u00adsuiv\u00adre la lec\u00adture <span class=\"screen-reader-text\">Soutenir \/ Faire un don<\/span><\/a><\/p>\n","protected":false},"author":1,"featured_media":0,"parent":0,"menu_order":0,"comment_status":"closed","ping_status":"closed","template":"","meta":{"wp_typography_post_enhancements_disabled":false,"footnotes":""},"class_list":["post-68","page","type-page","status-publish","hentry","entry"],"yoast_head":"<!-- This site is optimized with the Yoast SEO plugin v26.9 - https:\/\/yoast.com\/product\/yoast-seo-wordpress\/ -->\n<title>Soutenir \/ Faire un don - Fondation Geolitho gGmbH<\/title>\n<meta name=\"robots\" content=\"index, follow, max-snippet:-1, max-image-preview:large, max-video-preview:-1\" \/>\n<link rel=\"canonical\" href=\"https:\/\/www.geolitho.eu\/fr\/soutenir_faire_un_don\/\" \/>\n<meta property=\"og:locale\" content=\"fr_FR\" \/>\n<meta property=\"og:type\" content=\"article\" \/>\n<meta property=\"og:title\" content=\"Soutenir \/ Faire un don - Fondation Geolitho gGmbH\" \/>\n<meta property=\"og:description\" content=\"Nous seri\u00adons tr\u00e8s heureux si vous souhaitiez soutenir nos objec\u00adtifs d\u2019int\u00e9r\u00eat g\u00e9n\u00e9ral. Les dons en nature et votre col\u00adlab\u00ado\u00adra\u00adtion sont tout aus\u00adsi bien\u00advenus que les dons financiers. Que donner&nbsp;? Nous accep\u00adtons les anci\u00adennes col\u00adlec\u00adtions de min\u00e9raux, de fos\u00adsiles et de roches. Nous nous effor\u00e7ons d\u2019int\u00e9grer le mat\u00e9riel dans la lithoth\u00e8que. Le mat\u00e9riel qui ne cor\u00adre\u00adspond&hellip; Poursuivre la lecture Soutenir \/ Faire un don\" \/>\n<meta property=\"og:url\" content=\"https:\/\/www.geolitho.eu\/fr\/soutenir_faire_un_don\/\" \/>\n<meta property=\"og:site_name\" content=\"Fondation Geolitho gGmbH\" \/>\n<meta property=\"article:modified_time\" content=\"2026-02-06T19:13:46+00:00\" \/>\n<meta name=\"twitter:card\" content=\"summary_large_image\" \/>\n<meta name=\"twitter:label1\" content=\"Dur\u00e9e de lecture estim\u00e9e\" \/>\n\t<meta name=\"twitter:data1\" content=\"3 minutes\" \/>\n<script type=\"application\/ld+json\" class=\"yoast-schema-graph\">{\"@context\":\"https:\/\/schema.org\",\"@graph\":[{\"@type\":\"WebPage\",\"@id\":\"https:\/\/www.geolitho.eu\/fr\/soutenir_faire_un_don\/\",\"url\":\"https:\/\/www.geolitho.eu\/fr\/soutenir_faire_un_don\/\",\"name\":\"Soutenir \/ Faire un don - Fondation Geolitho gGmbH\",\"isPartOf\":{\"@id\":\"https:\/\/www.geolitho.eu\/fr\/#website\"},\"datePublished\":\"2026-01-15T15:23:40+00:00\",\"dateModified\":\"2026-02-06T19:13:46+00:00\",\"breadcrumb\":{\"@id\":\"https:\/\/www.geolitho.eu\/fr\/soutenir_faire_un_don\/#breadcrumb\"},\"inLanguage\":\"fr-FR\",\"potentialAction\":[{\"@type\":\"ReadAction\",\"target\":[\"https:\/\/www.geolitho.eu\/fr\/soutenir_faire_un_don\/\"]}]},{\"@type\":\"BreadcrumbList\",\"@id\":\"https:\/\/www.geolitho.eu\/fr\/soutenir_faire_un_don\/#breadcrumb\",\"itemListElement\":[{\"@type\":\"ListItem\",\"position\":1,\"name\":\"Start\",\"item\":\"https:\/\/www.geolitho.eu\/fr\/\"},{\"@type\":\"ListItem\",\"position\":2,\"name\":\"Soutenir \/ Faire un don\"}]},{\"@type\":\"WebSite\",\"@id\":\"https:\/\/www.geolitho.eu\/fr\/#website\",\"url\":\"https:\/\/www.geolitho.eu\/fr\/\",\"name\":\"Fondation Geolitho gGmbH\",\"description\":\"Geolitho \u2013 la min\u00e9ralogie et la g\u00e9ologie \u00e0 port\u00e9e de main.\",\"publisher\":{\"@id\":\"https:\/\/www.geolitho.eu\/fr\/#organization\"},\"potentialAction\":[{\"@type\":\"SearchAction\",\"target\":{\"@type\":\"EntryPoint\",\"urlTemplate\":\"https:\/\/www.geolitho.eu\/fr\/?s={search_term_string}\"},\"query-input\":{\"@type\":\"PropertyValueSpecification\",\"valueRequired\":true,\"valueName\":\"search_term_string\"}}],\"inLanguage\":\"fr-FR\"},{\"@type\":\"Organization\",\"@id\":\"https:\/\/www.geolitho.eu\/fr\/#organization\",\"name\":\"Fondation Geolitho gGmbH\",\"url\":\"https:\/\/www.geolitho.eu\/fr\/\",\"logo\":{\"@type\":\"ImageObject\",\"inLanguage\":\"fr-FR\",\"@id\":\"https:\/\/www.geolitho.eu\/fr\/#\/schema\/logo\/image\/\",\"url\":\"https:\/\/www.geolitho.eu\/fr\/wp-content\/uploads\/sites\/6\/2026\/01\/geolitho-hellgrau.png\",\"contentUrl\":\"https:\/\/www.geolitho.eu\/fr\/wp-content\/uploads\/sites\/6\/2026\/01\/geolitho-hellgrau.png\",\"width\":900,\"height\":142,\"caption\":\"Fondation Geolitho gGmbH\"},\"image\":{\"@id\":\"https:\/\/www.geolitho.eu\/fr\/#\/schema\/logo\/image\/\"}}]}<\/script>\n<!-- \/ Yoast SEO plugin. -->","yoast_head_json":{"title":"Soutenir \/ Faire un don - Fondation Geolitho gGmbH","robots":{"index":"index","follow":"follow","max-snippet":"max-snippet:-1","max-image-preview":"max-image-preview:large","max-video-preview":"max-video-preview:-1"},"canonical":"https:\/\/www.geolitho.eu\/fr\/soutenir_faire_un_don\/","og_locale":"fr_FR","og_type":"article","og_title":"Soutenir \/ Faire un don - Fondation Geolitho gGmbH","og_description":"Nous seri\u00adons tr\u00e8s heureux si vous souhaitiez soutenir nos objec\u00adtifs d\u2019int\u00e9r\u00eat g\u00e9n\u00e9ral. Les dons en nature et votre col\u00adlab\u00ado\u00adra\u00adtion sont tout aus\u00adsi bien\u00advenus que les dons financiers. Que donner&nbsp;? Nous accep\u00adtons les anci\u00adennes col\u00adlec\u00adtions de min\u00e9raux, de fos\u00adsiles et de roches. Nous nous effor\u00e7ons d\u2019int\u00e9grer le mat\u00e9riel dans la lithoth\u00e8que. Le mat\u00e9riel qui ne cor\u00adre\u00adspond&hellip; Poursuivre la lecture Soutenir \/ Faire un don","og_url":"https:\/\/www.geolitho.eu\/fr\/soutenir_faire_un_don\/","og_site_name":"Fondation Geolitho gGmbH","article_modified_time":"2026-02-06T19:13:46+00:00","twitter_card":"summary_large_image","twitter_misc":{"Dur\u00e9e de lecture estim\u00e9e":"3 minutes"},"schema":{"@context":"https:\/\/schema.org","@graph":[{"@type":"WebPage","@id":"https:\/\/www.geolitho.eu\/fr\/soutenir_faire_un_don\/","url":"https:\/\/www.geolitho.eu\/fr\/soutenir_faire_un_don\/","name":"Soutenir \/ Faire un don - Fondation Geolitho gGmbH","isPartOf":{"@id":"https:\/\/www.geolitho.eu\/fr\/#website"},"datePublished":"2026-01-15T15:23:40+00:00","dateModified":"2026-02-06T19:13:46+00:00","breadcrumb":{"@id":"https:\/\/www.geolitho.eu\/fr\/soutenir_faire_un_don\/#breadcrumb"},"inLanguage":"fr-FR","potentialAction":[{"@type":"ReadAction","target":["https:\/\/www.geolitho.eu\/fr\/soutenir_faire_un_don\/"]}]},{"@type":"BreadcrumbList","@id":"https:\/\/www.geolitho.eu\/fr\/soutenir_faire_un_don\/#breadcrumb","itemListElement":[{"@type":"ListItem","position":1,"name":"Start","item":"https:\/\/www.geolitho.eu\/fr\/"},{"@type":"ListItem","position":2,"name":"Soutenir \/ Faire un don"}]},{"@type":"WebSite","@id":"https:\/\/www.geolitho.eu\/fr\/#website","url":"https:\/\/www.geolitho.eu\/fr\/","name":"Fondation Geolitho gGmbH","description":"Geolitho \u2013 la min\u00e9ralogie et la g\u00e9ologie \u00e0 port\u00e9e de main.","publisher":{"@id":"https:\/\/www.geolitho.eu\/fr\/#organization"},"potentialAction":[{"@type":"SearchAction","target":{"@type":"EntryPoint","urlTemplate":"https:\/\/www.geolitho.eu\/fr\/?s={search_term_string}"},"query-input":{"@type":"PropertyValueSpecification","valueRequired":true,"valueName":"search_term_string"}}],"inLanguage":"fr-FR"},{"@type":"Organization","@id":"https:\/\/www.geolitho.eu\/fr\/#organization","name":"Fondation Geolitho gGmbH","url":"https:\/\/www.geolitho.eu\/fr\/","logo":{"@type":"ImageObject","inLanguage":"fr-FR","@id":"https:\/\/www.geolitho.eu\/fr\/#\/schema\/logo\/image\/","url":"https:\/\/www.geolitho.eu\/fr\/wp-content\/uploads\/sites\/6\/2026\/01\/geolitho-hellgrau.png","contentUrl":"https:\/\/www.geolitho.eu\/fr\/wp-content\/uploads\/sites\/6\/2026\/01\/geolitho-hellgrau.png","width":900,"height":142,"caption":"Fondation Geolitho gGmbH"},"image":{"@id":"https:\/\/www.geolitho.eu\/fr\/#\/schema\/logo\/image\/"}}]}},"_links":{"self":[{"href":"https:\/\/www.geolitho.eu\/fr\/wp-json\/wp\/v2\/pages\/68","targetHints":{"allow":["GET"]}}],"collection":[{"href":"https:\/\/www.geolitho.eu\/fr\/wp-json\/wp\/v2\/pages"}],"about":[{"href":"https:\/\/www.geolitho.eu\/fr\/wp-json\/wp\/v2\/types\/page"}],"author":[{"embeddable":true,"href":"https:\/\/www.geolitho.eu\/fr\/wp-json\/wp\/v2\/users\/1"}],"replies":[{"embeddable":true,"href":"https:\/\/www.geolitho.eu\/fr\/wp-json\/wp\/v2\/comments?post=68"}],"version-history":[{"count":6,"href":"https:\/\/www.geolitho.eu\/fr\/wp-json\/wp\/v2\/pages\/68\/revisions"}],"predecessor-version":[{"id":148,"href":"https:\/\/www.geolitho.eu\/fr\/wp-json\/wp\/v2\/pages\/68\/revisions\/148"}],"wp:attachment":[{"href":"https:\/\/www.geolitho.eu\/fr\/wp-json\/wp\/v2\/media?parent=68"}],"curies":[{"name":"wp","href":"https:\/\/api.w.org\/{rel}","templated":true}]}}