{"id":87,"date":"2026-01-16T08:22:54","date_gmt":"2026-01-16T07:22:54","guid":{"rendered":"https:\/\/www.geolitho.eu\/fr\/?page_id=87"},"modified":"2026-01-16T08:23:19","modified_gmt":"2026-01-16T07:23:19","slug":"soutenir-financierement-notre-projet","status":"publish","type":"page","link":"https:\/\/www.geolitho.eu\/fr\/soutenir-financierement-notre-projet\/","title":{"rendered":"Soutenir financi\u00e8rement notre projet"},"content":{"rendered":"\n<p><strong>Vire\u00adment ban\u00adcaire<\/strong><\/p>\n\n\n\n<figure class=\"wp-block-table\"><table><tbody><tr><td>IBAN<\/td><td>DE06 7025 0150 0029 7209 35<\/td><\/tr><tr><td>BIC<\/td><td>BYLADEM1KMS<\/td><\/tr><\/tbody><\/table><\/figure>\n\n\n\n<p><strong>Carte de cr\u00e9dit et Pay\u00adPal<\/strong><\/p>\n\n\n\n<p>D\u00e8s que vous cliquez sur le bou\u00adton de don, vous \u00eates redirig\u00e9 vers notre prestataire de ser\u00advices Pay\u00adPal. Vous n\u2019avez pas besoin de pos\u00ads\u00e9der un compte Pay\u00adPal pour faire un don.<\/p>\n\n\n\n<form action=\"https:\/\/www.paypal.com\/donate\" method=\"post\" target=\"_top\">\n  <input type=\"hidden\" name=\"hosted_button_id\" value=\"6KH2L2RVWTFUL\"><br>\n  <input type=\"image\" src=\"https:\/\/www.geolitho.eu\/collection\/images\/Donate.jpg\" name=\"submit\" title=\"Faire un don avec PayPal ou carte de cr\u00e9dit\" alt=\"Faire un don avec le bouton PayPal\" width=\"200\" border=\"0\"><br>\n<\/form>\n\n\n\n<p>Pour les dons jusqu\u2019\u00e0 actuelle\u00adment 300&nbsp;\u20ac (\u00e9tat&nbsp;: octo\u00adbre&nbsp;2021), une con\u00adfir\u00adma\u00adtion de trans\u00adac\u00adtion de l\u2019\u00e9tablissement ban\u00adcaire suf\u00adfit aupr\u00e8s de l\u2019administration fis\u00adcale alle\u00admande pour d\u00e9duire le mon\u00adtant des imp\u00f4ts. Nous vous d\u00e9livrons volon\u00adtiers un re\u00e7u fis\u00adcal pour les dons plus impor\u00adtants. Vous pou\u00advez join\u00addre notre <a href=\"https:\/\/www.geolitho.eu\/download\/Zuwendungsbescheinigung\/Geolitho-Zuwendungsbescheinigung.pdf\">\u00ab&nbsp;attes\u00adta\u00adtion g\u00e9n\u00e9rale de don&nbsp;\u00bb<\/a> \u00e0 votre vire\u00adment lors de votre d\u00e9c\u00adla\u00adra\u00adtion fis\u00adcale.<\/p>\n\n\n\n<p>Vous trou\u00adverez l\u2019utilisation des fonds sur notre page <a href=\"https:\/\/www.geolitho.eu\/spenden\/\">\u00ab&nbsp;Sou\u00adtien g\u00e9n\u00e9ral&nbsp;\u00bb<\/a>. Nous infor\u00admons des dons re\u00e7us dans notre <a href=\"\/finanzielle-spenden\/\">aper\u00e7u des dons financiers<\/a>.<\/p>\n\n\n\n<p><\/p>\n","protected":false},"excerpt":{"rendered":"<p>Vire\u00adment ban\u00adcaire IBAN DE06 7025 0150 0029 7209 35 BIC BYLADEM1KMS Carte de cr\u00e9dit et Pay\u00adPal D\u00e8s que vous cliquez sur le bou\u00adton de don, vous \u00eates redirig\u00e9 vers notre prestataire de ser\u00advices Pay\u00adPal. Vous n\u2019avez pas besoin de pos\u00ads\u00e9der un compte Pay\u00adPal pour faire un don. Pour les dons jusqu\u2019\u00e0 actuelle\u00adment 300&nbsp;\u20ac (\u00e9tat&nbsp;: octo\u00adbre&nbsp;2021),\u2026 <a class=\"more-link\" href=\"https:\/\/www.geolitho.eu\/fr\/soutenir-financierement-notre-projet\/\">Pour\u00adsuiv\u00adre la lec\u00adture <span class=\"screen-reader-text\">Soutenir finan\u00adci\u00e8re\u00adment notre pro\u00adjet<\/span><\/a><\/p>\n","protected":false},"author":1,"featured_media":0,"parent":0,"menu_order":0,"comment_status":"closed","ping_status":"closed","template":"","meta":{"wp_typography_post_enhancements_disabled":false,"footnotes":""},"class_list":["post-87","page","type-page","status-publish","hentry","entry"],"yoast_head":"<!-- This site is optimized with the Yoast SEO plugin v26.9 - https:\/\/yoast.com\/product\/yoast-seo-wordpress\/ -->\n<title>Soutenir financi\u00e8rement notre projet - Fondation Geolitho gGmbH<\/title>\n<meta name=\"robots\" content=\"index, follow, max-snippet:-1, max-image-preview:large, max-video-preview:-1\" \/>\n<link rel=\"canonical\" href=\"https:\/\/www.geolitho.eu\/fr\/soutenir-financierement-notre-projet\/\" \/>\n<meta property=\"og:locale\" content=\"fr_FR\" \/>\n<meta property=\"og:type\" content=\"article\" \/>\n<meta property=\"og:title\" content=\"Soutenir financi\u00e8rement notre projet - Fondation Geolitho gGmbH\" \/>\n<meta property=\"og:description\" content=\"Vire\u00adment ban\u00adcaire IBAN DE06 7025 0150 0029 7209 35 BIC BYLADEM1KMS Carte de cr\u00e9dit et Pay\u00adPal D\u00e8s que vous cliquez sur le bou\u00adton de don, vous \u00eates redirig\u00e9 vers notre prestataire de ser\u00advices Pay\u00adPal. Vous n\u2019avez pas besoin de pos\u00ads\u00e9der un compte Pay\u00adPal pour faire un don. Pour les dons jusqu\u2019\u00e0 actuelle\u00adment 300&nbsp;\u20ac (\u00e9tat&nbsp;: octo\u00adbre&nbsp;2021),&hellip; Poursuivre la lecture Soutenir financi\u00e8rement notre projet\" \/>\n<meta property=\"og:url\" content=\"https:\/\/www.geolitho.eu\/fr\/soutenir-financierement-notre-projet\/\" \/>\n<meta property=\"og:site_name\" content=\"Fondation Geolitho gGmbH\" \/>\n<meta property=\"article:modified_time\" content=\"2026-01-16T07:23:19+00:00\" \/>\n<meta name=\"twitter:card\" content=\"summary_large_image\" \/>\n<meta name=\"twitter:label1\" content=\"Dur\u00e9e de lecture estim\u00e9e\" \/>\n\t<meta name=\"twitter:data1\" content=\"1 minute\" \/>\n<script type=\"application\/ld+json\" class=\"yoast-schema-graph\">{\"@context\":\"https:\/\/schema.org\",\"@graph\":[{\"@type\":\"WebPage\",\"@id\":\"https:\/\/www.geolitho.eu\/fr\/soutenir-financierement-notre-projet\/\",\"url\":\"https:\/\/www.geolitho.eu\/fr\/soutenir-financierement-notre-projet\/\",\"name\":\"Soutenir financi\u00e8rement notre projet - Fondation Geolitho gGmbH\",\"isPartOf\":{\"@id\":\"https:\/\/www.geolitho.eu\/fr\/#website\"},\"datePublished\":\"2026-01-16T07:22:54+00:00\",\"dateModified\":\"2026-01-16T07:23:19+00:00\",\"breadcrumb\":{\"@id\":\"https:\/\/www.geolitho.eu\/fr\/soutenir-financierement-notre-projet\/#breadcrumb\"},\"inLanguage\":\"fr-FR\",\"potentialAction\":[{\"@type\":\"ReadAction\",\"target\":[\"https:\/\/www.geolitho.eu\/fr\/soutenir-financierement-notre-projet\/\"]}]},{\"@type\":\"BreadcrumbList\",\"@id\":\"https:\/\/www.geolitho.eu\/fr\/soutenir-financierement-notre-projet\/#breadcrumb\",\"itemListElement\":[{\"@type\":\"ListItem\",\"position\":1,\"name\":\"Start\",\"item\":\"https:\/\/www.geolitho.eu\/fr\/\"},{\"@type\":\"ListItem\",\"position\":2,\"name\":\"Soutenir financi\u00e8rement notre projet\"}]},{\"@type\":\"WebSite\",\"@id\":\"https:\/\/www.geolitho.eu\/fr\/#website\",\"url\":\"https:\/\/www.geolitho.eu\/fr\/\",\"name\":\"Fondation Geolitho gGmbH\",\"description\":\"Geolitho \u2013 la min\u00e9ralogie et la g\u00e9ologie \u00e0 port\u00e9e de main.\",\"publisher\":{\"@id\":\"https:\/\/www.geolitho.eu\/fr\/#organization\"},\"potentialAction\":[{\"@type\":\"SearchAction\",\"target\":{\"@type\":\"EntryPoint\",\"urlTemplate\":\"https:\/\/www.geolitho.eu\/fr\/?s={search_term_string}\"},\"query-input\":{\"@type\":\"PropertyValueSpecification\",\"valueRequired\":true,\"valueName\":\"search_term_string\"}}],\"inLanguage\":\"fr-FR\"},{\"@type\":\"Organization\",\"@id\":\"https:\/\/www.geolitho.eu\/fr\/#organization\",\"name\":\"Fondation Geolitho gGmbH\",\"url\":\"https:\/\/www.geolitho.eu\/fr\/\",\"logo\":{\"@type\":\"ImageObject\",\"inLanguage\":\"fr-FR\",\"@id\":\"https:\/\/www.geolitho.eu\/fr\/#\/schema\/logo\/image\/\",\"url\":\"https:\/\/www.geolitho.eu\/fr\/wp-content\/uploads\/sites\/6\/2026\/01\/geolitho-hellgrau.png\",\"contentUrl\":\"https:\/\/www.geolitho.eu\/fr\/wp-content\/uploads\/sites\/6\/2026\/01\/geolitho-hellgrau.png\",\"width\":900,\"height\":142,\"caption\":\"Fondation Geolitho gGmbH\"},\"image\":{\"@id\":\"https:\/\/www.geolitho.eu\/fr\/#\/schema\/logo\/image\/\"}}]}<\/script>\n<!-- \/ Yoast SEO plugin. -->","yoast_head_json":{"title":"Soutenir financi\u00e8rement notre projet - Fondation Geolitho gGmbH","robots":{"index":"index","follow":"follow","max-snippet":"max-snippet:-1","max-image-preview":"max-image-preview:large","max-video-preview":"max-video-preview:-1"},"canonical":"https:\/\/www.geolitho.eu\/fr\/soutenir-financierement-notre-projet\/","og_locale":"fr_FR","og_type":"article","og_title":"Soutenir financi\u00e8rement notre projet - Fondation Geolitho gGmbH","og_description":"Vire\u00adment ban\u00adcaire IBAN DE06 7025 0150 0029 7209 35 BIC BYLADEM1KMS Carte de cr\u00e9dit et Pay\u00adPal D\u00e8s que vous cliquez sur le bou\u00adton de don, vous \u00eates redirig\u00e9 vers notre prestataire de ser\u00advices Pay\u00adPal. Vous n\u2019avez pas besoin de pos\u00ads\u00e9der un compte Pay\u00adPal pour faire un don. Pour les dons jusqu\u2019\u00e0 actuelle\u00adment 300&nbsp;\u20ac (\u00e9tat&nbsp;: octo\u00adbre&nbsp;2021),&hellip; Poursuivre la lecture Soutenir financi\u00e8rement notre projet","og_url":"https:\/\/www.geolitho.eu\/fr\/soutenir-financierement-notre-projet\/","og_site_name":"Fondation Geolitho gGmbH","article_modified_time":"2026-01-16T07:23:19+00:00","twitter_card":"summary_large_image","twitter_misc":{"Dur\u00e9e de lecture estim\u00e9e":"1 minute"},"schema":{"@context":"https:\/\/schema.org","@graph":[{"@type":"WebPage","@id":"https:\/\/www.geolitho.eu\/fr\/soutenir-financierement-notre-projet\/","url":"https:\/\/www.geolitho.eu\/fr\/soutenir-financierement-notre-projet\/","name":"Soutenir financi\u00e8rement notre projet - Fondation Geolitho gGmbH","isPartOf":{"@id":"https:\/\/www.geolitho.eu\/fr\/#website"},"datePublished":"2026-01-16T07:22:54+00:00","dateModified":"2026-01-16T07:23:19+00:00","breadcrumb":{"@id":"https:\/\/www.geolitho.eu\/fr\/soutenir-financierement-notre-projet\/#breadcrumb"},"inLanguage":"fr-FR","potentialAction":[{"@type":"ReadAction","target":["https:\/\/www.geolitho.eu\/fr\/soutenir-financierement-notre-projet\/"]}]},{"@type":"BreadcrumbList","@id":"https:\/\/www.geolitho.eu\/fr\/soutenir-financierement-notre-projet\/#breadcrumb","itemListElement":[{"@type":"ListItem","position":1,"name":"Start","item":"https:\/\/www.geolitho.eu\/fr\/"},{"@type":"ListItem","position":2,"name":"Soutenir financi\u00e8rement notre projet"}]},{"@type":"WebSite","@id":"https:\/\/www.geolitho.eu\/fr\/#website","url":"https:\/\/www.geolitho.eu\/fr\/","name":"Fondation Geolitho gGmbH","description":"Geolitho \u2013 la min\u00e9ralogie et la g\u00e9ologie \u00e0 port\u00e9e de main.","publisher":{"@id":"https:\/\/www.geolitho.eu\/fr\/#organization"},"potentialAction":[{"@type":"SearchAction","target":{"@type":"EntryPoint","urlTemplate":"https:\/\/www.geolitho.eu\/fr\/?s={search_term_string}"},"query-input":{"@type":"PropertyValueSpecification","valueRequired":true,"valueName":"search_term_string"}}],"inLanguage":"fr-FR"},{"@type":"Organization","@id":"https:\/\/www.geolitho.eu\/fr\/#organization","name":"Fondation Geolitho gGmbH","url":"https:\/\/www.geolitho.eu\/fr\/","logo":{"@type":"ImageObject","inLanguage":"fr-FR","@id":"https:\/\/www.geolitho.eu\/fr\/#\/schema\/logo\/image\/","url":"https:\/\/www.geolitho.eu\/fr\/wp-content\/uploads\/sites\/6\/2026\/01\/geolitho-hellgrau.png","contentUrl":"https:\/\/www.geolitho.eu\/fr\/wp-content\/uploads\/sites\/6\/2026\/01\/geolitho-hellgrau.png","width":900,"height":142,"caption":"Fondation Geolitho gGmbH"},"image":{"@id":"https:\/\/www.geolitho.eu\/fr\/#\/schema\/logo\/image\/"}}]}},"_links":{"self":[{"href":"https:\/\/www.geolitho.eu\/fr\/wp-json\/wp\/v2\/pages\/87","targetHints":{"allow":["GET"]}}],"collection":[{"href":"https:\/\/www.geolitho.eu\/fr\/wp-json\/wp\/v2\/pages"}],"about":[{"href":"https:\/\/www.geolitho.eu\/fr\/wp-json\/wp\/v2\/types\/page"}],"author":[{"embeddable":true,"href":"https:\/\/www.geolitho.eu\/fr\/wp-json\/wp\/v2\/users\/1"}],"replies":[{"embeddable":true,"href":"https:\/\/www.geolitho.eu\/fr\/wp-json\/wp\/v2\/comments?post=87"}],"version-history":[{"count":2,"href":"https:\/\/www.geolitho.eu\/fr\/wp-json\/wp\/v2\/pages\/87\/revisions"}],"predecessor-version":[{"id":89,"href":"https:\/\/www.geolitho.eu\/fr\/wp-json\/wp\/v2\/pages\/87\/revisions\/89"}],"wp:attachment":[{"href":"https:\/\/www.geolitho.eu\/fr\/wp-json\/wp\/v2\/media?parent=87"}],"curies":[{"name":"wp","href":"https:\/\/api.w.org\/{rel}","templated":true}]}}