{"id":60,"date":"2026-02-06T00:37:35","date_gmt":"2026-02-05T23:37:35","guid":{"rendered":"https:\/\/www.geolitho.eu\/it\/?page_id=60"},"modified":"2026-04-07T13:41:30","modified_gmt":"2026-04-07T11:41:30","slug":"informativa-sulla-privacy","status":"publish","type":"page","link":"https:\/\/www.geolitho.eu\/it\/informativa-sulla-privacy\/","title":{"rendered":"Informativa sulla privacy"},"content":{"rendered":"\n<div class=\"wp-block-group is-style-default\"><div class=\"wp-block-group__inner-container is-layout-flow wp-block-group-is-layout-flow\">\n<p class=\"has-background-color has-white-background-color has-text-color has-background\">Siamo molto lieti del Suo inter\u00adesse per il nos\u00adtro sito web. La pro\u00adtezione dei dati per\u00adson\u00adali riveste un\u2019importanza par\u00adti\u00adco\u00adlar\u00admente ele\u00adva\u00adta per il gestore di questo sito. In lin\u00adea di prin\u00adci\u00adpio, l\u2019utilizzo delle pagine Inter\u00adnet del\u00adla Geolitho Stiftung gGmbH \u00e8 pos\u00adsi\u00adbile sen\u00adza fornire alcun dato per\u00adson\u00adale. Tut\u00adtavia, qualo\u00adra una per\u00adsona inter\u00ades\u00adsa\u00adta desideri usufruire di servizi par\u00adti\u00adco\u00adlari offer\u00adti tramite il nos\u00adtro sito, potrebbe ren\u00adder\u00adsi nec\u00ades\u00adsaria l\u2019elaborazione di dati per\u00adson\u00adali. Se l\u2019elaborazione di dati per\u00adson\u00adali \u00e8 nec\u00ades\u00adsaria e non esiste una base giuridi\u00adca per tale trat\u00adta\u00admen\u00adto, richiedi\u00adamo gen\u00aderal\u00admente il con\u00adsen\u00adso del\u00adla per\u00adsona inter\u00ades\u00adsa\u00adta.<br><br>Abbi\u00adamo imple\u00admen\u00adta\u00adto numerose mis\u00adure tec\u00adniche e orga\u00adniz\u00adza\u00adtive per garan\u00adtire una pro\u00adtezione quan\u00adto pi\u00f9 com\u00adple\u00adta pos\u00adsi\u00adbile dei dati per\u00adson\u00adali trat\u00adtati tramite questo sito web. Ciononos\u00adtante, le trasmis\u00adsioni di dati via Inter\u00adnet pos\u00adsono pre\u00adsentare lacune di sicurez\u00adza, per\u00adtan\u00adto non \u00e8 pos\u00adsi\u00adbile garan\u00adtire una pro\u00adtezione asso\u00adlu\u00adta.<br><br><strong>Nome e ind\u00adi\u00adriz\u00adzo del respon\u00ads\u00adabile del trat\u00adta\u00admen\u00adto<\/strong><br><br>Il respon\u00ads\u00adabile ai sen\u00adsi del Rego\u00adla\u00admen\u00adto gen\u00aderale sul\u00adla pro\u00adtezione dei dati (GDPR), delle altre leg\u00adgi sul\u00adla pro\u00adtezione dei dati applic\u00ada\u00adbili negli Sta\u00adti mem\u00adbri dell\u2019Unione Euro\u00adpea e di altre dis\u00adpo\u00adsizioni di natu\u00adra pri\u00adva\u00adcy \u00e8, per la Geolitho Stiftung gGmbH:<br><br>Ste\u00adfan Schorn<br>Fritz-Arnold-Str. 7<br>85614 Kirch\u00adseeon<br>Tel. +49 8091 6178175<br>info@geolitho.eu<br><br><strong>Rac\u00adcol\u00adta di dati gen\u00ader\u00adali<\/strong><br><br>Il sito web del\u00adla Geolitho Stiftung gGmbH rac\u00adcoglie, ad ogni acces\u00adso al sito da parte di una per\u00adsona inter\u00ades\u00adsa\u00adta o di un sis\u00adtema autom\u00ada\u00adtiz\u00adza\u00adto, una serie di dati e infor\u00admazioni di carat\u00adtere gen\u00aderale. Tali dati e infor\u00admazioni gen\u00ader\u00adali ven\u00adgono mem\u00ado\u00adriz\u00adza\u00adti nei file di log del serv\u00ader. Pos\u00adsono essere reg\u00adis\u00adtrati i<\/p>\n\n\n\n<div class=\"wp-block-group\"><div class=\"wp-block-group__inner-container is-layout-flow wp-block-group-is-layout-flow\">\n<ul class=\"wp-block-list\">\n<li>tipi e ver\u00adsioni del brows\u00ader uti\u00adliz\u00adza\u00adto,<\/li>\n\n\n\n<li>il sis\u00adtema oper\u00ada\u00adti\u00advo uti\u00adliz\u00adza\u00adto dal sis\u00adtema che accede al sito,<\/li>\n\n\n\n<li>il sito web dal quale un sis\u00adtema acce\u00addente giunge al nos\u00adtro sito (cosid\u00addet\u00adti refer\u00adrer),<\/li>\n\n\n\n<li>le sot\u00adtopagine che ven\u00adgono rag\u00adgiunte sul nos\u00adtro sito tramite un sis\u00adtema acce\u00addente,<\/li>\n\n\n\n<li>la data e l\u2019ora di un acces\u00adso al sito web,<\/li>\n\n\n\n<li>un ind\u00adi\u00adriz\u00adzo di pro\u00adto\u00adcol\u00adlo Inter\u00adnet (ind\u00adi\u00adriz\u00adzo IP),<\/li>\n\n\n\n<li>l\u2019Internet Ser\u00advice Provider del sis\u00adtema acce\u00addente e<\/li>\n\n\n\n<li>altri dati e infor\u00admazioni sim\u00adili che ser\u00advono alla pre\u00adven\u00adzione dei peri\u00adcoli in caso di attac\u00adchi ai nos\u00adtri sis\u00adte\u00admi infor\u00admati\u00adci.<\/li>\n<\/ul>\n<\/div><\/div>\n<\/div><\/div>\n\n\n\n<div class=\"wp-block-group\"><div class=\"wp-block-group__inner-container is-layout-flow wp-block-group-is-layout-flow\">\n<p class=\"has-background-color has-white-background-color has-text-color has-background\">Durante l\u2019utilizzo di questi dati e infor\u00admazioni gen\u00ader\u00adali non tra\u00adiamo alcu\u00adna con\u00adclu\u00adsione sul\u00adla per\u00adsona inter\u00ades\u00adsa\u00adta. Tali infor\u00admazioni sono invece nec\u00ades\u00adsarie per<\/p>\n\n\n\n<div class=\"wp-block-group\"><div class=\"wp-block-group__inner-container is-layout-flow wp-block-group-is-layout-flow\">\n<ul class=\"wp-block-list\">\n<li>fornire cor\u00adret\u00adta\u00admente i con\u00adtenu\u00adti del nos\u00adtro sito web,<\/li>\n\n\n\n<li>ottimiz\u00adzare i con\u00adtenu\u00adti del nos\u00adtro sito web,<\/li>\n\n\n\n<li>garan\u00adtire la fun\u00adzion\u00adal\u00adit\u00e0 per\u00adma\u00adnente dei nos\u00adtri sis\u00adte\u00admi infor\u00admati\u00adci e del\u00adla tec\u00adnolo\u00adgia del nos\u00adtro sito web nonch\u00e9<\/li>\n\n\n\n<li>met\u00adtere a dis\u00adpo\u00adsizione delle autorit\u00e0 di persegui\u00admen\u00adto penale, in caso di attac\u00adco infor\u00admati\u00adco, le infor\u00admazioni nec\u00ades\u00adsarie per le indagi\u00adni.<\/li>\n<\/ul>\n<\/div><\/div>\n\n\n\n<p>I dati e le infor\u00admazioni rac\u00adcolti ven\u00adgono per\u00adtan\u00adto val\u00adu\u00adtati dal\u00adla Geolitho Stiftung gemein\u00adn\u00fctzige GmbH, da un lato, a fini sta\u00adtis\u00adti\u00adci e, dall\u2019altro, con l\u2019obiettivo di aumentare la pro\u00adtezione dei dati e la sicurez\u00adza del nos\u00adtro sito, al fine di garan\u00adtire in ulti\u00adma anal\u00adisi un liv\u00adel\u00adlo di pro\u00adtezione otti\u00admale per i dati per\u00adson\u00adali da noi trat\u00adtati.<\/p>\n\n\n\n<p>Non trasfe\u00adri\u00adamo dati ad altre per\u00adsone o aziende. Non avviene alcu\u00adna com\u00adbi\u00adnazione dei nos\u00adtri dati con dati di altri servizi.<\/p>\n\n\n\n<p><strong>Rac\u00adcol\u00adta di dati nell\u2019ambito di rap\u00adpor\u00adti com\u00admer\u00adciali<\/strong><\/p>\n\n\n\n<p>Nell\u2019ambito di rap\u00adpor\u00adti com\u00admer\u00adciali trat\u00adti\u00adamo<\/p>\n\n\n\n<div class=\"wp-block-group\"><div class=\"wp-block-group__inner-container is-layout-flow wp-block-group-is-layout-flow\">\n<ul class=\"wp-block-list\">\n<li>dati ana\u00adgrafi\u00adci (ad es. nome e for\u00admu\u00adla di corte\u00adsia),<\/li>\n\n\n\n<li>dati di con\u00adtat\u00adto (ad es. numero di tele\u00adfono, ind\u00adi\u00adriz\u00adzo e\u2011mail, ind\u00adi\u00adriz\u00adzo),<\/li>\n\n\n\n<li>dati di comu\u00adni\u00adcazione (ad es. con\u00adtenu\u00adti di comu\u00adni\u00adcazioni per\u00adson\u00adali, tele\u00adfoniche o scritte).<\/li>\n<\/ul>\n<\/div><\/div>\n\n\n\n<p><strong>Base giuridi\u00adca<\/strong> <strong>nell\u2019ambito di rap\u00adpor\u00adti com\u00admer\u00adciali<\/strong><\/p>\n\n\n\n<p>Trat\u00adti\u00adamo i Suoi dati per adem\u00adpiere agli obb\u00adlighi e per la ges\u00adtione dei rap\u00adpor\u00adti com\u00admer\u00adciali. Ci\u00f2 avviene, ad es., per gestire lo scam\u00adbio di mer\u00adci tra acquirente e ven\u00addi\u00adtore e, se nec\u00ades\u00adsario, per con\u00adtat\u00adtar\u00adLa. Il trat\u00adta\u00admen\u00adto avviene nel rispet\u00adto delle dis\u00adpo\u00adsizioni del Rego\u00adla\u00admen\u00adto UE sul\u00adla pro\u00adtezione dei dati (GDPR) nonch\u00e9 di tutte le ulte\u00adri\u00adori leg\u00adgi per\u00adti\u00adnen\u00adti.<\/p>\n\n\n\n<p><strong>Per quan\u00adto tem\u00adpo con\u00adservi\u00adamo i Suoi dati<\/strong> <strong>nell\u2019ambito di rap\u00adpor\u00adti com\u00admer\u00adciali<\/strong><\/p>\n\n\n\n<p>Trat\u00adti\u00adamo i Suoi dati per\u00adson\u00adali finch\u00e9 ci\u00f2 \u00e8 nec\u00ades\u00adsario per le final\u00adit\u00e0 sopra indi\u00adcate. Dopo la ces\u00adsazione del rap\u00adpor\u00adto com\u00admer\u00adciale, i Suoi dati ven\u00adgono con\u00adser\u00advati finch\u00e9 siamo obbli\u00adgati per legge. Ci\u00f2 deri\u00adva rego\u00adlar\u00admente da obb\u00adlighi legali di pro\u00adva e con\u00adser\u00advazione, dis\u00adci\u00adplinati tra l\u2019altro dal Codice com\u00admer\u00adciale e dal Codice trib\u00adu\u00adtario. I ter\u00admi\u00adni di con\u00adser\u00advazione pos\u00adsono arrivare fino a dieci anni.<\/p>\n\n\n\n<p><strong>Val\u00adu\u00adtazione di dati gen\u00ader\u00adali<\/strong><br><br>Per pot\u00ader miglio\u00adrare il nos\u00adtro servizio, sul nos\u00adtro sito web ven\u00adgono anal\u00adiz\u00adza\u00adti auto\u00admati\u00adca\u00admente dati gen\u00ader\u00adali in for\u00adma anon\u00adi\u00admiz\u00adza\u00adta medi\u00adante un pro\u00adgram\u00adma ese\u00adgui\u00adto local\u00admente. Non ven\u00adgono asso\u00adciati dati indi\u00advid\u00adu\u00adali. Gra\u00adzie a ques\u00adta val\u00adu\u00adtazione pos\u00adsi\u00adamo vedere quali offerte sono par\u00adti\u00adco\u00adlar\u00admente apprez\u00adzate e dove even\u00adtual\u00admente dovrem\u00admo miglio\u00adrare. Pos\u00adsi\u00adamo vedere quan\u00adti uten\u00adti ci han\u00adno vis\u00adi\u00adta\u00adto e cosa ha sus\u00adci\u00adta\u00adto mag\u00adgiore inter\u00adesse. Non pos\u00adsi\u00adamo e non vogliamo vedere cosa Lei ha fat\u00adto.<br>Non trasfe\u00adri\u00adamo dati ad altre per\u00adsone o aziende. Non avviene alcu\u00adna com\u00adbi\u00adnazione dei nos\u00adtri dati con dati di altri servizi.<br><br><strong>Cook\u00adie<\/strong><br><br>Le pagine Inter\u00adnet del\u00adla Geolitho Stiftung gGmbH uti\u00adliz\u00adzano cook\u00adie. I cook\u00adie sono file di testo che ven\u00adgono deposi\u00adtati e mem\u00ado\u00adriz\u00adza\u00adti su un sis\u00adtema infor\u00admati\u00adco tramite un brows\u00ader Inter\u00adnet.<br><br>Numerosi siti web e serv\u00ader uti\u00adliz\u00adzano cook\u00adie. Molti cook\u00adie con\u00adtengono un cosid\u00addet\u00adto ID cook\u00adie. Un ID cook\u00adie \u00e8 un iden\u00adti\u00adfica\u00adti\u00advo uni\u00advo\u00adco del cook\u00adie. Esso con\u00adsiste in una stringa di carat\u00adteri che con\u00adsente di asso\u00adcia\u00adre siti web e serv\u00ader allo speci\u00adfi\u00adco brows\u00ader Inter\u00adnet in cui il cook\u00adie \u00e8 sta\u00adto mem\u00ado\u00adriz\u00adza\u00adto. Ci\u00f2 per\u00adme\u00adtte ai siti web e ai serv\u00ader vis\u00adi\u00adtati di dis\u00adtinguere il brows\u00ader indi\u00advid\u00aduale del\u00adla per\u00adsona inter\u00ades\u00adsa\u00adta da altri brows\u00ader che con\u00adtengono cook\u00adie diver\u00adsi. Un deter\u00admi\u00adna\u00adto brows\u00ader Inter\u00adnet pu\u00f2 essere riconosci\u00adu\u00adto e iden\u00adti\u00adfi\u00adca\u00adto tramite l\u2019ID cook\u00adie uni\u00advo\u00adco.<br><br>Medi\u00adante l\u2019uso dei cook\u00adie, la Geolitho Stiftung gGmbH pu\u00f2 fornire agli uten\u00adti di questo sito servizi pi\u00f9 user-friend\u00adly, che non sareb\u00adbero pos\u00adsi\u00adbili sen\u00adza l\u2019impostazione dei cook\u00adie.<br><br>L\u2019utente di un sito web che uti\u00adliz\u00adza cook\u00adie, ad esem\u00adpio, non deve rein\u00adserire i pro\u00adpri dati di acces\u00adso ad ogni visi\u00adta, poich\u00e9 ci\u00f2 viene gesti\u00adto dal sito web e dal cook\u00adie mem\u00ado\u00adriz\u00adza\u00adto sul sis\u00adtema infor\u00admati\u00adco dell\u2019utente. I cook\u00adie sono nec\u00ades\u00adsari anche per ritrovare con\u00adtenu\u00adti tem\u00adpo\u00adranei mem\u00ado\u00adriz\u00adza\u00adti apposi\u00adta\u00admente per Lei.<br><br>La per\u00adsona inter\u00ades\u00adsa\u00adta pu\u00f2 impedire in qual\u00adsi\u00adasi momen\u00adto l\u2019impostazione dei cook\u00adie da parte del nos\u00adtro sito web medi\u00adante un\u2019impostazione cor\u00adrispon\u00addente del brows\u00ader uti\u00adliz\u00adza\u00adto e quin\u00addi oppor\u00adsi in modo per\u00adma\u00adnente all\u2019impostazione dei cook\u00adie. Inoltre, i cook\u00adie gi\u00e0 impo\u00adsta\u00adti pos\u00adsono essere can\u00adcel\u00adlati in qual\u00adsi\u00adasi momen\u00adto tramite un brows\u00ader Inter\u00adnet o altri pro\u00adgram\u00admi soft\u00adware. Ci\u00f2 \u00e8 pos\u00adsi\u00adbile in tut\u00adti i brows\u00ader Inter\u00adnet pi\u00f9 comu\u00adni. Se la per\u00adsona inter\u00ades\u00adsa\u00adta dis\u00adat\u00adti\u00adva l\u2019impostazione dei cook\u00adie nel brows\u00ader uti\u00adliz\u00adza\u00adto, alcune fun\u00adzioni del nos\u00adtro sito web potreb\u00adbero non essere pien\u00adamente uti\u00adliz\u00adz\u00adabili.<br><br>Non uti\u00adlizzi\u00adamo i cook\u00adie per trac\u00adcia\u00adr\u00adLa o per spi\u00adare i Suoi inter\u00ades\u00adsi. Non impos\u00adti\u00adamo nem\u00admeno cook\u00adie Do-Not-Track, poich\u00e9 non effet\u00adtuiamo trac\u00adcia\u00admen\u00adto. Impostare un cook\u00adie per sapere che non desidera cook\u00adie sarebbe con\u00adtrad\u00addit\u00adto\u00adrio.<br><\/p>\n\n\n\n<p><strong>Avverten\u00adza<\/strong><\/p>\n\n\n\n<p><br>Ha il dirit\u00adto di richiedere infor\u00admazioni sui dati che La riguardano e che sono mem\u00ado\u00adriz\u00adza\u00adti, ai sen\u00adsi dell\u2019articolo 15 del Rego\u00adla\u00admen\u00adto gen\u00aderale sul\u00adla pro\u00adtezione dei dati (GDPR). Inoltre, pu\u00f2 richiedere la ret\u00adti\u00adfi\u00adca o la can\u00adcel\u00adlazione dei Suoi dati ai sen\u00adsi degli arti\u00adcoli 16 e 17 del GDPR. Esiste anche la pos\u00adsi\u00adbil\u00adit\u00e0 di richiedere una lim\u00adi\u00adtazione del trat\u00adta\u00admen\u00adto dei Suoi dati o di ottenere i dati da Lei for\u00adni\u00adti in un for\u00adma\u00adto strut\u00adtura\u00adto, di uso comune e leg\u00adgi\u00adbile da dis\u00adpos\u00adi\u00adti\u00advo auto\u00admati\u00adco, purch\u00e9 ci\u00f2 non pregiu\u00addichi i dirit\u00adti e le lib\u00adert\u00e0 di altre per\u00adsone, ai sen\u00adsi degli arti\u00adcoli 18 e 20 del GDPR.<\/p>\n\n\n\n<p>Se ci ha for\u00adni\u00adto il Suo con\u00adsen\u00adso al trat\u00adta\u00admen\u00adto dei Suoi dati per\u00adson\u00adali, pu\u00f2 revo\u00adcare tale con\u00adsen\u00adso in qual\u00adsi\u00adasi momen\u00adto. La liceit\u00e0 del trat\u00adta\u00admen\u00adto effet\u00adtua\u00adto sul\u00adla base del Suo con\u00adsen\u00adso pri\u00adma del\u00adla revo\u00adca rimane invari\u00ada\u00adta.<\/p>\n\n\n\n<p>Pu\u00f2 inoltre pre\u00adsentare reclamo pres\u00adso un\u2019autorit\u00e0 di con\u00adtrol\u00adlo in mate\u00adria di pro\u00adtezione dei dati, ai sen\u00adsi dell\u2019articolo 77 del GDPR. Il dirit\u00adto di reclamo sus\u00adsiste indipen\u00adden\u00adte\u00admente da altri rime\u00addi ammin\u00adis\u00adtra\u00adtivi o giudiziari.<br><br><strong>Domande e infor\u00admazioni<\/strong><\/p>\n\n\n\n<p>Se ha domande sui dati rac\u00adcolti che La riguardano, La preghi\u00adamo di con\u00adtattare il respon\u00ads\u00adabile del trat\u00adta\u00admen\u00adto dei dati.<\/p>\n<\/div><\/div>\n","protected":false},"excerpt":{"rendered":"<p>Siamo molto lieti del Suo inter\u00adesse per il nos\u00adtro sito web. La pro\u00adtezione dei dati per\u00adson\u00adali riveste un\u2019importanza par\u00adti\u00adco\u00adlar\u00admente ele\u00adva\u00adta per il gestore di questo sito. In lin\u00adea di prin\u00adci\u00adpio, l\u2019utilizzo delle pagine Inter\u00adnet del\u00adla Geolitho Stiftung gGmbH \u00e8 pos\u00adsi\u00adbile sen\u00adza fornire alcun dato per\u00adson\u00adale. Tut\u00adtavia, qualo\u00adra una per\u00adsona inter\u00ades\u00adsa\u00adta desideri usufruire di servizi par\u00adti\u00adco\u00adlari\u2026 <a class=\"more-link\" href=\"https:\/\/www.geolitho.eu\/it\/informativa-sulla-privacy\/\">Con\u00adtin\u00adua a leg\u00adgere <span class=\"screen-reader-text\">Infor\u00adma\u00adti\u00adva sul\u00adla pri\u00adva\u00adcy<\/span><\/a><\/p>\n","protected":false},"author":1,"featured_media":0,"parent":0,"menu_order":0,"comment_status":"closed","ping_status":"closed","template":"","meta":{"wp_typography_post_enhancements_disabled":false,"footnotes":""},"class_list":["post-60","page","type-page","status-publish","hentry","entry"],"yoast_head":"<!-- This site is optimized with the Yoast SEO plugin v26.9 - https:\/\/yoast.com\/product\/yoast-seo-wordpress\/ -->\n<title>Informativa sulla privacy - Fondazione Geolitho gGmbH<\/title>\n<meta name=\"robots\" content=\"index, follow, max-snippet:-1, max-image-preview:large, max-video-preview:-1\" \/>\n<link rel=\"canonical\" href=\"https:\/\/www.geolitho.eu\/it\/informativa-sulla-privacy\/\" \/>\n<meta property=\"og:locale\" content=\"it_IT\" \/>\n<meta property=\"og:type\" content=\"article\" \/>\n<meta property=\"og:title\" content=\"Informativa sulla privacy - Fondazione Geolitho gGmbH\" \/>\n<meta property=\"og:description\" content=\"Siamo molto lieti del Suo inter\u00adesse per il nos\u00adtro sito web. La pro\u00adtezione dei dati per\u00adson\u00adali riveste un\u2019importanza par\u00adti\u00adco\u00adlar\u00admente ele\u00adva\u00adta per il gestore di questo sito. In lin\u00adea di prin\u00adci\u00adpio, l\u2019utilizzo delle pagine Inter\u00adnet del\u00adla Geolitho Stiftung gGmbH \u00e8 pos\u00adsi\u00adbile sen\u00adza fornire alcun dato per\u00adson\u00adale. Tut\u00adtavia, qualo\u00adra una per\u00adsona inter\u00ades\u00adsa\u00adta desideri usufruire di servizi par\u00adti\u00adco\u00adlari&hellip; Continua a leggere Informativa sulla privacy\" \/>\n<meta property=\"og:url\" content=\"https:\/\/www.geolitho.eu\/it\/informativa-sulla-privacy\/\" \/>\n<meta property=\"og:site_name\" content=\"Fondazione Geolitho gGmbH\" \/>\n<meta property=\"article:modified_time\" content=\"2026-04-07T11:41:30+00:00\" \/>\n<meta name=\"twitter:card\" content=\"summary_large_image\" \/>\n<meta name=\"twitter:label1\" content=\"Tempo di lettura stimato\" \/>\n\t<meta name=\"twitter:data1\" content=\"7 minuti\" \/>\n<script type=\"application\/ld+json\" class=\"yoast-schema-graph\">{\"@context\":\"https:\/\/schema.org\",\"@graph\":[{\"@type\":\"WebPage\",\"@id\":\"https:\/\/www.geolitho.eu\/it\/informativa-sulla-privacy\/\",\"url\":\"https:\/\/www.geolitho.eu\/it\/informativa-sulla-privacy\/\",\"name\":\"Informativa sulla privacy - Fondazione Geolitho gGmbH\",\"isPartOf\":{\"@id\":\"https:\/\/www.geolitho.eu\/it\/#website\"},\"datePublished\":\"2026-02-05T23:37:35+00:00\",\"dateModified\":\"2026-04-07T11:41:30+00:00\",\"breadcrumb\":{\"@id\":\"https:\/\/www.geolitho.eu\/it\/informativa-sulla-privacy\/#breadcrumb\"},\"inLanguage\":\"it-IT\",\"potentialAction\":[{\"@type\":\"ReadAction\",\"target\":[\"https:\/\/www.geolitho.eu\/it\/informativa-sulla-privacy\/\"]}]},{\"@type\":\"BreadcrumbList\",\"@id\":\"https:\/\/www.geolitho.eu\/it\/informativa-sulla-privacy\/#breadcrumb\",\"itemListElement\":[{\"@type\":\"ListItem\",\"position\":1,\"name\":\"Start\",\"item\":\"https:\/\/www.geolitho.eu\/it\/\"},{\"@type\":\"ListItem\",\"position\":2,\"name\":\"Informativa sulla privacy\"}]},{\"@type\":\"WebSite\",\"@id\":\"https:\/\/www.geolitho.eu\/it\/#website\",\"url\":\"https:\/\/www.geolitho.eu\/it\/\",\"name\":\"Fondazione Geolitho gGmbH\",\"description\":\"Geolitho - Mineralogia e geologia da toccare con mano.\",\"publisher\":{\"@id\":\"https:\/\/www.geolitho.eu\/it\/#organization\"},\"potentialAction\":[{\"@type\":\"SearchAction\",\"target\":{\"@type\":\"EntryPoint\",\"urlTemplate\":\"https:\/\/www.geolitho.eu\/it\/?s={search_term_string}\"},\"query-input\":{\"@type\":\"PropertyValueSpecification\",\"valueRequired\":true,\"valueName\":\"search_term_string\"}}],\"inLanguage\":\"it-IT\"},{\"@type\":\"Organization\",\"@id\":\"https:\/\/www.geolitho.eu\/it\/#organization\",\"name\":\"Fondazione Geolitho gGmbH\",\"url\":\"https:\/\/www.geolitho.eu\/it\/\",\"logo\":{\"@type\":\"ImageObject\",\"inLanguage\":\"it-IT\",\"@id\":\"https:\/\/www.geolitho.eu\/it\/#\/schema\/logo\/image\/\",\"url\":\"https:\/\/www.geolitho.eu\/it\/wp-content\/uploads\/sites\/8\/2026\/02\/geolitho-hellgrau.png\",\"contentUrl\":\"https:\/\/www.geolitho.eu\/it\/wp-content\/uploads\/sites\/8\/2026\/02\/geolitho-hellgrau.png\",\"width\":900,\"height\":142,\"caption\":\"Fondazione Geolitho gGmbH\"},\"image\":{\"@id\":\"https:\/\/www.geolitho.eu\/it\/#\/schema\/logo\/image\/\"}}]}<\/script>\n<!-- \/ Yoast SEO plugin. -->","yoast_head_json":{"title":"Informativa sulla privacy - Fondazione Geolitho gGmbH","robots":{"index":"index","follow":"follow","max-snippet":"max-snippet:-1","max-image-preview":"max-image-preview:large","max-video-preview":"max-video-preview:-1"},"canonical":"https:\/\/www.geolitho.eu\/it\/informativa-sulla-privacy\/","og_locale":"it_IT","og_type":"article","og_title":"Informativa sulla privacy - Fondazione Geolitho gGmbH","og_description":"Siamo molto lieti del Suo inter\u00adesse per il nos\u00adtro sito web. La pro\u00adtezione dei dati per\u00adson\u00adali riveste un\u2019importanza par\u00adti\u00adco\u00adlar\u00admente ele\u00adva\u00adta per il gestore di questo sito. In lin\u00adea di prin\u00adci\u00adpio, l\u2019utilizzo delle pagine Inter\u00adnet del\u00adla Geolitho Stiftung gGmbH \u00e8 pos\u00adsi\u00adbile sen\u00adza fornire alcun dato per\u00adson\u00adale. Tut\u00adtavia, qualo\u00adra una per\u00adsona inter\u00ades\u00adsa\u00adta desideri usufruire di servizi par\u00adti\u00adco\u00adlari&hellip; Continua a leggere Informativa sulla privacy","og_url":"https:\/\/www.geolitho.eu\/it\/informativa-sulla-privacy\/","og_site_name":"Fondazione Geolitho gGmbH","article_modified_time":"2026-04-07T11:41:30+00:00","twitter_card":"summary_large_image","twitter_misc":{"Tempo di lettura stimato":"7 minuti"},"schema":{"@context":"https:\/\/schema.org","@graph":[{"@type":"WebPage","@id":"https:\/\/www.geolitho.eu\/it\/informativa-sulla-privacy\/","url":"https:\/\/www.geolitho.eu\/it\/informativa-sulla-privacy\/","name":"Informativa sulla privacy - Fondazione Geolitho gGmbH","isPartOf":{"@id":"https:\/\/www.geolitho.eu\/it\/#website"},"datePublished":"2026-02-05T23:37:35+00:00","dateModified":"2026-04-07T11:41:30+00:00","breadcrumb":{"@id":"https:\/\/www.geolitho.eu\/it\/informativa-sulla-privacy\/#breadcrumb"},"inLanguage":"it-IT","potentialAction":[{"@type":"ReadAction","target":["https:\/\/www.geolitho.eu\/it\/informativa-sulla-privacy\/"]}]},{"@type":"BreadcrumbList","@id":"https:\/\/www.geolitho.eu\/it\/informativa-sulla-privacy\/#breadcrumb","itemListElement":[{"@type":"ListItem","position":1,"name":"Start","item":"https:\/\/www.geolitho.eu\/it\/"},{"@type":"ListItem","position":2,"name":"Informativa sulla privacy"}]},{"@type":"WebSite","@id":"https:\/\/www.geolitho.eu\/it\/#website","url":"https:\/\/www.geolitho.eu\/it\/","name":"Fondazione Geolitho gGmbH","description":"Geolitho - Mineralogia e geologia da toccare con mano.","publisher":{"@id":"https:\/\/www.geolitho.eu\/it\/#organization"},"potentialAction":[{"@type":"SearchAction","target":{"@type":"EntryPoint","urlTemplate":"https:\/\/www.geolitho.eu\/it\/?s={search_term_string}"},"query-input":{"@type":"PropertyValueSpecification","valueRequired":true,"valueName":"search_term_string"}}],"inLanguage":"it-IT"},{"@type":"Organization","@id":"https:\/\/www.geolitho.eu\/it\/#organization","name":"Fondazione Geolitho gGmbH","url":"https:\/\/www.geolitho.eu\/it\/","logo":{"@type":"ImageObject","inLanguage":"it-IT","@id":"https:\/\/www.geolitho.eu\/it\/#\/schema\/logo\/image\/","url":"https:\/\/www.geolitho.eu\/it\/wp-content\/uploads\/sites\/8\/2026\/02\/geolitho-hellgrau.png","contentUrl":"https:\/\/www.geolitho.eu\/it\/wp-content\/uploads\/sites\/8\/2026\/02\/geolitho-hellgrau.png","width":900,"height":142,"caption":"Fondazione Geolitho gGmbH"},"image":{"@id":"https:\/\/www.geolitho.eu\/it\/#\/schema\/logo\/image\/"}}]}},"_links":{"self":[{"href":"https:\/\/www.geolitho.eu\/it\/wp-json\/wp\/v2\/pages\/60","targetHints":{"allow":["GET"]}}],"collection":[{"href":"https:\/\/www.geolitho.eu\/it\/wp-json\/wp\/v2\/pages"}],"about":[{"href":"https:\/\/www.geolitho.eu\/it\/wp-json\/wp\/v2\/types\/page"}],"author":[{"embeddable":true,"href":"https:\/\/www.geolitho.eu\/it\/wp-json\/wp\/v2\/users\/1"}],"replies":[{"embeddable":true,"href":"https:\/\/www.geolitho.eu\/it\/wp-json\/wp\/v2\/comments?post=60"}],"version-history":[{"count":2,"href":"https:\/\/www.geolitho.eu\/it\/wp-json\/wp\/v2\/pages\/60\/revisions"}],"predecessor-version":[{"id":160,"href":"https:\/\/www.geolitho.eu\/it\/wp-json\/wp\/v2\/pages\/60\/revisions\/160"}],"wp:attachment":[{"href":"https:\/\/www.geolitho.eu\/it\/wp-json\/wp\/v2\/media?parent=60"}],"curies":[{"name":"wp","href":"https:\/\/api.w.org\/{rel}","templated":true}]}}