{"id":100,"date":"2026-01-25T13:52:30","date_gmt":"2026-01-25T12:52:30","guid":{"rendered":"https:\/\/www.geolitho.eu\/pt\/?page_id=100"},"modified":"2026-01-25T13:54:24","modified_gmt":"2026-01-25T12:54:24","slug":"sobre-nos","status":"publish","type":"page","link":"https:\/\/www.geolitho.eu\/pt\/sobre-nos\/","title":{"rendered":"Sobre n\u00f3s"},"content":{"rendered":"\n<p class=\"has-large-font-size\">A \u201cGeolitho Stiftung gGmbH\u201d (fun\u00adda\u00e7\u00e3o sem fins lucra\u00adtivos) foi fun\u00adda\u00adda no ano de 2021 por Dr. Man\u00adfred Seitz e Ste\u00adfan Schorn.<\/p>\n\n\n\n<p class=\"has-large-font-size\">N\u00f3s, da Geolitho Stiftung gGmbH, pro\u00admove\u00admos a edu\u00adca\u00e7\u00e3o pop\u00adu\u00adlar nas \u00e1reas da min\u00ader\u00adalo\u00adgia, geolo\u00adgia econ\u00f4mi\u00adca (dep\u00f3si\u00adtos min\u00aderais), geolo\u00adgia, pale\u00adon\u00adtolo\u00adgia e min\u00ader\u00ada\u00e7\u00e3o, por meio da oper\u00ada\u00e7\u00e3o, preser\u00adva\u00e7\u00e3o e expan\u00ads\u00e3o con\u00adt\u00ednua de pro\u00adje\u00adtos nas ci\u00ean\u00adcias da Ter\u00adra.<br><br>O obje\u00adti\u00advo fun\u00adda\u00adcional \u00e9 con\u00adcretiza\u00addo, em espe\u00adcial, pelas seguintes medi\u00addas:<br><\/p>\n\n\n\n<ul class=\"wp-block-list has-large-font-size\">\n<li>Mel\u00adho\u00adria con\u00adt\u00ednua da fun\u00adcional\u00adi\u00addade do \u201c<a href=\"https:\/\/www.mineralienatlas.de\" target=\"_blank\" rel=\"noreferrer noopener\">Atlas de Min\u00aderais \u2013 Atlas de F\u00f3s\u00adseis<\/a>\u201d, bem como a adap\u00adta\u00e7\u00e3o per\u00adma\u00adnente do seu con\u00adte\u00fa\u00addo a novos desen\u00advolvi\u00admen\u00adtos.<\/li>\n\n\n\n<li>Expan\u00ads\u00e3o con\u00adt\u00ednua da \u201c<a href=\"https:\/\/www.mineralienatlas.de\/lexikon\/index.php\/Sammlung\/Lithothek%20der%20M%C3%BCnchener%20Micromounter\" target=\"_blank\" rel=\"noreferrer noopener\">Litote\u00adca dos Micro\u00admoun\u00adters de Munique<\/a>\u201d com novos obje\u00adtos de cole\u00e7\u00e3o, respei\u00adtan\u00addo cuida\u00addosa\u00admente os obje\u00adtivos definidos para esta cole\u00e7\u00e3o (prin\u00adci\u00adpal\u00admente mel\u00adho\u00adria da qual\u00adi\u00addade, com\u00adple\u00adtude, ver\u00adi\u00adfi\u00adca\u00adbil\u00adi\u00addade cien\u00adt\u00ed\u00adfi\u00adca, preser\u00adva\u00e7\u00e3o de obje\u00adtos valiosos con\u00adtra a per\u00adda e a mem\u00f3ria de cole\u00adcionadores que j\u00e1 n\u00e3o est\u00e3o ativos e de suas con\u00adtribui\u00e7\u00f5es).<\/li>\n\n\n\n<li>Desen\u00advolvi\u00admen\u00adto e mel\u00adho\u00adria con\u00adt\u00ednua do instru\u00admen\u00adto de doc\u00adu\u00admen\u00adta\u00e7\u00e3o e apre\u00adsen\u00adta\u00e7\u00e3o inter\u00adcole\u00e7\u00f5es \u201c<a href=\"https:\/\/www.geolitho.eu\/collection\/index.php?lang=pt\" target=\"_blank\" rel=\"noreferrer noopener\">Geolitho<\/a>\u201d.<\/li>\n\n\n\n<li>Desen\u00advolvi\u00admen\u00adto e mel\u00adho\u00adria con\u00adt\u00ednua do Mer\u00adca\u00addo Geolitho para a tro\u00adca de obje\u00adtos de cole\u00e7\u00e3o.<\/li>\n\n\n\n<li>Disponi\u00adbi\u00adliza\u00ad\u00e7\u00e3o de todos os pro\u00adje\u00adtos geo\u00adcien\u00adt\u00ed\u00adfi\u00adcos e de seus resul\u00adta\u00addos para fins p\u00fabli\u00adcos e cien\u00adt\u00ed\u00adfi\u00adcos.<\/li>\n<\/ul>\n\n\n\n<p class=\"has-large-font-size\">Dessa for\u00adma, a Geolitho Stiftung gGmbH persegue exclu\u00adsi\u00adva\u00admente e de for\u00adma dire\u00adta fins de util\u00adi\u00addade p\u00fabli\u00adca, atuan\u00addo de maneira altru\u00eds\u00adta.<\/p>\n\n\n\n<p><\/p>\n","protected":false},"excerpt":{"rendered":"<p>A \u201cGeolitho Stiftung gGmbH\u201d (fun\u00adda\u00e7\u00e3o sem fins lucra\u00adtivos) foi fun\u00adda\u00adda no ano de 2021 por Dr. Man\u00adfred Seitz e Ste\u00adfan Schorn. N\u00f3s, da Geolitho Stiftung gGmbH, pro\u00admove\u00admos a edu\u00adca\u00e7\u00e3o pop\u00adu\u00adlar nas \u00e1reas da min\u00ader\u00adalo\u00adgia, geolo\u00adgia econ\u00f4mi\u00adca (dep\u00f3si\u00adtos min\u00aderais), geolo\u00adgia, pale\u00adon\u00adtolo\u00adgia e min\u00ader\u00ada\u00e7\u00e3o, por meio da oper\u00ada\u00e7\u00e3o, preser\u00adva\u00e7\u00e3o e expan\u00ads\u00e3o con\u00adt\u00ednua de pro\u00adje\u00adtos nas ci\u00ean\u00adcias da\u2026 <a class=\"more-link\" href=\"https:\/\/www.geolitho.eu\/pt\/sobre-nos\/\">Con\u00adtin\u00adue a ler <span class=\"screen-reader-text\">Sobre n\u00f3s<\/span><\/a><\/p>\n","protected":false},"author":1,"featured_media":0,"parent":0,"menu_order":0,"comment_status":"closed","ping_status":"closed","template":"","meta":{"wp_typography_post_enhancements_disabled":false,"footnotes":""},"class_list":["post-100","page","type-page","status-publish","hentry","entry"],"yoast_head":"<!-- This site is optimized with the Yoast SEO plugin v27.5 - https:\/\/yoast.com\/product\/yoast-seo-wordpress\/ -->\n<title>Sobre n\u00f3s - Funda\u00e7\u00e3o Geolitho gGmbH<\/title>\n<meta name=\"robots\" content=\"index, follow, max-snippet:-1, max-image-preview:large, max-video-preview:-1\" \/>\n<link rel=\"canonical\" href=\"https:\/\/www.geolitho.eu\/pt\/sobre-nos\/\" \/>\n<meta property=\"og:locale\" content=\"pt_PT\" \/>\n<meta property=\"og:type\" content=\"article\" \/>\n<meta property=\"og:title\" content=\"Sobre n\u00f3s - Funda\u00e7\u00e3o Geolitho gGmbH\" \/>\n<meta property=\"og:description\" content=\"A \u201cGeolitho Stiftung gGmbH\u201d (fun\u00adda\u00e7\u00e3o sem fins lucra\u00adtivos) foi fun\u00adda\u00adda no ano de 2021 por Dr. Man\u00adfred Seitz e Ste\u00adfan Schorn. N\u00f3s, da Geolitho Stiftung gGmbH, pro\u00admove\u00admos a edu\u00adca\u00e7\u00e3o pop\u00adu\u00adlar nas \u00e1reas da min\u00ader\u00adalo\u00adgia, geolo\u00adgia econ\u00f4mi\u00adca (dep\u00f3si\u00adtos min\u00aderais), geolo\u00adgia, pale\u00adon\u00adtolo\u00adgia e min\u00ader\u00ada\u00e7\u00e3o, por meio da oper\u00ada\u00e7\u00e3o, preser\u00adva\u00e7\u00e3o e expan\u00ads\u00e3o con\u00adt\u00ednua de pro\u00adje\u00adtos nas ci\u00ean\u00adcias da&hellip; Continue a ler Sobre n\u00f3s\" \/>\n<meta property=\"og:url\" content=\"https:\/\/www.geolitho.eu\/pt\/sobre-nos\/\" \/>\n<meta property=\"og:site_name\" content=\"Funda\u00e7\u00e3o Geolitho gGmbH\" \/>\n<meta property=\"article:modified_time\" content=\"2026-01-25T12:54:24+00:00\" \/>\n<meta name=\"twitter:card\" content=\"summary_large_image\" \/>\n<meta name=\"twitter:label1\" content=\"Tempo estimado de leitura\" \/>\n\t<meta name=\"twitter:data1\" content=\"2 minutos\" \/>\n<script type=\"application\/ld+json\" class=\"yoast-schema-graph\">{\"@context\":\"https:\\\/\\\/schema.org\",\"@graph\":[{\"@type\":\"WebPage\",\"@id\":\"https:\\\/\\\/www.geolitho.eu\\\/pt\\\/sobre-nos\\\/\",\"url\":\"https:\\\/\\\/www.geolitho.eu\\\/pt\\\/sobre-nos\\\/\",\"name\":\"Sobre n\u00f3s - Funda\u00e7\u00e3o Geolitho gGmbH\",\"isPartOf\":{\"@id\":\"https:\\\/\\\/www.geolitho.eu\\\/pt\\\/#website\"},\"datePublished\":\"2026-01-25T12:52:30+00:00\",\"dateModified\":\"2026-01-25T12:54:24+00:00\",\"breadcrumb\":{\"@id\":\"https:\\\/\\\/www.geolitho.eu\\\/pt\\\/sobre-nos\\\/#breadcrumb\"},\"inLanguage\":\"pt-PT\",\"potentialAction\":[{\"@type\":\"ReadAction\",\"target\":[\"https:\\\/\\\/www.geolitho.eu\\\/pt\\\/sobre-nos\\\/\"]}]},{\"@type\":\"BreadcrumbList\",\"@id\":\"https:\\\/\\\/www.geolitho.eu\\\/pt\\\/sobre-nos\\\/#breadcrumb\",\"itemListElement\":[{\"@type\":\"ListItem\",\"position\":1,\"name\":\"Start\",\"item\":\"https:\\\/\\\/www.geolitho.eu\\\/pt\\\/\"},{\"@type\":\"ListItem\",\"position\":2,\"name\":\"Sobre n\u00f3s\"}]},{\"@type\":\"WebSite\",\"@id\":\"https:\\\/\\\/www.geolitho.eu\\\/pt\\\/#website\",\"url\":\"https:\\\/\\\/www.geolitho.eu\\\/pt\\\/\",\"name\":\"Funda\u00e7\u00e3o Geolitho gGmbH\",\"description\":\"Geolitho \u2013 Mineralogia e Geologia para Vivenciar.\",\"publisher\":{\"@id\":\"https:\\\/\\\/www.geolitho.eu\\\/pt\\\/#organization\"},\"potentialAction\":[{\"@type\":\"SearchAction\",\"target\":{\"@type\":\"EntryPoint\",\"urlTemplate\":\"https:\\\/\\\/www.geolitho.eu\\\/pt\\\/?s={search_term_string}\"},\"query-input\":{\"@type\":\"PropertyValueSpecification\",\"valueRequired\":true,\"valueName\":\"search_term_string\"}}],\"inLanguage\":\"pt-PT\"},{\"@type\":\"Organization\",\"@id\":\"https:\\\/\\\/www.geolitho.eu\\\/pt\\\/#organization\",\"name\":\"Funda\u00e7\u00e3o Geolitho gGmbH\",\"url\":\"https:\\\/\\\/www.geolitho.eu\\\/pt\\\/\",\"logo\":{\"@type\":\"ImageObject\",\"inLanguage\":\"pt-PT\",\"@id\":\"https:\\\/\\\/www.geolitho.eu\\\/pt\\\/#\\\/schema\\\/logo\\\/image\\\/\",\"url\":\"https:\\\/\\\/www.geolitho.eu\\\/pt\\\/wp-content\\\/uploads\\\/sites\\\/7\\\/2026\\\/01\\\/geolitho-hellgrau.png\",\"contentUrl\":\"https:\\\/\\\/www.geolitho.eu\\\/pt\\\/wp-content\\\/uploads\\\/sites\\\/7\\\/2026\\\/01\\\/geolitho-hellgrau.png\",\"width\":900,\"height\":142,\"caption\":\"Funda\u00e7\u00e3o Geolitho gGmbH\"},\"image\":{\"@id\":\"https:\\\/\\\/www.geolitho.eu\\\/pt\\\/#\\\/schema\\\/logo\\\/image\\\/\"}}]}<\/script>\n<!-- \/ Yoast SEO plugin. -->","yoast_head_json":{"title":"Sobre n\u00f3s - Funda\u00e7\u00e3o Geolitho gGmbH","robots":{"index":"index","follow":"follow","max-snippet":"max-snippet:-1","max-image-preview":"max-image-preview:large","max-video-preview":"max-video-preview:-1"},"canonical":"https:\/\/www.geolitho.eu\/pt\/sobre-nos\/","og_locale":"pt_PT","og_type":"article","og_title":"Sobre n\u00f3s - Funda\u00e7\u00e3o Geolitho gGmbH","og_description":"A \u201cGeolitho Stiftung gGmbH\u201d (fun\u00adda\u00e7\u00e3o sem fins lucra\u00adtivos) foi fun\u00adda\u00adda no ano de 2021 por Dr. Man\u00adfred Seitz e Ste\u00adfan Schorn. N\u00f3s, da Geolitho Stiftung gGmbH, pro\u00admove\u00admos a edu\u00adca\u00e7\u00e3o pop\u00adu\u00adlar nas \u00e1reas da min\u00ader\u00adalo\u00adgia, geolo\u00adgia econ\u00f4mi\u00adca (dep\u00f3si\u00adtos min\u00aderais), geolo\u00adgia, pale\u00adon\u00adtolo\u00adgia e min\u00ader\u00ada\u00e7\u00e3o, por meio da oper\u00ada\u00e7\u00e3o, preser\u00adva\u00e7\u00e3o e expan\u00ads\u00e3o con\u00adt\u00ednua de pro\u00adje\u00adtos nas ci\u00ean\u00adcias da&hellip; Continue a ler Sobre n\u00f3s","og_url":"https:\/\/www.geolitho.eu\/pt\/sobre-nos\/","og_site_name":"Funda\u00e7\u00e3o Geolitho gGmbH","article_modified_time":"2026-01-25T12:54:24+00:00","twitter_card":"summary_large_image","twitter_misc":{"Tempo estimado de leitura":"2 minutos"},"schema":{"@context":"https:\/\/schema.org","@graph":[{"@type":"WebPage","@id":"https:\/\/www.geolitho.eu\/pt\/sobre-nos\/","url":"https:\/\/www.geolitho.eu\/pt\/sobre-nos\/","name":"Sobre n\u00f3s - Funda\u00e7\u00e3o Geolitho gGmbH","isPartOf":{"@id":"https:\/\/www.geolitho.eu\/pt\/#website"},"datePublished":"2026-01-25T12:52:30+00:00","dateModified":"2026-01-25T12:54:24+00:00","breadcrumb":{"@id":"https:\/\/www.geolitho.eu\/pt\/sobre-nos\/#breadcrumb"},"inLanguage":"pt-PT","potentialAction":[{"@type":"ReadAction","target":["https:\/\/www.geolitho.eu\/pt\/sobre-nos\/"]}]},{"@type":"BreadcrumbList","@id":"https:\/\/www.geolitho.eu\/pt\/sobre-nos\/#breadcrumb","itemListElement":[{"@type":"ListItem","position":1,"name":"Start","item":"https:\/\/www.geolitho.eu\/pt\/"},{"@type":"ListItem","position":2,"name":"Sobre n\u00f3s"}]},{"@type":"WebSite","@id":"https:\/\/www.geolitho.eu\/pt\/#website","url":"https:\/\/www.geolitho.eu\/pt\/","name":"Funda\u00e7\u00e3o Geolitho gGmbH","description":"Geolitho \u2013 Mineralogia e Geologia para Vivenciar.","publisher":{"@id":"https:\/\/www.geolitho.eu\/pt\/#organization"},"potentialAction":[{"@type":"SearchAction","target":{"@type":"EntryPoint","urlTemplate":"https:\/\/www.geolitho.eu\/pt\/?s={search_term_string}"},"query-input":{"@type":"PropertyValueSpecification","valueRequired":true,"valueName":"search_term_string"}}],"inLanguage":"pt-PT"},{"@type":"Organization","@id":"https:\/\/www.geolitho.eu\/pt\/#organization","name":"Funda\u00e7\u00e3o Geolitho gGmbH","url":"https:\/\/www.geolitho.eu\/pt\/","logo":{"@type":"ImageObject","inLanguage":"pt-PT","@id":"https:\/\/www.geolitho.eu\/pt\/#\/schema\/logo\/image\/","url":"https:\/\/www.geolitho.eu\/pt\/wp-content\/uploads\/sites\/7\/2026\/01\/geolitho-hellgrau.png","contentUrl":"https:\/\/www.geolitho.eu\/pt\/wp-content\/uploads\/sites\/7\/2026\/01\/geolitho-hellgrau.png","width":900,"height":142,"caption":"Funda\u00e7\u00e3o Geolitho gGmbH"},"image":{"@id":"https:\/\/www.geolitho.eu\/pt\/#\/schema\/logo\/image\/"}}]}},"_links":{"self":[{"href":"https:\/\/www.geolitho.eu\/pt\/wp-json\/wp\/v2\/pages\/100","targetHints":{"allow":["GET"]}}],"collection":[{"href":"https:\/\/www.geolitho.eu\/pt\/wp-json\/wp\/v2\/pages"}],"about":[{"href":"https:\/\/www.geolitho.eu\/pt\/wp-json\/wp\/v2\/types\/page"}],"author":[{"embeddable":true,"href":"https:\/\/www.geolitho.eu\/pt\/wp-json\/wp\/v2\/users\/1"}],"replies":[{"embeddable":true,"href":"https:\/\/www.geolitho.eu\/pt\/wp-json\/wp\/v2\/comments?post=100"}],"version-history":[{"count":2,"href":"https:\/\/www.geolitho.eu\/pt\/wp-json\/wp\/v2\/pages\/100\/revisions"}],"predecessor-version":[{"id":102,"href":"https:\/\/www.geolitho.eu\/pt\/wp-json\/wp\/v2\/pages\/100\/revisions\/102"}],"wp:attachment":[{"href":"https:\/\/www.geolitho.eu\/pt\/wp-json\/wp\/v2\/media?parent=100"}],"curies":[{"name":"wp","href":"https:\/\/api.w.org\/{rel}","templated":true}]}}