{"id":111,"date":"2026-01-26T20:40:13","date_gmt":"2026-01-26T19:40:13","guid":{"rendered":"https:\/\/www.geolitho.eu\/pt\/?page_id=111"},"modified":"2026-01-26T20:40:14","modified_gmt":"2026-01-26T19:40:14","slug":"formulario-de-contacto","status":"publish","type":"page","link":"https:\/\/www.geolitho.eu\/pt\/formulario-de-contacto\/","title":{"rendered":"Formul\u00e1rio de contacto"},"content":{"rendered":"        <div class=\"ccf-box\">\n            <h2>Enviar mensagem<\/h2>\n\n            <div class=\"ccf-note\">\n    \t\tNota: Ir\u00e1 rece\u00adber um e\u2011mail de con\u00adfir\u00adma\u00e7\u00e3o para ver\u00adi\u00adficar o seu endere\u00e7o de e\u2011mail. \n    \t\t Ver\u00adi\u00adfique tam\u00adb\u00e9m a pas\u00adta de spam. A sua men\u00adsagem n\u00e3o ser\u00e1 envi\u00ada\u00adda sem con\u00adfir\u00adma\u00e7\u00e3o.\t\t\t<\/div>\n\n            \n            <form method=\"post\">\n                <input type=\"hidden\" id=\"_wpnonce\" name=\"_wpnonce\" value=\"58c3ddbca6\"><input type=\"hidden\" name=\"_wp_http_referer\" value=\"\/pt\/wp-json\/wp\/v2\/pages\/111\">\n                <label>Trata\u00admen\u00adto:<\/label>\n                <select name=\"salutation\">\n    \t\t\t\t<option value>-<\/option>\n    \t\t\t\t<option value=\"Herr\">\n        \t\t\t\tSr.    \t\t\t\t<\/option>\n    \t\t\t\t<option value=\"Frau\">\n        \t\t\t\tSra.    \t\t\t\t<\/option>\n\t\t\t\t<\/select>\n\n                <label>O seu nome:<\/label>\n                <input type=\"text\" name=\"name\" value style=\"width:100%;\">\n\n                <label>O seu endere\u00e7o de e\u2011mail:<\/label>\n                <input type=\"email\" name=\"email\" value style=\"width:100%;\">\n\n                <!-- Honeypot -->\n                <div class=\"ccf-hp\">\n                    <label>Leave emp\u00adty<\/label>\n                    <input type=\"text\" name=\"comment\" autocomplete=\"off\">\n                <\/div>\n\n                <label>A sua men\u00adsagem para n\u00f3s:<\/label>\n                <textarea name=\"message\" rows=\"8\" style=\"width:100%;\"><\/textarea>\n\n                <label>Letras na imagem (qua\u00adtro):<\/label>\n                <div style=\"display:flex; align-items:center; gap:10px; margin-top:5px; margin-bottom:15px;\">\n                    <input type=\"text\" name=\"captcha\" style=\"width:120px;\">\n                    <img decoding=\"async\" src=\"https:\/\/www.geolitho.eu\/pt\/wp-admin\/admin-ajax.php?action=ccf_captcha&amp;cid=ccf_9af372e3-4084-4fe9-b162-14d5823dc407&amp;t=1777551717\" alt=\"captcha\" style=\"height:40px;\">\n                <\/div>\n\n                <input type=\"hidden\" name=\"referer\" value=\"https:\/\/www.geolitho.eu\/pt\/formulario-de-contacto\/\">\n                <input type=\"hidden\" name=\"ccf_captcha_id\" value=\"ccf_9af372e3-4084-4fe9-b162-14d5823dc407\">\n\n                <input type=\"hidden\" name=\"form_start_time\" id=\"ccf_form_start_time\" value>\n                <script>\n                    window.addEventListener(\"load\", () => {\n                        const el = document.getElementById(\"ccf_form_start_time\");\n                        if (el) el.value = Date.now();\n                    });\n                <\/script>\n\n                <input type=\"text\" name=\"realcheck\" id=\"ccf_realcheck\" value class=\"ccf-hp\">\n                <script>\n                    const rc = document.getElementById('ccf_realcheck');\n                    if (rc) rc.value = 'human';\n                <\/script>\n\n                <button type=\"submit\" name=\"ccf_send\">enviar<\/button>\n            <\/form>\n        <\/div>\n        \n","protected":false},"excerpt":{"rendered":"","protected":false},"author":1,"featured_media":0,"parent":0,"menu_order":0,"comment_status":"closed","ping_status":"closed","template":"","meta":{"wp_typography_post_enhancements_disabled":false,"footnotes":""},"class_list":["post-111","page","type-page","status-publish","hentry","entry"],"yoast_head":"<!-- This site is optimized with the Yoast SEO plugin v26.9 - https:\/\/yoast.com\/product\/yoast-seo-wordpress\/ -->\n<title>Formul\u00e1rio de contacto - Funda\u00e7\u00e3o Geolitho gGmbH<\/title>\n<meta name=\"robots\" content=\"index, follow, max-snippet:-1, max-image-preview:large, max-video-preview:-1\" \/>\n<link rel=\"canonical\" href=\"https:\/\/www.geolitho.eu\/pt\/formulario-de-contacto\/\" \/>\n<meta property=\"og:locale\" content=\"pt_PT\" \/>\n<meta property=\"og:type\" content=\"article\" \/>\n<meta property=\"og:title\" content=\"Formul\u00e1rio de contacto - Funda\u00e7\u00e3o Geolitho gGmbH\" \/>\n<meta property=\"og:url\" content=\"https:\/\/www.geolitho.eu\/pt\/formulario-de-contacto\/\" \/>\n<meta property=\"og:site_name\" content=\"Funda\u00e7\u00e3o Geolitho gGmbH\" \/>\n<meta property=\"article:modified_time\" content=\"2026-01-26T19:40:14+00:00\" \/>\n<meta name=\"twitter:card\" content=\"summary_large_image\" \/>\n<meta name=\"twitter:label1\" content=\"Tempo estimado de leitura\" \/>\n\t<meta name=\"twitter:data1\" content=\"1 minuto\" \/>\n<script type=\"application\/ld+json\" class=\"yoast-schema-graph\">{\"@context\":\"https:\/\/schema.org\",\"@graph\":[{\"@type\":\"WebPage\",\"@id\":\"https:\/\/www.geolitho.eu\/pt\/formulario-de-contacto\/\",\"url\":\"https:\/\/www.geolitho.eu\/pt\/formulario-de-contacto\/\",\"name\":\"Formul\u00e1rio de contacto - Funda\u00e7\u00e3o Geolitho gGmbH\",\"isPartOf\":{\"@id\":\"https:\/\/www.geolitho.eu\/pt\/#website\"},\"datePublished\":\"2026-01-26T19:40:13+00:00\",\"dateModified\":\"2026-01-26T19:40:14+00:00\",\"breadcrumb\":{\"@id\":\"https:\/\/www.geolitho.eu\/pt\/formulario-de-contacto\/#breadcrumb\"},\"inLanguage\":\"pt-PT\",\"potentialAction\":[{\"@type\":\"ReadAction\",\"target\":[\"https:\/\/www.geolitho.eu\/pt\/formulario-de-contacto\/\"]}]},{\"@type\":\"BreadcrumbList\",\"@id\":\"https:\/\/www.geolitho.eu\/pt\/formulario-de-contacto\/#breadcrumb\",\"itemListElement\":[{\"@type\":\"ListItem\",\"position\":1,\"name\":\"Start\",\"item\":\"https:\/\/www.geolitho.eu\/pt\/\"},{\"@type\":\"ListItem\",\"position\":2,\"name\":\"Formul\u00e1rio de contacto\"}]},{\"@type\":\"WebSite\",\"@id\":\"https:\/\/www.geolitho.eu\/pt\/#website\",\"url\":\"https:\/\/www.geolitho.eu\/pt\/\",\"name\":\"Funda\u00e7\u00e3o Geolitho gGmbH\",\"description\":\"Geolitho \u2013 Mineralogia e Geologia para Vivenciar.\",\"publisher\":{\"@id\":\"https:\/\/www.geolitho.eu\/pt\/#organization\"},\"potentialAction\":[{\"@type\":\"SearchAction\",\"target\":{\"@type\":\"EntryPoint\",\"urlTemplate\":\"https:\/\/www.geolitho.eu\/pt\/?s={search_term_string}\"},\"query-input\":{\"@type\":\"PropertyValueSpecification\",\"valueRequired\":true,\"valueName\":\"search_term_string\"}}],\"inLanguage\":\"pt-PT\"},{\"@type\":\"Organization\",\"@id\":\"https:\/\/www.geolitho.eu\/pt\/#organization\",\"name\":\"Funda\u00e7\u00e3o Geolitho gGmbH\",\"url\":\"https:\/\/www.geolitho.eu\/pt\/\",\"logo\":{\"@type\":\"ImageObject\",\"inLanguage\":\"pt-PT\",\"@id\":\"https:\/\/www.geolitho.eu\/pt\/#\/schema\/logo\/image\/\",\"url\":\"https:\/\/www.geolitho.eu\/pt\/wp-content\/uploads\/sites\/7\/2026\/01\/geolitho-hellgrau.png\",\"contentUrl\":\"https:\/\/www.geolitho.eu\/pt\/wp-content\/uploads\/sites\/7\/2026\/01\/geolitho-hellgrau.png\",\"width\":900,\"height\":142,\"caption\":\"Funda\u00e7\u00e3o Geolitho gGmbH\"},\"image\":{\"@id\":\"https:\/\/www.geolitho.eu\/pt\/#\/schema\/logo\/image\/\"}}]}<\/script>\n<!-- \/ Yoast SEO plugin. -->","yoast_head_json":{"title":"Formul\u00e1rio de contacto - Funda\u00e7\u00e3o Geolitho gGmbH","robots":{"index":"index","follow":"follow","max-snippet":"max-snippet:-1","max-image-preview":"max-image-preview:large","max-video-preview":"max-video-preview:-1"},"canonical":"https:\/\/www.geolitho.eu\/pt\/formulario-de-contacto\/","og_locale":"pt_PT","og_type":"article","og_title":"Formul\u00e1rio de contacto - Funda\u00e7\u00e3o Geolitho gGmbH","og_url":"https:\/\/www.geolitho.eu\/pt\/formulario-de-contacto\/","og_site_name":"Funda\u00e7\u00e3o Geolitho gGmbH","article_modified_time":"2026-01-26T19:40:14+00:00","twitter_card":"summary_large_image","twitter_misc":{"Tempo estimado de leitura":"1 minuto"},"schema":{"@context":"https:\/\/schema.org","@graph":[{"@type":"WebPage","@id":"https:\/\/www.geolitho.eu\/pt\/formulario-de-contacto\/","url":"https:\/\/www.geolitho.eu\/pt\/formulario-de-contacto\/","name":"Formul\u00e1rio de contacto - Funda\u00e7\u00e3o Geolitho gGmbH","isPartOf":{"@id":"https:\/\/www.geolitho.eu\/pt\/#website"},"datePublished":"2026-01-26T19:40:13+00:00","dateModified":"2026-01-26T19:40:14+00:00","breadcrumb":{"@id":"https:\/\/www.geolitho.eu\/pt\/formulario-de-contacto\/#breadcrumb"},"inLanguage":"pt-PT","potentialAction":[{"@type":"ReadAction","target":["https:\/\/www.geolitho.eu\/pt\/formulario-de-contacto\/"]}]},{"@type":"BreadcrumbList","@id":"https:\/\/www.geolitho.eu\/pt\/formulario-de-contacto\/#breadcrumb","itemListElement":[{"@type":"ListItem","position":1,"name":"Start","item":"https:\/\/www.geolitho.eu\/pt\/"},{"@type":"ListItem","position":2,"name":"Formul\u00e1rio de contacto"}]},{"@type":"WebSite","@id":"https:\/\/www.geolitho.eu\/pt\/#website","url":"https:\/\/www.geolitho.eu\/pt\/","name":"Funda\u00e7\u00e3o Geolitho gGmbH","description":"Geolitho \u2013 Mineralogia e Geologia para Vivenciar.","publisher":{"@id":"https:\/\/www.geolitho.eu\/pt\/#organization"},"potentialAction":[{"@type":"SearchAction","target":{"@type":"EntryPoint","urlTemplate":"https:\/\/www.geolitho.eu\/pt\/?s={search_term_string}"},"query-input":{"@type":"PropertyValueSpecification","valueRequired":true,"valueName":"search_term_string"}}],"inLanguage":"pt-PT"},{"@type":"Organization","@id":"https:\/\/www.geolitho.eu\/pt\/#organization","name":"Funda\u00e7\u00e3o Geolitho gGmbH","url":"https:\/\/www.geolitho.eu\/pt\/","logo":{"@type":"ImageObject","inLanguage":"pt-PT","@id":"https:\/\/www.geolitho.eu\/pt\/#\/schema\/logo\/image\/","url":"https:\/\/www.geolitho.eu\/pt\/wp-content\/uploads\/sites\/7\/2026\/01\/geolitho-hellgrau.png","contentUrl":"https:\/\/www.geolitho.eu\/pt\/wp-content\/uploads\/sites\/7\/2026\/01\/geolitho-hellgrau.png","width":900,"height":142,"caption":"Funda\u00e7\u00e3o Geolitho gGmbH"},"image":{"@id":"https:\/\/www.geolitho.eu\/pt\/#\/schema\/logo\/image\/"}}]}},"_links":{"self":[{"href":"https:\/\/www.geolitho.eu\/pt\/wp-json\/wp\/v2\/pages\/111","targetHints":{"allow":["GET"]}}],"collection":[{"href":"https:\/\/www.geolitho.eu\/pt\/wp-json\/wp\/v2\/pages"}],"about":[{"href":"https:\/\/www.geolitho.eu\/pt\/wp-json\/wp\/v2\/types\/page"}],"author":[{"embeddable":true,"href":"https:\/\/www.geolitho.eu\/pt\/wp-json\/wp\/v2\/users\/1"}],"replies":[{"embeddable":true,"href":"https:\/\/www.geolitho.eu\/pt\/wp-json\/wp\/v2\/comments?post=111"}],"version-history":[{"count":1,"href":"https:\/\/www.geolitho.eu\/pt\/wp-json\/wp\/v2\/pages\/111\/revisions"}],"predecessor-version":[{"id":112,"href":"https:\/\/www.geolitho.eu\/pt\/wp-json\/wp\/v2\/pages\/111\/revisions\/112"}],"wp:attachment":[{"href":"https:\/\/www.geolitho.eu\/pt\/wp-json\/wp\/v2\/media?parent=111"}],"curies":[{"name":"wp","href":"https:\/\/api.w.org\/{rel}","templated":true}]}}