{"id":121,"date":"2026-02-06T10:33:05","date_gmt":"2026-02-06T09:33:05","guid":{"rendered":"https:\/\/www.geolitho.eu\/pt\/?page_id=121"},"modified":"2026-02-06T11:02:39","modified_gmt":"2026-02-06T10:02:39","slug":"gestao-de-colecoes-geolitho","status":"publish","type":"page","link":"https:\/\/www.geolitho.eu\/pt\/gestao-de-colecoes-geolitho\/","title":{"rendered":"Gest\u00e3o de Cole\u00e7\u00f5es Geolitho"},"content":{"rendered":"\n<p>A gest\u00e3o de cole\u00e7\u00f5es Geolitho \u00e9 uma fer\u00adra\u00admen\u00adta mod\u00ader\u00adna para o reg\u00adis\u00adto de dados de obje\u00adtos. O aces\u00adso mundi\u00adal garante a colab\u00ado\u00adra\u00e7\u00e3o com doadores. A intro\u00addu\u00e7\u00e3o e manuten\u00e7\u00e3o para\u00adle\u00adlas per\u00admitem uti\u00adlizar a Litote\u00adca em qual\u00adquer lugar e a qual\u00adquer momen\u00adto. Os dados est\u00e3o dispon\u00edveis para todos.<\/p>\n\n\n\n<h2 class=\"wp-block-heading\">Funcionalidades<\/h2>\n\n\n\n<ol class=\"wp-block-list\">\n<li>Dispon\u00edv\u00adel em alem\u00e3o, ingl\u00eas, espan\u00adhol, franc\u00eas, por\u00adtugu\u00eas e ital\u00adiano (out\u00adras l\u00edn\u00adguas s\u00e3o pos\u00ads\u00edveis)<\/li>\n\n\n\n<li>Pode intro\u00adduzir os seus tex\u00adtos em v\u00e1rias l\u00edn\u00adguas.<\/li>\n\n\n\n<li>V\u00e1rias cole\u00e7\u00f5es<\/li>\n\n\n\n<li>N\u00famero prati\u00adca\u00admente ilim\u00adi\u00adta\u00addo de obje\u00adtos por cole\u00e7\u00e3o<\/li>\n\n\n\n<li>Sele\u00e7\u00e3o de todos os min\u00aderais con\u00adheci\u00addos e da maio\u00adr\u00adia das rochas e f\u00f3s\u00adseis con\u00adheci\u00addos, num total de mais de 400.000 entradas.<\/li>\n\n\n\n<li>Pos\u00adsi\u00adbil\u00adi\u00addade de cri\u00adar min\u00aderais n\u00e3o ofi\u00adci\u00adais por cole\u00e7\u00e3o. Fas\u00ades ain\u00adda descon\u00adheci\u00addas podem ser cri\u00adadas.<\/li>\n\n\n\n<li>Atribui\u00e7\u00e3o de pro\u00adpriedades com fer\u00adra\u00admen\u00adtas de sele\u00e7\u00e3o (sele\u00adtor de cores a par\u00adtir de foto, etc.). H\u00e1bito, for\u00adma cristali\u00adna, UV, radioa\u00adt\u00adivi\u00addade, qual\u00adi\u00addade, rari\u00addade no local de ocor\u00adr\u00ean\u00adcia, etc.<\/li>\n\n\n\n<li>Sele\u00e7\u00e3o de todos os locais do Min\u00ader\u00adalien\u00adat\u00adlas.<\/li>\n\n\n\n<li>Pos\u00adsi\u00adbil\u00adi\u00addade de cri\u00adar locais n\u00e3o lis\u00adta\u00addos (indi\u00advid\u00adual por cole\u00e7\u00e3o)<\/li>\n\n\n\n<li>Sin\u00adcroniza\u00ad\u00e7\u00e3o de locais rec\u00e9m-cri\u00ada\u00addos a par\u00adtir do Min\u00ader\u00adalien\u00adat\u00adlas<\/li>\n\n\n\n<li>Inte\u00adgra\u00e7\u00e3o de doc\u00adu\u00admen\u00adtos e ima\u00adgens (ima\u00adgens gerais, dados de an\u00e1lise, doc\u00adu\u00admen\u00adtos pes\u00adsoais, etc.)<\/li>\n\n\n\n<li>Cri\u00adar, gerir e imprim\u00adir eti\u00adque\u00adtas com c\u00f3di\u00adgo QR (con\u00adfig\u00adur\u00e1v\u00adel, tipos de eti\u00adque\u00adtas comuns pr\u00e9-definidos)<\/li>\n\n\n\n<li>Atribui\u00e7\u00e3o de palavras-chave, mar\u00adcadores e favoritos den\u00adtro de uma cole\u00e7\u00e3o e tam\u00adb\u00e9m entre cole\u00e7\u00f5es<\/li>\n\n\n\n<li>Gest\u00e3o de con\u00adtac\u00adtos pr\u00f3pria por cole\u00e7\u00e3o com anex\u00ados<\/li>\n\n\n\n<li>Cri\u00adar e atribuir solu\u00e7\u00f5es de armazena\u00admen\u00adto (arm\u00e1rio, gave\u00adta)<\/li>\n\n\n\n<li>Di\u00e1rio de todos os even\u00adtos de um obje\u00adto da cole\u00e7\u00e3o<\/li>\n\n\n\n<li>Aces\u00adso multi\u00adu\u00adti\u00adlizador, tra\u00adbal\u00adho em equipa<\/li>\n\n\n\n<li>Atribui\u00e7\u00e3o de per\u00admis\u00ads\u00f5es: quem pode ler, escr\u00adev\u00ader, apa\u00adgar, efe\u00adt\u00adu\u00adar alter\u00ada\u00e7\u00f5es em mas\u00adsa?<\/li>\n\n\n\n<li>Op\u00e7\u00f5es de pesquisa com pesquisa de tex\u00adto com\u00adple\u00adto sin\u00adt\u00e1ti\u00adca e muitos out\u00adros crit\u00e9rios, como visu\u00adal\u00adiza\u00ad\u00e7\u00e3o de todos os obje\u00adtos de uma regi\u00e3o, obje\u00adtos com ima\u00adgens, por even\u00adtos e per\u00edo\u00addo, etc.<\/li>\n\n\n\n<li>Cri\u00adar lis\u00adtas de fal\u00adtas e inven\u00adt\u00e1rio, por sis\u00adtem\u00e1ti\u00adca e locais, etc.<\/li>\n\n\n\n<li>Ger\u00adar ficheiros .pdf para par\u00adtil\u00adha ou arqui\u00advo<\/li>\n\n\n\n<li>Copi\u00adar entradas de obje\u00adtos entre cole\u00e7\u00f5es<\/li>\n\n\n\n<li>Hist\u00f3ri\u00adco de alter\u00ada\u00e7\u00f5es<\/li>\n\n\n\n<li>e muito mais ..<\/li>\n<\/ol>\n\n\n\n<div class=\"wp-block-columns is-layout-flex wp-container-core-columns-is-layout-9d6595d7 wp-block-columns-is-layout-flex\">\n<div class=\"wp-block-column is-layout-flow wp-block-column-is-layout-flow\">\n<p>Algu\u00admas impress\u00f5es de como o pro\u00adgra\u00adma se apre\u00adsen\u00adta s\u00e3o mostradas nas cap\u00adturas de ecr\u00e3.<br><br>Clique na imagem para ampli\u00adar.<\/p>\n<\/div>\n\n\n\n<div class=\"wp-block-column is-layout-flow wp-block-column-is-layout-flow\">\n<div class=\"wp-block-columns is-layout-flex wp-container-core-columns-is-layout-9d6595d7 wp-block-columns-is-layout-flex\">\n<div class=\"wp-block-column is-layout-flow wp-block-column-is-layout-flow\" style=\"flex-basis:100%\">\n<div class=\"wp-block-responsive-lightbox-gallery\"><div class=\"rl-gallery-container splide rl-loading\" id=\"rl-gallery-container-1\" data-gallery_id=\"142\"> <div class=\"rl-gallery rl-basicslider-gallery splide__track rl-hover-effect-1\" id=\"rl-gallery-1\" data-gallery_no=\"1\"> <ul class=\"splide__list\"> <li class=\"rl-gallery-item splide__slide\" data-thumb=\"https:\/\/www.geolitho.eu\/pt\/wp-content\/uploads\/sites\/7\/2026\/02\/Uebersicht.pg_.png\"> <a href=\"https:\/\/www.geolitho.eu\/pt\/wp-content\/uploads\/sites\/7\/2026\/02\/Uebersicht.pg_.png\" title data-rl_title class=\"rl-gallery-link\" data-rl_caption data-rel=\"lightbox-gallery-1\"><img loading=\"lazy\" decoding=\"async\" src=\"https:\/\/www.geolitho.eu\/pt\/wp-content\/uploads\/sites\/7\/2026\/02\/Uebersicht.pg_.png\" width=\"1071\" height=\"1323\" alt><\/a> <\/li> <li class=\"rl-gallery-item splide__slide\" data-thumb=\"https:\/\/www.geolitho.eu\/pt\/wp-content\/uploads\/sites\/7\/2026\/02\/Unbenannt1.png\"> <a href=\"https:\/\/www.geolitho.eu\/pt\/wp-content\/uploads\/sites\/7\/2026\/02\/Unbenannt1.png\" title data-rl_title class=\"rl-gallery-link\" data-rl_caption data-rel=\"lightbox-gallery-1\"><img loading=\"lazy\" decoding=\"async\" src=\"https:\/\/www.geolitho.eu\/pt\/wp-content\/uploads\/sites\/7\/2026\/02\/Unbenannt1.png\" width=\"1047\" height=\"722\" alt><\/a> <\/li> <li class=\"rl-gallery-item splide__slide\" data-thumb=\"https:\/\/www.geolitho.eu\/pt\/wp-content\/uploads\/sites\/7\/2026\/02\/Unbenannt-1.png\"> <a href=\"https:\/\/www.geolitho.eu\/pt\/wp-content\/uploads\/sites\/7\/2026\/02\/Unbenannt-1.png\" title data-rl_title class=\"rl-gallery-link\" data-rl_caption data-rel=\"lightbox-gallery-1\"><img loading=\"lazy\" decoding=\"async\" src=\"https:\/\/www.geolitho.eu\/pt\/wp-content\/uploads\/sites\/7\/2026\/02\/Unbenannt-1.png\" width=\"1028\" height=\"681\" alt><\/a> <\/li> <li class=\"rl-gallery-item splide__slide\" data-thumb=\"https:\/\/www.geolitho.eu\/pt\/wp-content\/uploads\/sites\/7\/2026\/02\/Staorage.png\"> <a href=\"https:\/\/www.geolitho.eu\/pt\/wp-content\/uploads\/sites\/7\/2026\/02\/Staorage.png\" title data-rl_title class=\"rl-gallery-link\" data-rl_caption data-rel=\"lightbox-gallery-1\"><img loading=\"lazy\" decoding=\"async\" src=\"https:\/\/www.geolitho.eu\/pt\/wp-content\/uploads\/sites\/7\/2026\/02\/Staorage.png\" width=\"916\" height=\"1008\" alt><\/a> <\/li> <li class=\"rl-gallery-item splide__slide\" data-thumb=\"https:\/\/www.geolitho.eu\/pt\/wp-content\/uploads\/sites\/7\/2026\/02\/availlable-location.png\"> <a href=\"https:\/\/www.geolitho.eu\/pt\/wp-content\/uploads\/sites\/7\/2026\/02\/availlable-location.png\" title data-rl_title class=\"rl-gallery-link\" data-rl_caption data-rel=\"lightbox-gallery-1\"><img loading=\"lazy\" decoding=\"async\" src=\"https:\/\/www.geolitho.eu\/pt\/wp-content\/uploads\/sites\/7\/2026\/02\/availlable-location.png\" width=\"928\" height=\"1000\" alt><\/a> <\/li> <li class=\"rl-gallery-item splide__slide\" data-thumb=\"https:\/\/www.geolitho.eu\/pt\/wp-content\/uploads\/sites\/7\/2026\/02\/serch.png\"> <a href=\"https:\/\/www.geolitho.eu\/pt\/wp-content\/uploads\/sites\/7\/2026\/02\/serch.png\" title data-rl_title class=\"rl-gallery-link\" data-rl_caption data-rel=\"lightbox-gallery-1\"><img loading=\"lazy\" decoding=\"async\" src=\"https:\/\/www.geolitho.eu\/pt\/wp-content\/uploads\/sites\/7\/2026\/02\/serch.png\" width=\"943\" height=\"1019\" alt><\/a> <\/li> <li class=\"rl-gallery-item splide__slide\" data-thumb=\"https:\/\/www.geolitho.eu\/pt\/wp-content\/uploads\/sites\/7\/2026\/02\/pdf.png\"> <a href=\"https:\/\/www.geolitho.eu\/pt\/wp-content\/uploads\/sites\/7\/2026\/02\/pdf.png\" title data-rl_title class=\"rl-gallery-link\" data-rl_caption data-rel=\"lightbox-gallery-1\"><img loading=\"lazy\" decoding=\"async\" src=\"https:\/\/www.geolitho.eu\/pt\/wp-content\/uploads\/sites\/7\/2026\/02\/pdf.png\" width=\"1005\" height=\"993\" alt><\/a> <\/li> <li class=\"rl-gallery-item splide__slide\" data-thumb=\"https:\/\/www.geolitho.eu\/pt\/wp-content\/uploads\/sites\/7\/2026\/02\/Overview.png\"> <a href=\"https:\/\/www.geolitho.eu\/pt\/wp-content\/uploads\/sites\/7\/2026\/02\/Overview.png\" title data-rl_title class=\"rl-gallery-link\" data-rl_caption data-rel=\"lightbox-gallery-1\"><img loading=\"lazy\" decoding=\"async\" src=\"https:\/\/www.geolitho.eu\/pt\/wp-content\/uploads\/sites\/7\/2026\/02\/Overview.png\" width=\"902\" height=\"678\" alt><\/a> <\/li> <li class=\"rl-gallery-item splide__slide\" data-thumb=\"https:\/\/www.geolitho.eu\/pt\/wp-content\/uploads\/sites\/7\/2026\/02\/mineraldata.png\"> <a href=\"https:\/\/www.geolitho.eu\/pt\/wp-content\/uploads\/sites\/7\/2026\/02\/mineraldata.png\" title data-rl_title class=\"rl-gallery-link\" data-rl_caption data-rel=\"lightbox-gallery-1\"><img loading=\"lazy\" decoding=\"async\" src=\"https:\/\/www.geolitho.eu\/pt\/wp-content\/uploads\/sites\/7\/2026\/02\/mineraldata.png\" width=\"916\" height=\"1200\" alt><\/a> <\/li> <li class=\"rl-gallery-item splide__slide\" data-thumb=\"https:\/\/www.geolitho.eu\/pt\/wp-content\/uploads\/sites\/7\/2026\/02\/Dataset.png\"> <a href=\"https:\/\/www.geolitho.eu\/pt\/wp-content\/uploads\/sites\/7\/2026\/02\/Dataset.png\" title data-rl_title class=\"rl-gallery-link\" data-rl_caption data-rel=\"lightbox-gallery-1\"><img loading=\"lazy\" decoding=\"async\" src=\"https:\/\/www.geolitho.eu\/pt\/wp-content\/uploads\/sites\/7\/2026\/02\/Dataset.png\" width=\"913\" height=\"1032\" alt><\/a> <\/li> <li class=\"rl-gallery-item splide__slide\" data-thumb=\"https:\/\/www.geolitho.eu\/pt\/wp-content\/uploads\/sites\/7\/2026\/02\/Collecton-1.png\"> <a href=\"https:\/\/www.geolitho.eu\/pt\/wp-content\/uploads\/sites\/7\/2026\/02\/Collecton-1.png\" title data-rl_title class=\"rl-gallery-link\" data-rl_caption data-rel=\"lightbox-gallery-1\"><img loading=\"lazy\" decoding=\"async\" src=\"https:\/\/www.geolitho.eu\/pt\/wp-content\/uploads\/sites\/7\/2026\/02\/Collecton-1.png\" width=\"880\" height=\"573\" alt><\/a> <\/li> <li class=\"rl-gallery-item splide__slide\" data-thumb=\"https:\/\/www.geolitho.eu\/pt\/wp-content\/uploads\/sites\/7\/2026\/02\/customize.png\"> <a href=\"https:\/\/www.geolitho.eu\/pt\/wp-content\/uploads\/sites\/7\/2026\/02\/customize.png\" title data-rl_title class=\"rl-gallery-link\" data-rl_caption data-rel=\"lightbox-gallery-1\"><img loading=\"lazy\" decoding=\"async\" src=\"https:\/\/www.geolitho.eu\/pt\/wp-content\/uploads\/sites\/7\/2026\/02\/customize.png\" width=\"946\" height=\"945\" alt><\/a> <\/li> <li class=\"rl-gallery-item splide__slide\" data-thumb=\"https:\/\/www.geolitho.eu\/pt\/wp-content\/uploads\/sites\/7\/2026\/02\/bulk.png\"> <a href=\"https:\/\/www.geolitho.eu\/pt\/wp-content\/uploads\/sites\/7\/2026\/02\/bulk.png\" title data-rl_title class=\"rl-gallery-link\" data-rl_caption data-rel=\"lightbox-gallery-1\"><img loading=\"lazy\" decoding=\"async\" src=\"https:\/\/www.geolitho.eu\/pt\/wp-content\/uploads\/sites\/7\/2026\/02\/bulk.png\" width=\"1078\" height=\"1033\" alt><\/a> <\/li> <li class=\"rl-gallery-item splide__slide\" data-thumb=\"https:\/\/www.geolitho.eu\/pt\/wp-content\/uploads\/sites\/7\/2026\/02\/Assign-mineral.png\"> <a href=\"https:\/\/www.geolitho.eu\/pt\/wp-content\/uploads\/sites\/7\/2026\/02\/Assign-mineral.png\" title data-rl_title class=\"rl-gallery-link\" data-rl_caption data-rel=\"lightbox-gallery-1\"><img loading=\"lazy\" decoding=\"async\" src=\"https:\/\/www.geolitho.eu\/pt\/wp-content\/uploads\/sites\/7\/2026\/02\/Assign-mineral.png\" width=\"918\" height=\"525\" alt><\/a> <\/li> <li class=\"rl-gallery-item splide__slide\" data-thumb=\"https:\/\/www.geolitho.eu\/pt\/wp-content\/uploads\/sites\/7\/2026\/02\/boxes.png\"> <a href=\"https:\/\/www.geolitho.eu\/pt\/wp-content\/uploads\/sites\/7\/2026\/02\/boxes.png\" title data-rl_title class=\"rl-gallery-link\" data-rl_caption data-rel=\"lightbox-gallery-1\"><img loading=\"lazy\" decoding=\"async\" src=\"https:\/\/www.geolitho.eu\/pt\/wp-content\/uploads\/sites\/7\/2026\/02\/boxes.png\" width=\"1080\" height=\"986\" alt><\/a> <\/li> <li class=\"rl-gallery-item splide__slide\" data-thumb=\"https:\/\/www.geolitho.eu\/pt\/wp-content\/uploads\/sites\/7\/2026\/02\/additional.png\"> <a href=\"https:\/\/www.geolitho.eu\/pt\/wp-content\/uploads\/sites\/7\/2026\/02\/additional.png\" title data-rl_title class=\"rl-gallery-link\" data-rl_caption data-rel=\"lightbox-gallery-1\"><img loading=\"lazy\" decoding=\"async\" src=\"https:\/\/www.geolitho.eu\/pt\/wp-content\/uploads\/sites\/7\/2026\/02\/additional.png\" width=\"911\" height=\"1039\" alt><\/a> <\/li> <li class=\"rl-gallery-item splide__slide\" data-thumb=\"https:\/\/www.geolitho.eu\/pt\/wp-content\/uploads\/sites\/7\/2026\/02\/lables.png\"> <a href=\"https:\/\/www.geolitho.eu\/pt\/wp-content\/uploads\/sites\/7\/2026\/02\/lables.png\" title data-rl_title class=\"rl-gallery-link\" data-rl_caption data-rel=\"lightbox-gallery-1\"><img loading=\"lazy\" decoding=\"async\" src=\"https:\/\/www.geolitho.eu\/pt\/wp-content\/uploads\/sites\/7\/2026\/02\/lables.png\" width=\"1075\" height=\"1208\" alt><\/a> <\/li> <\/ul> <\/div> <\/div><\/div>\n<\/div>\n<\/div>\n<\/div>\n<\/div>\n\n\n\n<h3 class=\"wp-block-heading\">Taxa<\/h3>\n\n\n\n<p>Atual\u00admente disponi\u00adbi\u00adlizamos o nos\u00adso servi\u00e7o gra\u00adtuita\u00admente. Os val\u00adores indi\u00adca\u00addos em Cus\u00adtos \u2014 Finan\u00adcia\u00admen\u00adto n\u00e3o s\u00e3o apli\u00adca\u00addos e s\u00e3o, neste momen\u00adto, mera\u00admente infor\u00adma\u00adtivos.<\/p>\n\n\n\n<p><a href=\"https:\/\/www.geolitho.eu\/kosten-finanzierung\/\">Cus\u00adtos \u2014 Finan\u00adcia\u00admen\u00adto<\/a><\/p>\n\n\n\n<p> <a href=\"https:\/\/www.geolitho.eu\/download\/agb\/agb-geolitho.pdf\">Ter\u00admos e Condi\u00e7\u00f5es Gerais (AGB)<\/a> <\/p>\n\n\n\n<h3 class=\"wp-block-heading\" id=\"erstellen_von_sammlungen\">Cria\u00e7\u00e3o de cole\u00e7\u00f5es<\/h3>\n\n\n\n<p>Pode gerir v\u00e1rias cole\u00e7\u00f5es. \u00c9 pos\u00ads\u00edv\u00adel colab\u00ado\u00adrar noutras cole\u00e7\u00f5es e par\u00adtic\u00adi\u00adpar noutras ape\u00adnas como obser\u00advador. Pode agru\u00adpar os seus obje\u00adtos em cole\u00e7\u00f5es se con\u00adsid\u00ader\u00adar apro\u00adpri\u00ada\u00addo. Por exem\u00adp\u00adlo, uma cole\u00e7\u00e3o para um deter\u00admi\u00adna\u00addo local e uma cole\u00e7\u00e3o sis\u00adtem\u00e1ti\u00adca.<\/p>\n\n\n\n<p>Uma sub\u00addi\u00advis\u00e3o l\u00f3g\u00adi\u00adca tam\u00adb\u00e9m pode ser fei\u00adta atrav\u00e9s de palavras-chave e mar\u00adcadores.<\/p>\n\n\n\n<h3 class=\"wp-block-heading\" id=\"erstellen_von_objekten_in_der_sammlung\">Cria\u00e7\u00e3o de objetos na cole\u00e7\u00e3o<\/h3>\n\n\n\n<p>Pode cri\u00adar prati\u00adca\u00admente um n\u00famero ilim\u00adi\u00adta\u00addo de obje\u00adtos em cada cole\u00e7\u00e3o.<\/p>\n\n\n\n<p>A cada obje\u00adto da cole\u00e7\u00e3o podem ser atribu\u00ed\u00addas in\u00fameras pro\u00adpriedades. Para tal, est\u00e3o dispon\u00edveis di\u00e1l\u00ado\u00adgos abrangentes e dados pre\u00addefinidos. Al\u00e9m dis\u00adso, podem ser anex\u00adadas e visu\u00adal\u00adizadas ima\u00adgens e doc\u00adu\u00admen\u00adtos. Para an\u00e1lis\u00ades, tam\u00adb\u00e9m indi\u00advid\u00adual\u00admente por an\u00e1lise. Pode atribuir v\u00e1rios tipos de eti\u00adque\u00adtas a cada obje\u00adto. Os tipos comuns j\u00e1 est\u00e3o pre\u00addefinidos. Cada obje\u00adto dis\u00adp\u00f5e do seu pr\u00f3prio hist\u00f3ri\u00adco para doc\u00adu\u00admen\u00adtar de for\u00adma com\u00adple\u00adta tudo o que acon\u00adte\u00adceu ao obje\u00adto da cole\u00e7\u00e3o at\u00e9 \u00e0 data.<\/p>\n\n\n\n<h3 class=\"wp-block-heading\" id=\"datenaustausch\">Troca de dados<\/h3>\n\n\n\n<p>Pode copi\u00adar obje\u00adtos entre cole\u00e7\u00f5es. \u00c9 cri\u00ada\u00addo um con\u00adjun\u00adto de dados com\u00adple\u00adta\u00admente novo com todas as infor\u00adma\u00e7\u00f5es asso\u00adci\u00adadas. O n\u00famero \u00fani\u00adco da cole\u00e7\u00e3o per\u00admanece id\u00ean\u00adti\u00adco. O des\u00adti\u00adnat\u00e1rio da c\u00f3pia pode efe\u00adt\u00adu\u00adar alter\u00ada\u00e7\u00f5es que n\u00e3o t\u00eam qual\u00adquer impacto no orig\u00adi\u00adnal. Isto \u00e9 impor\u00adtante, por exem\u00adp\u00adlo, em caso de ven\u00adda ou trans\u00adfer\u00ad\u00ean\u00adcia de obje\u00adtos da cole\u00e7\u00e3o.<\/p>\n\n\n\n<p>Tam\u00adb\u00e9m pode par\u00adtil\u00adhar os reg\u00adis\u00adtos da sua cole\u00e7\u00e3o como ficheiros .pdf.<\/p>\n","protected":false},"excerpt":{"rendered":"<p>A gest\u00e3o de cole\u00e7\u00f5es Geolitho \u00e9 uma fer\u00adra\u00admen\u00adta mod\u00ader\u00adna para o reg\u00adis\u00adto de dados de obje\u00adtos. O aces\u00adso mundi\u00adal garante a colab\u00ado\u00adra\u00e7\u00e3o com doadores. A intro\u00addu\u00e7\u00e3o e manuten\u00e7\u00e3o para\u00adle\u00adlas per\u00admitem uti\u00adlizar a Litote\u00adca em qual\u00adquer lugar e a qual\u00adquer momen\u00adto. Os dados est\u00e3o dispon\u00edveis para todos. Fun\u00adcional\u00adi\u00addades Algu\u00admas impress\u00f5es de como o pro\u00adgra\u00adma se apre\u00adsen\u00adta\u2026 <a class=\"more-link\" href=\"https:\/\/www.geolitho.eu\/pt\/gestao-de-colecoes-geolitho\/\">Con\u00adtin\u00adue a ler <span class=\"screen-reader-text\">Gest\u00e3o de Cole\u00e7\u00f5es Geolitho<\/span><\/a><\/p>\n","protected":false},"author":1,"featured_media":0,"parent":0,"menu_order":0,"comment_status":"closed","ping_status":"closed","template":"","meta":{"wp_typography_post_enhancements_disabled":false,"footnotes":""},"class_list":["post-121","page","type-page","status-publish","hentry","entry"],"yoast_head":"<!-- This site is optimized with the Yoast SEO plugin v26.9 - https:\/\/yoast.com\/product\/yoast-seo-wordpress\/ -->\n<title>Gest\u00e3o de Cole\u00e7\u00f5es Geolitho - Funda\u00e7\u00e3o Geolitho gGmbH<\/title>\n<meta name=\"robots\" content=\"index, follow, max-snippet:-1, max-image-preview:large, max-video-preview:-1\" \/>\n<link rel=\"canonical\" href=\"https:\/\/www.geolitho.eu\/pt\/gestao-de-colecoes-geolitho\/\" \/>\n<meta property=\"og:locale\" content=\"pt_PT\" \/>\n<meta property=\"og:type\" content=\"article\" \/>\n<meta property=\"og:title\" content=\"Gest\u00e3o de Cole\u00e7\u00f5es Geolitho - Funda\u00e7\u00e3o Geolitho gGmbH\" \/>\n<meta property=\"og:description\" content=\"A gest\u00e3o de cole\u00e7\u00f5es Geolitho \u00e9 uma fer\u00adra\u00admen\u00adta mod\u00ader\u00adna para o reg\u00adis\u00adto de dados de obje\u00adtos. O aces\u00adso mundi\u00adal garante a colab\u00ado\u00adra\u00e7\u00e3o com doadores. A intro\u00addu\u00e7\u00e3o e manuten\u00e7\u00e3o para\u00adle\u00adlas per\u00admitem uti\u00adlizar a Litote\u00adca em qual\u00adquer lugar e a qual\u00adquer momen\u00adto. Os dados est\u00e3o dispon\u00edveis para todos. Funcionalidades Algu\u00admas impress\u00f5es de como o pro\u00adgra\u00adma se apre\u00adsen\u00adta&hellip; Continue a ler Gest\u00e3o de Cole\u00e7\u00f5es Geolitho\" \/>\n<meta property=\"og:url\" content=\"https:\/\/www.geolitho.eu\/pt\/gestao-de-colecoes-geolitho\/\" \/>\n<meta property=\"og:site_name\" content=\"Funda\u00e7\u00e3o Geolitho gGmbH\" \/>\n<meta property=\"article:modified_time\" content=\"2026-02-06T10:02:39+00:00\" \/>\n<meta name=\"twitter:card\" content=\"summary_large_image\" \/>\n<meta name=\"twitter:label1\" content=\"Tempo estimado de leitura\" \/>\n\t<meta name=\"twitter:data1\" content=\"4 minutos\" \/>\n<script type=\"application\/ld+json\" class=\"yoast-schema-graph\">{\"@context\":\"https:\/\/schema.org\",\"@graph\":[{\"@type\":\"WebPage\",\"@id\":\"https:\/\/www.geolitho.eu\/pt\/gestao-de-colecoes-geolitho\/\",\"url\":\"https:\/\/www.geolitho.eu\/pt\/gestao-de-colecoes-geolitho\/\",\"name\":\"Gest\u00e3o de Cole\u00e7\u00f5es Geolitho - Funda\u00e7\u00e3o Geolitho gGmbH\",\"isPartOf\":{\"@id\":\"https:\/\/www.geolitho.eu\/pt\/#website\"},\"datePublished\":\"2026-02-06T09:33:05+00:00\",\"dateModified\":\"2026-02-06T10:02:39+00:00\",\"breadcrumb\":{\"@id\":\"https:\/\/www.geolitho.eu\/pt\/gestao-de-colecoes-geolitho\/#breadcrumb\"},\"inLanguage\":\"pt-PT\",\"potentialAction\":[{\"@type\":\"ReadAction\",\"target\":[\"https:\/\/www.geolitho.eu\/pt\/gestao-de-colecoes-geolitho\/\"]}]},{\"@type\":\"BreadcrumbList\",\"@id\":\"https:\/\/www.geolitho.eu\/pt\/gestao-de-colecoes-geolitho\/#breadcrumb\",\"itemListElement\":[{\"@type\":\"ListItem\",\"position\":1,\"name\":\"Start\",\"item\":\"https:\/\/www.geolitho.eu\/pt\/\"},{\"@type\":\"ListItem\",\"position\":2,\"name\":\"Gest\u00e3o de Cole\u00e7\u00f5es Geolitho\"}]},{\"@type\":\"WebSite\",\"@id\":\"https:\/\/www.geolitho.eu\/pt\/#website\",\"url\":\"https:\/\/www.geolitho.eu\/pt\/\",\"name\":\"Funda\u00e7\u00e3o Geolitho gGmbH\",\"description\":\"Geolitho \u2013 Mineralogia e Geologia para Vivenciar.\",\"publisher\":{\"@id\":\"https:\/\/www.geolitho.eu\/pt\/#organization\"},\"potentialAction\":[{\"@type\":\"SearchAction\",\"target\":{\"@type\":\"EntryPoint\",\"urlTemplate\":\"https:\/\/www.geolitho.eu\/pt\/?s={search_term_string}\"},\"query-input\":{\"@type\":\"PropertyValueSpecification\",\"valueRequired\":true,\"valueName\":\"search_term_string\"}}],\"inLanguage\":\"pt-PT\"},{\"@type\":\"Organization\",\"@id\":\"https:\/\/www.geolitho.eu\/pt\/#organization\",\"name\":\"Funda\u00e7\u00e3o Geolitho gGmbH\",\"url\":\"https:\/\/www.geolitho.eu\/pt\/\",\"logo\":{\"@type\":\"ImageObject\",\"inLanguage\":\"pt-PT\",\"@id\":\"https:\/\/www.geolitho.eu\/pt\/#\/schema\/logo\/image\/\",\"url\":\"https:\/\/www.geolitho.eu\/pt\/wp-content\/uploads\/sites\/7\/2026\/01\/geolitho-hellgrau.png\",\"contentUrl\":\"https:\/\/www.geolitho.eu\/pt\/wp-content\/uploads\/sites\/7\/2026\/01\/geolitho-hellgrau.png\",\"width\":900,\"height\":142,\"caption\":\"Funda\u00e7\u00e3o Geolitho gGmbH\"},\"image\":{\"@id\":\"https:\/\/www.geolitho.eu\/pt\/#\/schema\/logo\/image\/\"}}]}<\/script>\n<!-- \/ Yoast SEO plugin. -->","yoast_head_json":{"title":"Gest\u00e3o de Cole\u00e7\u00f5es Geolitho - Funda\u00e7\u00e3o Geolitho gGmbH","robots":{"index":"index","follow":"follow","max-snippet":"max-snippet:-1","max-image-preview":"max-image-preview:large","max-video-preview":"max-video-preview:-1"},"canonical":"https:\/\/www.geolitho.eu\/pt\/gestao-de-colecoes-geolitho\/","og_locale":"pt_PT","og_type":"article","og_title":"Gest\u00e3o de Cole\u00e7\u00f5es Geolitho - Funda\u00e7\u00e3o Geolitho gGmbH","og_description":"A gest\u00e3o de cole\u00e7\u00f5es Geolitho \u00e9 uma fer\u00adra\u00admen\u00adta mod\u00ader\u00adna para o reg\u00adis\u00adto de dados de obje\u00adtos. O aces\u00adso mundi\u00adal garante a colab\u00ado\u00adra\u00e7\u00e3o com doadores. A intro\u00addu\u00e7\u00e3o e manuten\u00e7\u00e3o para\u00adle\u00adlas per\u00admitem uti\u00adlizar a Litote\u00adca em qual\u00adquer lugar e a qual\u00adquer momen\u00adto. Os dados est\u00e3o dispon\u00edveis para todos. Funcionalidades Algu\u00admas impress\u00f5es de como o pro\u00adgra\u00adma se apre\u00adsen\u00adta&hellip; Continue a ler Gest\u00e3o de Cole\u00e7\u00f5es Geolitho","og_url":"https:\/\/www.geolitho.eu\/pt\/gestao-de-colecoes-geolitho\/","og_site_name":"Funda\u00e7\u00e3o Geolitho gGmbH","article_modified_time":"2026-02-06T10:02:39+00:00","twitter_card":"summary_large_image","twitter_misc":{"Tempo estimado de leitura":"4 minutos"},"schema":{"@context":"https:\/\/schema.org","@graph":[{"@type":"WebPage","@id":"https:\/\/www.geolitho.eu\/pt\/gestao-de-colecoes-geolitho\/","url":"https:\/\/www.geolitho.eu\/pt\/gestao-de-colecoes-geolitho\/","name":"Gest\u00e3o de Cole\u00e7\u00f5es Geolitho - Funda\u00e7\u00e3o Geolitho gGmbH","isPartOf":{"@id":"https:\/\/www.geolitho.eu\/pt\/#website"},"datePublished":"2026-02-06T09:33:05+00:00","dateModified":"2026-02-06T10:02:39+00:00","breadcrumb":{"@id":"https:\/\/www.geolitho.eu\/pt\/gestao-de-colecoes-geolitho\/#breadcrumb"},"inLanguage":"pt-PT","potentialAction":[{"@type":"ReadAction","target":["https:\/\/www.geolitho.eu\/pt\/gestao-de-colecoes-geolitho\/"]}]},{"@type":"BreadcrumbList","@id":"https:\/\/www.geolitho.eu\/pt\/gestao-de-colecoes-geolitho\/#breadcrumb","itemListElement":[{"@type":"ListItem","position":1,"name":"Start","item":"https:\/\/www.geolitho.eu\/pt\/"},{"@type":"ListItem","position":2,"name":"Gest\u00e3o de Cole\u00e7\u00f5es Geolitho"}]},{"@type":"WebSite","@id":"https:\/\/www.geolitho.eu\/pt\/#website","url":"https:\/\/www.geolitho.eu\/pt\/","name":"Funda\u00e7\u00e3o Geolitho gGmbH","description":"Geolitho \u2013 Mineralogia e Geologia para Vivenciar.","publisher":{"@id":"https:\/\/www.geolitho.eu\/pt\/#organization"},"potentialAction":[{"@type":"SearchAction","target":{"@type":"EntryPoint","urlTemplate":"https:\/\/www.geolitho.eu\/pt\/?s={search_term_string}"},"query-input":{"@type":"PropertyValueSpecification","valueRequired":true,"valueName":"search_term_string"}}],"inLanguage":"pt-PT"},{"@type":"Organization","@id":"https:\/\/www.geolitho.eu\/pt\/#organization","name":"Funda\u00e7\u00e3o Geolitho gGmbH","url":"https:\/\/www.geolitho.eu\/pt\/","logo":{"@type":"ImageObject","inLanguage":"pt-PT","@id":"https:\/\/www.geolitho.eu\/pt\/#\/schema\/logo\/image\/","url":"https:\/\/www.geolitho.eu\/pt\/wp-content\/uploads\/sites\/7\/2026\/01\/geolitho-hellgrau.png","contentUrl":"https:\/\/www.geolitho.eu\/pt\/wp-content\/uploads\/sites\/7\/2026\/01\/geolitho-hellgrau.png","width":900,"height":142,"caption":"Funda\u00e7\u00e3o Geolitho gGmbH"},"image":{"@id":"https:\/\/www.geolitho.eu\/pt\/#\/schema\/logo\/image\/"}}]}},"_links":{"self":[{"href":"https:\/\/www.geolitho.eu\/pt\/wp-json\/wp\/v2\/pages\/121","targetHints":{"allow":["GET"]}}],"collection":[{"href":"https:\/\/www.geolitho.eu\/pt\/wp-json\/wp\/v2\/pages"}],"about":[{"href":"https:\/\/www.geolitho.eu\/pt\/wp-json\/wp\/v2\/types\/page"}],"author":[{"embeddable":true,"href":"https:\/\/www.geolitho.eu\/pt\/wp-json\/wp\/v2\/users\/1"}],"replies":[{"embeddable":true,"href":"https:\/\/www.geolitho.eu\/pt\/wp-json\/wp\/v2\/comments?post=121"}],"version-history":[{"count":3,"href":"https:\/\/www.geolitho.eu\/pt\/wp-json\/wp\/v2\/pages\/121\/revisions"}],"predecessor-version":[{"id":146,"href":"https:\/\/www.geolitho.eu\/pt\/wp-json\/wp\/v2\/pages\/121\/revisions\/146"}],"wp:attachment":[{"href":"https:\/\/www.geolitho.eu\/pt\/wp-json\/wp\/v2\/media?parent=121"}],"curies":[{"name":"wp","href":"https:\/\/api.w.org\/{rel}","templated":true}]}}