{"id":54,"date":"2026-01-24T21:12:42","date_gmt":"2026-01-24T20:12:42","guid":{"rendered":"https:\/\/www.geolitho.eu\/pt\/?page_id=54"},"modified":"2026-04-07T13:41:49","modified_gmt":"2026-04-07T11:41:49","slug":"declaracao-de-privacidade","status":"publish","type":"page","link":"https:\/\/www.geolitho.eu\/pt\/declaracao-de-privacidade\/","title":{"rendered":"Declara\u00e7\u00e3o de privacidade"},"content":{"rendered":"\n<div class=\"wp-block-group is-style-default\"><div class=\"wp-block-group__inner-container is-layout-flow wp-block-group-is-layout-flow\">\n<p class=\"has-background-color has-white-background-color has-text-color has-background\">Ficamos muito sat\u00adis\u00adfeitos com o seu inter\u00adesse pelo nos\u00adso site. A pro\u00adte\u00e7\u00e3o de dados tem uma import\u00e2n\u00adcia par\u00adtic\u00adu\u00adlar\u00admente ele\u00adva\u00adda para o oper\u00adador deste site. A uti\u00adliza\u00ad\u00e7\u00e3o das p\u00e1gi\u00adnas da Inter\u00adnet da Geolitho Stiftung gGmbH \u00e9, em princ\u00ed\u00adpio, pos\u00ads\u00edv\u00adel sem qual\u00adquer indi\u00adca\u00e7\u00e3o de dados pes\u00adsoais. No entan\u00adto, caso uma pes\u00adsoa inter\u00ades\u00adsa\u00adda pre\u00adten\u00adda uti\u00adlizar servi\u00e7os espe\u00adci\u00adais do nos\u00adso site, poder\u00e1 ser necess\u00e1rio o trata\u00admen\u00adto de dados pes\u00adsoais. Se o trata\u00admen\u00adto de dados pes\u00adsoais for necess\u00e1rio e n\u00e3o exi\u00ads\u00adtir base legal para tal trata\u00admen\u00adto, solici\u00adta\u00admos geral\u00admente o con\u00adsen\u00adti\u00admen\u00adto da pes\u00adsoa em causa.<br><br>Imple\u00admen\u00adt\u00e1\u00admos numerosas medi\u00addas t\u00e9c\u00adni\u00adcas e orga\u00adni\u00adza\u00adti\u00advas para garan\u00adtir a pro\u00adte\u00e7\u00e3o mais com\u00adple\u00adta pos\u00ads\u00edv\u00adel dos dados pes\u00adsoais trata\u00addos atrav\u00e9s deste site. No entan\u00adto, as trans\u00admis\u00ads\u00f5es de dados baseadas na Inter\u00adnet podem apre\u00adsen\u00adtar fal\u00adhas de segu\u00adran\u00e7a, pelo que n\u00e3o \u00e9 pos\u00ads\u00edv\u00adel garan\u00adtir uma pro\u00adte\u00e7\u00e3o abso\u00adlu\u00adta.<br><br><strong>Nome e endere\u00e7o do respon\u00ads\u00e1v\u00adel pelo trata\u00admen\u00adto<\/strong><br><br>O respon\u00ads\u00e1v\u00adel pelo trata\u00admen\u00adto, nos ter\u00admos do Reg\u00adu\u00adla\u00admen\u00adto Ger\u00adal sobre a Pro\u00adte\u00e7\u00e3o de Dados (RGPD), de out\u00adras leis de pro\u00adte\u00e7\u00e3o de dados aplic\u00e1veis nos Esta\u00addos-Mem\u00adbros da Uni\u00e3o Europeia e de out\u00adras dis\u00adposi\u00e7\u00f5es com car\u00e1ter de pro\u00adte\u00e7\u00e3o de dados, para a Geolitho Stiftung gGmbH \u00e9:<br><br>Ste\u00adfan Schorn<br>Fritz-Arnold-Str. 7<br>85614 Kirch\u00adseeon<br>Tel. +49 8091 6178175<br>info@geolitho.eu<br><br><strong>Recol\u00adha de dados gerais<\/strong><br><br>O site da Geolitho Stiftung gGmbH recol\u00adhe, a cada aces\u00adso ao site por uma pes\u00adsoa inter\u00ades\u00adsa\u00adda ou por um sis\u00adtema autom\u00ada\u00adti\u00adza\u00addo, uma s\u00e9rie de dados e infor\u00adma\u00e7\u00f5es gerais. Estes dados e infor\u00adma\u00e7\u00f5es gerais s\u00e3o armazena\u00addos nos ficheiros de reg\u00adis\u00adto do servi\u00addor. Podem ser recol\u00adhi\u00addos:<\/p>\n\n\n\n<div class=\"wp-block-group\"><div class=\"wp-block-group__inner-container is-layout-flow wp-block-group-is-layout-flow\">\n<ul class=\"wp-block-list\">\n<li>os tipos e ver\u00ads\u00f5es de nave\u00adg\u00adadores uti\u00adliza\u00addos,<\/li>\n\n\n\n<li>o sis\u00adtema oper\u00ada\u00adti\u00advo uti\u00adliza\u00addo pelo sis\u00adtema de aces\u00adso,<\/li>\n\n\n\n<li>o site a par\u00adtir do qual um sis\u00adtema de aces\u00adso chega ao nos\u00adso site (os chama\u00addos ref\u00ader\u00aden\u00adci\u00adadores),<\/li>\n\n\n\n<li>as sub\u00adp\u00e1gi\u00adnas ace\u00addi\u00addas atrav\u00e9s de um sis\u00adtema de aces\u00adso no nos\u00adso site,<\/li>\n\n\n\n<li>a data e a hora de um aces\u00adso ao site,<\/li>\n\n\n\n<li>um endere\u00e7o de pro\u00adto\u00adco\u00adlo Inter\u00adnet (endere\u00e7o IP),<\/li>\n\n\n\n<li>o fornece\u00addor de servi\u00e7os de Inter\u00adnet do sis\u00adtema de aces\u00adso e<\/li>\n\n\n\n<li>out\u00adros dados e infor\u00adma\u00e7\u00f5es semel\u00adhantes que servem para a pre\u00adven\u00e7\u00e3o de peri\u00adgos em caso de ataques aos nos\u00adsos sis\u00adtemas de tec\u00adnolo\u00adgia da infor\u00adma\u00e7\u00e3o.<\/li>\n<\/ul>\n<\/div><\/div>\n<\/div><\/div>\n\n\n\n<div class=\"wp-block-group\"><div class=\"wp-block-group__inner-container is-layout-flow wp-block-group-is-layout-flow\">\n<p class=\"has-background-color has-white-background-color has-text-color has-background\">Ao uti\u00adlizar estes dados e infor\u00adma\u00e7\u00f5es gerais, n\u00e3o tiramos quais\u00adquer con\u00adclus\u00f5es sobre a pes\u00adsoa em causa. Estas infor\u00adma\u00e7\u00f5es s\u00e3o antes necess\u00e1rias para<\/p>\n\n\n\n<div class=\"wp-block-group\"><div class=\"wp-block-group__inner-container is-layout-flow wp-block-group-is-layout-flow\">\n<ul class=\"wp-block-list\">\n<li>fornecer cor\u00adre\u00adta\u00admente os con\u00adte\u00fa\u00addos do nos\u00adso site,<\/li>\n\n\n\n<li>otimizar os con\u00adte\u00fa\u00addos do nos\u00adso site,<\/li>\n\n\n\n<li>garan\u00adtir a fun\u00adcional\u00adi\u00addade per\u00adma\u00adnente dos nos\u00adsos sis\u00adtemas de tec\u00adnolo\u00adgia da infor\u00adma\u00e7\u00e3o e da tec\u00adnolo\u00adgia do nos\u00adso site, bem como<\/li>\n\n\n\n<li>disponi\u00adbi\u00adlizar \u00e0s autori\u00addades de inves\u00adti\u00adga\u00e7\u00e3o crim\u00adi\u00adnal as infor\u00adma\u00e7\u00f5es necess\u00e1rias para a a\u00e7\u00e3o penal em caso de um cib\u00ader\u00adataque.<\/li>\n<\/ul>\n<\/div><\/div>\n\n\n\n<p>Estes dados e infor\u00adma\u00e7\u00f5es recol\u00adhi\u00addos s\u00e3o, por con\u00adseguinte, avali\u00ada\u00addos pela Geolitho Stiftung gGmbH, por um lado, de for\u00adma estat\u00eds\u00adti\u00adca e, por out\u00adro, com o obje\u00adti\u00advo de aumen\u00adtar a pro\u00adte\u00e7\u00e3o de dados e a segu\u00adran\u00e7a dos dados no nos\u00adso site, de modo a garan\u00adtir, em \u00falti\u00adma an\u00e1lise, um n\u00edv\u00adel ide\u00adal de pro\u00adte\u00e7\u00e3o dos dados pes\u00adsoais que trata\u00admos.<\/p>\n\n\n\n<p>N\u00e3o trans\u00admiti\u00admos dados a out\u00adras pes\u00adsoas ou empre\u00adsas. N\u00e3o existe qual\u00adquer com\u00adbi\u00adna\u00e7\u00e3o dos nos\u00adsos dados com dados de out\u00adros servi\u00e7os.<\/p>\n\n\n\n<p><strong>Recol\u00adha de dados no \u00e2mbito de rela\u00e7\u00f5es com\u00ader\u00adci\u00adais<\/strong><\/p>\n\n\n\n<p>No \u00e2mbito de rela\u00e7\u00f5es com\u00ader\u00adci\u00adais, trata\u00admos<\/p>\n\n\n\n<div class=\"wp-block-group\"><div class=\"wp-block-group__inner-container is-layout-flow wp-block-group-is-layout-flow\">\n<ul class=\"wp-block-list\">\n<li>dados de base (por exem\u00adp\u00adlo, nome e for\u00adma de trata\u00admen\u00adto),<\/li>\n\n\n\n<li>dados de con\u00adtac\u00adto (por exem\u00adp\u00adlo, n\u00famero de tele\u00adfone, endere\u00e7o de e\u2011mail, mora\u00adda),<\/li>\n\n\n\n<li>dados de comu\u00adni\u00adca\u00e7\u00e3o (por exem\u00adp\u00adlo, con\u00adte\u00fa\u00addos de comu\u00adni\u00adca\u00e7\u00f5es pes\u00adsoais, tele\u00adf\u00f3ni\u00adcas ou escritas).<\/li>\n<\/ul>\n<\/div><\/div>\n\n\n\n<p><strong>Base legal no \u00e2mbito de rela\u00e7\u00f5es com\u00ader\u00adci\u00adais<\/strong><\/p>\n\n\n\n<p>Trata\u00admos os seus dados para cumprir obri\u00adga\u00e7\u00f5es e man\u00adter rela\u00e7\u00f5es com\u00ader\u00adci\u00adais. Isto ocorre, por exem\u00adp\u00adlo, para proces\u00adsar transa\u00e7\u00f5es com\u00ader\u00adci\u00adais entre com\u00adprador e vende\u00addor e, se necess\u00e1rio, para entrar em con\u00adtac\u00adto con\u00adsi\u00adgo. Este trata\u00admen\u00adto \u00e9 real\u00adiza\u00addo em con\u00adformi\u00addade com as dis\u00adposi\u00e7\u00f5es do Reg\u00adu\u00adla\u00admen\u00adto Ger\u00adal sobre a Pro\u00adte\u00e7\u00e3o de Dados (RGPD) da UE e com todas as out\u00adras leis aplic\u00e1veis.<\/p>\n\n\n\n<p><strong>Durante quan\u00adto tem\u00adpo armazen\u00adamos os seus dados no \u00e2mbito de rela\u00e7\u00f5es com\u00ader\u00adci\u00adais<\/strong><\/p>\n\n\n\n<p>Trata\u00admos os seus dados pes\u00adsoais enquan\u00adto forem necess\u00e1rios para os fins aci\u00adma referi\u00addos. Ap\u00f3s o fim da rela\u00e7\u00e3o com\u00ader\u00adcial, os seus dados ser\u00e3o armazena\u00addos enquan\u00adto for\u00admos legal\u00admente obri\u00adga\u00addos a faz\u00ea-lo. Tal resul\u00adta, em regra, de obri\u00adga\u00e7\u00f5es legais de pro\u00adva e con\u00adser\u00adva\u00e7\u00e3o, que se encon\u00adtram, entre out\u00adros, no C\u00f3di\u00adgo Com\u00ader\u00adcial e no C\u00f3di\u00adgo Fis\u00adcal. Os pra\u00adzos de con\u00adser\u00adva\u00e7\u00e3o podem ir at\u00e9 dez anos.<\/p>\n\n\n\n<p><strong>Avali\u00ada\u00e7\u00e3o de dados gerais<\/strong><br><br>Para mel\u00adho\u00adrar o nos\u00adso servi\u00e7o, os dados gerais s\u00e3o avali\u00ada\u00addos auto\u00admati\u00adca\u00admente de for\u00adma anon\u00adi\u00admiza\u00adda nos nos\u00adsos sites atrav\u00e9s de um pro\u00adgra\u00adma exe\u00adcu\u00adta\u00addo local\u00admente. N\u00e3o s\u00e3o atribu\u00ed\u00addos dados indi\u00advid\u00adu\u00adais. Com base nes\u00adta avali\u00ada\u00e7\u00e3o, podemos ver quais as ofer\u00adtas que s\u00e3o par\u00adtic\u00adu\u00adlar\u00admente bem aceites e onde poder\u00ade\u00admos even\u00adtual\u00admente mel\u00adho\u00adrar. Podemos ver quan\u00adtos uti\u00adlizadores nos vis\u00adi\u00adtaram e o que foi de maior inter\u00adesse. N\u00e3o podemos nem quer\u00ade\u00admos ver o que fez.<br>N\u00e3o trans\u00admiti\u00admos dados a out\u00adras pes\u00adsoas ou empre\u00adsas. N\u00e3o existe qual\u00adquer com\u00adbi\u00adna\u00e7\u00e3o dos nos\u00adsos dados com dados de out\u00adros servi\u00e7os.<br><br><strong>Cook\u00adies<\/strong><br><br>As p\u00e1gi\u00adnas da Inter\u00adnet da Geolitho Stiftung gGmbH uti\u00adlizam cook\u00adies. Cook\u00adies s\u00e3o ficheiros de tex\u00adto que s\u00e3o armazena\u00addos e guarda\u00addos num sis\u00adtema infor\u00adm\u00e1ti\u00adco atrav\u00e9s de um nave\u00adg\u00adador de Inter\u00adnet.<br><br>Muitos sites e servi\u00addores uti\u00adlizam cook\u00adies. Muitos cook\u00adies con\u00adt\u00eam um chama\u00addo ID de cook\u00adie. Um ID de cook\u00adie \u00e9 um iden\u00adti\u00adfi\u00adcador \u00fani\u00adco do cook\u00adie. Con\u00adsiste numa cadeia de car\u00adac\u00adteres atrav\u00e9s da qual os sites e servi\u00addores podem ser asso\u00adci\u00ada\u00addos ao nave\u00adg\u00adador de Inter\u00adnet espec\u00ed\u00adfi\u00adco no qual o cook\u00adie foi armazena\u00addo. Isto per\u00admite que os sites e servi\u00addores vis\u00adi\u00adta\u00addos dis\u00adtingam o nave\u00adg\u00adador indi\u00advid\u00adual da pes\u00adsoa em causa de out\u00adros nave\u00adg\u00adadores de Inter\u00adnet que con\u00adt\u00eam out\u00adros cook\u00adies. Um nave\u00adg\u00adador de Inter\u00adnet espec\u00ed\u00adfi\u00adco pode ser recon\u00adheci\u00addo e iden\u00adti\u00adfi\u00adca\u00addo atrav\u00e9s do ID de cook\u00adie \u00fani\u00adco.<br><br>Atrav\u00e9s da uti\u00adliza\u00ad\u00e7\u00e3o de cook\u00adies, a Geolitho Stiftung gGmbH pode fornecer aos uti\u00adlizadores deste site servi\u00e7os mais f\u00e1ceis de usar, que n\u00e3o seri\u00adam pos\u00ads\u00edveis sem a defini\u00e7\u00e3o de cook\u00adies.<br><br>Por exem\u00adp\u00adlo, o uti\u00adlizador de um site que uti\u00adliza cook\u00adies n\u00e3o pre\u00adcisa de intro\u00adduzir nova\u00admente os seus dados de aces\u00adso em cada visi\u00adta, uma vez que isso \u00e9 assum\u00adi\u00addo pelo site e pelo cook\u00adie armazena\u00addo no sis\u00adtema infor\u00adm\u00e1ti\u00adco do uti\u00adlizador. Os cook\u00adies tam\u00adb\u00e9m s\u00e3o necess\u00e1rios para reen\u00adcon\u00adtrar con\u00adte\u00fa\u00addos tem\u00adpor\u00e1rios armazena\u00addos especi\u00adfi\u00adca\u00admente para si.<br><br>A pes\u00adsoa em causa pode impedir a defini\u00e7\u00e3o de cook\u00adies pelo nos\u00adso site a qual\u00adquer momen\u00adto atrav\u00e9s de uma con\u00adfig\u00adu\u00adra\u00e7\u00e3o ade\u00adqua\u00adda do nave\u00adg\u00adador de Inter\u00adnet uti\u00adliza\u00addo e, assim, opor-se per\u00adma\u00adnen\u00adte\u00admente \u00e0 defini\u00e7\u00e3o de cook\u00adies. Al\u00e9m dis\u00adso, os cook\u00adies j\u00e1 definidos podem ser elim\u00adi\u00adna\u00addos a qual\u00adquer momen\u00adto atrav\u00e9s de um nave\u00adg\u00adador de Inter\u00adnet ou de out\u00adros pro\u00adgra\u00admas de soft\u00adware. Isto \u00e9 pos\u00ads\u00edv\u00adel em todos os nave\u00adg\u00adadores de Inter\u00adnet comuns. Se a pes\u00adsoa em causa desati\u00advar a defini\u00e7\u00e3o de cook\u00adies no nave\u00adg\u00adador de Inter\u00adnet uti\u00adliza\u00addo, nem todas as fun\u00e7\u00f5es do nos\u00adso site poder\u00e3o estar total\u00admente dispon\u00edveis.<br><br>N\u00e3o uti\u00adlizamos cook\u00adies para o ras\u00adtrear ou espi\u00adar os seus inter\u00adess\u00ades. Tam\u00adb\u00e9m n\u00e3o uti\u00adlizamos cook\u00adies Do-Not-Track, uma vez que n\u00e3o faze\u00admos ras\u00adtreio. Definir um cook\u00adie para saber\u00admos que n\u00e3o dese\u00adja cook\u00adies seria con\u00adtra\u00addit\u00f3rio.<br><\/p>\n\n\n\n<p><strong>Nota<\/strong><\/p>\n\n\n\n<p><br>Tem o dire\u00adito de solic\u00adi\u00adtar infor\u00adma\u00e7\u00f5es sobre os dados armazena\u00addos sobre si, nos ter\u00admos do arti\u00adgo 15.\u00ba do Reg\u00adu\u00adla\u00admen\u00adto Ger\u00adal sobre a Pro\u00adte\u00e7\u00e3o de Dados (RGPD). Al\u00e9m dis\u00adso, pode solic\u00adi\u00adtar a reti\u00adfi\u00adca\u00e7\u00e3o ou elim\u00adi\u00adna\u00e7\u00e3o dos seus dados, nos ter\u00admos dos arti\u00adgos 16.\u00ba e 17.\u00ba do RGPD. Existe tam\u00adb\u00e9m a pos\u00adsi\u00adbil\u00adi\u00addade de solic\u00adi\u00adtar a lim\u00adi\u00adta\u00e7\u00e3o do trata\u00admen\u00adto dos seus dados ou de rece\u00adber os dados que forneceu num for\u00adma\u00adto estru\u00adtu\u00adra\u00addo, de uso cor\u00adrente e leg\u00edv\u00adel por m\u00e1quina, des\u00adde que tal n\u00e3o afete os dire\u00aditos e liber\u00addades de out\u00adras pes\u00adsoas, nos ter\u00admos dos arti\u00adgos 18.\u00ba e 20.\u00ba do RGPD.<\/p>\n\n\n\n<p>Se nos tiv\u00ader dado o seu con\u00adsen\u00adti\u00admen\u00adto para o trata\u00admen\u00adto dos seus dados pes\u00adsoais, pode revog\u00adar esse con\u00adsen\u00adti\u00admen\u00adto a qual\u00adquer momen\u00adto. A legal\u00adi\u00addade do trata\u00admen\u00adto efe\u00adt\u00adu\u00ada\u00addo com base no seu con\u00adsen\u00adti\u00admen\u00adto antes da revo\u00adga\u00e7\u00e3o n\u00e3o \u00e9 afe\u00adta\u00adda.<\/p>\n\n\n\n<p>Pode tam\u00adb\u00e9m apre\u00adsen\u00adtar uma recla\u00adma\u00e7\u00e3o jun\u00adto de uma autori\u00addade de con\u00adtro\u00adlo da pro\u00adte\u00e7\u00e3o de dados, nos ter\u00admos do arti\u00adgo 77.\u00ba do RGPD. O dire\u00adito de recla\u00adma\u00e7\u00e3o existe inde\u00adpen\u00adden\u00adte\u00admente de out\u00adros meios admin\u00adis\u00adtra\u00adtivos ou judi\u00adci\u00adais de recur\u00adso.<br><br><strong>Per\u00adgun\u00adtas e infor\u00adma\u00e7\u00f5es<\/strong><\/p>\n\n\n\n<p>Se tiv\u00ader algu\u00adma quest\u00e3o sobre os dados recol\u00adhi\u00addos sobre si, con\u00adtacte o respon\u00ads\u00e1v\u00adel pelo trata\u00admen\u00adto de dados.<\/p>\n<\/div><\/div>\n","protected":false},"excerpt":{"rendered":"<p>Ficamos muito sat\u00adis\u00adfeitos com o seu inter\u00adesse pelo nos\u00adso site. A pro\u00adte\u00e7\u00e3o de dados tem uma import\u00e2n\u00adcia par\u00adtic\u00adu\u00adlar\u00admente ele\u00adva\u00adda para o oper\u00adador deste site. A uti\u00adliza\u00ad\u00e7\u00e3o das p\u00e1gi\u00adnas da Inter\u00adnet da Geolitho Stiftung gGmbH \u00e9, em princ\u00ed\u00adpio, pos\u00ads\u00edv\u00adel sem qual\u00adquer indi\u00adca\u00e7\u00e3o de dados pes\u00adsoais. No entan\u00adto, caso uma pes\u00adsoa inter\u00ades\u00adsa\u00adda pre\u00adten\u00adda uti\u00adlizar servi\u00e7os espe\u00adci\u00adais do\u2026 <a class=\"more-link\" href=\"https:\/\/www.geolitho.eu\/pt\/declaracao-de-privacidade\/\">Con\u00adtin\u00adue a ler <span class=\"screen-reader-text\">Declar\u00ada\u00e7\u00e3o de pri\u00advaci\u00addade<\/span><\/a><\/p>\n","protected":false},"author":1,"featured_media":0,"parent":0,"menu_order":0,"comment_status":"closed","ping_status":"closed","template":"","meta":{"wp_typography_post_enhancements_disabled":false,"footnotes":""},"class_list":["post-54","page","type-page","status-publish","hentry","entry"],"yoast_head":"<!-- This site is optimized with the Yoast SEO plugin v26.9 - https:\/\/yoast.com\/product\/yoast-seo-wordpress\/ -->\n<title>Declara\u00e7\u00e3o de privacidade - Funda\u00e7\u00e3o Geolitho gGmbH<\/title>\n<meta name=\"robots\" content=\"index, follow, max-snippet:-1, max-image-preview:large, max-video-preview:-1\" \/>\n<link rel=\"canonical\" href=\"https:\/\/www.geolitho.eu\/pt\/declaracao-de-privacidade\/\" \/>\n<meta property=\"og:locale\" content=\"pt_PT\" \/>\n<meta property=\"og:type\" content=\"article\" \/>\n<meta property=\"og:title\" content=\"Declara\u00e7\u00e3o de privacidade - Funda\u00e7\u00e3o Geolitho gGmbH\" \/>\n<meta property=\"og:description\" content=\"Ficamos muito sat\u00adis\u00adfeitos com o seu inter\u00adesse pelo nos\u00adso site. A pro\u00adte\u00e7\u00e3o de dados tem uma import\u00e2n\u00adcia par\u00adtic\u00adu\u00adlar\u00admente ele\u00adva\u00adda para o oper\u00adador deste site. A uti\u00adliza\u00ad\u00e7\u00e3o das p\u00e1gi\u00adnas da Inter\u00adnet da Geolitho Stiftung gGmbH \u00e9, em princ\u00ed\u00adpio, pos\u00ads\u00edv\u00adel sem qual\u00adquer indi\u00adca\u00e7\u00e3o de dados pes\u00adsoais. No entan\u00adto, caso uma pes\u00adsoa inter\u00ades\u00adsa\u00adda pre\u00adten\u00adda uti\u00adlizar servi\u00e7os espe\u00adci\u00adais do&hellip; Continue a ler Declara\u00e7\u00e3o de privacidade\" \/>\n<meta property=\"og:url\" content=\"https:\/\/www.geolitho.eu\/pt\/declaracao-de-privacidade\/\" \/>\n<meta property=\"og:site_name\" content=\"Funda\u00e7\u00e3o Geolitho gGmbH\" \/>\n<meta property=\"article:modified_time\" content=\"2026-04-07T11:41:49+00:00\" \/>\n<meta name=\"twitter:card\" content=\"summary_large_image\" \/>\n<meta name=\"twitter:label1\" content=\"Tempo estimado de leitura\" \/>\n\t<meta name=\"twitter:data1\" content=\"8 minutos\" \/>\n<script type=\"application\/ld+json\" class=\"yoast-schema-graph\">{\"@context\":\"https:\/\/schema.org\",\"@graph\":[{\"@type\":\"WebPage\",\"@id\":\"https:\/\/www.geolitho.eu\/pt\/declaracao-de-privacidade\/\",\"url\":\"https:\/\/www.geolitho.eu\/pt\/declaracao-de-privacidade\/\",\"name\":\"Declara\u00e7\u00e3o de privacidade - Funda\u00e7\u00e3o Geolitho gGmbH\",\"isPartOf\":{\"@id\":\"https:\/\/www.geolitho.eu\/pt\/#website\"},\"datePublished\":\"2026-01-24T20:12:42+00:00\",\"dateModified\":\"2026-04-07T11:41:49+00:00\",\"breadcrumb\":{\"@id\":\"https:\/\/www.geolitho.eu\/pt\/declaracao-de-privacidade\/#breadcrumb\"},\"inLanguage\":\"pt-PT\",\"potentialAction\":[{\"@type\":\"ReadAction\",\"target\":[\"https:\/\/www.geolitho.eu\/pt\/declaracao-de-privacidade\/\"]}]},{\"@type\":\"BreadcrumbList\",\"@id\":\"https:\/\/www.geolitho.eu\/pt\/declaracao-de-privacidade\/#breadcrumb\",\"itemListElement\":[{\"@type\":\"ListItem\",\"position\":1,\"name\":\"Start\",\"item\":\"https:\/\/www.geolitho.eu\/pt\/\"},{\"@type\":\"ListItem\",\"position\":2,\"name\":\"Declara\u00e7\u00e3o de privacidade\"}]},{\"@type\":\"WebSite\",\"@id\":\"https:\/\/www.geolitho.eu\/pt\/#website\",\"url\":\"https:\/\/www.geolitho.eu\/pt\/\",\"name\":\"Funda\u00e7\u00e3o Geolitho gGmbH\",\"description\":\"Geolitho \u2013 Mineralogia e Geologia para Vivenciar.\",\"publisher\":{\"@id\":\"https:\/\/www.geolitho.eu\/pt\/#organization\"},\"potentialAction\":[{\"@type\":\"SearchAction\",\"target\":{\"@type\":\"EntryPoint\",\"urlTemplate\":\"https:\/\/www.geolitho.eu\/pt\/?s={search_term_string}\"},\"query-input\":{\"@type\":\"PropertyValueSpecification\",\"valueRequired\":true,\"valueName\":\"search_term_string\"}}],\"inLanguage\":\"pt-PT\"},{\"@type\":\"Organization\",\"@id\":\"https:\/\/www.geolitho.eu\/pt\/#organization\",\"name\":\"Funda\u00e7\u00e3o Geolitho gGmbH\",\"url\":\"https:\/\/www.geolitho.eu\/pt\/\",\"logo\":{\"@type\":\"ImageObject\",\"inLanguage\":\"pt-PT\",\"@id\":\"https:\/\/www.geolitho.eu\/pt\/#\/schema\/logo\/image\/\",\"url\":\"https:\/\/www.geolitho.eu\/pt\/wp-content\/uploads\/sites\/7\/2026\/01\/geolitho-hellgrau.png\",\"contentUrl\":\"https:\/\/www.geolitho.eu\/pt\/wp-content\/uploads\/sites\/7\/2026\/01\/geolitho-hellgrau.png\",\"width\":900,\"height\":142,\"caption\":\"Funda\u00e7\u00e3o Geolitho gGmbH\"},\"image\":{\"@id\":\"https:\/\/www.geolitho.eu\/pt\/#\/schema\/logo\/image\/\"}}]}<\/script>\n<!-- \/ Yoast SEO plugin. -->","yoast_head_json":{"title":"Declara\u00e7\u00e3o de privacidade - Funda\u00e7\u00e3o Geolitho gGmbH","robots":{"index":"index","follow":"follow","max-snippet":"max-snippet:-1","max-image-preview":"max-image-preview:large","max-video-preview":"max-video-preview:-1"},"canonical":"https:\/\/www.geolitho.eu\/pt\/declaracao-de-privacidade\/","og_locale":"pt_PT","og_type":"article","og_title":"Declara\u00e7\u00e3o de privacidade - Funda\u00e7\u00e3o Geolitho gGmbH","og_description":"Ficamos muito sat\u00adis\u00adfeitos com o seu inter\u00adesse pelo nos\u00adso site. A pro\u00adte\u00e7\u00e3o de dados tem uma import\u00e2n\u00adcia par\u00adtic\u00adu\u00adlar\u00admente ele\u00adva\u00adda para o oper\u00adador deste site. A uti\u00adliza\u00ad\u00e7\u00e3o das p\u00e1gi\u00adnas da Inter\u00adnet da Geolitho Stiftung gGmbH \u00e9, em princ\u00ed\u00adpio, pos\u00ads\u00edv\u00adel sem qual\u00adquer indi\u00adca\u00e7\u00e3o de dados pes\u00adsoais. No entan\u00adto, caso uma pes\u00adsoa inter\u00ades\u00adsa\u00adda pre\u00adten\u00adda uti\u00adlizar servi\u00e7os espe\u00adci\u00adais do&hellip; Continue a ler Declara\u00e7\u00e3o de privacidade","og_url":"https:\/\/www.geolitho.eu\/pt\/declaracao-de-privacidade\/","og_site_name":"Funda\u00e7\u00e3o Geolitho gGmbH","article_modified_time":"2026-04-07T11:41:49+00:00","twitter_card":"summary_large_image","twitter_misc":{"Tempo estimado de leitura":"8 minutos"},"schema":{"@context":"https:\/\/schema.org","@graph":[{"@type":"WebPage","@id":"https:\/\/www.geolitho.eu\/pt\/declaracao-de-privacidade\/","url":"https:\/\/www.geolitho.eu\/pt\/declaracao-de-privacidade\/","name":"Declara\u00e7\u00e3o de privacidade - Funda\u00e7\u00e3o Geolitho gGmbH","isPartOf":{"@id":"https:\/\/www.geolitho.eu\/pt\/#website"},"datePublished":"2026-01-24T20:12:42+00:00","dateModified":"2026-04-07T11:41:49+00:00","breadcrumb":{"@id":"https:\/\/www.geolitho.eu\/pt\/declaracao-de-privacidade\/#breadcrumb"},"inLanguage":"pt-PT","potentialAction":[{"@type":"ReadAction","target":["https:\/\/www.geolitho.eu\/pt\/declaracao-de-privacidade\/"]}]},{"@type":"BreadcrumbList","@id":"https:\/\/www.geolitho.eu\/pt\/declaracao-de-privacidade\/#breadcrumb","itemListElement":[{"@type":"ListItem","position":1,"name":"Start","item":"https:\/\/www.geolitho.eu\/pt\/"},{"@type":"ListItem","position":2,"name":"Declara\u00e7\u00e3o de privacidade"}]},{"@type":"WebSite","@id":"https:\/\/www.geolitho.eu\/pt\/#website","url":"https:\/\/www.geolitho.eu\/pt\/","name":"Funda\u00e7\u00e3o Geolitho gGmbH","description":"Geolitho \u2013 Mineralogia e Geologia para Vivenciar.","publisher":{"@id":"https:\/\/www.geolitho.eu\/pt\/#organization"},"potentialAction":[{"@type":"SearchAction","target":{"@type":"EntryPoint","urlTemplate":"https:\/\/www.geolitho.eu\/pt\/?s={search_term_string}"},"query-input":{"@type":"PropertyValueSpecification","valueRequired":true,"valueName":"search_term_string"}}],"inLanguage":"pt-PT"},{"@type":"Organization","@id":"https:\/\/www.geolitho.eu\/pt\/#organization","name":"Funda\u00e7\u00e3o Geolitho gGmbH","url":"https:\/\/www.geolitho.eu\/pt\/","logo":{"@type":"ImageObject","inLanguage":"pt-PT","@id":"https:\/\/www.geolitho.eu\/pt\/#\/schema\/logo\/image\/","url":"https:\/\/www.geolitho.eu\/pt\/wp-content\/uploads\/sites\/7\/2026\/01\/geolitho-hellgrau.png","contentUrl":"https:\/\/www.geolitho.eu\/pt\/wp-content\/uploads\/sites\/7\/2026\/01\/geolitho-hellgrau.png","width":900,"height":142,"caption":"Funda\u00e7\u00e3o Geolitho gGmbH"},"image":{"@id":"https:\/\/www.geolitho.eu\/pt\/#\/schema\/logo\/image\/"}}]}},"_links":{"self":[{"href":"https:\/\/www.geolitho.eu\/pt\/wp-json\/wp\/v2\/pages\/54","targetHints":{"allow":["GET"]}}],"collection":[{"href":"https:\/\/www.geolitho.eu\/pt\/wp-json\/wp\/v2\/pages"}],"about":[{"href":"https:\/\/www.geolitho.eu\/pt\/wp-json\/wp\/v2\/types\/page"}],"author":[{"embeddable":true,"href":"https:\/\/www.geolitho.eu\/pt\/wp-json\/wp\/v2\/users\/1"}],"replies":[{"embeddable":true,"href":"https:\/\/www.geolitho.eu\/pt\/wp-json\/wp\/v2\/comments?post=54"}],"version-history":[{"count":2,"href":"https:\/\/www.geolitho.eu\/pt\/wp-json\/wp\/v2\/pages\/54\/revisions"}],"predecessor-version":[{"id":157,"href":"https:\/\/www.geolitho.eu\/pt\/wp-json\/wp\/v2\/pages\/54\/revisions\/157"}],"wp:attachment":[{"href":"https:\/\/www.geolitho.eu\/pt\/wp-json\/wp\/v2\/media?parent=54"}],"curies":[{"name":"wp","href":"https:\/\/api.w.org\/{rel}","templated":true}]}}