{"id":67,"date":"2026-01-24T21:35:27","date_gmt":"2026-01-24T20:35:27","guid":{"rendered":"https:\/\/www.geolitho.eu\/pt\/?page_id=67"},"modified":"2026-01-24T21:35:58","modified_gmt":"2026-01-24T20:35:58","slug":"a-litoteca-dos-micromounters-de-munique","status":"publish","type":"page","link":"https:\/\/www.geolitho.eu\/pt\/a-litoteca-dos-micromounters-de-munique\/","title":{"rendered":"A Litoteca dos Micromounters de Munique"},"content":{"rendered":"\n<p>Pode obter uma vis\u00e3o ger\u00adal da nos\u00adsa litote\u00adca na nos\u00adsa <a href=\"https:\/\/www.geolitho.eu\/collection\/collectionmain.php?gusid_collection=2WT8z7IiHESYg37hB0JD-g&amp;lang=pt\">gest\u00e3o de cole\u00e7\u00f5es<\/a>.<\/p>\n\n\n\n<h3 class=\"wp-block-heading\">Hist\u00f3ria<\/h3>\n\n\n\n<p>A Litote\u00adca dos Micro\u00admoun\u00adters de Munique surgiu aprox\u00adi\u00admada\u00admente na mes\u00adma \u00e9poca que o Min\u00ader\u00adalien\u00adat\u00adlas, por vol\u00adta do ano 2001. A ideia fun\u00adda\u00admen\u00adtal par\u00adtiu da quest\u00e3o do des\u00adti\u00adno das cole\u00e7\u00f5es dos mem\u00adbros, que iam envel\u00adhe\u00adcen\u00addo, quan\u00addo estes j\u00e1 n\u00e3o estivessem pre\u00adsentes. A ideia de que uma cole\u00e7\u00e3o pudesse per\u00adtencer a um grupo e n\u00e3o a um indi\u00adv\u00ed\u00adduo pare\u00adcia estran\u00adha para muitos. No entan\u00adto, seguin\u00addo o lema \u201ctodos podem par\u00adtic\u00adi\u00adpar, ningu\u00e9m \u00e9 obri\u00adga\u00addo\u201d, foi pos\u00ads\u00edv\u00adel con\u00advencer um n\u00famero sufi\u00adciente de mem\u00adbros do grupo de tra\u00adbal\u00adho Micro\u00admounter dos M\u00fcnch\u00aden\u00ader Min\u00ader\u00adalien\u00adfre\u00adunde e.V. de que o cuida\u00addo cole\u00adti\u00advo de um grupo ofer\u00adece mais segu\u00adran\u00e7a do que o des\u00adti\u00adno de um \u00fani\u00adco cole\u00adcionador.<\/p>\n\n\n\n<p>No ano de 2001, ini\u00adciou-se a inte\u00adgra\u00e7\u00e3o na litote\u00adca das cole\u00e7\u00f5es dos mem\u00adbros <a href=\"https:\/\/www.geolitho.eu\/blog\/2021\/12\/20\/geschichten-aus-unserer-lithothek-folge-01\/\">Dorothea Kulicke<\/a>, Erwin Schuh\u00adbauer, Man\u00adfred Seitz e <a href=\"https:\/\/www.geolitho.eu\/blog\/2022\/04\/01\/erzaehlungen-aus-der-lithothek-4\/\">Peter K\u00f6hlen<\/a>, com as suas mel\u00adhores pe\u00e7as. A estas jun\u00adtaram-se numerosas amostras de <a href=\"https:\/\/www.geolitho.eu\/blog\/2022\/01\/03\/erzaehlungen-aus-der-lithothek-02\/\">Klaus Fleck<\/a>, que pre\u00adtendia aban\u00addonar o com\u00e9r\u00adcio de min\u00aderais e doou todo o seu stock com\u00ader\u00adcial aos Micro\u00admoun\u00adters de Munique. A ideia rap\u00adi\u00adda\u00admente se espal\u00adhou tam\u00adb\u00e9m para fora do grupo de tra\u00adbal\u00adho Micro\u00admounter e rece\u00adbeu um eco muito pos\u00adi\u00adti\u00advo. Talvez o mel\u00adhor exem\u00adp\u00adlo dis\u00adso seja o j\u00e1 fale\u00adci\u00addo <a href=\"https:\/\/www.geolitho.eu\/blog\/2022\/04\/28\/erzaehlungen-aus-der-lithothek-5\/\">Klaus-Dieter Bausch<\/a>, que se deslo\u00adcou proposi\u00adtada\u00admente a Munique para inte\u00adgrar a sua cole\u00e7\u00e3o, incluin\u00addo fotografias, na litote\u00adca.<\/p>\n\n\n\n<p>A litote\u00adca \u00e9 um mod\u00ade\u00adlo de suces\u00adso des\u00adde a primeira hora e con\u00adtin\u00adua a s\u00ea-lo at\u00e9 hoje. N\u00e3o s\u00f3 a cole\u00e7\u00e3o cresce con\u00adtin\u00adu\u00ada\u00admente, tan\u00adto em quan\u00adti\u00addade como em qual\u00adi\u00addade. No \u201cStufen\u00adheim\u201d, um aparta\u00admen\u00adto colo\u00adca\u00addo \u00e0 dis\u00adposi\u00e7\u00e3o do grupo de tra\u00adbal\u00adho a cus\u00adtos reduzi\u00addos, os mem\u00adbros re\u00fanem-se reg\u00adu\u00adlar\u00admente v\u00e1rias vezes por sem\u00adana para tra\u00adbal\u00adhar na cole\u00e7\u00e3o e man\u00adter con\u00adtac\u00adtos soci\u00adais. Atual\u00admente, em 2021, a cole\u00e7\u00e3o inclui mais de 53&nbsp;000 amostras prove\u00adnientes de mais de 7&nbsp;000 local\u00adi\u00addades em todo o mun\u00addo. Mais de 400 par\u00adceiros con\u00adtribu\u00edram para o acer\u00advo, na sua maio\u00adr\u00adia atrav\u00e9s de doa\u00e7\u00f5es. Est\u00e3o rep\u00adre\u00adsen\u00adtadas mais de 3&nbsp;580 esp\u00e9\u00adcies min\u00aderais difer\u00adentes recon\u00adheci\u00addas pela IMA.<\/p>\n\n\n\n<p>A litote\u00adca \u00e9 man\u00adti\u00adda pela <strong>Asso\u00adci\u00ada\u00e7\u00e3o para a Pro\u00admo\u00e7\u00e3o da Litote\u00adca e.V.<\/strong>.<\/p>\n\n\n\n<p><a href=\"https:\/\/www.geolitho.eu\/collection\/collectionmain.php?gusid_collection=2WT8z7IiHESYg37hB0JD-g\">Litote\u00adca na gest\u00e3o de cole\u00e7\u00f5es<\/a><\/p>\n\n\n\n<p><a href=\"https:\/\/www.mineralienatlas.de\/lexikon\/index.php\/Sammlung\/Lithothek%20der%20M%C3%BCnchener%20Micromounter\">Litote\u00adca no Min\u00ader\u00adalien\u00adat\u00adlas<\/a><\/p>\n\n\n\n<p><a href=\"\/sammlungsspenden\">Grandes novas incor\u00adpo\u00adra\u00e7\u00f5es (doa\u00e7\u00f5es de cole\u00e7\u00f5es)<\/a><\/p>\n\n\n\n<p><strong>Not\u00ed\u00adcias<\/strong><\/p>\n\n\n<ul class=\"wp-block-latest-posts__list has-dates is-style-default wp-block-latest-posts\"><li><a class=\"wp-block-latest-posts__post-title\" href=\"https:\/\/www.geolitho.eu\/pt\/2026\/02\/06\/geolitho-agora-fala-seis-idiomas\/\">Geolitho ago\u00adra fala seis idiomas<\/a><time datetime=\"2026-02-06T11:36:46+01:00\" class=\"wp-block-latest-posts__post-date\">6. Fevereiro 2026<\/time><div class=\"wp-block-latest-posts__post-excerpt\">Geolitho disponi\u00adbi\u00adliza ago\u00adra todos os con\u00adte\u00fa\u00addos \u2013 incluin\u00addo a gest\u00e3o de cole\u00e7\u00f5es, o museu e o mer\u00adca\u00addo \u2013 em seis idiomas. Para al\u00e9m de alem\u00e3o, ingl\u00eas, espan\u00adhol, franc\u00eas e por\u00adtugu\u00eas, a\u2026 <a class=\"more-link\" href=\"https:\/\/www.geolitho.eu\/pt\/2026\/02\/06\/geolitho-agora-fala-seis-idiomas\/\">Con\u00adtin\u00adue a ler <span class=\"screen-reader-text\">Geolitho ago\u00adra fala seis idiomas<\/span><\/a><\/div><\/li>\n<li><a class=\"wp-block-latest-posts__post-title\" href=\"https:\/\/www.geolitho.eu\/pt\/2026\/01\/24\/geolitho-agora-fala-cinco-idiomas\/\">Geolitho ago\u00adra fala cin\u00adco idiomas<\/a><time datetime=\"2026-01-24T21:47:37+01:00\" class=\"wp-block-latest-posts__post-date\">24. Janeiro 2026<\/time><div class=\"wp-block-latest-posts__post-excerpt\">A Geolitho disponi\u00adbi\u00adliza ago\u00adra todos os seus con\u00adte\u00fa\u00addos \u2013 incluin\u00addo a gest\u00e3o de cole\u00e7\u00f5es, o museu e o mer\u00adca\u00addo \u2013 em cin\u00adco idiomas. Al\u00e9m do alem\u00e3o, ingl\u00eas, espan\u00adhol e franc\u00eas, a\u2026 <a class=\"more-link\" href=\"https:\/\/www.geolitho.eu\/pt\/2026\/01\/24\/geolitho-agora-fala-cinco-idiomas\/\">Con\u00adtin\u00adue a ler <span class=\"screen-reader-text\">Geolitho ago\u00adra fala cin\u00adco idiomas<\/span><\/a><\/div><\/li>\n<li><a class=\"wp-block-latest-posts__post-title\" href=\"https:\/\/www.geolitho.eu\/pt\/2025\/11\/25\/elecionar-alteracao-de-socios-e-de-direcao-na-fundacao-geolitho-ggmbh\/\">Alter\u00ada\u00e7\u00e3o de s\u00f3cios e da ger\u00ean\u00adcia na Geolitho Stiftung gGmbH<\/a><time datetime=\"2025-11-25T22:32:32+01:00\" class=\"wp-block-latest-posts__post-date\">25. Novem\u00adbro 2025<\/time><div class=\"wp-block-latest-posts__post-excerpt\">Alter\u00ada\u00e7\u00e3o de s\u00f3cios e de ger\u00ean\u00adcia na Fun\u00adda\u00e7\u00e3o Geolitho gGmbH Ap\u00f3s quase qua\u00adtro anos de inten\u00adso tra\u00adbal\u00adho vol\u00adun\u00adt\u00e1rio, Dr. Man\u00adfred Seitz, cofun\u00addador e at\u00e9 ago\u00adra dire\u00ad\u00adtor-ger\u00adente, trans\u00adfere as suas par\u00adtic\u00adi\u00adpa\u00e7\u00f5es na\u2026 <a class=\"more-link\" href=\"https:\/\/www.geolitho.eu\/pt\/2025\/11\/25\/elecionar-alteracao-de-socios-e-de-direcao-na-fundacao-geolitho-ggmbh\/\">Con\u00adtin\u00adue a ler <span class=\"screen-reader-text\">Alter\u00ada\u00e7\u00e3o de s\u00f3cios e da ger\u00ean\u00adcia na Geolitho Stiftung gGmbH<\/span><\/a><\/div><\/li>\n<li><a class=\"wp-block-latest-posts__post-title\" href=\"https:\/\/www.geolitho.eu\/pt\/2024\/05\/05\/novo-socio-gunter-frenz\/\">Novo s\u00f3cio G\u00fcn\u00adter Frenz<\/a><time datetime=\"2024-05-05T22:29:17+02:00\" class=\"wp-block-latest-posts__post-date\">5. Maio 2024<\/time><div class=\"wp-block-latest-posts__post-excerpt\">A Geolitho Stiftung gGmbH gostaria de infor\u00admar que real\u00adiz\u00e1\u00admos uma alter\u00ada\u00e7\u00e3o na estru\u00adtu\u00adra da nos\u00adsa fun\u00adda\u00e7\u00e3o. Demos as boas-vin\u00ad\u00addas a G\u00fcn\u00adter Frenz como novo s\u00f3cio, que nos apoiar\u00e1 a refor\u00e7ar e\u2026 <a class=\"more-link\" href=\"https:\/\/www.geolitho.eu\/pt\/2024\/05\/05\/novo-socio-gunter-frenz\/\">Con\u00adtin\u00adue a ler <span class=\"screen-reader-text\">Novo s\u00f3cio G\u00fcn\u00adter Frenz<\/span><\/a><\/div><\/li>\n<\/ul>\n","protected":false},"excerpt":{"rendered":"<p>Pode obter uma vis\u00e3o ger\u00adal da nos\u00adsa litote\u00adca na nos\u00adsa gest\u00e3o de cole\u00e7\u00f5es. Hist\u00f3ria A Litote\u00adca dos Micro\u00admoun\u00adters de Munique surgiu aprox\u00adi\u00admada\u00admente na mes\u00adma \u00e9poca que o Min\u00ader\u00adalien\u00adat\u00adlas, por vol\u00adta do ano 2001. A ideia fun\u00adda\u00admen\u00adtal par\u00adtiu da quest\u00e3o do des\u00adti\u00adno das cole\u00e7\u00f5es dos mem\u00adbros, que iam envel\u00adhe\u00adcen\u00addo, quan\u00addo estes j\u00e1 n\u00e3o estivessem pre\u00adsentes. A\u2026 <a class=\"more-link\" href=\"https:\/\/www.geolitho.eu\/pt\/a-litoteca-dos-micromounters-de-munique\/\">Con\u00adtin\u00adue a ler <span class=\"screen-reader-text\">A Litote\u00adca dos Micro\u00admoun\u00adters de Munique<\/span><\/a><\/p>\n","protected":false},"author":1,"featured_media":0,"parent":0,"menu_order":0,"comment_status":"closed","ping_status":"closed","template":"","meta":{"wp_typography_post_enhancements_disabled":false,"footnotes":""},"class_list":["post-67","page","type-page","status-publish","hentry","entry"],"yoast_head":"<!-- This site is optimized with the Yoast SEO plugin v27.5 - https:\/\/yoast.com\/product\/yoast-seo-wordpress\/ -->\n<title>A Litoteca dos Micromounters de Munique - Funda\u00e7\u00e3o Geolitho gGmbH<\/title>\n<meta name=\"robots\" content=\"index, follow, max-snippet:-1, max-image-preview:large, max-video-preview:-1\" \/>\n<link rel=\"canonical\" href=\"https:\/\/www.geolitho.eu\/pt\/a-litoteca-dos-micromounters-de-munique\/\" \/>\n<meta property=\"og:locale\" content=\"pt_PT\" \/>\n<meta property=\"og:type\" content=\"article\" \/>\n<meta property=\"og:title\" content=\"A Litoteca dos Micromounters de Munique - Funda\u00e7\u00e3o Geolitho gGmbH\" \/>\n<meta property=\"og:description\" content=\"Pode obter uma vis\u00e3o ger\u00adal da nos\u00adsa litote\u00adca na nos\u00adsa gest\u00e3o de cole\u00e7\u00f5es. Hist\u00f3ria A Litote\u00adca dos Micro\u00admoun\u00adters de Munique surgiu aprox\u00adi\u00admada\u00admente na mes\u00adma \u00e9poca que o Min\u00ader\u00adalien\u00adat\u00adlas, por vol\u00adta do ano 2001. A ideia fun\u00adda\u00admen\u00adtal par\u00adtiu da quest\u00e3o do des\u00adti\u00adno das cole\u00e7\u00f5es dos mem\u00adbros, que iam envel\u00adhe\u00adcen\u00addo, quan\u00addo estes j\u00e1 n\u00e3o estivessem pre\u00adsentes. A&hellip; Continue a ler A Litoteca dos Micromounters de Munique\" \/>\n<meta property=\"og:url\" content=\"https:\/\/www.geolitho.eu\/pt\/a-litoteca-dos-micromounters-de-munique\/\" \/>\n<meta property=\"og:site_name\" content=\"Funda\u00e7\u00e3o Geolitho gGmbH\" \/>\n<meta property=\"article:modified_time\" content=\"2026-01-24T20:35:58+00:00\" \/>\n<meta name=\"twitter:card\" content=\"summary_large_image\" \/>\n<meta name=\"twitter:label1\" content=\"Tempo estimado de leitura\" \/>\n\t<meta name=\"twitter:data1\" content=\"2 minutos\" \/>\n<script type=\"application\/ld+json\" class=\"yoast-schema-graph\">{\"@context\":\"https:\\\/\\\/schema.org\",\"@graph\":[{\"@type\":\"WebPage\",\"@id\":\"https:\\\/\\\/www.geolitho.eu\\\/pt\\\/a-litoteca-dos-micromounters-de-munique\\\/\",\"url\":\"https:\\\/\\\/www.geolitho.eu\\\/pt\\\/a-litoteca-dos-micromounters-de-munique\\\/\",\"name\":\"A Litoteca dos Micromounters de Munique - Funda\u00e7\u00e3o Geolitho gGmbH\",\"isPartOf\":{\"@id\":\"https:\\\/\\\/www.geolitho.eu\\\/pt\\\/#website\"},\"datePublished\":\"2026-01-24T20:35:27+00:00\",\"dateModified\":\"2026-01-24T20:35:58+00:00\",\"breadcrumb\":{\"@id\":\"https:\\\/\\\/www.geolitho.eu\\\/pt\\\/a-litoteca-dos-micromounters-de-munique\\\/#breadcrumb\"},\"inLanguage\":\"pt-PT\",\"potentialAction\":[{\"@type\":\"ReadAction\",\"target\":[\"https:\\\/\\\/www.geolitho.eu\\\/pt\\\/a-litoteca-dos-micromounters-de-munique\\\/\"]}]},{\"@type\":\"BreadcrumbList\",\"@id\":\"https:\\\/\\\/www.geolitho.eu\\\/pt\\\/a-litoteca-dos-micromounters-de-munique\\\/#breadcrumb\",\"itemListElement\":[{\"@type\":\"ListItem\",\"position\":1,\"name\":\"Start\",\"item\":\"https:\\\/\\\/www.geolitho.eu\\\/pt\\\/\"},{\"@type\":\"ListItem\",\"position\":2,\"name\":\"A Litoteca dos Micromounters de Munique\"}]},{\"@type\":\"WebSite\",\"@id\":\"https:\\\/\\\/www.geolitho.eu\\\/pt\\\/#website\",\"url\":\"https:\\\/\\\/www.geolitho.eu\\\/pt\\\/\",\"name\":\"Funda\u00e7\u00e3o Geolitho gGmbH\",\"description\":\"Geolitho \u2013 Mineralogia e Geologia para Vivenciar.\",\"publisher\":{\"@id\":\"https:\\\/\\\/www.geolitho.eu\\\/pt\\\/#organization\"},\"potentialAction\":[{\"@type\":\"SearchAction\",\"target\":{\"@type\":\"EntryPoint\",\"urlTemplate\":\"https:\\\/\\\/www.geolitho.eu\\\/pt\\\/?s={search_term_string}\"},\"query-input\":{\"@type\":\"PropertyValueSpecification\",\"valueRequired\":true,\"valueName\":\"search_term_string\"}}],\"inLanguage\":\"pt-PT\"},{\"@type\":\"Organization\",\"@id\":\"https:\\\/\\\/www.geolitho.eu\\\/pt\\\/#organization\",\"name\":\"Funda\u00e7\u00e3o Geolitho gGmbH\",\"url\":\"https:\\\/\\\/www.geolitho.eu\\\/pt\\\/\",\"logo\":{\"@type\":\"ImageObject\",\"inLanguage\":\"pt-PT\",\"@id\":\"https:\\\/\\\/www.geolitho.eu\\\/pt\\\/#\\\/schema\\\/logo\\\/image\\\/\",\"url\":\"https:\\\/\\\/www.geolitho.eu\\\/pt\\\/wp-content\\\/uploads\\\/sites\\\/7\\\/2026\\\/01\\\/geolitho-hellgrau.png\",\"contentUrl\":\"https:\\\/\\\/www.geolitho.eu\\\/pt\\\/wp-content\\\/uploads\\\/sites\\\/7\\\/2026\\\/01\\\/geolitho-hellgrau.png\",\"width\":900,\"height\":142,\"caption\":\"Funda\u00e7\u00e3o Geolitho gGmbH\"},\"image\":{\"@id\":\"https:\\\/\\\/www.geolitho.eu\\\/pt\\\/#\\\/schema\\\/logo\\\/image\\\/\"}}]}<\/script>\n<!-- \/ Yoast SEO plugin. -->","yoast_head_json":{"title":"A Litoteca dos Micromounters de Munique - Funda\u00e7\u00e3o Geolitho gGmbH","robots":{"index":"index","follow":"follow","max-snippet":"max-snippet:-1","max-image-preview":"max-image-preview:large","max-video-preview":"max-video-preview:-1"},"canonical":"https:\/\/www.geolitho.eu\/pt\/a-litoteca-dos-micromounters-de-munique\/","og_locale":"pt_PT","og_type":"article","og_title":"A Litoteca dos Micromounters de Munique - Funda\u00e7\u00e3o Geolitho gGmbH","og_description":"Pode obter uma vis\u00e3o ger\u00adal da nos\u00adsa litote\u00adca na nos\u00adsa gest\u00e3o de cole\u00e7\u00f5es. Hist\u00f3ria A Litote\u00adca dos Micro\u00admoun\u00adters de Munique surgiu aprox\u00adi\u00admada\u00admente na mes\u00adma \u00e9poca que o Min\u00ader\u00adalien\u00adat\u00adlas, por vol\u00adta do ano 2001. A ideia fun\u00adda\u00admen\u00adtal par\u00adtiu da quest\u00e3o do des\u00adti\u00adno das cole\u00e7\u00f5es dos mem\u00adbros, que iam envel\u00adhe\u00adcen\u00addo, quan\u00addo estes j\u00e1 n\u00e3o estivessem pre\u00adsentes. A&hellip; Continue a ler A Litoteca dos Micromounters de Munique","og_url":"https:\/\/www.geolitho.eu\/pt\/a-litoteca-dos-micromounters-de-munique\/","og_site_name":"Funda\u00e7\u00e3o Geolitho gGmbH","article_modified_time":"2026-01-24T20:35:58+00:00","twitter_card":"summary_large_image","twitter_misc":{"Tempo estimado de leitura":"2 minutos"},"schema":{"@context":"https:\/\/schema.org","@graph":[{"@type":"WebPage","@id":"https:\/\/www.geolitho.eu\/pt\/a-litoteca-dos-micromounters-de-munique\/","url":"https:\/\/www.geolitho.eu\/pt\/a-litoteca-dos-micromounters-de-munique\/","name":"A Litoteca dos Micromounters de Munique - Funda\u00e7\u00e3o Geolitho gGmbH","isPartOf":{"@id":"https:\/\/www.geolitho.eu\/pt\/#website"},"datePublished":"2026-01-24T20:35:27+00:00","dateModified":"2026-01-24T20:35:58+00:00","breadcrumb":{"@id":"https:\/\/www.geolitho.eu\/pt\/a-litoteca-dos-micromounters-de-munique\/#breadcrumb"},"inLanguage":"pt-PT","potentialAction":[{"@type":"ReadAction","target":["https:\/\/www.geolitho.eu\/pt\/a-litoteca-dos-micromounters-de-munique\/"]}]},{"@type":"BreadcrumbList","@id":"https:\/\/www.geolitho.eu\/pt\/a-litoteca-dos-micromounters-de-munique\/#breadcrumb","itemListElement":[{"@type":"ListItem","position":1,"name":"Start","item":"https:\/\/www.geolitho.eu\/pt\/"},{"@type":"ListItem","position":2,"name":"A Litoteca dos Micromounters de Munique"}]},{"@type":"WebSite","@id":"https:\/\/www.geolitho.eu\/pt\/#website","url":"https:\/\/www.geolitho.eu\/pt\/","name":"Funda\u00e7\u00e3o Geolitho gGmbH","description":"Geolitho \u2013 Mineralogia e Geologia para Vivenciar.","publisher":{"@id":"https:\/\/www.geolitho.eu\/pt\/#organization"},"potentialAction":[{"@type":"SearchAction","target":{"@type":"EntryPoint","urlTemplate":"https:\/\/www.geolitho.eu\/pt\/?s={search_term_string}"},"query-input":{"@type":"PropertyValueSpecification","valueRequired":true,"valueName":"search_term_string"}}],"inLanguage":"pt-PT"},{"@type":"Organization","@id":"https:\/\/www.geolitho.eu\/pt\/#organization","name":"Funda\u00e7\u00e3o Geolitho gGmbH","url":"https:\/\/www.geolitho.eu\/pt\/","logo":{"@type":"ImageObject","inLanguage":"pt-PT","@id":"https:\/\/www.geolitho.eu\/pt\/#\/schema\/logo\/image\/","url":"https:\/\/www.geolitho.eu\/pt\/wp-content\/uploads\/sites\/7\/2026\/01\/geolitho-hellgrau.png","contentUrl":"https:\/\/www.geolitho.eu\/pt\/wp-content\/uploads\/sites\/7\/2026\/01\/geolitho-hellgrau.png","width":900,"height":142,"caption":"Funda\u00e7\u00e3o Geolitho gGmbH"},"image":{"@id":"https:\/\/www.geolitho.eu\/pt\/#\/schema\/logo\/image\/"}}]}},"_links":{"self":[{"href":"https:\/\/www.geolitho.eu\/pt\/wp-json\/wp\/v2\/pages\/67","targetHints":{"allow":["GET"]}}],"collection":[{"href":"https:\/\/www.geolitho.eu\/pt\/wp-json\/wp\/v2\/pages"}],"about":[{"href":"https:\/\/www.geolitho.eu\/pt\/wp-json\/wp\/v2\/types\/page"}],"author":[{"embeddable":true,"href":"https:\/\/www.geolitho.eu\/pt\/wp-json\/wp\/v2\/users\/1"}],"replies":[{"embeddable":true,"href":"https:\/\/www.geolitho.eu\/pt\/wp-json\/wp\/v2\/comments?post=67"}],"version-history":[{"count":2,"href":"https:\/\/www.geolitho.eu\/pt\/wp-json\/wp\/v2\/pages\/67\/revisions"}],"predecessor-version":[{"id":69,"href":"https:\/\/www.geolitho.eu\/pt\/wp-json\/wp\/v2\/pages\/67\/revisions\/69"}],"wp:attachment":[{"href":"https:\/\/www.geolitho.eu\/pt\/wp-json\/wp\/v2\/media?parent=67"}],"curies":[{"name":"wp","href":"https:\/\/api.w.org\/{rel}","templated":true}]}}