{"id":96,"date":"2026-01-25T13:49:05","date_gmt":"2026-01-25T12:49:05","guid":{"rendered":"https:\/\/www.geolitho.eu\/pt\/?page_id=96"},"modified":"2026-01-25T13:49:06","modified_gmt":"2026-01-25T12:49:06","slug":"impressao-legal","status":"publish","type":"page","link":"https:\/\/www.geolitho.eu\/pt\/impressao-legal\/","title":{"rendered":"Impress\u00e3o legal"},"content":{"rendered":"\n<p class=\"has-large-font-size\"><strong>Geolitho Stiftung gGmbH (enti\u00addade sem fins lucra\u00adtivos)<\/strong><\/p>\n\n\n\n<p class=\"has-normal-font-size\"><br><strong>S\u00f3cios<\/strong><br><br> Ste\u00adfan Schorn<br> Matthias Fieser<br> G\u00fcn\u00adter Frenz<\/p>\n\n\n\n<p class=\"has-normal-font-size\"><strong>Dire\u00adtores exec\u00adu\u00adtivos<\/strong><br><br> Ste\u00adfan Schorn<br> Matthias Fieser<br><br><strong>Endere\u00e7o e sede<\/strong><br><br> Fritz-Arnold-Str. 7 <br> 85614 Kirch\u00adseeon <br> Ale\u00adman\u00adha<\/p>\n\n\n\n<p class=\"has-normal-font-size\"><strong>Reg\u00adistro com\u00ader\u00adcial<\/strong><\/p>\n\n\n\n<p>Reg\u00adistro com\u00ader\u00adcial B Munique<br>HRB 270584<\/p>\n\n\n\n<p><strong>N\u00famero de iden\u00adti\u00adfi\u00adca\u00e7\u00e3o do IVA<\/strong><\/p>\n\n\n\n<p> DE347357429<br><br><strong>Tele\u00adfone<\/strong><br><br> +49 8091 6178175<\/p>\n\n\n\n<p><strong>E\u2011mail<\/strong><\/p>\n\n\n\n<p> info@geolitho.eu<\/p>\n\n\n\n<p><\/p>\n","protected":false},"excerpt":{"rendered":"<p>Geolitho Stiftung gGmbH (enti\u00addade sem fins lucra\u00adtivos) S\u00f3cios Ste\u00adfan Schorn Matthias Fieser G\u00fcn\u00adter Frenz Dire\u00adtores exec\u00adu\u00adtivos Ste\u00adfan Schorn Matthias Fieser Endere\u00e7o e sede Fritz-Arnold-Str. 7 85614 Kirch\u00adseeon Ale\u00adman\u00adha Reg\u00adistro com\u00ader\u00adcial Reg\u00adistro com\u00ader\u00adcial B MuniqueHRB 270584 N\u00famero de iden\u00adti\u00adfi\u00adca\u00e7\u00e3o do IVA DE347357429 Tele\u00adfone +49 8091 6178175 E\u2011mail info@geolitho.eu<\/p>\n","protected":false},"author":1,"featured_media":0,"parent":0,"menu_order":0,"comment_status":"closed","ping_status":"closed","template":"","meta":{"wp_typography_post_enhancements_disabled":false,"footnotes":""},"class_list":["post-96","page","type-page","status-publish","hentry","entry"],"yoast_head":"<!-- This site is optimized with the Yoast SEO plugin v26.9 - https:\/\/yoast.com\/product\/yoast-seo-wordpress\/ -->\n<title>Impress\u00e3o legal - Funda\u00e7\u00e3o Geolitho gGmbH<\/title>\n<meta name=\"robots\" content=\"index, follow, max-snippet:-1, max-image-preview:large, max-video-preview:-1\" \/>\n<link rel=\"canonical\" href=\"https:\/\/www.geolitho.eu\/pt\/impressao-legal\/\" \/>\n<meta property=\"og:locale\" content=\"pt_PT\" \/>\n<meta property=\"og:type\" content=\"article\" \/>\n<meta property=\"og:title\" content=\"Impress\u00e3o legal - Funda\u00e7\u00e3o Geolitho gGmbH\" \/>\n<meta property=\"og:description\" content=\"Geolitho Stiftung gGmbH (enti\u00addade sem fins lucra\u00adtivos) S\u00f3cios Ste\u00adfan Schorn Matthias Fieser G\u00fcn\u00adter Frenz Dire\u00adtores exec\u00adu\u00adtivos Ste\u00adfan Schorn Matthias Fieser Endere\u00e7o e sede Fritz-Arnold-Str. 7 85614 Kirch\u00adseeon Ale\u00adman\u00adha Reg\u00adistro com\u00ader\u00adcial Reg\u00adistro com\u00ader\u00adcial B MuniqueHRB 270584 N\u00famero de iden\u00adti\u00adfi\u00adca\u00e7\u00e3o do IVA DE347357429 Tele\u00adfone +49 8091 6178175 E\u2011mail info@geolitho.eu\" \/>\n<meta property=\"og:url\" content=\"https:\/\/www.geolitho.eu\/pt\/impressao-legal\/\" \/>\n<meta property=\"og:site_name\" content=\"Funda\u00e7\u00e3o Geolitho gGmbH\" \/>\n<meta property=\"article:modified_time\" content=\"2026-01-25T12:49:06+00:00\" \/>\n<meta name=\"twitter:card\" content=\"summary_large_image\" \/>\n<meta name=\"twitter:label1\" content=\"Tempo estimado de leitura\" \/>\n\t<meta name=\"twitter:data1\" content=\"1 minuto\" \/>\n<script type=\"application\/ld+json\" class=\"yoast-schema-graph\">{\"@context\":\"https:\/\/schema.org\",\"@graph\":[{\"@type\":\"WebPage\",\"@id\":\"https:\/\/www.geolitho.eu\/pt\/impressao-legal\/\",\"url\":\"https:\/\/www.geolitho.eu\/pt\/impressao-legal\/\",\"name\":\"Impress\u00e3o legal - Funda\u00e7\u00e3o Geolitho gGmbH\",\"isPartOf\":{\"@id\":\"https:\/\/www.geolitho.eu\/pt\/#website\"},\"datePublished\":\"2026-01-25T12:49:05+00:00\",\"dateModified\":\"2026-01-25T12:49:06+00:00\",\"breadcrumb\":{\"@id\":\"https:\/\/www.geolitho.eu\/pt\/impressao-legal\/#breadcrumb\"},\"inLanguage\":\"pt-PT\",\"potentialAction\":[{\"@type\":\"ReadAction\",\"target\":[\"https:\/\/www.geolitho.eu\/pt\/impressao-legal\/\"]}]},{\"@type\":\"BreadcrumbList\",\"@id\":\"https:\/\/www.geolitho.eu\/pt\/impressao-legal\/#breadcrumb\",\"itemListElement\":[{\"@type\":\"ListItem\",\"position\":1,\"name\":\"Start\",\"item\":\"https:\/\/www.geolitho.eu\/pt\/\"},{\"@type\":\"ListItem\",\"position\":2,\"name\":\"Impress\u00e3o legal\"}]},{\"@type\":\"WebSite\",\"@id\":\"https:\/\/www.geolitho.eu\/pt\/#website\",\"url\":\"https:\/\/www.geolitho.eu\/pt\/\",\"name\":\"Funda\u00e7\u00e3o Geolitho gGmbH\",\"description\":\"Geolitho \u2013 Mineralogia e Geologia para Vivenciar.\",\"publisher\":{\"@id\":\"https:\/\/www.geolitho.eu\/pt\/#organization\"},\"potentialAction\":[{\"@type\":\"SearchAction\",\"target\":{\"@type\":\"EntryPoint\",\"urlTemplate\":\"https:\/\/www.geolitho.eu\/pt\/?s={search_term_string}\"},\"query-input\":{\"@type\":\"PropertyValueSpecification\",\"valueRequired\":true,\"valueName\":\"search_term_string\"}}],\"inLanguage\":\"pt-PT\"},{\"@type\":\"Organization\",\"@id\":\"https:\/\/www.geolitho.eu\/pt\/#organization\",\"name\":\"Funda\u00e7\u00e3o Geolitho gGmbH\",\"url\":\"https:\/\/www.geolitho.eu\/pt\/\",\"logo\":{\"@type\":\"ImageObject\",\"inLanguage\":\"pt-PT\",\"@id\":\"https:\/\/www.geolitho.eu\/pt\/#\/schema\/logo\/image\/\",\"url\":\"https:\/\/www.geolitho.eu\/pt\/wp-content\/uploads\/sites\/7\/2026\/01\/geolitho-hellgrau.png\",\"contentUrl\":\"https:\/\/www.geolitho.eu\/pt\/wp-content\/uploads\/sites\/7\/2026\/01\/geolitho-hellgrau.png\",\"width\":900,\"height\":142,\"caption\":\"Funda\u00e7\u00e3o Geolitho gGmbH\"},\"image\":{\"@id\":\"https:\/\/www.geolitho.eu\/pt\/#\/schema\/logo\/image\/\"}}]}<\/script>\n<!-- \/ Yoast SEO plugin. -->","yoast_head_json":{"title":"Impress\u00e3o legal - Funda\u00e7\u00e3o Geolitho gGmbH","robots":{"index":"index","follow":"follow","max-snippet":"max-snippet:-1","max-image-preview":"max-image-preview:large","max-video-preview":"max-video-preview:-1"},"canonical":"https:\/\/www.geolitho.eu\/pt\/impressao-legal\/","og_locale":"pt_PT","og_type":"article","og_title":"Impress\u00e3o legal - Funda\u00e7\u00e3o Geolitho gGmbH","og_description":"Geolitho Stiftung gGmbH (enti\u00addade sem fins lucra\u00adtivos) S\u00f3cios Ste\u00adfan Schorn Matthias Fieser G\u00fcn\u00adter Frenz Dire\u00adtores exec\u00adu\u00adtivos Ste\u00adfan Schorn Matthias Fieser Endere\u00e7o e sede Fritz-Arnold-Str. 7 85614 Kirch\u00adseeon Ale\u00adman\u00adha Reg\u00adistro com\u00ader\u00adcial Reg\u00adistro com\u00ader\u00adcial B MuniqueHRB 270584 N\u00famero de iden\u00adti\u00adfi\u00adca\u00e7\u00e3o do IVA DE347357429 Tele\u00adfone +49 8091 6178175 E\u2011mail info@geolitho.eu","og_url":"https:\/\/www.geolitho.eu\/pt\/impressao-legal\/","og_site_name":"Funda\u00e7\u00e3o Geolitho gGmbH","article_modified_time":"2026-01-25T12:49:06+00:00","twitter_card":"summary_large_image","twitter_misc":{"Tempo estimado de leitura":"1 minuto"},"schema":{"@context":"https:\/\/schema.org","@graph":[{"@type":"WebPage","@id":"https:\/\/www.geolitho.eu\/pt\/impressao-legal\/","url":"https:\/\/www.geolitho.eu\/pt\/impressao-legal\/","name":"Impress\u00e3o legal - Funda\u00e7\u00e3o Geolitho gGmbH","isPartOf":{"@id":"https:\/\/www.geolitho.eu\/pt\/#website"},"datePublished":"2026-01-25T12:49:05+00:00","dateModified":"2026-01-25T12:49:06+00:00","breadcrumb":{"@id":"https:\/\/www.geolitho.eu\/pt\/impressao-legal\/#breadcrumb"},"inLanguage":"pt-PT","potentialAction":[{"@type":"ReadAction","target":["https:\/\/www.geolitho.eu\/pt\/impressao-legal\/"]}]},{"@type":"BreadcrumbList","@id":"https:\/\/www.geolitho.eu\/pt\/impressao-legal\/#breadcrumb","itemListElement":[{"@type":"ListItem","position":1,"name":"Start","item":"https:\/\/www.geolitho.eu\/pt\/"},{"@type":"ListItem","position":2,"name":"Impress\u00e3o legal"}]},{"@type":"WebSite","@id":"https:\/\/www.geolitho.eu\/pt\/#website","url":"https:\/\/www.geolitho.eu\/pt\/","name":"Funda\u00e7\u00e3o Geolitho gGmbH","description":"Geolitho \u2013 Mineralogia e Geologia para Vivenciar.","publisher":{"@id":"https:\/\/www.geolitho.eu\/pt\/#organization"},"potentialAction":[{"@type":"SearchAction","target":{"@type":"EntryPoint","urlTemplate":"https:\/\/www.geolitho.eu\/pt\/?s={search_term_string}"},"query-input":{"@type":"PropertyValueSpecification","valueRequired":true,"valueName":"search_term_string"}}],"inLanguage":"pt-PT"},{"@type":"Organization","@id":"https:\/\/www.geolitho.eu\/pt\/#organization","name":"Funda\u00e7\u00e3o Geolitho gGmbH","url":"https:\/\/www.geolitho.eu\/pt\/","logo":{"@type":"ImageObject","inLanguage":"pt-PT","@id":"https:\/\/www.geolitho.eu\/pt\/#\/schema\/logo\/image\/","url":"https:\/\/www.geolitho.eu\/pt\/wp-content\/uploads\/sites\/7\/2026\/01\/geolitho-hellgrau.png","contentUrl":"https:\/\/www.geolitho.eu\/pt\/wp-content\/uploads\/sites\/7\/2026\/01\/geolitho-hellgrau.png","width":900,"height":142,"caption":"Funda\u00e7\u00e3o Geolitho gGmbH"},"image":{"@id":"https:\/\/www.geolitho.eu\/pt\/#\/schema\/logo\/image\/"}}]}},"_links":{"self":[{"href":"https:\/\/www.geolitho.eu\/pt\/wp-json\/wp\/v2\/pages\/96","targetHints":{"allow":["GET"]}}],"collection":[{"href":"https:\/\/www.geolitho.eu\/pt\/wp-json\/wp\/v2\/pages"}],"about":[{"href":"https:\/\/www.geolitho.eu\/pt\/wp-json\/wp\/v2\/types\/page"}],"author":[{"embeddable":true,"href":"https:\/\/www.geolitho.eu\/pt\/wp-json\/wp\/v2\/users\/1"}],"replies":[{"embeddable":true,"href":"https:\/\/www.geolitho.eu\/pt\/wp-json\/wp\/v2\/comments?post=96"}],"version-history":[{"count":1,"href":"https:\/\/www.geolitho.eu\/pt\/wp-json\/wp\/v2\/pages\/96\/revisions"}],"predecessor-version":[{"id":97,"href":"https:\/\/www.geolitho.eu\/pt\/wp-json\/wp\/v2\/pages\/96\/revisions\/97"}],"wp:attachment":[{"href":"https:\/\/www.geolitho.eu\/pt\/wp-json\/wp\/v2\/media?parent=96"}],"curies":[{"name":"wp","href":"https:\/\/api.w.org\/{rel}","templated":true}]}}